{"id":98,"date":"2020-01-17T16:08:03","date_gmt":"2020-01-17T15:08:03","guid":{"rendered":"https:\/\/kee.cp2.tuke.sk\/?page_id=98"},"modified":"2022-06-29T12:54:37","modified_gmt":"2022-06-29T10:54:37","slug":"laboratorium-smartindustrylab","status":"publish","type":"page","link":"https:\/\/kee.fei.tuke.sk\/?page_id=98","title":{"rendered":"Laborat\u00f3rium SmartIndustryLab"},"content":{"rendered":"\n<div class=\"wp-block-image\"><figure class=\"aligncenter size-large\"><img src=\"https:\/\/kee.fei.tuke.sk\/wp-content\/uploads\/2020\/01\/obr3.png\" alt=\"\"\/><\/figure><\/div>\n\n\n\n<p>Ved\u00faci laborat\u00f3ria:<strong>&nbsp;doc. Ing. Du\u0161an Medve\u010f, PhD.<\/strong><\/p>\n\n\n\n<p><strong>Opis laborat\u00f3ria:<\/strong><\/p>\n\n\n\n<p><strong>\u00davod<\/strong><\/p>\n\n\n\n<p>Spolo\u010dnos\u0165 V\u00fdchodoslovensk\u00e1 distribu\u010dn\u00e1, a.s. uviedla v priestoroch TUKE na Katedre elektroenergetiky do prev\u00e1dzky Smart Industry Lab, ktor\u00e9 modeluje distribu\u010dn\u00fa s\u00fastavu n\u00edzkeho nap\u00e4tia.<\/p>\n\n\n\n<p>TUKE m\u00e1 nov\u00e9 energetick\u00e9 inteligentn\u00e9 laborat\u00f3rium \u2013 Smart Industry Lab, ktor\u00e9 modeluje distribu\u010dn\u00fa s\u00fastavu n\u00edzkeho nap\u00e4tia. Do prev\u00e1dzky ho uviedla spolo\u010dnos\u0165 V\u00fdchodoslovensk\u00e1 distribu\u010dn\u00e1 (VSD) v spolupr\u00e1ci s Technickou univerzitou v Ko\u0161iciach. Laborat\u00f3rium, ktor\u00e9 sa nach\u00e1dza v priestoroch Katedry elektroenergetiky, nadv\u00e4zuje na u\u017e existuj\u00face laborat\u00f3rium HybridLab. To simuluje podmienky v inteligentnej dom\u00e1cnosti a sl\u00fa\u017ei na testovanie hybridn\u00fdch fotovoltick\u00fdch syst\u00e9mov. Vz\u00e1jomn\u00e9 technologick\u00e9 v\u00e4zby t\u00fdchto laborat\u00f3ri\u00ed umo\u017e\u0148uj\u00fa anal\u00fdzu vplyvov nov\u00fdch technol\u00f3gi\u00ed dom\u00e1cnost\u00ed na distribu\u010dn\u00fa s\u00fastavu.<\/p>\n\n\n\n<p>Predmety a v\u00fdstupy vzdel\u00e1vania:<\/p>\n\n\n\n<ul><li>Bakal\u00e1rske \u0161t\u00fadium: <strong>Predmet Meranie v\u00a0elektroenergetike<\/strong> (z\u00e1kladn\u00e9 vedomosti z te\u00f3rie merania a metrol\u00f3gie, stanovovanie neist\u00f4t merania, praktick\u00e9 zru\u010dnosti pri realiz\u00e1cii meran\u00ed v elektroenergetike a spracovan\u00ed dokument\u00e1cie o meran\u00ed)<\/li><li>Bakal\u00e1rske \u0161t\u00fadium: <strong>Predmet Netradi\u010dn\u00e9 zdroje energie<\/strong> (Z\u00e1kladn\u00e9 znalosti v oblasti vplyvu fotovoltick\u00fdch syst\u00e9mov na distribu\u010dn\u00fa s\u00fastavu, spracovanie d\u00e1t v prostred\u00ed SCADA a ich vyhodnotenie),<\/li><li>In\u017einierske \u0161t\u00fadium: <strong>Predmet Modelovanie v elektroenergetike<\/strong> (z\u00e1kladn\u00e9 vedomosti z oblasti modelovania prvkov elektriza\u010dnej s\u00fastavy)<\/li><li>Bakal\u00e1rske \u0161t\u00fadium: <strong>Predmet Poruchy v elektriza\u010dnej s\u00fastave<\/strong> (z\u00e1kladn\u00e9 vedomosti zo sp\u00f4sobov prev\u00e1dzky elektrick\u00fdch siet\u00ed, v\u00fdpo\u010dtov skratov\u00fdch pomerov a ich anal\u00fdzy v ES)<\/li><li>Bakal\u00e1rske \u0161t\u00fadium: <strong>Predmet Premeny elektrickej energie<\/strong> (z\u00e1kladn\u00e9 vedomosti z premien elektrickej energie na koncov\u00e9 u\u017eito\u010dn\u00e9 formy (mechanick\u00fa, sveteln\u00fa, chemick\u00fa a tepeln\u00fa))<\/li><li>In\u017einierske \u0161t\u00fadium: <strong>Predmet Riadenie prev\u00e1dzky elektriza\u010dnej s\u00fastavy<\/strong> (z\u00e1kladn\u00e9 poznatky o nov\u00fdch smeroch riadenia elektriza\u010dnej s\u00fastavy v liberalizovanom trhu s elektrinou)<\/li><li>Bakal\u00e1rske \u0161t\u00fadium: <strong>Predmet Sveteln\u00e1 technika<\/strong> (z\u00e1kladn\u00e9 poznatky pre tvorbu spr\u00e1vneho sveteln\u00e9ho prostredia pre rozmanit\u00e9 pracovn\u00e9 a oddychov\u00e9 \u010dinnosti \u013eud\u00ed)<\/li><li>In\u017einierske \u0161t\u00fadium: <strong>Predmet Prep\u00e4tia v elektrick\u00fdch sie\u0165ach<\/strong> (z\u00e1kladn\u00e9 poznatky o vzniku prep\u00e4t\u00ed v elektrick\u00fdch sie\u0165ach pre rozli\u010dn\u00e9 prev\u00e1dzkov\u00e9 podmienky)<\/li><li>Doktorandsk\u00e9 \u0161t\u00fadium: <strong>Predmet Teoretick\u00e1 elektroenergetika: <\/strong>z\u00edskanie preh\u013abuj\u00facich teoretick\u00fdch vedomost\u00ed, s vyu\u017eit\u00edm najnov\u0161\u00edch poznatkov v\u00fdskumu a trendov v\u00fdvoja elektroenergetiky. \u2013 modelovanie prvkov v elektriza\u010dnej s\u00fastave. Osvojenie nov\u00fdch met\u00f3d anal\u00fdzy elektriza\u010dn\u00fdch s\u00fastav. Schopnos\u0165 rie\u0161i\u0165 vlnov\u00e9 procesy na vedeniach vlnov\u00e9 procesy na vedeniach, modelova\u0165 a analyzova\u0165 elektromagnetick\u00e9 polia, rie\u0161i\u0165 povrchov\u00e9 javy pri prenose elektrickej energie, sk\u00fama\u0165 elektromagnetick\u00e9 prechodn\u00e9 javy.<\/li><li>Doktorandsk\u00e9 \u0161t\u00fadium: <strong>Predmet Vedeck\u00e1 \u010dinnos\u0165 1-5.:<\/strong> Schopnos\u0165 samostatne koncipova\u0165, kon\u0161truova\u0165, realizova\u0165 a upravova\u0165 podstatn\u00fa \u010das\u0165 v\u00fdskumu s vedeckou integritou a prispeje p\u00f4vodn\u00fdm v\u00fdskumom k roz\u0161\u00edreniu hran\u00edc vedeck\u00e9ho poznania prostredn\u00edctvom realiz\u00e1cie rozsiahleho s\u00faboru pr\u00e1c, z ktor\u00fdch niektor\u00e9 s\u00fa hodn\u00e9 recenzn\u00e9ho publikovania. Dosahovanie p\u00f4vodn\u00fdch vedeck\u00fdch v\u00fdsledkov, akceptovate\u013en\u00fdch na medzin\u00e1rodnej \u00farovni. Na z\u00e1klade realiz\u00e1cie vedeck\u00e9ho v\u00fdskumu sa absolvent pova\u017euje za experta v svojej oblasti.<\/li><li>Doktorandsk\u00e9 \u0161t\u00fadium: <strong>Predmet Anal\u00fdza elektriza\u010dnej s\u00fastavy:<\/strong> Roz\u0161\u00edrenie teoretick\u00fdch poznatkov z\u00edskan\u00fdch v druhom stupni \u0161t\u00fadi\u00e1 o najnov\u0161ie v\u00fdsledky v\u00fdskumu a trendy v\u00fdvoja v oblasti riadenia a prev\u00e1dzky elektriza\u010dnej s\u00fastavy s vyu\u017eit\u00edm prvkov umelej inteligencie. Schopnos\u0165 aplik\u00e1cie informa\u010dn\u00fdch a riadiacich syst\u00e9mov pri rie\u0161en\u00ed stability elektriza\u010dnej s\u00fastavy a jednosmern\u00fdch prenosov elektrickej energie. Z\u00edskanie roz\u0161iruj\u00facich poznatkov o degrada\u010dn\u00fdch procesoch zariaden\u00ed elektriza\u010dnej s\u00fastavy o \u0161pecifik\u00e1ch TVN pri jednosmern\u00fdch vedeniach ZVN. Schopnos\u0165 rie\u0161i\u0165 technick\u00e9 probl\u00e9my prev\u00e1dzky elektriza\u010dn\u00fdch s\u00fastav\u00a0 v r\u00e1mci UCTE a probl\u00e9my racionaliz\u00e1cie spotreby elektrickej energie. Vedomosti o princ\u00edpe a schopnos\u0165 pracova\u0165 v podmienkach liberalizovanom trhu s elektrinou.<\/li><li>Doktorandsk\u00e9 \u0161t\u00fadium: <strong>Predmet Dizerta\u010dn\u00fd projekt: <\/strong>Osvojenie si met\u00f3d vedeckej pr\u00e1ce. Preh\u013abenie vedomost\u00ed z oblasti t\u00e9my dizerta\u010dnej pr\u00e1ce. Intenz\u00edvnym v\u00fdskumom dosiahnu\u0165 p\u00f4vodn\u00e9 vedeck\u00e9 v\u00fdsledky, akceptovate\u013en\u00e9 na medzin\u00e1rodnej \u00farovni. Doktorand sa vie preuk\u00e1za\u0165 schopnos\u0165ou tvorivej samostatnej aj t\u00edmovej pr\u00e1ce pri rie\u0161en\u00ed vedecko-v\u00fdskumnej \u00falohy alebo projektu formou prezentovania v\u00fdsledkov vo forme vedeck\u00fdch publik\u00e1ci\u00ed, v \u010dasopisoch a na konferenci\u00e1ch, \u00fa\u010das\u0165ou v rie\u0161ite\u013esk\u00fdch kolekt\u00edvoch grantov\u00fdch \u00faloh a pod. Je schopn\u00fd formulova\u0165 ciele dizerta\u010dnej pr\u00e1ce a met\u00f3dy, ktor\u00e9 ved\u00fa k splneniu jej cie\u013eov. Je schopn\u00fd navrhn\u00fa\u0165 a aplikova\u0165 vedeck\u00e9 postupy rie\u0161enia. Vie prezentova\u0165 postupy a dosiahnut\u00e9 v\u00fdsledky svojej vedeckej pr\u00e1ce.<\/li><\/ul>\n\n\n\n<p class=\"has-text-align-center\"><a rel=\"noreferrer noopener\" href=\"https:\/\/my.matterport.com\/show\/?m=rYRuWe7HVrz&amp;fbclid=IwAR067gZoFuEdXehmkFHMTIN99YrhJMNrjk9SATW6dxmnVMMeSdkgMDGzI4M\" target=\"_blank\"><strong><em>Virtu\u00e1lna prehliadka laborat\u00f3ria<\/em><\/strong><\/a><\/p>\n\n\n\n<div class=\"wp-block-image\"><figure class=\"aligncenter size-large\"><a href=\"https:\/\/my.matterport.com\/show\/?m=rYRuWe7HVrz&amp;fbclid=IwAR067gZoFuEdXehmkFHMTIN99YrhJMNrjk9SATW6dxmnVMMeSdkgMDGzI4M\" target=\"_blank\" rel=\"noopener\"><img loading=\"lazy\" width=\"1024\" height=\"424\" src=\"http:\/\/kee.cp2.tuke.sk\/wp-content\/uploads\/2021\/04\/sil_3d-1024x424.jpg\" alt=\"\" class=\"wp-image-1074\" srcset=\"https:\/\/kee.fei.tuke.sk\/wp-content\/uploads\/2021\/04\/sil_3d-1024x424.jpg 1024w, https:\/\/kee.fei.tuke.sk\/wp-content\/uploads\/2021\/04\/sil_3d-300x124.jpg 300w, https:\/\/kee.fei.tuke.sk\/wp-content\/uploads\/2021\/04\/sil_3d-768x318.jpg 768w, https:\/\/kee.fei.tuke.sk\/wp-content\/uploads\/2021\/04\/sil_3d-1536x636.jpg 1536w, https:\/\/kee.fei.tuke.sk\/wp-content\/uploads\/2021\/04\/sil_3d.jpg 1893w\" sizes=\"(max-width: 1024px) 100vw, 1024px\" \/><\/a><figcaption><a rel=\"noreferrer noopener\" href=\"https:\/\/my.matterport.com\/show\/?m=rYRuWe7HVrz&amp;fbclid=IwAR067gZoFuEdXehmkFHMTIN99YrhJMNrjk9SATW6dxmnVMMeSdkgMDGzI4M\" target=\"_blank\"><\/a><\/figcaption><\/figure><\/div>\n\n\n\n<p><strong>Na \u010do sl\u00fa\u017ei laborat\u00f3rium?<\/strong><\/p>\n\n\n\n<p>Smart Industry Lab sl\u00fa\u017ei na eduka\u010dn\u00e9, experiment\u00e1lne a v\u00fdskumn\u00e9 \u00fa\u010dely a pre potreby VSD. Laborat\u00f3rium modeluje s\u00fastavu n\u00edzkeho nap\u00e4tia, do ktorej je pripojen\u00e9 najv\u00e4\u010d\u0161ie mno\u017estvo z\u00e1kazn\u00edkov VSD. Sl\u00fa\u017ei na testovanie sp\u00e4tn\u00fdch vplyvov zariaden\u00ed, ktor\u00e9 s\u00fa do distribu\u010dnej s\u00fastavy prip\u00e1jan\u00e9 bu\u010f samotn\u00fdm prev\u00e1dzkovate\u013eom alebo jej z\u00e1kazn\u00edkmi, a to tak odberate\u013emi ako aj v\u00fdrobcami, alebo ich kombin\u00e1ciou, s t\u00fdm, \u017ee Smart Industry Lab umo\u017e\u0148uje sk\u00fama\u0165 ich dopad na s\u00fastavu a s\u00fa\u010dasne umo\u017e\u0148uje pre tento \u00fa\u010del vyu\u017e\u00edva\u0165 r\u00f4zne meradl\u00e1 a analyz\u00e1tory.<\/p>\n\n\n\n<p><strong>Mo\u017enosti laborat\u00f3ria<\/strong><\/p>\n\n\n\n<p>Laborat\u00f3rium umo\u017e\u0148uje predov\u0161etk\u00fdm modelova\u0165 n\u00edzkonap\u00e4\u0165ov\u00e9 elektrick\u00e9 vedenie r\u00f4znej d\u013a\u017eky, od 60 metrov a\u017e po 3500 metrov. Do tohto vedenia je n\u00e1sledne mo\u017en\u00e9 prip\u00e1ja\u0165 vo vopred ur\u010den\u00fdch bodoch r\u00f4zne zariadenia. Tieto zariadenia m\u00f4\u017eu bu\u010f pozit\u00edvne alebo negat\u00edvne vpl\u00fdva\u0165 na simulovan\u00e9 vedenie, teda model distribu\u010dnej s\u00fastavy. Tak\u00fdmito zariadeniami s\u00fa napr\u00edklad r\u00f4zne typy zdrojov v\u00fdroby elektriny, spotrebi\u010dov a akumul\u00e1torov elektriny, riadiaca elektronika a \u010fal\u0161ie. Laborat\u00f3rium pod\u013ea neho disponuje vysokou \u00farov\u0148ou automatiz\u00e1cie \u2013 je vybaven\u00e9 riadiacim syst\u00e9mom umo\u017e\u0148uj\u00facim meni\u0165 napr\u00edklad vstupn\u00e9 hodnoty nap\u00e4tia, frekvencie, parametre modelovanej distribu\u010dnej s\u00fastavy, parametre zdrojov, spotrebi\u010dov elektrickej energie a taktie\u017e miesto ich pripojenia do s\u00fastavy.<\/p>\n\n\n\n<p>Laborat\u00f3rium je vybaven\u00e9 \u0161peci\u00e1lnym softv\u00e9rom, pomocou ktor\u00e9ho je mo\u017en\u00e9 \u0161pecifikova\u0165 vplyv z\u00e1kazn\u00edkov na distribu\u010dn\u00fa s\u00fastavu. Napr\u00edklad, do akej miery tieto spotrebi\u010de ovplyv\u0148uj\u00fa kvalitu elektriny. S\u00fa\u010das\u0165ou Smart Industry Lab je aj skuto\u010dn\u00e1 nab\u00edja\u010dka elektromobilov umiestnen\u00e1 na parkovisku KEE v exteri\u00e9ri, pre zoznamovanie sa s t\u00e9mou e-mobility.<\/p>\n\n\n\n<p><strong>Dva v&nbsp;jednom<\/strong><\/p>\n\n\n\n<p>\u010eal\u0161ou mo\u017enos\u0165ou je vz\u00e1jomn\u00e9 prepojenie Smart Industry Lab a laborat\u00f3riou HybridLab, ke\u010f\u017ee obe laborat\u00f3ri\u00e1 s\u00fa prev\u00e1dzkovan\u00e9 v priestoroch Technickej univerzity v Ko\u0161iciach. Prepojen\u00edm laborat\u00f3ri\u00ed dostaneme vernej\u0161ie napodobnenie skuto\u010dnej situ\u00e1cie v s\u00fastave. Zdanlivo rovnak\u00ed z\u00e1kazn\u00edci m\u00f4\u017eu ma\u0165 toti\u017e r\u00f4zny vplyv na distribu\u010dn\u00fa s\u00fastavu, vzh\u013eadom na r\u00f4zne miesta ich pripojenia do nej. S\u00fa\u010dinnos\u0165 laborat\u00f3ri\u00ed roz\u0161iruje mo\u017enosti testovania zdrojov.<\/p>\n\n\n\n<p><strong>Meranie vplyvu elektromobility<\/strong><\/p>\n\n\n\n<p>VSD zrealizovala od spustenia laborat\u00f3ria Smart Industry Lab viacero meran\u00ed na nab\u00edjacej stanici elektromobilov, ktor\u00e1 je integr\u00e1lnou s\u00fa\u010das\u0165ou laborat\u00f3ria. Po anal\u00fdzach v\u00fdsledkov meran\u00ed je zrejm\u00e9, \u017ee nab\u00edjan\u00edm elektromobilov predov\u0161etk\u00fdm ni\u017e\u0161ej strednej triedy je z\u00e1\u0165a\u017e distribu\u010dnej s\u00fastavy zna\u010dne nesymetrick\u00e1. To m\u00f4\u017ee v niektor\u00fdch miestach distribu\u010dnej s\u00fastavy v bud\u00facnosti vies\u0165 k prekro\u010deniu povolen\u00fdch hodn\u00f4t kvality elektriny dod\u00e1vanej z\u00e1kazn\u00edkom. Negat\u00edvne p\u00f4sobenie nesymetrickej z\u00e1\u0165a\u017ee na distribu\u010dn\u00fa s\u00fastavu je omnoho intenz\u00edvnej\u0161ie ako p\u00f4sobenie symetrickej z\u00e1\u0165a\u017ee. Zjednodu\u0161ene povedan\u00e9, ak by nab\u00edjanie elektromobilov bolo v\u00fdhradne symetrick\u00e9, bolo by mo\u017en\u00e9 do s\u00fastavy pripoji\u0165 p\u00e4\u0165kr\u00e1t viac nab\u00edjac\u00edch stan\u00edc rovnak\u00e9ho v\u00fdkonu.<\/p>\n\n\n\n<p><strong>Str\u00e1nka k&nbsp;laborat\u00f3riu:<\/strong><\/p>\n\n\n\n<p><a href=\"http:\/\/people.tuke.sk\/dusan.medved\/SIL\/\">http:\/\/people.tuke.sk\/dusan.medved\/SIL\/<\/a><\/p>\n\n\n\n<div class=\"wp-block-image\"><figure class=\"aligncenter size-large\"><img src=\"https:\/\/kee.fei.tuke.sk\/wp-content\/uploads\/2020\/01\/obr4.png\" alt=\"\"\/><\/figure><\/div>\n\n\n\n<div class=\"wp-block-image\"><figure class=\"aligncenter size-large\"><img src=\"https:\/\/kee.fei.tuke.sk\/wp-content\/uploads\/2021\/03\/sil1.jpg\" alt=\"\"\/><\/figure><\/div>\n\n\n\n<div class=\"wp-block-image\"><figure class=\"aligncenter size-large\"><img src=\"https:\/\/kee.fei.tuke.sk\/wp-content\/uploads\/2021\/03\/sil2.jpg\" alt=\"\"\/><\/figure><\/div>\n","protected":false},"excerpt":{"rendered":"<p>Ved\u00faci laborat\u00f3ria:&nbsp;doc. Ing. Du\u0161an Medve\u010f, PhD. Opis laborat\u00f3ria: \u00davod Spolo\u010dnos\u0165 V\u00fdchodoslovensk\u00e1 distribu\u010dn\u00e1, a.s. uviedla v priestoroch TUKE na Katedre elektroenergetiky do prev\u00e1dzky Smart Industry Lab,&hellip;<\/p>\n","protected":false},"author":1,"featured_media":0,"parent":68,"menu_order":0,"comment_status":"closed","ping_status":"closed","template":"","meta":[],"_links":{"self":[{"href":"https:\/\/kee.fei.tuke.sk\/index.php?rest_route=\/wp\/v2\/pages\/98"}],"collection":[{"href":"https:\/\/kee.fei.tuke.sk\/index.php?rest_route=\/wp\/v2\/pages"}],"about":[{"href":"https:\/\/kee.fei.tuke.sk\/index.php?rest_route=\/wp\/v2\/types\/page"}],"author":[{"embeddable":true,"href":"https:\/\/kee.fei.tuke.sk\/index.php?rest_route=\/wp\/v2\/users\/1"}],"replies":[{"embeddable":true,"href":"https:\/\/kee.fei.tuke.sk\/index.php?rest_route=%2Fwp%2Fv2%2Fcomments&post=98"}],"version-history":[{"count":13,"href":"https:\/\/kee.fei.tuke.sk\/index.php?rest_route=\/wp\/v2\/pages\/98\/revisions"}],"predecessor-version":[{"id":1615,"href":"https:\/\/kee.fei.tuke.sk\/index.php?rest_route=\/wp\/v2\/pages\/98\/revisions\/1615"}],"up":[{"embeddable":true,"href":"https:\/\/kee.fei.tuke.sk\/index.php?rest_route=\/wp\/v2\/pages\/68"}],"wp:attachment":[{"href":"https:\/\/kee.fei.tuke.sk\/index.php?rest_route=%2Fwp%2Fv2%2Fmedia&parent=98"}],"curies":[{"name":"wp","href":"https:\/\/api.w.org\/{rel}","templated":true}]}}