{"id":954,"date":"2021-03-30T11:49:40","date_gmt":"2021-03-30T09:49:40","guid":{"rendered":"https:\/\/kee.cp2.tuke.sk\/?page_id=954"},"modified":"2022-06-29T12:52:30","modified_gmt":"2022-06-29T10:52:30","slug":"laboratorium-elektromagnetickej-kompatibility","status":"publish","type":"page","link":"https:\/\/kee.fei.tuke.sk\/?page_id=954","title":{"rendered":"Laborat\u00f3rium elektromagnetickej kompatibility"},"content":{"rendered":"\n<p>Ved\u00faci laborat\u00f3ria<strong>:<\/strong>&nbsp;<strong>doc. Dr. Ing.<\/strong> <strong>Bystr\u00edk Doln\u00edk<\/strong><\/p>\n\n\n\n<p>Laborat\u00f3rium sl\u00fa\u017ei na vedecko-v\u00fdskumn\u00e9 \u00fa\u010dely,&nbsp;pre v\u00fdu\u010dbu \u0161tudentov prv\u00e9ho, druh\u00e9ho a&nbsp;tretieho stup\u0148a \u0161t\u00fadia na Katedre elektroenergetiky, FEI. V laborat\u00f3riu mo\u017eno excelentn\u00fdm sp\u00f4sobom zl\u00fa\u010di\u0165 oblasti EMC technick\u00fdch zariaden\u00ed a EMC biologick\u00fdch syst\u00e9mov. V oblasti EMC technick\u00fdch zariaden\u00ed mo\u017eno rie\u0161i\u0165 probl\u00e9my, ktor\u00e9 sa re\u00e1lne vyskytuj\u00fa v automobilovom priemysle, v telekomunik\u00e1ci\u00e1ch ako aj v oblasti silnopr\u00fadovej elektrotechniky.<\/p>\n\n\n\n<p>Predmety a v\u00fdstupy vzdel\u00e1vania:<\/p>\n\n\n\n<ul><li>In\u017einierske \u0161t\u00fadium:  <strong>Predmet Elektromagnetick\u00e1 kompatibilita: <\/strong>(z\u00e1kladn\u00e9 znalosti a\u00a0vedomosti v oblasti EMC technick\u00fdch zariaden\u00ed a biologick\u00fdch syst\u00e9mov, vznik a \u0161\u00edrenie elektromagnetick\u00e9ho ru\u0161enia, eliminovanie vplyvu ru\u0161enia na elektronick\u00e9 zariadenia, \u00fa\u010dinky impulzn\u00fdch javov v sie\u0165ach nn na elektronick\u00e9 zariadenia, princ\u00edpy n\u00e1vrhu plo\u0161n\u00fdch spojov s oh\u013eadom na elektromagnetick\u00fa imunitu, sp\u00f4soby tienenia a zemnenia elektronick\u00fdch zariaden\u00ed).<\/li><li>Doktorandsk\u00e9 \u0161t\u00fadium:  <strong>Predmet Teoretick\u00e1 elektroenergetika: <\/strong>z\u00edskanie preh\u013abuj\u00facich teoretick\u00fdch vedomost\u00ed,\u00a0 s vyu\u017eit\u00edm najnov\u0161\u00edch poznatkov v\u00fdskumu a trendov v\u00fdvoja\u00a0 elektroenergetiky. &#8211; modelovanie prvkov v elektriza\u010dnej s\u00fastave. Osvojenie nov\u00fdch met\u00f3d anal\u00fdzy elektriza\u010dn\u00fdch s\u00fastav. Schopnos\u0165 rie\u0161i\u0165 vlnov\u00e9 procesy na vedeniach vlnov\u00e9 procesy na vedeniach, modelova\u0165 a analyzova\u0165 elektromagnetick\u00e9 polia, rie\u0161i\u0165 povrchov\u00e9 javy pri prenose elektrickej energie, sk\u00fama\u0165 elektromagnetick\u00e9 prechodn\u00e9 javy. <\/li><li>Doktorandsk\u00e9 \u0161t\u00fadium: <strong>Predmet Vedeck\u00e1 \u010dinnos\u0165 1-5.: <\/strong>Schopnos\u0165 samostatne koncipova\u0165, kon\u0161truova\u0165, realizova\u0165 a upravova\u0165 podstatn\u00fa \u010das\u0165 v\u00fdskumu s vedeckou integritou a prispeje p\u00f4vodn\u00fdm v\u00fdskumom k roz\u0161\u00edreniu hran\u00edc vedeck\u00e9ho poznania prostredn\u00edctvom realiz\u00e1cie rozsiahleho s\u00faboru pr\u00e1c, z ktor\u00fdch niektor\u00e9 s\u00fa hodn\u00e9 recenzn\u00e9ho publikovania. Dosahovanie p\u00f4vodn\u00fdch vedeck\u00fdch v\u00fdsledkov, akceptovate\u013en\u00fdch na medzin\u00e1rodnej \u00farovni. Na z\u00e1klade realiz\u00e1cie vedeck\u00e9ho v\u00fdskumu sa absolvent pova\u017euje za experta v svojej oblasti.<\/li><\/ul>\n\n\n\n<p><\/p>\n\n\n\n<p>S\u00fa\u010das\u0165ou laborat\u00f3ria EMC je bezodrazov\u00e1 komora, ktor\u00e1 sl\u00fa\u017ei na meranie elektromagnetickej interferencie (EMI) elektrick\u00fdch a elektronick\u00fdch zariaden\u00ed vo frekven\u010dnom rozsahu od 30 Hz do 18 GHz a bezodrazov\u00fd tranzverz\u00e1lny vlnovod (GTEM), v ktorom mo\u017eno robi\u0165 testy vy\u017earovania a imunity pod\u013ea normy IEC 61000-20 na technick\u00fdch zariadeniach. V\u00fdhoda GTEM je v tom, \u017ee testy mo\u017eno robi\u0165 a\u017e do oblasti GHz s mo\u017enos\u0165ou roz\u0161\u00edrenia a\u017e do 20 GHz. GTEM z\u00e1rove\u0148 sl\u00fa\u017ei pre oblas\u0165 sk\u00famania vplyvu elektromagnetick\u00fdch pol\u00ed na biologick\u00e9 syst\u00e9my, \u010d\u00edm sa roz\u0161\u00edri aj mo\u017enos\u0165 spolupr\u00e1ce s akademick\u00fdmi in\u0161tit\u00faciami a priemyslom, ktor\u00e9 s\u00fa orientovan\u00e9 do oblasti medic\u00edny, resp. im podobn\u00fdmi in\u0161tit\u00faciami.<\/p>\n\n\n\n<p>Merania EMI mo\u017eno robi\u0165 pomocou umelej siete (LISN) a \u0161peci\u00e1lneho meracieho syst\u00e9mu s prednastaven\u00fdmi filtrami pod\u013ea EN a IEC noriem. Merac\u00ed syst\u00e9m mo\u017eno pripoji\u0165 aj k \u0161peci\u00e1lne upraven\u00fdm EMC ant\u00e9nam na meranie EMI vy\u017earovan\u00edm a pomocou dodan\u00e9ho pr\u00edslu\u0161enstva sond aj na detekciu bl\u00edzkeho elektrick\u00e9ho alebo magnetick\u00e9ho po\u013ea \u010d\u00edm mo\u017eno \u013eahko a r\u00fdchlo lokalizova\u0165 miesto poruchy, pr\u00edp. miesto zdroja ru\u0161iacich sign\u00e1lov. V\u00fdhody \u0161peci\u00e1lneho meracieho syst\u00e9mu n\u00e1jdu vyu\u017eitie takmer vo v\u0161etk\u00fdch oblastiach elektrotechniky a in\u00fdch vedn\u00fdch discipl\u00ednach.<\/p>\n\n\n\n<p>V&nbsp;laborat\u00f3riu EMC mo\u017eno robi\u0165 harmonick\u00fa anal\u00fdzu pr\u00fadu v nap\u00e1jan\u00ed elektrick\u00fdch spotrebi\u010dov a nap\u00e4\u0165ov\u00e9 fluktu\u00e1cie, odolnos\u0165 elektrick\u00fdch zariaden\u00ed vo\u010di prep\u00e4tiam atmosf\u00e9rickej povahy, vo\u010di tranzientn\u00e9mu ru\u0161eniu v&nbsp;nap\u00e1jacej sieti, poklesom a&nbsp;kr\u00e1tkodob\u00e9mu preru\u0161eniu nap\u00e4jania.<\/p>\n\n\n\n<p>Laborat\u00f3rium EMC je vybaven\u00e9&nbsp;modernou technikou:<\/p>\n\n\n\n<ul><li>semi-bezodrazov\u00e1 komora<\/li><li>bezodrazov\u00fd tranzverz\u00e1lny vlnovod 20 GHz<\/li><li>spektr\u00e1lny analyz\u00e1tor Agilent N9038A, 26,5 GHz<\/li><li>gener\u00e1tor sign\u00e1lov 26,5 GHz<\/li><li>umel\u00e1 sie\u0165 LISN<\/li><li>vysokofrekven\u010dn\u00fd zosil\u0148ova\u010d AR 50W 1000 RF<\/li><li>EMC ant\u00e9ny<\/li><li>Sondy bl\u00edzkeho po\u013ea<\/li><\/ul>\n\n\n\n<div class=\"wp-block-image\"><figure class=\"aligncenter size-large\"><img src=\"https:\/\/kee.fei.tuke.sk\/wp-content\/uploads\/2021\/03\/obr.1-3.jpg\" alt=\"\"\/><\/figure><\/div>\n\n\n\n<figure class=\"wp-block-image size-large\"><img src=\"https:\/\/kee.fei.tuke.sk\/wp-content\/uploads\/2021\/03\/obr.2-2.jpg\" alt=\"\"\/><\/figure>\n","protected":false},"excerpt":{"rendered":"<p>Ved\u00faci laborat\u00f3ria:&nbsp;doc. Dr. Ing. Bystr\u00edk Doln\u00edk Laborat\u00f3rium sl\u00fa\u017ei na vedecko-v\u00fdskumn\u00e9 \u00fa\u010dely,&nbsp;pre v\u00fdu\u010dbu \u0161tudentov prv\u00e9ho, druh\u00e9ho a&nbsp;tretieho stup\u0148a \u0161t\u00fadia na Katedre elektroenergetiky, FEI. V laborat\u00f3riu mo\u017eno&hellip;<\/p>\n","protected":false},"author":1,"featured_media":0,"parent":0,"menu_order":0,"comment_status":"closed","ping_status":"closed","template":"","meta":[],"_links":{"self":[{"href":"https:\/\/kee.fei.tuke.sk\/index.php?rest_route=\/wp\/v2\/pages\/954"}],"collection":[{"href":"https:\/\/kee.fei.tuke.sk\/index.php?rest_route=\/wp\/v2\/pages"}],"about":[{"href":"https:\/\/kee.fei.tuke.sk\/index.php?rest_route=\/wp\/v2\/types\/page"}],"author":[{"embeddable":true,"href":"https:\/\/kee.fei.tuke.sk\/index.php?rest_route=\/wp\/v2\/users\/1"}],"replies":[{"embeddable":true,"href":"https:\/\/kee.fei.tuke.sk\/index.php?rest_route=%2Fwp%2Fv2%2Fcomments&post=954"}],"version-history":[{"count":9,"href":"https:\/\/kee.fei.tuke.sk\/index.php?rest_route=\/wp\/v2\/pages\/954\/revisions"}],"predecessor-version":[{"id":1613,"href":"https:\/\/kee.fei.tuke.sk\/index.php?rest_route=\/wp\/v2\/pages\/954\/revisions\/1613"}],"wp:attachment":[{"href":"https:\/\/kee.fei.tuke.sk\/index.php?rest_route=%2Fwp%2Fv2%2Fmedia&parent=954"}],"curies":[{"name":"wp","href":"https:\/\/api.w.org\/{rel}","templated":true}]}}