{"id":94,"date":"2020-01-17T16:04:31","date_gmt":"2020-01-17T15:04:31","guid":{"rendered":"https:\/\/kee.cp2.tuke.sk\/?page_id=94"},"modified":"2022-06-29T12:48:50","modified_gmt":"2022-06-29T10:48:50","slug":"laboratorium-svetelnej-techniky","status":"publish","type":"page","link":"https:\/\/kee.fei.tuke.sk\/?page_id=94","title":{"rendered":"Laborat\u00f3rium svetelnej techniky"},"content":{"rendered":"\n<p>Ved\u00faci laborat\u00f3ria: <strong>doc. Ing. \u013dubom\u00edr Be\u0148a, PhD.<\/strong><\/p>\n\n\n\n<p>Laborat\u00f3rium svetelnej techniky sl\u00fa\u017ei pre \u00fa\u010dely&nbsp;&nbsp;laborat\u00f3rnych cvi\u010den\u00ed pre \u0161tudentov Fakulty elektrotechniky a&nbsp;informatiky Technickej univerzity v&nbsp;Ko\u0161iciach v&nbsp;r\u00e1mci v\u00fdu\u010dby predmetov Sveteln\u00e1 technika a&nbsp;Projektovanie osvet\u013eovac\u00edch s\u00fastav a&nbsp;tie\u017e pre rie\u0161enie v\u00fdskumn\u00fdch \u00faloh z&nbsp;oblasti svetelnej a&nbsp;osvet\u013eovacej techniky.<\/p>\n\n\n\n<p>Predmety a v\u00fdstupy vzdel\u00e1vania:<\/p>\n\n\n\n<ul><li>Bakal\u00e1rske \u0161t\u00fadium: <strong>Predmet Sveteln\u00e1 technika<\/strong>: (odborn\u00e1 znalos\u0165 potrebn\u00e1 pre tvorbu spr\u00e1vneho sveteln\u00e9ho prostredia pre rozmanit\u00e9 pracovn\u00e9 a oddychov\u00e9 \u010dinnosti \u013eud\u00ed, obozn\u00e1menie sa s merac\u00edmi postupmi pre ur\u010denie svetelnotechnick\u00fdch veli\u010d\u00edn a parametrov sveteln\u00fdch zdrojov)<\/li><\/ul>\n\n\n\n<p>Laborat\u00f3rium pon\u00faka mo\u017enos\u0165 vyu\u017eitia nasledovn\u00e9ho pr\u00edstrojov\u00e9ho vybavenia:<\/p>\n\n\n\n<figure class=\"wp-block-table is-style-regular\"><table><tbody><tr><td><strong>Spektror\u00e1diometer OL 770, Optronic Laboratories, Inc<\/strong>.<strong>Spektrofotometer Avantes, AvaSpec-2048-USB2<\/strong> &#8211; pr\u00edstroje sl\u00fa\u017eia na meranie spektr\u00e1lnych charakterist\u00edk sveteln\u00fdch zdrojov, na z\u00e1klade ktor\u00fdch je mo\u017en\u00e9 vyhodnoti\u0165 \u010fal\u0161ie parametre: farebn\u00e9 s\u00faradnice, trichromatick\u00e9 zlo\u017eky svetla, teplota chromatickosti, index farebn\u00e9ho podania, S\/P faktor a&nbsp;in\u00e9.<\/td><\/tr><tr><td><strong>Gu\u013eov\u00fd integr\u00e1tor (Ulbrichtova gu\u013ea) s&nbsp;priemerom 1 m<\/strong> &#8211; sl\u00fa\u017ei na meranie sveteln\u00e9ho toku mal\u00fdch sveteln\u00fdch zdrojov<\/td><\/tr><tr><td><strong>Sie\u0165ov\u00fd analyz\u00e1tor kvality elektriny BK ELCOM ENA 330<\/strong> &#8211; sl\u00fa\u017ei na meranie: nap\u00e4tia, pr\u00fadu, frekvencie, v\u00fdkonu, pr\u00e1ce, \u00fa\u010dinn\u00edka, skuto\u010dn\u00e9ho \u00fa\u010dinn\u00edka, nesymetrie, flikru, harmonick\u00fdch a vy\u0161\u0161\u00edch harmonick\u00fdch, zachyt\u00e1vanie udalost\u00ed ako s\u00fa poklesy a z\u00e1kmity, prechodn\u00e9 prep\u00e4tia, preru\u0161enia a r\u00fdchle nap\u00e4\u0165ov\u00e9 v\u00fdkyvy. Obsahuje softv\u00e9r na spracovanie meran\u00ed a&nbsp;ich vyhodnotenie pod\u013ea normy STN EN 50&nbsp;160.-&nbsp;&nbsp;&nbsp;&nbsp;&nbsp;&nbsp;v&nbsp;r\u00e1mci laborat\u00f3rnych cvi\u010den\u00ed je vyu\u017e\u00edvan\u00fd na vyhodnotenie vplyvu osvet\u013eovac\u00edch zariaden\u00ed na nap\u00e1jaciu elektrick\u00fa sie\u0165.<\/td><\/tr><tr><td><strong>Digit\u00e1lny jasomer LS 110, Konica Minolta<\/strong> &#8211; pr\u00edstroj na meranie jasu, ktor\u00fd je doplnen\u00fd optikou so zaostrovan\u00edm, ktor\u00e1 vymedzuje priestorov\u00fd (zorn\u00fd) uhol, v ktor\u00e9ho medziach dopad\u00e1 na fot\u00f3nku sveteln\u00fd tok. Optika h\u013ead\u00e1\u010diku vyzna\u010duje meran\u00fa plochu, ktorej priemern\u00fd jas pr\u00edstroj vyhodnocuje.<\/td><\/tr><tr><td><strong>Chromameter CL-200, Konica Minolta <\/strong>&#8211; sl\u00fa\u017ei na meranie intenzity osvetlenia (podobne ako luxmeter), teploty chromatickosti, farebn\u00fdch s\u00faradn\u00edc a&nbsp;trichromatick\u00fdch zlo\u017eiek.<\/td><\/tr><tr><td><strong>Luxmeter PU 550<\/strong>  &#8211; sl\u00fa\u017ei na meranie intenzity osvetlenia. Je vybaven\u00fd sondou s&nbsp;kos\u00ednusov\u00fdm nadstavcom pre korekciu smerovej chyby merania.<\/td><\/tr><tr><td><strong>Nap\u00e1jac\u00ed regulovate\u013en\u00fd zdroj Elektro-Automatik EA-4000B-4.5<\/strong> &#8211; sl\u00fa\u017ei ako zdroj nap\u00e1jania sveteln\u00fdch zdrojov s&nbsp;rozsahom nap\u00e4tia 0-240V AC, max. pr\u00fad 4.5A<\/td><\/tr><tr><td><strong>Pyranometer MS-80S<\/strong><br>sl\u00fa\u017ei na meranie glob\u00e1lneho (priameho a dif\u00fazneho) slne\u010dn\u00e9ho \u017eiarenia na horizont\u00e1lnej rovine so spektr\u00e1lnou selektivitou 350 \u2013 1500 nm.<\/td><\/tr><\/tbody><\/table><\/figure>\n\n\n\n<div class=\"wp-block-image\"><figure class=\"aligncenter size-large\"><img src=\"https:\/\/kee.fei.tuke.sk\/wp-content\/uploads\/2020\/01\/obr1.png\" alt=\"\"\/><\/figure><\/div>\n\n\n\n<div class=\"wp-block-image\"><figure class=\"aligncenter size-large\"><img src=\"https:\/\/kee.fei.tuke.sk\/wp-content\/uploads\/2020\/01\/obr2.png\" alt=\"\"\/><\/figure><\/div>\n\n\n\n<div class=\"wp-block-image\"><figure class=\"aligncenter size-large is-resized\"><img loading=\"lazy\" src=\"https:\/\/kee.fei.tuke.sk\/wp-content\/uploads\/2021\/03\/ms_80.jpg\" alt=\"\" width=\"170\" height=\"170\"\/><figcaption>Obr. Pyranometer MS-80S<br><br><br><\/figcaption><\/figure><\/div>\n","protected":false},"excerpt":{"rendered":"<p>Ved\u00faci laborat\u00f3ria: doc. Ing. \u013dubom\u00edr Be\u0148a, PhD. Laborat\u00f3rium svetelnej techniky sl\u00fa\u017ei pre \u00fa\u010dely&nbsp;&nbsp;laborat\u00f3rnych cvi\u010den\u00ed pre \u0161tudentov Fakulty elektrotechniky a&nbsp;informatiky Technickej univerzity v&nbsp;Ko\u0161iciach v&nbsp;r\u00e1mci v\u00fdu\u010dby predmetov&hellip;<\/p>\n","protected":false},"author":1,"featured_media":0,"parent":68,"menu_order":0,"comment_status":"closed","ping_status":"closed","template":"","meta":[],"_links":{"self":[{"href":"https:\/\/kee.fei.tuke.sk\/index.php?rest_route=\/wp\/v2\/pages\/94"}],"collection":[{"href":"https:\/\/kee.fei.tuke.sk\/index.php?rest_route=\/wp\/v2\/pages"}],"about":[{"href":"https:\/\/kee.fei.tuke.sk\/index.php?rest_route=\/wp\/v2\/types\/page"}],"author":[{"embeddable":true,"href":"https:\/\/kee.fei.tuke.sk\/index.php?rest_route=\/wp\/v2\/users\/1"}],"replies":[{"embeddable":true,"href":"https:\/\/kee.fei.tuke.sk\/index.php?rest_route=%2Fwp%2Fv2%2Fcomments&post=94"}],"version-history":[{"count":9,"href":"https:\/\/kee.fei.tuke.sk\/index.php?rest_route=\/wp\/v2\/pages\/94\/revisions"}],"predecessor-version":[{"id":1611,"href":"https:\/\/kee.fei.tuke.sk\/index.php?rest_route=\/wp\/v2\/pages\/94\/revisions\/1611"}],"up":[{"embeddable":true,"href":"https:\/\/kee.fei.tuke.sk\/index.php?rest_route=\/wp\/v2\/pages\/68"}],"wp:attachment":[{"href":"https:\/\/kee.fei.tuke.sk\/index.php?rest_route=%2Fwp%2Fv2%2Fmedia&parent=94"}],"curies":[{"name":"wp","href":"https:\/\/api.w.org\/{rel}","templated":true}]}}