{"id":84,"date":"2020-01-17T15:56:25","date_gmt":"2020-01-17T14:56:25","guid":{"rendered":"https:\/\/kee.cp2.tuke.sk\/?page_id=84"},"modified":"2024-11-18T13:32:09","modified_gmt":"2024-11-18T12:32:09","slug":"laboratorium-elektrickych-sieti","status":"publish","type":"page","link":"https:\/\/kee.fei.tuke.sk\/?page_id=84","title":{"rendered":"Laborat\u00f3rium elektrick\u00fdch siet\u00ed"},"content":{"rendered":"\n<p>Ved\u00faci laborat\u00f3ria:&nbsp;<strong>doc. Ing. Jaroslav D\u017emura, PhD.<\/strong><\/p>\n\n\n\n<p>Laborat\u00f3rium sl\u00fa\u017ei hlavne pre v\u00fduku \u0161tudentov bakal\u00e1rskeho a&nbsp;in\u017einierskeho \u0161t\u00fadia na katedre Elektroenergetiky ale aj na vedecko-v\u00fdskumn\u00e9 \u00fa\u010dely. V&nbsp;laborat\u00f3riu prebieha v\u00fduka,&nbsp; ktor\u00e1 je preva\u017ene v\u00fdpo\u010dtov\u00e9ho charakteru. V&nbsp;laborat\u00f3riu sa nach\u00e1dzaj\u00fa panely, na ktor\u00fdch s\u00fa umiestnen\u00e9 sp\u00ednacie, istiace a&nbsp;in\u00e9 elektroin\u0161tala\u010dn\u00e9 zariadenia r\u00f4znych firiem. V&nbsp;laborat\u00f3riu sa nach\u00e1dza nieko\u013eko rozv\u00e1dza\u010dov\u00fdch skr\u00ed\u0148 (pr\u00edpojkov\u00e9, elektromerov\u00e9, kompenza\u010dn\u00e9 a&nbsp;pod.) s&nbsp;pr\u00edslu\u0161n\u00fdm pr\u00edstrojov\u00fdm vybaven\u00edm.<\/p>\n\n\n\n<p>Predmety a v\u00fdstupy vzdel\u00e1vania:<\/p>\n\n\n\n<ul><li>Bakal\u00e1rske \u0161t\u00fadium: <strong>Predmet Prev\u00e1dzka elektr\u00e1rn\u00ed<\/strong> (Z\u00e1kladn\u00e9 znalosti a&nbsp;zru\u010dnosti v&nbsp;oblasti v\u00fdpo\u010dtu spotreby pary a&nbsp;tepla tepeln\u00fdch elektr\u00e1rn\u00ed).<\/li><li>Bakal\u00e1rske \u0161t\u00fadium: <strong>Predmet Elektrick\u00e9 in\u0161tal\u00e1cie a stanice<\/strong> (Z\u00e1kladn\u00e9 znalosti a&nbsp;zru\u010dnosti v&nbsp;oblasti n\u00e1vrhu a&nbsp;realiz\u00e1cie elektrick\u00fdch in\u0161tal\u00e1ci\u00ed a rozv\u00e1dza\u010dov).<\/li><\/ul>\n\n\n\n<p>Vybavenie laborat\u00f3ria:<\/p>\n\n\n\n<ul><li>elektroin\u0161tala\u010dn\u00e9 skrine a\u00a0rozv\u00e1dza\u010de firmy Hasma \u2013 pr\u00edpojkov\u00e9, elektromerov\u00e9, kompenza\u010dn\u00e9 a\u00a0pod.<\/li><li>panel firmy F&amp;G \u2013 isti\u010de, pr\u00fadov\u00e9 chr\u00e1ni\u010de, ostatn\u00e9 pr\u00edstroje<\/li><li>panel firmy Hasma \u2013 poistkov\u00e9 spodky pre v\u00fdkonov\u00e9 poistky nn<\/li><li>panel firmy ABB \u2013 v\u00fdkonov\u00e9 isti\u010de, isti\u010de, pr\u00fadov\u00e9 chr\u00e1ni\u010de, modul\u00e1rne pr\u00edstroje, sp\u00edna\u010de, z\u00e1suvky<\/li><li>panel firmy OEZ \u2013 modul\u00e1rne pr\u00edstroje, v\u00fdkonov\u00e9 isti\u010de a\u00a0poistky<\/li><li>v\u00fdkonov\u00fd rozv\u00e1dza\u010d firmy Schneider Electric s\u00a0troma po\u013eami a\u00a0ovl\u00e1dacou skri\u0148ou<\/li><li>Model prenosovej s\u00fastavy De Lorenzo,  zaobstaran\u00fd za pomoci Nad\u00e1cie VSE a\u00a0Pontis<\/li><\/ul>\n\n\n\n<figure class=\"wp-block-image size-large\"><img loading=\"lazy\" width=\"1024\" height=\"472\" src=\"https:\/\/kee.fei.tuke.sk\/wp-content\/uploads\/2024\/11\/464863947_956263279855442_2658139025912992793_n-1024x472.jpg\" alt=\"\" class=\"wp-image-2285\" srcset=\"https:\/\/kee.fei.tuke.sk\/wp-content\/uploads\/2024\/11\/464863947_956263279855442_2658139025912992793_n-1024x472.jpg 1024w, https:\/\/kee.fei.tuke.sk\/wp-content\/uploads\/2024\/11\/464863947_956263279855442_2658139025912992793_n-300x138.jpg 300w, https:\/\/kee.fei.tuke.sk\/wp-content\/uploads\/2024\/11\/464863947_956263279855442_2658139025912992793_n-768x354.jpg 768w, https:\/\/kee.fei.tuke.sk\/wp-content\/uploads\/2024\/11\/464863947_956263279855442_2658139025912992793_n-1536x708.jpg 1536w, https:\/\/kee.fei.tuke.sk\/wp-content\/uploads\/2024\/11\/464863947_956263279855442_2658139025912992793_n-2048x944.jpg 2048w\" sizes=\"(max-width: 1024px) 100vw, 1024px\" \/><\/figure>\n\n\n\n<div class=\"wp-block-image\"><figure class=\"aligncenter size-large is-resized\"><img loading=\"lazy\" src=\"https:\/\/kee.fei.tuke.sk\/wp-content\/uploads\/2024\/11\/5ef8Rxbe-768x1024.jpg\" alt=\"\" class=\"wp-image-2281\" width=\"502\" height=\"669\" srcset=\"https:\/\/kee.fei.tuke.sk\/wp-content\/uploads\/2024\/11\/5ef8Rxbe-768x1024.jpg 768w, https:\/\/kee.fei.tuke.sk\/wp-content\/uploads\/2024\/11\/5ef8Rxbe-225x300.jpg 225w, https:\/\/kee.fei.tuke.sk\/wp-content\/uploads\/2024\/11\/5ef8Rxbe-1152x1536.jpg 1152w, https:\/\/kee.fei.tuke.sk\/wp-content\/uploads\/2024\/11\/5ef8Rxbe.jpg 1536w\" sizes=\"(max-width: 502px) 100vw, 502px\" \/><\/figure><\/div>\n\n\n\n<div class=\"wp-block-image\"><figure class=\"aligncenter size-large is-resized\"><img loading=\"lazy\" src=\"https:\/\/kee.fei.tuke.sk\/wp-content\/uploads\/2024\/11\/xcNaU7qD-1024x768.jpg\" alt=\"\" class=\"wp-image-2282\" width=\"499\" height=\"374\" srcset=\"https:\/\/kee.fei.tuke.sk\/wp-content\/uploads\/2024\/11\/xcNaU7qD-1024x768.jpg 1024w, https:\/\/kee.fei.tuke.sk\/wp-content\/uploads\/2024\/11\/xcNaU7qD-300x225.jpg 300w, https:\/\/kee.fei.tuke.sk\/wp-content\/uploads\/2024\/11\/xcNaU7qD-768x576.jpg 768w, https:\/\/kee.fei.tuke.sk\/wp-content\/uploads\/2024\/11\/xcNaU7qD-1536x1152.jpg 1536w, https:\/\/kee.fei.tuke.sk\/wp-content\/uploads\/2024\/11\/xcNaU7qD.jpg 2048w\" sizes=\"(max-width: 499px) 100vw, 499px\" \/><\/figure><\/div>\n\n\n\n<div class=\"wp-block-image\"><figure class=\"aligncenter size-large is-resized\"><img loading=\"lazy\" src=\"https:\/\/kee.fei.tuke.sk\/wp-content\/uploads\/2024\/11\/yz8IhkTN-1024x768.jpg\" alt=\"\" class=\"wp-image-2283\" width=\"498\" height=\"374\" srcset=\"https:\/\/kee.fei.tuke.sk\/wp-content\/uploads\/2024\/11\/yz8IhkTN-1024x768.jpg 1024w, https:\/\/kee.fei.tuke.sk\/wp-content\/uploads\/2024\/11\/yz8IhkTN-300x225.jpg 300w, https:\/\/kee.fei.tuke.sk\/wp-content\/uploads\/2024\/11\/yz8IhkTN-768x576.jpg 768w, https:\/\/kee.fei.tuke.sk\/wp-content\/uploads\/2024\/11\/yz8IhkTN-1536x1152.jpg 1536w, https:\/\/kee.fei.tuke.sk\/wp-content\/uploads\/2024\/11\/yz8IhkTN.jpg 2048w\" sizes=\"(max-width: 498px) 100vw, 498px\" \/><\/figure><\/div>\n\n\n\n<div class=\"wp-block-image\"><figure class=\"aligncenter size-large is-resized\"><img loading=\"lazy\" src=\"https:\/\/kee.fei.tuke.sk\/wp-content\/uploads\/2021\/03\/foto_LES_01-1024x981.jpg\" alt=\"\" width=\"512\" height=\"491\"\/><\/figure><\/div>\n\n\n\n<div class=\"wp-block-image\"><figure class=\"aligncenter size-large is-resized\"><img loading=\"lazy\" src=\"https:\/\/kee.fei.tuke.sk\/wp-content\/uploads\/2021\/03\/foto_LES_04-629x1024.jpg\" alt=\"\" width=\"315\" height=\"512\"\/><\/figure><\/div>\n\n\n\n<div class=\"wp-block-image\"><figure class=\"aligncenter size-large is-resized\"><img loading=\"lazy\" src=\"https:\/\/kee.fei.tuke.sk\/wp-content\/uploads\/2021\/03\/foto_LES_03-1024x768.jpg\" alt=\"\" width=\"512\" height=\"384\"\/><\/figure><\/div>\n\n\n\n<div class=\"wp-block-image\"><figure class=\"aligncenter size-large is-resized\"><img loading=\"lazy\" src=\"https:\/\/kee.fei.tuke.sk\/wp-content\/uploads\/2021\/03\/foto_LES_02-1024x768.jpg\" alt=\"\" width=\"512\" height=\"384\"\/><\/figure><\/div>\n","protected":false},"excerpt":{"rendered":"<p>Ved\u00faci laborat\u00f3ria:&nbsp;doc. Ing. Jaroslav D\u017emura, PhD. Laborat\u00f3rium sl\u00fa\u017ei hlavne pre v\u00fduku \u0161tudentov bakal\u00e1rskeho a&nbsp;in\u017einierskeho \u0161t\u00fadia na katedre Elektroenergetiky ale aj na vedecko-v\u00fdskumn\u00e9 \u00fa\u010dely. V&nbsp;laborat\u00f3riu prebieha&hellip;<\/p>\n","protected":false},"author":1,"featured_media":0,"parent":68,"menu_order":0,"comment_status":"closed","ping_status":"closed","template":"","meta":[],"_links":{"self":[{"href":"https:\/\/kee.fei.tuke.sk\/index.php?rest_route=\/wp\/v2\/pages\/84"}],"collection":[{"href":"https:\/\/kee.fei.tuke.sk\/index.php?rest_route=\/wp\/v2\/pages"}],"about":[{"href":"https:\/\/kee.fei.tuke.sk\/index.php?rest_route=\/wp\/v2\/types\/page"}],"author":[{"embeddable":true,"href":"https:\/\/kee.fei.tuke.sk\/index.php?rest_route=\/wp\/v2\/users\/1"}],"replies":[{"embeddable":true,"href":"https:\/\/kee.fei.tuke.sk\/index.php?rest_route=%2Fwp%2Fv2%2Fcomments&post=84"}],"version-history":[{"count":10,"href":"https:\/\/kee.fei.tuke.sk\/index.php?rest_route=\/wp\/v2\/pages\/84\/revisions"}],"predecessor-version":[{"id":2288,"href":"https:\/\/kee.fei.tuke.sk\/index.php?rest_route=\/wp\/v2\/pages\/84\/revisions\/2288"}],"up":[{"embeddable":true,"href":"https:\/\/kee.fei.tuke.sk\/index.php?rest_route=\/wp\/v2\/pages\/68"}],"wp:attachment":[{"href":"https:\/\/kee.fei.tuke.sk\/index.php?rest_route=%2Fwp%2Fv2%2Fmedia&parent=84"}],"curies":[{"name":"wp","href":"https:\/\/api.w.org\/{rel}","templated":true}]}}