{"id":81,"date":"2020-01-17T15:54:00","date_gmt":"2020-01-17T14:54:00","guid":{"rendered":"https:\/\/kee.cp2.tuke.sk\/?page_id=81"},"modified":"2025-04-01T23:19:05","modified_gmt":"2025-04-01T21:19:05","slug":"laboratorium-elektrickych-ochran","status":"publish","type":"page","link":"https:\/\/kee.fei.tuke.sk\/?page_id=81","title":{"rendered":"Laborat\u00f3rium elektrick\u00fdch ochr\u00e1n"},"content":{"rendered":"\n<p><a>Ved\u00faci laborat\u00f3ria: <strong>doc. Ing. Zsolt \u010conka, PhD.<\/strong><\/a><\/p>\n\n\n\n<p><strong>Laborat\u00f3rium <\/strong>&nbsp;<strong>elektrick\u00fdch ochr\u00e1n<\/strong><\/p>\n\n\n\n<p>Laborat\u00f3rium je ur\u010den\u00e9 na&nbsp;meranie ako aj na sk\u00fa\u0161anie elektrick\u00fdch ochr\u00e1n a zariaden\u00ed sl\u00fa\u017eiacich na implement\u00e1ciu ochr\u00e1n do elektriza\u010dnej s\u00fastavy. Hlavnou funkciou laborat\u00f3ria je zabezpe\u010di\u0165 vzdel\u00e1vac\u00ed proces \u0161tudentov. Laborat\u00f3rium sl\u00fa\u017ei aj k&nbsp;potreb\u00e1m aplikovan\u00e9ho v\u00fdskumu.<\/p>\n\n\n\n<p>Predmety a v\u00fdstupy vzdel\u00e1vania:<\/p>\n\n\n\n<ul><li>Bakal\u00e1rske \u0161t\u00fadium: <strong>Predmet Elektrick\u00e9 ochrany v elektriza\u010dnej s\u00fastave<\/strong> (z\u00e1kladn\u00e9 vedomosti z princ\u00edpov anal\u00f3gov\u00fdch a digit\u00e1lnych ochr\u00e1n, sp\u00f4sobov chr\u00e1nenia elektrick\u00fdch veden\u00ed a elektroenergetick\u00fdch zariaden\u00ed)<\/li><li>In\u017einierske \u0161t\u00fadium: <strong>Predmet Syst\u00e9my chr\u00e1nenia v elektriza\u010dnej s\u00fastave <\/strong>(PP) (vedomosti o syst\u00e9moch chr\u00e1nenia, merania, monitorovania a riadenia elektrick\u00fdch zariaden\u00ed. Princ\u00edp komunik\u00e1cie s inteligentn\u00fdmi elektronick\u00fdmi zariadeniami.&nbsp;&nbsp; Navrhovanie a testovanie komplexn\u00fdch syst\u00e9mov chr\u00e1nenia energetick\u00fdch celkov.)<\/li><li>Doktorandsk\u00e9 \u0161t\u00fadium: <strong>Predmet Teoretick\u00e1 elektroenergetika: <\/strong>z\u00edskanie preh\u013abuj\u00facich teoretick\u00fdch vedomost\u00ed, s vyu\u017eit\u00edm najnov\u0161\u00edch poznatkov v\u00fdskumu a trendov v\u00fdvoja elektroenergetiky. \u2013 modelovanie prvkov v elektriza\u010dnej s\u00fastave. Osvojenie nov\u00fdch met\u00f3d anal\u00fdzy elektriza\u010dn\u00fdch s\u00fastav. Schopnos\u0165 rie\u0161i\u0165 vlnov\u00e9 procesy na vedeniach vlnov\u00e9 procesy na vedeniach, modelova\u0165 a analyzova\u0165 elektromagnetick\u00e9 polia, rie\u0161i\u0165 povrchov\u00e9 javy pri prenose elektrickej energie, sk\u00fama\u0165 elektromagnetick\u00e9 prechodn\u00e9 javy. <\/li><li>Doktorandsk\u00e9 \u0161t\u00fadium: <strong>Predmet Vedeck\u00e1 \u010dinnos\u0165 1-5.:<\/strong> Schopnos\u0165 samostatne koncipova\u0165, kon\u0161truova\u0165, realizova\u0165 a upravova\u0165 podstatn\u00fa \u010das\u0165 v\u00fdskumu s vedeckou integritou a prispeje p\u00f4vodn\u00fdm v\u00fdskumom k roz\u0161\u00edreniu hran\u00edc vedeck\u00e9ho poznania prostredn\u00edctvom realiz\u00e1cie rozsiahleho s\u00faboru pr\u00e1c, z ktor\u00fdch niektor\u00e9 s\u00fa hodn\u00e9 recenzn\u00e9ho publikovania. Dosahovanie p\u00f4vodn\u00fdch vedeck\u00fdch v\u00fdsledkov, akceptovate\u013en\u00fdch na medzin\u00e1rodnej \u00farovni. Na z\u00e1klade realiz\u00e1cie vedeck\u00e9ho v\u00fdskumu sa absolvent pova\u017euje za experta v svojej oblasti. <\/li><li>Doktorandsk\u00e9 \u0161t\u00fadium: <strong>Predmet Anal\u00fdza elektriza\u010dnej s\u00fastavy:<\/strong>  Roz\u0161\u00edrenie teoretick\u00fdch poznatkov z\u00edskan\u00fdch v druhom stupni \u0161t\u00fadi\u00e1 o najnov\u0161ie v\u00fdsledky v\u00fdskumu a trendy v\u00fdvoja v oblasti riadenia a prev\u00e1dzky elektriza\u010dnej s\u00fastavy s vyu\u017eit\u00edm prvkov umelej inteligencie. Schopnos\u0165 aplik\u00e1cie informa\u010dn\u00fdch a riadiacich syst\u00e9mov pri rie\u0161en\u00ed stability elektriza\u010dnej s\u00fastavy a jednosmern\u00fdch prenosov elektrickej energie. Z\u00edskanie roz\u0161iruj\u00facich poznatkov o degrada\u010dn\u00fdch procesoch zariaden\u00ed elektriza\u010dnej s\u00fastavy o \u0161pecifik\u00e1ch TVN pri jednosmern\u00fdch vedeniach ZVN. Schopnos\u0165 rie\u0161i\u0165 technick\u00e9 probl\u00e9my prev\u00e1dzky elektriza\u010dn\u00fdch s\u00fastav&nbsp; v r\u00e1mci UCTE a probl\u00e9my racionaliz\u00e1cie spotreby elektrickej energie. Vedomosti o princ\u00edpe a schopnos\u0165 pracova\u0165 v podmienkach liberalizovanom trhu s elektrinou. <\/li><li>Doktorandsk\u00e9 \u0161t\u00fadium: <strong>Predmet Dizerta\u010dn\u00fd projekt: <\/strong>Osvojenie si met\u00f3d vedeckej pr\u00e1ce. Preh\u013abenie vedomost\u00ed z oblasti t\u00e9my dizerta\u010dnej pr\u00e1ce. Intenz\u00edvnym v\u00fdskumom dosiahnu\u0165 p\u00f4vodn\u00e9 vedeck\u00e9 v\u00fdsledky, akceptovate\u013en\u00e9 na medzin\u00e1rodnej \u00farovni. Doktorand sa vie preuk\u00e1za\u0165 schopnos\u0165ou tvorivej samostatnej aj t\u00edmovej pr\u00e1ce pri rie\u0161en\u00ed vedecko-v\u00fdskumnej \u00falohy alebo projektu formou prezentovania v\u00fdsledkov vo forme vedeck\u00fdch publik\u00e1ci\u00ed, v \u010dasopisoch a na konferenci\u00e1ch, \u00fa\u010das\u0165ou v rie\u0161ite\u013esk\u00fdch kolekt\u00edvoch grantov\u00fdch \u00faloh a pod. Je schopn\u00fd formulova\u0165 ciele dizerta\u010dnej pr\u00e1ce a met\u00f3dy, ktor\u00e9 ved\u00fa k splneniu jej cie\u013eov. Je schopn\u00fd navrhn\u00fa\u0165 a aplikova\u0165 vedeck\u00e9 postupy rie\u0161enia. Vie prezentova\u0165 postupy a dosiahnut\u00e9 v\u00fdsledky svojej vedeckej pr\u00e1ce.<\/li><\/ul>\n\n\n\n<p>V&nbsp;laborat\u00f3riu elektrick\u00fdch ochr\u00e1n prebieha v\u00fduka v&nbsp;dvoch predmetoch a&nbsp;to: Elektrick\u00e9 ochrany v&nbsp;elektriza\u010dn\u00fdch s\u00fastav\u00e1ch a&nbsp;Syst\u00e9my chr\u00e1nenia v&nbsp;elektriza\u010dnej s\u00fastave.<\/p>\n\n\n\n<p>Predmet <strong>Elektrick\u00e9 ochrany v&nbsp;elektriza\u010dn\u00fdch s\u00fastav\u00e1ch<\/strong> je povinn\u00fd predmet, ktor\u00fd musia absolvova\u0165 v\u0161etci \u0161tudenti odboru <strong>elektroenergetika<\/strong> v&nbsp;3. ro\u010dn\u00edku Bc. \u0161t\u00fadia. Absolvovan\u00edm predmetu z\u00edskaj\u00fa \u0161tudenti znalosti z oblasti&nbsp;princ\u00edpov \u010dinnost\u00ed r\u00f4znych typov ochr\u00e1n od elektromechanick\u00fdch a\u017e po modern\u00e9 digit\u00e1lne ochrany, ako aj zo sp\u00f4sobov chr\u00e1nenia elektrick\u00fdch veden\u00ed a&nbsp;elektrick\u00fdch strojov.&nbsp;<\/p>\n\n\n\n<p>Predmet <strong>Syst\u00e9my chr\u00e1nenia v&nbsp;elektriza\u010dnej s\u00fastave<\/strong> \u0161tudent z\u00edska z\u00e1kladn\u00e9 vedomosti z met\u00f3d n\u00e1vrhu syst\u00e9mov chr\u00e1nenia jednotliv\u00fdch prvkov elektriza\u010dnej s\u00fastavy, rovnako i ucelen\u00fdch celkov, ak\u00fa s\u00fa: syst\u00e9my chr\u00e1nenia elektr\u00e1rensk\u00fdch blokov, elektrick\u00fdch stan\u00edc a elektrick\u00fdch prenosov\u00fdch a distribu\u010dn\u00fdch siet\u00ed. V laborat\u00f3riu sa vykon\u00e1vaj\u00fa nasledovn\u00e9 \u010dinnosti:<\/p>\n\n\n\n<p><strong><em>Sk\u00fa\u0161anie pomocn\u00fdch zariaden\u00ed elektrick\u00fdch ochr\u00e1n<\/em><\/strong><\/p>\n\n\n\n<p>Laborat\u00f3rium disponuje r\u00f4znymi typmi pr\u00edstrojov\u00fdch transform\u00e1torov pr\u00fadov,&nbsp;nap\u00e4tia, pr\u00fadov\u00fdmi a&nbsp;nap\u00e4\u0165ov\u00fdmi senzormi &nbsp;na ktor\u00fdch si \u0161tudenti overuj\u00fa ich spr\u00e1vnu \u010dinnos\u0165. Nespr\u00e1vny v\u00fdber, alebo fungovanie PNP a&nbsp;PTN pre jednotliv\u00e9 aplik\u00e1cie v\u00fdrazne ovplyvn\u00ed \u010dinnos\u0165 elektrickej ochrany. Preto je overovanie a&nbsp;znalos\u0165 princ\u00edpu \u010dinnost\u00ed jednotliv\u00fdch pr\u00edstrojov\u00fdch transform\u00e1torov ve\u013emi d\u00f4le\u017eit\u00fdm aspektom v&nbsp;chr\u00e1nen\u00ed ES.<\/p>\n\n\n\n<div class=\"wp-block-image\"><figure class=\"aligncenter size-large is-resized\"><img loading=\"lazy\" src=\"https:\/\/kee.fei.tuke.sk\/wp-content\/uploads\/2021\/03\/obr.1.jpg\" alt=\"\" width=\"297\" height=\"432\"\/><figcaption><br>R\u00f4zne typy pr\u00edstrojov\u00fdch transform\u00e1torov pr\u00fadov,&nbsp;nap\u00e4tia, pr\u00fadov\u00e9 a&nbsp;nap\u00e4\u0165ov\u00e9 senzory<\/figcaption><\/figure><\/div>\n\n\n\n<p><strong><em>Sk\u00fa\u0161anie digit\u00e1lnych ochr\u00e1n<\/em><\/strong><\/p>\n\n\n\n<p>Laborat\u00f3rium poskytuje mo\u017enos\u0165 sekund\u00e1rnej sk\u00fa\u0161ky digit\u00e1lnych ochr\u00e1n pomocou zariadenia Omicron CMC 156, COMPANO 100 a&nbsp;SEL 4000. Sk\u00fa\u0161anie digit\u00e1lnych ochr\u00e1n pozost\u00e1va z&nbsp;v\u00fdpo\u010dtovej \u010dasti, kde \u0161tudenti vyu\u017eit\u00edm svojich teoretick\u00fdch znalost\u00ed numericky ur\u010dia jednotliv\u00e9 parametre potrebn\u00e9 pre spr\u00e1vne nastavenie ochr\u00e1n. N\u00e1sledne tieto \u00fadaje zadaj\u00fa ru\u010dne alebo pomocou softv\u00e9ru&nbsp;ACSELERATOR QUICKSET do konkr\u00e9tnej ochrany a&nbsp;ochranu otestuj\u00fa pomocou softwaru Omicron Test Universe a zariadenia Omicron CMC 156, alebo SEL 4000.&nbsp;<\/p>\n\n\n\n<p>Laborat\u00f3rium je vybaven\u00e9 \u0161irokou \u0161k\u00e1lou digit\u00e1lnych ochr\u00e1n ako aj re\u00e1lnymi VN rozvodn\u00fdmi skri\u0148ami s&nbsp;integrovanou ochranou, odpojova\u010dom a&nbsp;v\u00fdkonov\u00fdm vyp\u00edna\u010dom.<\/p>\n\n\n\n<ul><li>Digit\u00e1lna ochrana termin\u00e1lu v\u00fdvodu SEL 751A<\/li><li>Digit\u00e1lna ochrana termin\u00e1lu v\u00fdvodu SEL 751 \u2013 s dotykov\u00fdm displejom<\/li><li>Digit\u00e1lna transform\u00e1torov\u00e1 ochrana SEL 787<\/li><li>Digit\u00e1lna gener\u00e1torov\u00e1 ochrana SEL 700GT<\/li><li>Digit\u00e1lna gener\u00e1torov\u00e1 ochrana SEL 700G<\/li><li>Digit\u00e1lna ochrana SEL 421<\/li><li>Digit\u00e1lna trojbodov\u00e1 porovn\u00e1vacia ochrana SEL 387E<\/li><li>Digit\u00e1lna ochrana ABB REF543<\/li><li>Digit\u00e1lna ochrana ABB REX 521<\/li><li>Testovacie zariadenie ochr\u00e1n Omicron CMC 156<\/li><li>Testovacie zariadenie ochr\u00e1n Omicron COMPANO 100<\/li><li>Testovacie zariadenie ochr\u00e1n SEL 4000<\/li><li>Digit\u00e1lna ochrana ABB REF615<\/li><li>Digit\u00e1lna ochrana ABB RED615<\/li><li>Digit\u00e1lna ochrana ABB SPAM 150 C<\/li><li>Digit\u00e1lna ochrana ABB SPAJ 140 C<\/li><li>Digit\u00e1lna ochrana MiCOM P139<\/li><li>Digit\u00e1lna ochrana SIEMENS SIPROTEC 7UM61<\/li><li>Digit\u00e1lna ochrana SIEMENS SIPROTEC 7SJ63<\/li><\/ul>\n\n\n\n<div class=\"wp-block-image\"><figure class=\"aligncenter size-large is-resized\"><img loading=\"lazy\" src=\"https:\/\/kee.fei.tuke.sk\/wp-content\/uploads\/2025\/04\/obrazok.png\" alt=\"\" class=\"wp-image-2404\" width=\"358\" height=\"432\" srcset=\"https:\/\/kee.fei.tuke.sk\/wp-content\/uploads\/2025\/04\/obrazok.png 715w, https:\/\/kee.fei.tuke.sk\/wp-content\/uploads\/2025\/04\/obrazok-249x300.png 249w\" sizes=\"(max-width: 358px) 100vw, 358px\" \/><figcaption>Pracovn\u00fd st\u00f4l digit\u00e1lnych ochr\u00e1n SEL<\/figcaption><\/figure><\/div>\n\n\n\n<div class=\"wp-block-image\"><figure class=\"aligncenter size-large is-resized\"><img loading=\"lazy\" src=\"https:\/\/kee.fei.tuke.sk\/wp-content\/uploads\/2025\/04\/obrazok-2.png\" alt=\"\" class=\"wp-image-2406\" width=\"361\" height=\"440\" srcset=\"https:\/\/kee.fei.tuke.sk\/wp-content\/uploads\/2025\/04\/obrazok-2.png 721w, https:\/\/kee.fei.tuke.sk\/wp-content\/uploads\/2025\/04\/obrazok-2-246x300.png 246w\" sizes=\"(max-width: 361px) 100vw, 361px\" \/><figcaption>Pracovn\u00fd st\u00f4l digit\u00e1lnych ochr\u00e1n SEL<\/figcaption><\/figure><\/div>\n\n\n\n<div class=\"wp-block-image\"><figure class=\"aligncenter size-large is-resized\"><img loading=\"lazy\" src=\"https:\/\/kee.fei.tuke.sk\/wp-content\/uploads\/2025\/04\/obrazok-3.png\" alt=\"\" class=\"wp-image-2407\" width=\"359\" height=\"425\" srcset=\"https:\/\/kee.fei.tuke.sk\/wp-content\/uploads\/2025\/04\/obrazok-3.png 718w, https:\/\/kee.fei.tuke.sk\/wp-content\/uploads\/2025\/04\/obrazok-3-253x300.png 253w\" sizes=\"(max-width: 359px) 100vw, 359px\" \/><figcaption>Pracovn\u00fd st\u00f4l digit\u00e1lnych ochr\u00e1n SEL<\/figcaption><\/figure><\/div>\n\n\n\n<div class=\"wp-block-image\"><figure class=\"aligncenter size-large is-resized\"><img loading=\"lazy\" src=\"https:\/\/kee.fei.tuke.sk\/wp-content\/uploads\/2025\/04\/obrazok-4-1024x774.png\" alt=\"\" class=\"wp-image-2408\" width=\"512\" height=\"387\" srcset=\"https:\/\/kee.fei.tuke.sk\/wp-content\/uploads\/2025\/04\/obrazok-4-1024x774.png 1024w, https:\/\/kee.fei.tuke.sk\/wp-content\/uploads\/2025\/04\/obrazok-4-300x227.png 300w, https:\/\/kee.fei.tuke.sk\/wp-content\/uploads\/2025\/04\/obrazok-4-768x581.png 768w, https:\/\/kee.fei.tuke.sk\/wp-content\/uploads\/2025\/04\/obrazok-4.png 1276w\" sizes=\"(max-width: 512px) 100vw, 512px\" \/><figcaption>\u010eal\u0161ie ochrann\u00e9 rel\u00e9 od ostatn\u00fdch v\u00fdrobcov<\/figcaption><\/figure><\/div>\n\n\n\n<div class=\"wp-block-image\"><figure class=\"aligncenter size-large is-resized\"><img loading=\"lazy\" src=\"https:\/\/kee.fei.tuke.sk\/wp-content\/uploads\/2025\/04\/obrazok-5-1024x678.png\" alt=\"\" class=\"wp-image-2409\" width=\"512\" height=\"339\" srcset=\"https:\/\/kee.fei.tuke.sk\/wp-content\/uploads\/2025\/04\/obrazok-5-1024x678.png 1024w, https:\/\/kee.fei.tuke.sk\/wp-content\/uploads\/2025\/04\/obrazok-5-300x199.png 300w, https:\/\/kee.fei.tuke.sk\/wp-content\/uploads\/2025\/04\/obrazok-5-768x509.png 768w, https:\/\/kee.fei.tuke.sk\/wp-content\/uploads\/2025\/04\/obrazok-5.png 1249w\" sizes=\"(max-width: 512px) 100vw, 512px\" \/><figcaption>Hist\u00f3ria mechanick\u00fdch ochrann\u00fdch rel\u00e9<\/figcaption><\/figure><\/div>\n","protected":false},"excerpt":{"rendered":"<p>Ved\u00faci laborat\u00f3ria: doc. Ing. Zsolt \u010conka, PhD. Laborat\u00f3rium &nbsp;elektrick\u00fdch ochr\u00e1n Laborat\u00f3rium je ur\u010den\u00e9 na&nbsp;meranie ako aj na sk\u00fa\u0161anie elektrick\u00fdch ochr\u00e1n a zariaden\u00ed sl\u00fa\u017eiacich na implement\u00e1ciu&hellip;<\/p>\n","protected":false},"author":1,"featured_media":0,"parent":68,"menu_order":0,"comment_status":"closed","ping_status":"closed","template":"","meta":[],"_links":{"self":[{"href":"https:\/\/kee.fei.tuke.sk\/index.php?rest_route=\/wp\/v2\/pages\/81"}],"collection":[{"href":"https:\/\/kee.fei.tuke.sk\/index.php?rest_route=\/wp\/v2\/pages"}],"about":[{"href":"https:\/\/kee.fei.tuke.sk\/index.php?rest_route=\/wp\/v2\/types\/page"}],"author":[{"embeddable":true,"href":"https:\/\/kee.fei.tuke.sk\/index.php?rest_route=\/wp\/v2\/users\/1"}],"replies":[{"embeddable":true,"href":"https:\/\/kee.fei.tuke.sk\/index.php?rest_route=%2Fwp%2Fv2%2Fcomments&post=81"}],"version-history":[{"count":13,"href":"https:\/\/kee.fei.tuke.sk\/index.php?rest_route=\/wp\/v2\/pages\/81\/revisions"}],"predecessor-version":[{"id":2410,"href":"https:\/\/kee.fei.tuke.sk\/index.php?rest_route=\/wp\/v2\/pages\/81\/revisions\/2410"}],"up":[{"embeddable":true,"href":"https:\/\/kee.fei.tuke.sk\/index.php?rest_route=\/wp\/v2\/pages\/68"}],"wp:attachment":[{"href":"https:\/\/kee.fei.tuke.sk\/index.php?rest_route=%2Fwp%2Fv2%2Fmedia&parent=81"}],"curies":[{"name":"wp","href":"https:\/\/api.w.org\/{rel}","templated":true}]}}