{"id":76,"date":"2020-01-17T15:52:18","date_gmt":"2020-01-17T14:52:18","guid":{"rendered":"https:\/\/kee.cp2.tuke.sk\/?page_id=76"},"modified":"2021-04-21T17:06:50","modified_gmt":"2021-04-21T15:06:50","slug":"laboratorium-fotovoltiky","status":"publish","type":"page","link":"https:\/\/kee.fei.tuke.sk\/?page_id=76","title":{"rendered":"Laborat\u00f3rium fotovoltiky"},"content":{"rendered":"\n<figure class=\"wp-block-image size-large\"><img src=\"https:\/\/kee.fei.tuke.sk\/wp-content\/uploads\/2020\/01\/lab_fotovoltika.png\" alt=\"V\u00e1dium\"\/><\/figure>\n\n\n\n<p>Ved\u00faci laborat\u00f3ria:<strong>&nbsp;doc. Ing. Du\u0161an Medve\u010f, PhD.<\/strong><\/p>\n\n\n\n<p><strong>Opis laborat\u00f3ria:<\/strong><\/p>\n\n\n\n<p>Spolo\u010dn\u00e9 laborat\u00f3rium fotovoltiky (LFO) vzniklo v&nbsp;spolupr\u00e1ci so spolo\u010dnos\u0165ou V\u00c1DIUM, s.r.o. v&nbsp;r\u00e1mci projektu podporen\u00e9ho zo \u0160F E\u00da. Laborat\u00f3rium je umiestnen\u00e9 na streche budovy spom\u00ednanej spolo\u010dnosti v&nbsp;Pre\u0161ove, Plzensk\u00e1 2. Obsahuje 30 fotovoltick\u00fdch panelov r\u00f4znych parametrov umiestnen\u00fdch na r\u00f4zne svetov\u00e9 strany, pr\u00edpadne s&nbsp;nat\u00e1\u010dacou konzolou (trackerom). D\u00e1ta s\u00fa zasielan\u00e9 prostredn\u00edctvom internetu na katedru, kde sa vyhodnocuj\u00fa. Sl\u00fa\u017ei pre v\u00fdskumn\u00e9 \u00fa\u010dely.<\/p>\n\n\n\n<p>Str\u00e1nka k&nbsp;laborat\u00f3riu:<\/p>\n\n\n\n<p><a href=\"http:\/\/people.tuke.sk\/dusan.medved\/26220220080\/\">http:\/\/people.tuke.sk\/dusan.medved\/26220220080\/<\/a><\/p>\n\n\n\n<div class=\"wp-block-image\"><figure class=\"aligncenter size-large\"><img src=\"https:\/\/kee.fei.tuke.sk\/wp-content\/uploads\/2021\/03\/fol1.jpg\" alt=\"\"\/><\/figure><\/div>\n\n\n\n<div class=\"wp-block-image\"><figure class=\"aligncenter size-large is-resized\"><img loading=\"lazy\" src=\"https:\/\/kee.fei.tuke.sk\/wp-content\/uploads\/2021\/03\/fol2-1024x768.jpg\" alt=\"\" width=\"638\" height=\"479\"\/><\/figure><\/div>\n\n\n\n<div class=\"wp-block-image\"><figure class=\"aligncenter size-large is-resized\"><img loading=\"lazy\" src=\"https:\/\/kee.fei.tuke.sk\/wp-content\/uploads\/2021\/03\/fol3-1024x768.jpg\" alt=\"\" width=\"638\" height=\"479\"\/><\/figure><\/div>\n\n\n\n<div class=\"wp-block-image\"><figure class=\"aligncenter size-large is-resized\"><img loading=\"lazy\" src=\"https:\/\/kee.fei.tuke.sk\/wp-content\/uploads\/2021\/03\/fol4-1024x768.jpg\" alt=\"\" width=\"638\" height=\"479\"\/><\/figure><\/div>\n","protected":false},"excerpt":{"rendered":"<p>Ved\u00faci laborat\u00f3ria:&nbsp;doc. Ing. Du\u0161an Medve\u010f, PhD. Opis laborat\u00f3ria: Spolo\u010dn\u00e9 laborat\u00f3rium fotovoltiky (LFO) vzniklo v&nbsp;spolupr\u00e1ci so spolo\u010dnos\u0165ou V\u00c1DIUM, s.r.o. v&nbsp;r\u00e1mci projektu podporen\u00e9ho zo \u0160F E\u00da. Laborat\u00f3rium&hellip;<\/p>\n","protected":false},"author":1,"featured_media":0,"parent":68,"menu_order":0,"comment_status":"closed","ping_status":"closed","template":"","meta":[],"_links":{"self":[{"href":"https:\/\/kee.fei.tuke.sk\/index.php?rest_route=\/wp\/v2\/pages\/76"}],"collection":[{"href":"https:\/\/kee.fei.tuke.sk\/index.php?rest_route=\/wp\/v2\/pages"}],"about":[{"href":"https:\/\/kee.fei.tuke.sk\/index.php?rest_route=\/wp\/v2\/types\/page"}],"author":[{"embeddable":true,"href":"https:\/\/kee.fei.tuke.sk\/index.php?rest_route=\/wp\/v2\/users\/1"}],"replies":[{"embeddable":true,"href":"https:\/\/kee.fei.tuke.sk\/index.php?rest_route=%2Fwp%2Fv2%2Fcomments&post=76"}],"version-history":[{"count":5,"href":"https:\/\/kee.fei.tuke.sk\/index.php?rest_route=\/wp\/v2\/pages\/76\/revisions"}],"predecessor-version":[{"id":1151,"href":"https:\/\/kee.fei.tuke.sk\/index.php?rest_route=\/wp\/v2\/pages\/76\/revisions\/1151"}],"up":[{"embeddable":true,"href":"https:\/\/kee.fei.tuke.sk\/index.php?rest_route=\/wp\/v2\/pages\/68"}],"wp:attachment":[{"href":"https:\/\/kee.fei.tuke.sk\/index.php?rest_route=%2Fwp%2Fv2%2Fmedia&parent=76"}],"curies":[{"name":"wp","href":"https:\/\/api.w.org\/{rel}","templated":true}]}}