{"id":719,"date":"2021-03-12T09:54:37","date_gmt":"2021-03-12T08:54:37","guid":{"rendered":"https:\/\/kee.cp2.tuke.sk\/?page_id=719"},"modified":"2021-03-12T10:07:01","modified_gmt":"2021-03-12T09:07:01","slug":"establishing-smart-energy-system-curriculum-at-russian-and-vietnamese-universities","status":"publish","type":"page","link":"https:\/\/kee.fei.tuke.sk\/?page_id=719","title":{"rendered":"Establishing Smart Energy System Curriculum at Russian and Vietnamese Universities"},"content":{"rendered":"\t\t<div data-elementor-type=\"wp-page\" data-elementor-id=\"719\" class=\"elementor elementor-719\" data-elementor-settings=\"[]\">\n\t\t\t\t\t\t<div class=\"elementor-inner\">\n\t\t\t\t\t\t\t<div class=\"elementor-section-wrap\">\n\t\t\t\t\t\t\t<section class=\"elementor-section elementor-top-section elementor-element elementor-element-3466a05a elementor-section-boxed elementor-section-height-default elementor-section-height-default\" data-id=\"3466a05a\" data-element_type=\"section\">\n\t\t\t\t\t\t<div class=\"elementor-container elementor-column-gap-default\">\n\t\t\t\t\t\t\t<div class=\"elementor-row\">\n\t\t\t\t\t<div class=\"elementor-column elementor-col-100 elementor-top-column elementor-element elementor-element-4f7b9144\" data-id=\"4f7b9144\" data-element_type=\"column\">\n\t\t\t<div class=\"elementor-column-wrap elementor-element-populated\">\n\t\t\t\t\t\t\t<div class=\"elementor-widget-wrap\">\n\t\t\t\t\t\t<div class=\"elementor-element elementor-element-1d5b6bf9 elementor-widget elementor-widget-text-editor\" data-id=\"1d5b6bf9\" data-element_type=\"widget\" data-widget_type=\"text-editor.default\">\n\t\t\t\t<div class=\"elementor-widget-container\">\n\t\t\t\t\t\t\t\t<div class=\"elementor-text-editor elementor-clearfix\">\n\t\t\t\t\t<!-- wp:heading {\"level\":3} -->\n<h3>&#8222;Establishing Smart Energy System Curriculum at Russian and Vietnamese Universities&#8220;<br \/><em>Vytvorenie kurikula pre \u0161tudijn\u00fd program \u201eInteligentn\u00e9 energetick\u00e9 syst\u00e9my\u201c na univerzit\u00e1ch v Rusku a vo Vietname<\/em><\/h3>\n<!-- \/wp:heading -->\n\n<!-- wp:paragraph -->\n<p>5 z\u00fa\u010dastnen\u00fdch kraj\u00edn: <strong>Loty\u0161sko, Rusk\u00e1 feder\u00e1cia, Vietnam, Slovensko, Franc\u00fazsko<\/strong><br \/>10 univerz\u00edt:<\/p>\n<!-- \/wp:paragraph -->\n\n<!-- wp:list -->\n<ul>\n<li>Riga Technical University (RTU) &#8211; Loty\u0161sko &#8211; koordin\u00e1tor projektu<\/li>\n<li>Institut Polytechnique de Grenoble (Grenoble INP) &#8211; Franc\u00fazsko<\/li>\n<li>Technical University of Ko\u0161ice (TUKE) &#8211; Slovensko<\/li>\n<li>Irkutsk National Research Technical University (INRTU) &#8211; Rusk\u00e1 feder\u00e1cia<\/li>\n<li>Tomsk Polytechnic University (TPU) &#8211; Rusk\u00e1 feder\u00e1cia<\/li>\n<li>Ural Federal University (UrFU) &#8211; Rusk\u00e1 feder\u00e1cia<\/li>\n<li>Kazan State Power Engineering University (KSPEU) \u2013 Rusk\u00e1 feder\u00e1cia<\/li>\n<li>North-Eastern Federal University (NEFU) &#8211; Rusk\u00e1 feder\u00e1cia<\/li>\n<li>Ho Chi Minh City University of Technology and Education &#8211; Vietnam<\/li>\n<\/ul>\n<!-- \/wp:list -->\n\n<!-- wp:paragraph -->\n<p><strong>Hanoi University of Mining and Geology &#8211; Vietnam<\/strong><br \/>Za\u010diatok: <strong>15-10-2017<\/strong> \u2013 Koniec: <strong>14-10-2020<\/strong><br \/>\u010c\u00edslo projektu: <strong>586087-EPP-1-2017-1-LV-EPPKA2-CBHE-JP<\/strong><br \/>Grant E\u00da: <strong>856328 EUR<\/strong><br \/>Program: <strong>Erasmus +<\/strong><br \/>K\u013e\u00fa\u010dov\u00e1 \u0161pecifik\u00e1cia: <strong>Spolupr\u00e1ca v oblasti inov\u00e1ci\u00ed a v\u00fdmeny osved\u010den\u00fdch postupov<\/strong><br \/>Typ \u0161pecifik\u00e1cie: <strong>Budovanie kapac\u00edt vo vysoko\u0161kolskom vzdel\u00e1van\u00ed<\/strong><\/p>\n<!-- \/wp:paragraph -->\n\n<!-- wp:paragraph -->\n<p><strong>Opis projektu:<\/strong><br \/><p style=\"text-align: justify;\">S\u00fa\u010dasnou prioritou svetov\u00e9ho energetick\u00e9ho priemyslu je navrhovanie inteligentn\u00fdch energetick\u00fdch syst\u00e9mov (IES), ktor\u00e9 prispievaj\u00fa k zavedeniu interdisciplin\u00e1rneho pr\u00edstupu, ktor\u00fd integruje v\u00fdsledky energetick\u00fdch technol\u00f3gi\u00ed a IT. Spolu s v\u00fdvojom technol\u00f3gi\u00ed vy\u017eaduje energetick\u00fd sektor \u0161pecialistov, ktor\u00ed s\u00fa schopn\u00ed \u010deli\u0165 v\u00fdzvam a s\u00fa schopn\u00ed vytvori\u0165 a rozv\u00edja\u0165 inovat\u00edvne rie\u0161enia za r\u00f4znych podmienok. S cie\u013eom uspokoji\u0165 potreby rusk\u00e9ho a vietnamsk\u00e9ho energetick\u00e9ho sektora in\u017einierov nov\u00e9ho form\u00e1tu realizuje projekt ESSENCE \u201eVytvorenie u\u010debn\u00fdch osnov \u0161tudijn\u00e9ho programu, Inteligentn\u00e9 energetick\u00e9 syst\u00e9my, na rusk\u00fdch a vietnamsk\u00fdch univerzit\u00e1ch\u201c konzorcium zlo\u017een\u00e9 z 3 univerz\u00edt z E\u00da, 5 z RU a 2 z VN zameran\u00e9 na moderniz\u00e1ciu existuj\u00facich magistersk\u00fdch \u0161tudijn\u00fdch programov v oblasti elektrotechniky s cie\u013eom splni\u0165 po\u017eiadavky a o\u010dak\u00e1vania hlavn\u00fdch zainteresovan\u00fdch str\u00e1n programu v s\u00falade s bolonsk\u00fdmi po\u017eiadavkami a eur\u00f3pskym kvalifika\u010dn\u00fdm r\u00e1mcom a v \u00fazkej spolupr\u00e1ci s priemyslom. Projekt bude dosahova\u0165 nasledovn\u00e9 v\u00fdsledky: na univerzit\u00e1ch RU a VN sa zrealizuj\u00fa modernizovan\u00e9 \u0161tudijn\u00e9 programy, bud\u00fa vypracovan\u00e9 odborne zameran\u00e9 v\u00fdu\u010dbov\u00e9 a u\u010debn\u00e9 materi\u00e1ly, vr\u00e1tane pr\u00edru\u010dky o zapojen\u00ed priemyslu, do troch jazykov (EN, RU a VN) a prezentovan\u00e9 na webovej str\u00e1nke projektu \u2013 miesto pre bezplatn\u00e9 vyu\u017eitie; bud\u00fa vy\u0161kolen\u00ed vysoko\u0161kolsk\u00ed u\u010ditelia a z\u00e1stupcovia na partnersk\u00fdch univerzit\u00e1ch; bud\u00fa vy\u0161kolen\u00ed pre vzdel\u00e1vanie pokro\u010dil\u00fdmi met\u00f3dami v\u00fdu\u010dby; partnersk\u00ed vysoko\u0161kolsk\u00ed u\u010ditelia si roz\u0161\u00edria svoje zru\u010dnosti a vedomosti v oblasti rozvoja u\u010debn\u00fdch osnov a oblasti predmetu; nadvia\u017eu sa kontakty s priemyseln\u00fdmi podnikmi v RU a VN, aby sa zapojili do vzdel\u00e1vacieho procesu a zlep\u0161ili tak umiest\u0148ovanie absolventov programov uveden\u00fdch \u0161tudijn\u00fdch programov; bud\u00fa podp\u00edsan\u00e9 dohody o akademickej mobilite medzi spolo\u010dnos\u0165ami. Projekt prinesie prospech viacer\u00fdm cie\u013eov\u00fdm skupin\u00e1m na r\u00f4znych \u00farovniach po\u010das \u017eivotn\u00e9ho cyklu projektu a po jeho skon\u010den\u00ed sa dosiahne: vy\u0161\u0161ia perspekt\u00edva \u0161tudentov, zamestnancov z\u00fa\u010dastnen\u00fdch univerz\u00edt a vy\u0161\u0161ia vzdelanostn\u00e1 spolo\u010dnos\u0165 pre krajinu a priemysel.<\/p>\n<!-- \/wp:paragraph -->\n\n<!-- wp:paragraph -->\n<p><strong>Inform\u00e1cie k projektu:<\/strong><br \/><a href=\"http:\/\/ec.europa.eu\/programmes\/erasmus-plus\/projects\/eplus-project-details\/#project\/254cfd13-c80b-46e0-88db-dd8a4eaf5e1d\">http:\/\/ec.europa.eu\/programmes\/erasmus-plus\/projects\/eplus-project-details\/#project\/254cfd13-c80b-46e0-88db-dd8a4eaf5e1d<\/a><\/p>\n<!-- \/wp:paragraph -->\n\n<!-- wp:image {\"id\":722,\"sizeSlug\":\"large\",\"linkDestination\":\"none\"} -->\n<figure class=\"wp-block-image size-large\"><img loading=\"lazy\" width=\"354\" height=\"224\" class=\"wp-image-722\" src=\"https:\/\/kee.cp2.tuke.sk\/wp-content\/uploads\/2021\/03\/image.png\" alt=\"\" srcset=\"https:\/\/kee.fei.tuke.sk\/wp-content\/uploads\/2021\/03\/image.png 354w, https:\/\/kee.fei.tuke.sk\/wp-content\/uploads\/2021\/03\/image-300x190.png 300w\" sizes=\"(max-width: 354px) 100vw, 354px\" \/><\/figure>\n<!-- \/wp:image -->\t\t\t\t\t<\/div>\n\t\t\t\t\t\t<\/div>\n\t\t\t\t<\/div>\n\t\t\t\t\t\t<\/div>\n\t\t\t\t\t<\/div>\n\t\t<\/div>\n\t\t\t\t\t\t\t\t<\/div>\n\t\t\t\t\t<\/div>\n\t\t<\/section>\n\t\t\t\t\t\t<\/div>\n\t\t\t\t\t\t<\/div>\n\t\t\t\t\t<\/div>\n\t\t","protected":false},"excerpt":{"rendered":"<p>&#8222;Establishing Smart Energy System Curriculum at Russian and Vietnamese Universities&#8220;Vytvorenie kurikula pre \u0161tudijn\u00fd program \u201eInteligentn\u00e9 energetick\u00e9 syst\u00e9my\u201c na univerzit\u00e1ch v Rusku a vo Vietname 5&hellip;<\/p>\n","protected":false},"author":1,"featured_media":0,"parent":0,"menu_order":0,"comment_status":"closed","ping_status":"closed","template":"","meta":[],"_links":{"self":[{"href":"https:\/\/kee.fei.tuke.sk\/index.php?rest_route=\/wp\/v2\/pages\/719"}],"collection":[{"href":"https:\/\/kee.fei.tuke.sk\/index.php?rest_route=\/wp\/v2\/pages"}],"about":[{"href":"https:\/\/kee.fei.tuke.sk\/index.php?rest_route=\/wp\/v2\/types\/page"}],"author":[{"embeddable":true,"href":"https:\/\/kee.fei.tuke.sk\/index.php?rest_route=\/wp\/v2\/users\/1"}],"replies":[{"embeddable":true,"href":"https:\/\/kee.fei.tuke.sk\/index.php?rest_route=%2Fwp%2Fv2%2Fcomments&post=719"}],"version-history":[{"count":5,"href":"https:\/\/kee.fei.tuke.sk\/index.php?rest_route=\/wp\/v2\/pages\/719\/revisions"}],"predecessor-version":[{"id":731,"href":"https:\/\/kee.fei.tuke.sk\/index.php?rest_route=\/wp\/v2\/pages\/719\/revisions\/731"}],"wp:attachment":[{"href":"https:\/\/kee.fei.tuke.sk\/index.php?rest_route=%2Fwp%2Fv2%2Fmedia&parent=719"}],"curies":[{"name":"wp","href":"https:\/\/api.w.org\/{rel}","templated":true}]}}