{"id":706,"date":"2021-03-12T09:14:34","date_gmt":"2021-03-12T08:14:34","guid":{"rendered":"https:\/\/kee.cp2.tuke.sk\/?page_id=706"},"modified":"2022-10-10T15:36:33","modified_gmt":"2022-10-10T13:36:33","slug":"riadenie-energetickych-podnikov","status":"publish","type":"page","link":"https:\/\/kee.fei.tuke.sk\/?page_id=706","title":{"rendered":"Riadenie energetick\u00fdch podnikov"},"content":{"rendered":"\n<figure class=\"wp-block-table is-style-stripes\"><table><tbody><tr><td><strong>\u0160tudijn\u00fd odbor:<\/strong><\/td><td>Elektrotechnika<\/td><\/tr><tr><td><strong>\u0160tudijn\u00fd program:<\/strong><\/td><td>Elektroenergetika<\/td><\/tr><tr><td><strong>Rozsah:<\/strong><\/td><td>2 P<\/td><\/tr><tr><td><strong>Po\u010det kreditov:<\/strong><\/td><td>6<\/td><\/tr><tr><td><strong>Garantuje:<\/strong><\/td><td>prof. Ing. Roman Cimbala, PhD.<\/td><\/tr><tr><td><strong>Predn\u00e1\u0161a:<\/strong><\/td><td>prof. Ing. Roman Cimbala, PhD.<\/td><\/tr><tr><td><strong>Cvi\u010d\u00ed:<\/strong><\/td><td><\/td><\/tr><tr><td><strong>Podmie\u0148uj\u00face predmety:<\/strong><\/td><td>&#8211;<\/td><\/tr><tr><td><strong>Hodnotenie a ukon\u010denie:<\/strong><\/td><td>klasifikovan\u00fd z\u00e1po\u010det<\/td><\/tr><tr><td><strong>Priebe\u017en\u00e9 hodnotenie:<\/strong><\/td><td>\u0160tudent prospeje v PH a z\u00edska z\u00e1po\u010det, ke\u010f spln\u00ed podmienku z\u00edska\u0165 min. 51% z 100%.<\/td><\/tr><tr><td><strong>Z\u00e1vere\u010dn\u00e9 hodnotenie:<\/strong><\/td><td>p\u00edsomn\u00fd test<\/td><\/tr><\/tbody><\/table><\/figure>\n\n\n\n<p><strong>Cie\u013e predmetu<\/strong>: Cie\u013eom predmetu s\u00fa ot\u00e1zky t\u00fdkaj\u00face sa vz\u0165ahov k z\u00e1kazn\u00edkovi a klientovi, osvojenie mana\u017e\u00e9rskych zru\u010dnost\u00ed, postupov, te\u00f3ri\u00ed a pojmov, riadenie a vyu\u017e\u00edvanie zdrojov, z\u00e1kladn\u00e9 marketingov\u00e9 koncepcie a praktiky, spr\u00e1vne pl\u00e1novanie a efekt\u00edvnos\u0165 organiz\u00e1cie v oblasti elektrotechniky a elektroenergetiky.<\/p>\n\n\n\n<p><strong>Stru\u010dn\u00e1 osnova predmetu<\/strong>: <\/p>\n\n\n\n<ul><li>Mana\u017ement, vedenie a konflikt, hodnoty a zmeny<\/li><li>Pracovn\u00e1 motiv\u00e1cia, \u0161t\u00fdly a techniky vedenia.<\/li><li>Business Case.<\/li><li>Organiza\u010dn\u00e1 kult\u00fara a meniaci sa charakter organiz\u00e1cie, rozmanitos\u0165 v organiz\u00e1ci\u00e1ch elektroenergetiky.<\/li><li>Finan\u010dn\u00fd mana\u017ement v elektroenergetike.<\/li><li>Marketingov\u00e9 pojmy a postupy, marketing a predaj.<\/li><li>Tvorba marketingov\u00e9ho pl\u00e1nu, segment\u00e1cia a liberaliz\u00e1cia trhu s elektrickou energiou.<\/li><li>Komunik\u00e1cia a zaanga\u017eovanos\u0165, faktory vonkaj\u0161ieho prostredia.<\/li><li>Pl\u00e1novanie a progn\u00f3zovanie, riadenie vz\u0165ahu ku v\u0161etk\u00fdm typom odberate\u013eom elektrickej energie.<\/li><li>Kr\u00edzov\u00fd mana\u017ement v energetick\u00fdch podnikoch<\/li><li>Rizikov\u00fd kapit\u00e1l v energetick\u00fdch podnikoch<\/li><\/ul>\n\n\n\n<p><strong>\u010casov\u00fd rozvrh v\u00fdu\u010dby<\/strong><\/p>\n\n\n\n<ol><li>\u00davod do marketingu, marketing mana\u017ement<\/li><li>Riadenie distribu\u010dnej spolo\u010dnosti &#8211; predn\u00e1\u0161ka odborn\u00edka z praxe<\/li><li>Trh s elektrinou a segment\u00e1cia trhu<\/li><li>Strat\u00e9gia v\u00fdberu dod\u00e1vate\u013ea &#8211; predn\u00e1\u0161ka odborn\u00edka z praxe<\/li><li>Projektovanie a realiz\u00e1cia energetickej infra\u0161trukt\u00fary &#8211; predn\u00e1\u0161ka odborn\u00edka z praxe<\/li><\/ol>\n\n\n\n<p><strong>Odpor\u00fa\u010dan\u00e1 literat\u00fara:<\/strong><\/p>\n\n\n\n<p>Herzka, P. a kolekt\u00edv. :Ekonomika a mana\u017ement podniku, STU Bratislava 2010<br>Kotler, P., Keller, K. L.: Marketing Management, Prentice Hall 2011.<br>Majd\u00fachov\u00e1, H., Neumannova, A.: Podnik a podnikanie, Sprint dva, 2012<\/p>\n","protected":false},"excerpt":{"rendered":"<p>\u0160tudijn\u00fd odbor: Elektrotechnika \u0160tudijn\u00fd program: Elektroenergetika Rozsah: 2 P Po\u010det kreditov: 6 Garantuje: prof. Ing. Roman Cimbala, PhD. Predn\u00e1\u0161a: prof. Ing. Roman Cimbala, PhD. Cvi\u010d\u00ed:&hellip;<\/p>\n","protected":false},"author":1,"featured_media":0,"parent":0,"menu_order":0,"comment_status":"closed","ping_status":"closed","template":"","meta":[],"_links":{"self":[{"href":"https:\/\/kee.fei.tuke.sk\/index.php?rest_route=\/wp\/v2\/pages\/706"}],"collection":[{"href":"https:\/\/kee.fei.tuke.sk\/index.php?rest_route=\/wp\/v2\/pages"}],"about":[{"href":"https:\/\/kee.fei.tuke.sk\/index.php?rest_route=\/wp\/v2\/types\/page"}],"author":[{"embeddable":true,"href":"https:\/\/kee.fei.tuke.sk\/index.php?rest_route=\/wp\/v2\/users\/1"}],"replies":[{"embeddable":true,"href":"https:\/\/kee.fei.tuke.sk\/index.php?rest_route=%2Fwp%2Fv2%2Fcomments&post=706"}],"version-history":[{"count":5,"href":"https:\/\/kee.fei.tuke.sk\/index.php?rest_route=\/wp\/v2\/pages\/706\/revisions"}],"predecessor-version":[{"id":1761,"href":"https:\/\/kee.fei.tuke.sk\/index.php?rest_route=\/wp\/v2\/pages\/706\/revisions\/1761"}],"wp:attachment":[{"href":"https:\/\/kee.fei.tuke.sk\/index.php?rest_route=%2Fwp%2Fv2%2Fmedia&parent=706"}],"curies":[{"name":"wp","href":"https:\/\/api.w.org\/{rel}","templated":true}]}}