{"id":68,"date":"2020-01-17T15:42:16","date_gmt":"2020-01-17T14:42:16","guid":{"rendered":"https:\/\/kee.cp2.tuke.sk\/?page_id=68"},"modified":"2023-11-21T18:58:48","modified_gmt":"2023-11-21T17:58:48","slug":"laboratoria-katedry","status":"publish","type":"page","link":"https:\/\/kee.fei.tuke.sk\/?page_id=68","title":{"rendered":"Laborat\u00f3ria katedry"},"content":{"rendered":"\n<figure class=\"wp-block-table is-style-stripes\"><table><tbody><tr><td><strong><em>N\u00e1zov laborat\u00f3ria<\/em><\/strong><\/td><td><strong><em>Stupe\u0148 vzdel\u00e1vania<\/em><\/strong><\/td><\/tr><tr><td><a href=\"https:\/\/kee.fei.tuke.sk\/?page_id=1059\" data-type=\"URL\" data-id=\"https:\/\/kee.fei.tuke.sk\/?page_id=1059\">Videoprehliadka katedry<\/a><\/td><td><\/td><\/tr><tr><td><a href=\"https:\/\/kee.fei.tuke.sk\/?page_id=954\" data-type=\"URL\">Laborat\u00f3rium  elektromagnetickej kompatibility<\/a><\/td><td>2.,3.<\/td><\/tr><tr><td><a href=\"https:\/\/kee.fei.tuke.sk\/?page_id=76\" data-type=\"URL\" data-id=\"https:\/\/kee.fei.tuke.sk\/?page_id=76\">Laborat\u00f3rium fotovoltiky<\/a><\/td><td>v\u00fdskum<\/td><\/tr><tr><td><a href=\"https:\/\/kee.fei.tuke.sk\/?page_id=81\">Laborat\u00f3rium elektrick\u00fdch ochr\u00e1n<\/a><\/td><td>1.,2.,3.<\/td><\/tr><tr><td><a href=\"https:\/\/kee.fei.tuke.sk\/?page_id=84\">Laborat\u00f3rium elektrick\u00fdch siet\u00ed<\/a><\/td><td>1.<\/td><\/tr><tr><td><a href=\"https:\/\/kee.fei.tuke.sk\/?page_id=94\">Laborat\u00f3rium svetelnej techniky<\/a><\/td><td>1.<\/td><\/tr><tr><td><a href=\"https:\/\/kee.fei.tuke.sk\/?page_id=98\" data-type=\"URL\" data-id=\"https:\/\/kee.fei.tuke.sk\/?page_id=98\">Laborat\u00f3rium SmartIndustryLab<\/a><\/td><td>1.,2.,3.<\/td><\/tr><tr><td><a href=\"https:\/\/kee.fei.tuke.sk\/?page_id=108\">Laborat\u00f3rium inteligentn\u00fdch elektroin\u0161tala\u010dn\u00fdch syst\u00e9mov<\/a><\/td><td>2.,3.<\/td><\/tr><tr><td><a href=\"https:\/\/kee.fei.tuke.sk\/?page_id=111\" data-type=\"URL\" data-id=\"https:\/\/kee.fei.tuke.sk\/?page_id=111\">Laborat\u00f3rium obnovite\u013en\u00fdch zdrojov energie<\/a><\/td><td>1.<\/td><\/tr><tr><td><a href=\"https:\/\/kee.fei.tuke.sk\/?page_id=115\">Laborat\u00f3rium prev\u00e1dzky ES<\/a><\/td><td>1.,3.<\/td><\/tr><tr><td><a href=\"https:\/\/kee.fei.tuke.sk\/?page_id=118\">Laborat\u00f3rium v\u00fdpo\u010dtovej techniky I<\/a><\/td><td>1.,2.<\/td><\/tr><tr><td><a href=\"https:\/\/kee.fei.tuke.sk\/?page_id=122\" data-type=\"URL\" data-id=\"https:\/\/kee.fei.tuke.sk\/?page_id=122\">Laborat\u00f3rium v\u00fdpo\u010dtovej techniky II<\/a><\/td><td>1.,2.<\/td><\/tr><tr><td><a href=\"https:\/\/kee.fei.tuke.sk\/?page_id=125\">Laborat\u00f3rium v\u00fdpo\u010dtovej techniky III<\/a><\/td><td>1.,2.<\/td><\/tr><tr><td><a href=\"https:\/\/kee.fei.tuke.sk\/?page_id=130\" data-type=\"URL\" data-id=\"https:\/\/kee.fei.tuke.sk\/?page_id=130\">Laborat\u00f3rium \u017eivotn\u00e9ho prostredia<\/a><\/td><td>1.<\/td><\/tr><tr><td><a href=\"https:\/\/kee.fei.tuke.sk\/?page_id=149\">Laborat\u00f3rium \u010diastkov\u00fdch v\u00fdbojov<\/a><\/td><td>1.,2.,3.<\/td><\/tr><tr><td><a href=\"https:\/\/kee.fei.tuke.sk\/?page_id=151\">Laborat\u00f3rium dielektrickej spektroskopie<\/a><\/td><td>2.,3<\/td><\/tr><tr><td><a href=\"https:\/\/kee.fei.tuke.sk\/?page_id=154\">Laborat\u00f3rium elektrostatiky<\/a><\/td><td>1.,2.,3.<\/td><\/tr><tr><td><a href=\"https:\/\/kee.fei.tuke.sk\/?page_id=156\">Laborat\u00f3rium diagnostiky a profylaktiky<\/a><\/td><td>1.,2.,3.<\/td><\/tr><tr><td><a href=\"https:\/\/kee.fei.tuke.sk\/?page_id=158\" data-type=\"URL\" data-id=\"https:\/\/kee.fei.tuke.sk\/?page_id=158\">Laborat\u00f3rium techniky vysok\u00fdch nap\u00e4t\u00ed<\/a><\/td><td>2.,2.,3.<\/td><\/tr><tr><td><a href=\"https:\/\/kee.fei.tuke.sk\/?page_id=1894\" data-type=\"URL\">Laborat\u00f3rium plynn\u00fdch izolantov<\/a> <\/td><td>1.<\/td><\/tr><tr><td><a href=\"https:\/\/kee.fei.tuke.sk\/?page_id=161\">Sk\u00fa\u0161ob\u0148a VVN prof. Ing. Karola Martona, DrSc.<\/a><\/td><td>3.<\/td><\/tr><tr><td><a href=\"https:\/\/kee.fei.tuke.sk\/?page_id=1920\" data-type=\"URL\" data-id=\"https:\/\/kee.fei.tuke.sk\/?page_id=1920\" target=\"_blank\" rel=\"noreferrer noopener\">Miestnos\u0165 pre \u0161tudentov<\/a><\/td><td><\/td><\/tr><\/tbody><\/table><\/figure>\n\n\n\n<p><\/p>\n","protected":false},"excerpt":{"rendered":"<p>N\u00e1zov laborat\u00f3ria Stupe\u0148 vzdel\u00e1vania Videoprehliadka katedry Laborat\u00f3rium elektromagnetickej kompatibility 2.,3. Laborat\u00f3rium fotovoltiky v\u00fdskum Laborat\u00f3rium elektrick\u00fdch ochr\u00e1n 1.,2.,3. Laborat\u00f3rium elektrick\u00fdch siet\u00ed 1. Laborat\u00f3rium svetelnej techniky 1.&hellip;<\/p>\n","protected":false},"author":1,"featured_media":0,"parent":0,"menu_order":0,"comment_status":"closed","ping_status":"closed","template":"","meta":[],"_links":{"self":[{"href":"https:\/\/kee.fei.tuke.sk\/index.php?rest_route=\/wp\/v2\/pages\/68"}],"collection":[{"href":"https:\/\/kee.fei.tuke.sk\/index.php?rest_route=\/wp\/v2\/pages"}],"about":[{"href":"https:\/\/kee.fei.tuke.sk\/index.php?rest_route=\/wp\/v2\/types\/page"}],"author":[{"embeddable":true,"href":"https:\/\/kee.fei.tuke.sk\/index.php?rest_route=\/wp\/v2\/users\/1"}],"replies":[{"embeddable":true,"href":"https:\/\/kee.fei.tuke.sk\/index.php?rest_route=%2Fwp%2Fv2%2Fcomments&post=68"}],"version-history":[{"count":29,"href":"https:\/\/kee.fei.tuke.sk\/index.php?rest_route=\/wp\/v2\/pages\/68\/revisions"}],"predecessor-version":[{"id":1926,"href":"https:\/\/kee.fei.tuke.sk\/index.php?rest_route=\/wp\/v2\/pages\/68\/revisions\/1926"}],"wp:attachment":[{"href":"https:\/\/kee.fei.tuke.sk\/index.php?rest_route=%2Fwp%2Fv2%2Fmedia&parent=68"}],"curies":[{"name":"wp","href":"https:\/\/api.w.org\/{rel}","templated":true}]}}