{"id":61,"date":"2020-01-17T15:35:14","date_gmt":"2020-01-17T14:35:14","guid":{"rendered":"https:\/\/kee.cp2.tuke.sk\/?page_id=61"},"modified":"2021-05-13T17:44:45","modified_gmt":"2021-05-13T15:44:45","slug":"historia","status":"publish","type":"page","link":"https:\/\/kee.fei.tuke.sk\/?page_id=61","title":{"rendered":"Hist\u00f3ria"},"content":{"rendered":"\n<p>Z&nbsp;hist\u00f3rie katedry<\/p>\n\n\n\n<p>Katedra elektroenergetiky bola ustanoven\u00e1 1. okt\u00f3bra 1973 na p\u00f4de mladej Elektrotechnickej fakulty V\u0160T v&nbsp;Ko\u0161iciach, (bola zalo\u017een\u00e1 nariaden\u00edm Slovenskej vl\u00e1dy \u010cSSR \u010d. 79\/1969 a&nbsp;s&nbsp;nap\u013a\u0148an\u00edm svojho poslania od akad. r. 1969\/70) ako je samostatn\u00e9 vedecko-pedagogick\u00e9 pracovisko. Zalo\u017eenie fakulty a&nbsp;jej pracov\u00edsk bolo motivovan\u00e9 spolo\u010densk\u00fdmi po\u017eiadavkami na zvy\u0161ovanie vzdelanostnej \u00farovne regi\u00f3nu V\u00fdchodn\u00e9ho Slovenska v\u0161eobecne, ale najm\u00e4 v&nbsp;nadv\u00e4znosti na r\u00fdchlo sa rozv\u00edjaj\u00facu jeho priemyseln\u00fa z\u00e1klad\u0148u.<\/p>\n\n\n\n<p>Person\u00e1lne jadro bud\u00facej katedry sa utv\u00e1ralo a\u017e od vzniku fakulty na \u00farovni \u00faseku elektroenergetiky a&nbsp;pod gesciou katedry elektrick\u00fdch pohonov. Jeho vznik sa datuje k&nbsp;1.6.1971, kedy z\u00e1rove\u0148 jeho veden\u00edm bol poveren\u00fd Ing. Karol Marton, CSc., u\u017e ako intern\u00fd pracovn\u00edk fakulty. \u00dasek sa priebe\u017ene person\u00e1lne posil\u0148oval, k&nbsp;d\u00e1tumu ustanovenia katedry (1.10.1973) t\u00fato tvoril u\u017e 9-\u010dlenn\u00fd kolekt\u00edv vo funkci\u00e1ch odborn\u00fdch asistentov a&nbsp;&nbsp;asistentov. Ved\u00facim katedry (extern\u00fdm) bol vymenovan\u00fd Ing. Jozef Bli\u0161\u0165an, pracovn\u00edk FMPaE Vl\u00e1dy \u010cSSR v&nbsp;Prahe.<\/p>\n\n\n\n<p>Katedra pri svojom vzniku sa stala profiluj\u00facim pracoviskom pre \u0161tudijn\u00e9 zameranie energetika v&nbsp;r\u00e1mci \u0161tudijn\u00e9ho odboru silnopr\u00fadov\u00e1 elektrotechnika. Pedagogick\u00e9 povinnosti katedry sa nav\u00fd\u0161ili v&nbsp;r. 1977, v&nbsp;otvoren\u00edm \u010fal\u0161ieho \u0161tudijn\u00e9ho zamerania ochrana \u017eivotn\u00e9ho prostredia. V&nbsp;70-tych rokoch pedagogick\u00fd proces na katedre pom\u00e1hali zabezpe\u010dova\u0165 viacer\u00ed extern\u00ed odborn\u00edci z&nbsp;praxe i&nbsp;sesterskej katedry z&nbsp;Bratislavy. T\u00edto z\u00e1rove\u0148 boli \u0161kolite\u013emi dom\u00e1cich u\u010dite\u013eov pri z\u00edskavan\u00ed vedeck\u00fdch hodnost\u00ed.&nbsp; V&nbsp;prvej dek\u00e1de existencie katedry v\u00fdskumn\u00e9 projekty boli rie\u0161en\u00e9 na \u00farovni fakultn\u00fdch \u00faloh, z\u00e1rove\u0148 sa rozv\u00edjal aplikovan\u00fd v\u00fdskum, napr. pre VS\u017d Ko\u0161ice, VSE Ko\u0161ice, EVO Vojany a&nbsp;pod.<\/p>\n\n\n\n<p>Pozit\u00edvne zmeny katedra zaznamenala po prijat\u00ed nov\u00e9ho Z\u00e1kona \u010d. 39\/1980 Zb o&nbsp;vysok\u00fdch \u0161kol\u00e1ch v&nbsp;\u010cSSR. Obsahovo t\u00fdm, \u017ee do siete \u0161tudijn\u00fdch odborov bol prijat\u00fd nov\u00fd technick\u00fd odbor \u010d. 26-34-8 \u2013 elektroenergetika, \u010d\u00edm sa \u0161tudentom umo\u017enilo profilova\u0165 vo viacer\u00fdch \u0161tudijn\u00fdch zameraniach. K&nbsp;tejto skuto\u010dnosti prispelo aj person\u00e1lne spojenie katedry elektroenergetiky s&nbsp;katedrou elektrick\u00e9ho tepla a&nbsp;elektroch\u00e9mie, ktor\u00e1 garantovala \u0161tudijn\u00e9 zameranie elektrotepelnej techniky. V&nbsp;dobe po spojen\u00ed pracov\u00edsk nov\u00e1 katedra mala 16 pedag\u00f3gov, z&nbsp;toho dvoch docentov, 11 odborn\u00fdch asistentov a&nbsp;troch asistentov. Do v\u00fdu\u010dby sa zaviedli viacer\u00e9 nov\u00e9 predmety s\u00favisiace s&nbsp;automatiz\u00e1ciou a&nbsp;riaden\u00edm elektr\u00e1rn\u00ed, elektriza\u010dn\u00fdch s\u00fastav, ekonomikou elektroenergetiky, prev\u00e1dzkou elektrotepeln\u00fdch zariaden\u00ed, netradi\u010dn\u00fdmi zdrojmi energie a&nbsp;\u010fal\u0161\u00edmi.<\/p>\n\n\n\n<p>Pri plnen\u00ed pedagogick\u00fdch povinnost\u00ed sa primerane skvalit\u0148ovala vedecko \u2013 v\u00fdskumn\u00e1 pr\u00e1ca a&nbsp;kvalifika\u010dn\u00e1 \u0161trukt\u00fara pedag\u00f3gov. V&nbsp;rokoch 1981-1990 na katedre sa celkom rie\u0161ilo 13 projektov, z&nbsp;toho dve \u00falohy v&nbsp;kateg\u00f3rii \u0160PTR. Na katedre v&nbsp;r. 1990 u\u017e pracovalo 6 docentov. Podstatne sa roz\u0161\u00edrila spolupr\u00e1ca s&nbsp;energetickou praxou. Z&nbsp;poh\u013eadu s\u00fa\u010dasnosti \u00fasmevne sa d\u00e1 spomen\u00fa\u0165 r. 1983, kedy katedra z\u00edskala prv\u00fd \u010d\u00edslicov\u00fd po\u010d\u00edta\u010d&nbsp; HP 85, a&nbsp;pracova\u0165 na \u0148om sa dalo len so s\u00fahlasom ved\u00faceho katedry.<\/p>\n\n\n\n<p>Bolo by neprirodzen\u00e9, keby 17. novembrom 1989 vyvolan\u00e9 spolo\u010densk\u00e9 zmeny sa neprejavili pr\u00e1ve na vysok\u00fdch \u0161kol\u00e1ch. Tak aj na V\u0160T v&nbsp;Ko\u0161iciach, jej fakult\u00e1ch a&nbsp;katedr\u00e1ch do\u0161lo k&nbsp;o\u010dak\u00e1van\u00fdm zmen\u00e1m, legit\u00edmne sa vymenili ich vedenia, reorganizoval pedagogick\u00fd proces, vedecko \u2013 v\u00fdskumn\u00e1 orient\u00e1cia a&nbsp;ich riadenie. Na katedre sa zv\u00fd\u0161il akcent na komplexn\u00fd profil absolventa d\u00f4slednej\u0161\u00edm vyu\u017e\u00edvan\u00edm v\u00fdpo\u010dtovej techniky v&nbsp;oblasti anal\u00fdzy a&nbsp;riadenia elektriza\u010dn\u00fdch s\u00fastav, pri digitaliz\u00e1ci\u00ed ochr\u00e1n, zv\u00fd\u0161il sa rozsah ekonomick\u00fdch discipl\u00edn a&nbsp;d\u00f4raz na racionaliz\u00e1ciu spotreby elektrickej energie. Materi\u00e1lne sa skvalit\u0148ovala pr\u00edstrojov\u00e1 v\u00fdbava laborat\u00f3ri\u00ed katedry.<\/p>\n\n\n\n<p>V&nbsp;90-t\u00fdch rokoch (r 1991-2000) na katedre sa vyrie\u0161ilo a&nbsp;\u00faspe\u0161ne oponovalo 16 v\u00fdskumn\u00fdch projektov, z&nbsp;toho jeden rezortn\u00fd, 4 projekty typu VEGA. Ostatn\u00e9 boli na \u00farovni in\u0161titucion\u00e1lnych. Ich v\u00fdsledkom boli tie\u017e podan\u00e9 a&nbsp;udelen\u00e9 4 patenty.<\/p>\n\n\n\n<p>V&nbsp;prvej dek\u00e1de 3 tis\u00edcro\u010dia kolekt\u00edv katedry rie\u0161il u\u017e 24 projektov v&nbsp;kateg\u00f3ri\u00e1ch: VEGA -12; KEGA 3; APVV -4; \u0160F ASFEU -3. Jeden projekt mal charakter \u0161t\u00e1tneho programu.<\/p>\n\n\n\n<p>Sekund\u00e1rne na b\u00e1ze dobr\u00fdch v\u00fdsledkov v\u00fdskumu sa zvy\u0161oval publika\u010dn\u00e1 \u010dinnos\u0165 katedry, skvalit\u0148ovala kvalifika\u010dn\u00e1 \u0161trukt\u00fara pedag\u00f3gov a&nbsp;ich akt\u00edvna \u00fa\u010das\u0165 na dom\u00e1cich i&nbsp;zahrani\u010dn\u00fdch vedeck\u00fdch podujatiach. Obr\u00e1tene, zvy\u0161ovala sa \u00fa\u010das\u0165 medzin\u00e1rodnej vedeckej verejnosti na katedrou organizovan\u00fdch podujatiach. Od r. 1994 do s\u00fa\u010dasnosti spolu ich bolo 13, ostatn\u00fdch 10 na \u00farovni medzin\u00e1rodn\u00fdch vedeck\u00fdch symp\u00f3zi\u00ed.<\/p>\n\n\n\n<p>V&nbsp;r. 2003 a\u017e 2005 sa uskuto\u010dnila z\u00e1sadn\u00e1 rekon\u0161trukcia priestorov katedry na M\u00e4siarskej ulici, \u010d\u00edm pracovisko z\u00edskalo nov\u00e9 a&nbsp;kvalitnej\u0161ie laborat\u00f3ri\u00e1 aj sedacie priestory. V&nbsp;tomto obdob\u00ed bola ku katedre pri\u010dlenen\u00e1 pr\u00e1ve zru\u0161en\u00e1 katedra techniky vysok\u00fdch nap\u00e4t\u00ed. T\u00fdm sa podstatne posilnil pedagogick\u00fd zbor roz\u0161\u00edrenej katedry o&nbsp;1 profesora, 2 docentov a&nbsp;6 odborn\u00fdch asistentov.<\/p>\n\n\n\n<p>V&nbsp;s\u00fa\u010dasnosti katedra disponuje po person\u00e1lnej str\u00e1nke 14 pedag\u00f3gmi (4 profesori, 6 docenti a&nbsp;4 odborn\u00ed asistenti)&nbsp; a&nbsp;1 vedecko \u2013 v\u00fdskumn\u00fdm pracovn\u00edkom. Katedra rie\u0161i 8 projektov v&nbsp;kateg\u00f3ri\u00e1ch: APVV -3;&nbsp; VEGA -3; KEGA 1; granty FEI TUKE 1.<\/p>\n\n\n\n<p>S\u00fa\u010dasnos\u0165 katedry je odrazom jej bohatej minulosti. Po\u010das skoro 50-ro\u010dnej hist\u00f3rie dosiahla katedra v&nbsp;pedagogickej a&nbsp;vedecko v\u00fdskumnej oblasti v\u00fdsledky, ktor\u00e9 ju zav\u00e4zuj\u00fa pokra\u010dova\u0165 v&nbsp;nastavenom trende, na\u010falej vychov\u00e1va\u0165 bud\u00facich odborn\u00edkov (aj \u0161pi\u010dkov\u00fdch mana\u017e\u00e9rov, riadite\u013eov, skvel\u00fdch projektantov at\u010f. v&nbsp;oblasti elektroenergetiky). Vo vedecko \u2013 v\u00fdskumnej oblasti rie\u0161i\u0165 \u00falohy, ktor\u00e9 bud\u00fa pr\u00ednosom pre spolo\u010dnos\u0165&nbsp; a&nbsp;zabezpe\u010dia katedre vysok\u00fa erud\u00edciu a&nbsp;konkurencieschopnos\u0165.<\/p>\n\n\n\n<p><\/p>\n","protected":false},"excerpt":{"rendered":"<p>Z&nbsp;hist\u00f3rie katedry Katedra elektroenergetiky bola ustanoven\u00e1 1. okt\u00f3bra 1973 na p\u00f4de mladej Elektrotechnickej fakulty V\u0160T v&nbsp;Ko\u0161iciach, (bola zalo\u017een\u00e1 nariaden\u00edm Slovenskej vl\u00e1dy \u010cSSR \u010d. 79\/1969 a&nbsp;s&nbsp;nap\u013a\u0148an\u00edm&hellip;<\/p>\n","protected":false},"author":1,"featured_media":0,"parent":0,"menu_order":0,"comment_status":"closed","ping_status":"closed","template":"","meta":[],"_links":{"self":[{"href":"https:\/\/kee.fei.tuke.sk\/index.php?rest_route=\/wp\/v2\/pages\/61"}],"collection":[{"href":"https:\/\/kee.fei.tuke.sk\/index.php?rest_route=\/wp\/v2\/pages"}],"about":[{"href":"https:\/\/kee.fei.tuke.sk\/index.php?rest_route=\/wp\/v2\/types\/page"}],"author":[{"embeddable":true,"href":"https:\/\/kee.fei.tuke.sk\/index.php?rest_route=\/wp\/v2\/users\/1"}],"replies":[{"embeddable":true,"href":"https:\/\/kee.fei.tuke.sk\/index.php?rest_route=%2Fwp%2Fv2%2Fcomments&post=61"}],"version-history":[{"count":8,"href":"https:\/\/kee.fei.tuke.sk\/index.php?rest_route=\/wp\/v2\/pages\/61\/revisions"}],"predecessor-version":[{"id":2238,"href":"https:\/\/kee.fei.tuke.sk\/index.php?rest_route=\/wp\/v2\/pages\/61\/revisions\/2238"}],"wp:attachment":[{"href":"https:\/\/kee.fei.tuke.sk\/index.php?rest_route=%2Fwp%2Fv2%2Fmedia&parent=61"}],"curies":[{"name":"wp","href":"https:\/\/api.w.org\/{rel}","templated":true}]}}