{"id":497,"date":"2020-08-12T12:51:59","date_gmt":"2020-08-12T10:51:59","guid":{"rendered":"https:\/\/kee.cp2.tuke.sk\/?page_id=497"},"modified":"2025-09-23T10:44:30","modified_gmt":"2025-09-23T08:44:30","slug":"moderne-trendy-ekonomiky-elektroenergetiky","status":"publish","type":"page","link":"https:\/\/kee.fei.tuke.sk\/?page_id=497","title":{"rendered":"Projektovanie v elektroenergetike"},"content":{"rendered":"\n<figure class=\"wp-block-table is-style-stripes\"><table><tbody><tr><td><strong>\u0160tudijn\u00fd odbor:<\/strong><\/td><td>Elektrotechnika<\/td><\/tr><tr><td><strong>\u0160tudijn\u00fd program:<\/strong><\/td><td>Elektroenergetika<\/td><\/tr><tr><td><strong>Rozsah:<\/strong><\/td><td>2\/2 zs (P\/CN\/PP)<\/td><\/tr><tr><td><strong>Po\u010det kreditov:<\/strong><\/td><td>6<\/td><\/tr><tr><td><strong>Osoba zodpovedn\u00e1 za predmet:<\/strong><\/td><td>doc. Ing. Jaroslav D\u017emura, PhD.<\/td><\/tr><tr><td><strong>Predn\u00e1\u0161a:<\/strong><\/td><td>Ing. Jozef Kir\u00e1ly, PhD.<\/td><\/tr><tr><td><strong>Cvi\u010d\u00ed:<\/strong><\/td><td>Ing. Jozef Kir\u00e1ly, PhD. <\/td><\/tr><tr><td><strong>Podmie\u0148uj\u00face predmety:<\/strong><\/td><td><\/td><\/tr><tr><td><strong>Hodnotenie a ukon\u010denie:<\/strong><\/td><td>z\u00e1po\u010det a sk\u00fa\u0161ka.<\/td><\/tr><tr><td><strong>Priebe\u017en\u00e9 hodnotenie:<\/strong><\/td><td>projektov\u00e9 zadania.<\/td><\/tr><tr><td><strong>Z\u00e1vere\u010dn\u00e9 hodnotenie:<\/strong><\/td><td>p\u00edsomn\u00fd test<\/td><\/tr><\/tbody><\/table><\/figure>\n\n\n\n<p><strong>Cie\u013e predmetu<\/strong>: \u0160tudent si osvoj\u00ed aplik\u00e1ciu s\u00faboru noriem 33 2000 a&nbsp;s\u00favisiacich vyhl\u00e1\u0161ok (94\/2004, 508\/2009 a&nbsp;pod.) pri tvorbe technickej dokument\u00e1cie elektrotechnick\u00fdch a&nbsp;elektroenergetick\u00fdch zariaden\u00ed. Rovnako si osvoj\u00ed legislat\u00edvny r\u00e1mec spojen\u00fd s&nbsp;odovzdan\u00edm dokument\u00e1cie, jej osved\u010den\u00edm opr\u00e1vnenou pr\u00e1vnickou osobou a&nbsp;rovnako procesom \u00faradnej sk\u00fa\u0161ky VTZ elektro. V&nbsp;druhej \u010dasti predmetu sa obozn\u00e1mi s&nbsp;mo\u017enos\u0165ami aplik\u00e1cie Building information modelingu BIM a&nbsp;jeho aplik\u00e1cie pri n\u00e1vrhu elektrick\u00fdch in\u0161tal\u00e1ci\u00ed.<\/p>\n\n\n\n<h4>Stru\u010dn\u00e1 osnova predmetu<\/h4>\n\n\n\n<ol type=\"1\"><li>Obozn\u00e1menie sa so z\u00e1konom 124\/2006 a&nbsp;vyhl\u00e1\u0161kou 508\/2009 a&nbsp;ich aplik\u00e1ciou pri n\u00e1vrhu elektrotechnick\u00fdch zariaden\u00ed. Obozn\u00e1menie sa so z\u00e1konom o&nbsp;autorizovan\u00fdch stavebn\u00fdch in\u017einieroch a&nbsp;\u00falohe komory a&nbsp;autoriz\u00e1cie pri projektovan\u00ed VTZ elektrick\u00fdch.<\/li><li>Detailne predstavenie s\u00faboru 33 2000 a&nbsp;jeho aplik\u00e1cia pri tvorbe vzorov\u00e9ho zadania (zadanie typu VTZ elektrick\u00e9 skupiny A \u2013 VN pr\u00edpojka a&nbsp;TS, zdravotn\u00edcky priestor, zhroma\u017e\u010fovac\u00ed priestor a&nbsp;pod.)<\/li><li>Vplyv legislat\u00edvy po\u017eiarnej bezpe\u010dnosti stavieb na n\u00e1vrh in\u0161tal\u00e1cie<\/li><li>Aplik\u00e1cia BIM na n\u00e1vrh dokument\u00e1cie elektroin\u0161tal\u00e1cie priemyselnej a ob\u010dianskej<\/li><li>Po\u017eiadavky na dokument\u00e1ciu VTZ elektrick\u00e9ho skupiny A&nbsp;proces jej ods\u00fahlasenia opr\u00e1vnenou pr\u00e1vnickou osobou a&nbsp;s\u00fa\u010dinnos\u0165 projektanta pri v\u00fdkone \u00faradnej sk\u00fa\u0161ky<\/li><\/ol>\n\n\n\n<h4>\u010casov\u00fd rozvrh v\u00fdu\u010dby<\/h4>\n\n\n\n<ol type=\"1\"><li>Legislat\u00edvny r\u00e1mec z\u00e1konu 124\/2006 a&nbsp;vyhl\u00e1\u0161ky 508\/2009 a&nbsp;jeho vplyv na n\u00e1vrh elektrotechnick\u00fdch zariaden\u00ed<br><strong>Cv<\/strong>.: Podmienky pre udelenie z\u00e1po\u010dtov, pokyny pre cvi\u010denia, bezpe\u010dnos\u0165 pr\u00e1ce v laborat\u00f3riu.<\/li><li>Predstavenie s\u00faboru noriem 33 2000 a&nbsp;pr\u00edklady aplik\u00e1ci\u00ed jednotliv\u00fdch noriem pri n\u00e1vrhu.<br><strong>Cv<\/strong>.: Rozdelenie projektov\u00fdch zadan\u00ed, n\u00e1vrh objektovej skladby.<\/li><li>Pr\u00edprava protokolu o&nbsp;ur\u010den\u00ed vonkaj\u0161\u00edch vplyvov pod\u013ea STN 33 2000 5-51 a&nbsp;protokole o&nbsp;ur\u010den\u00ed priestorov pre lek\u00e1rske \u00fa\u010dely pod\u013ea STN 33 20007-710.<br><strong>Cv<\/strong>.: Vypracovanie vzorov\u00fdch protokolov pre zadania.<\/li><li>Aplik\u00e1cia noriem s\u00faboru 33 2000 pri n\u00e1vrhu elektrick\u00fdch in\u0161tal\u00e1cii (\u010das\u0165 1.: 33 2000-4-41, 33 2000-4-43, 33 2000-5-51 a&nbsp;s\u00favisiace).<br><strong>Cv<\/strong>.: Rie\u0161enie projektov\u00e9ho zadania.<\/li><li>Aplik\u00e1cia noriem s\u00faboru 33 2000 pri n\u00e1vrhu elektrick\u00fdch in\u0161tal\u00e1cii (\u010das\u0165 2.: 62&nbsp;305, 12&nbsp;464 a s\u00favisiace).<br><strong>Cv<\/strong>.: Rie\u0161enie projektov\u00e9ho zadania.<\/li><li>Aplik\u00e1cia legislat\u00edvy po\u017eiarnej bezpe\u010dnosti stavieb na n\u00e1vrh elektroenergetick\u00fdch zariaden\u00ed pod\u013ea vyhl\u00e1\u0161ky 94\/2004.<br><strong>Cv<\/strong>.:&nbsp;Rie\u0161enie projektov\u00e9ho zadania \u2013 po\u017eiarna bezpe\u010dnos\u0165 stavieb.<\/li><li>Aplik\u00e1cia legislat\u00edvy po\u017eiarnej bezpe\u010dnosti stavieb na n\u00e1vrh elektroenergetick\u00fdch zariaden\u00ed pod\u013ea vyhl\u00e1\u0161ky STN EN 92 0203.<br><strong>Cv<\/strong>.:&nbsp;Rie\u0161enie projektov\u00e9ho zadania \u2013 po\u017eiarna bezpe\u010dnos\u0165 stavieb.<\/li><li>Proced\u00fara odovzdania projektovej dokument\u00e1cie, schv\u00e1lenie opr\u00e1vnenou pr\u00e1vnickou osobou a&nbsp;\u00faloha projektanta v&nbsp;procese v\u00fdstavby.<br><strong>Cv<\/strong>.: Odovzdanie projektov\u00fdch zadan\u00ed.<\/li><li>\u00davod do problematiky BIM<br><strong>Cv<\/strong>.:&nbsp;Obozn\u00e1menie sa s&nbsp;pracovn\u00fdm prostred\u00edm BIM.<\/li><li>Aplik\u00e1cia BIM pri n\u00e1vrhu elektrick\u00fdch zariaden\u00ed \u010das\u0165 \u010d.1.<br><strong>Cv<\/strong>.:&nbsp;Pr\u00e1ca na uk\u00e1\u017ekovom zadan\u00ed v&nbsp;BIM \u010das\u0165 \u010d.1.<\/li><li>Aplik\u00e1cia BIM pri n\u00e1vrhu elektrick\u00fdch zariaden\u00ed \u010das\u0165 \u010d.2.<br><strong>Cv<\/strong>.:&nbsp;Pr\u00e1ca na uk\u00e1\u017ekovom zadan\u00ed v&nbsp;BIM \u010das\u0165 \u010d.2.<\/li><li>Aplik\u00e1cia BIM pri n\u00e1vrhu elektrick\u00fdch zariaden\u00ed \u010das\u0165 \u010d.3.<br><strong>Cv<\/strong>.: Pr\u00e1ca na uk\u00e1\u017ekovom zadan\u00ed v&nbsp;BIM \u010das\u0165 \u010d.3.<\/li><li>Aplik\u00e1cia softv\u00e9rov tret\u00edch str\u00e1n pou\u017e\u00edvan\u00fdch pri n\u00e1vrhoch elektrick\u00fdch in\u0161tal\u00e1ci\u00ed a&nbsp;elektroenergetick\u00fdch zariaden\u00ed.<br><strong>Cv<\/strong>.: Praktick\u00e9 cvi\u010denie zameran\u00e9 na v\u00fdpo\u010det skratov\u00fdch pomerov, n\u00e1vrh oteplenia rozv\u00e1dza\u010da, anal\u00fdza rizika pod\u013ea 62&nbsp;305 a&nbsp;pod.<\/li><\/ol>\n\n\n\n<h4>Odpor\u00fa\u010dan\u00e1 literat\u00fara:<\/h4>\n\n\n\n<ol type=\"1\"><li>z\u00e1kon 124\/2006 z.z., vyhl\u00e1\u0161ka 94\/2004, vyhl\u00e1\u0161ka 508\/2009<\/li><li>Technick\u00e1 norma STN 33 2000-4-41: &nbsp;&nbsp;&nbsp;&nbsp; Elektrick\u00e9 in\u0161tal\u00e1cie n\u00edzkeho nap\u00e4tia. \u010cas\u0165 4-41: Zaistenie bezpe\u010dnosti. Ochrana pred z\u00e1sahom elektrick\u00fdm pr\u00fadom<\/li><li>S\u00fahrnne s\u00fabor ostatn\u00fdch technick\u00fdch noriem skupiny 33 2000<\/li><li>Technick\u00e1 norma STN 92 0203: Po\u017eiarna bezpe\u010dnos\u0165 stavieb. Trval\u00e1 dod\u00e1vka elektrickej energie pri po\u017eiari<\/li><\/ol>\n","protected":false},"excerpt":{"rendered":"<p>\u0160tudijn\u00fd odbor: Elektrotechnika \u0160tudijn\u00fd program: Elektroenergetika Rozsah: 2\/2 zs (P\/CN\/PP) Po\u010det kreditov: 6 Osoba zodpovedn\u00e1 za predmet: doc. Ing. Jaroslav D\u017emura, PhD. Predn\u00e1\u0161a: Ing. Jozef&hellip;<\/p>\n","protected":false},"author":1,"featured_media":0,"parent":448,"menu_order":0,"comment_status":"closed","ping_status":"closed","template":"","meta":[],"_links":{"self":[{"href":"https:\/\/kee.fei.tuke.sk\/index.php?rest_route=\/wp\/v2\/pages\/497"}],"collection":[{"href":"https:\/\/kee.fei.tuke.sk\/index.php?rest_route=\/wp\/v2\/pages"}],"about":[{"href":"https:\/\/kee.fei.tuke.sk\/index.php?rest_route=\/wp\/v2\/types\/page"}],"author":[{"embeddable":true,"href":"https:\/\/kee.fei.tuke.sk\/index.php?rest_route=\/wp\/v2\/users\/1"}],"replies":[{"embeddable":true,"href":"https:\/\/kee.fei.tuke.sk\/index.php?rest_route=%2Fwp%2Fv2%2Fcomments&post=497"}],"version-history":[{"count":3,"href":"https:\/\/kee.fei.tuke.sk\/index.php?rest_route=\/wp\/v2\/pages\/497\/revisions"}],"predecessor-version":[{"id":2589,"href":"https:\/\/kee.fei.tuke.sk\/index.php?rest_route=\/wp\/v2\/pages\/497\/revisions\/2589"}],"up":[{"embeddable":true,"href":"https:\/\/kee.fei.tuke.sk\/index.php?rest_route=\/wp\/v2\/pages\/448"}],"wp:attachment":[{"href":"https:\/\/kee.fei.tuke.sk\/index.php?rest_route=%2Fwp%2Fv2%2Fmedia&parent=497"}],"curies":[{"name":"wp","href":"https:\/\/api.w.org\/{rel}","templated":true}]}}