{"id":496,"date":"2020-08-12T12:50:41","date_gmt":"2020-08-12T10:50:41","guid":{"rendered":"https:\/\/kee.cp2.tuke.sk\/?page_id=496"},"modified":"2025-09-23T10:44:10","modified_gmt":"2025-09-23T08:44:10","slug":"elektromagneticka-kompatibilita","status":"publish","type":"page","link":"https:\/\/kee.fei.tuke.sk\/?page_id=496","title":{"rendered":"Elektromagnetick\u00e1 kompatibilita"},"content":{"rendered":"\n<figure class=\"wp-block-table is-style-stripes\"><table><tbody><tr><td><strong>\u0160tudijn\u00fd odbor:<\/strong><\/td><td>Elektrotechnika<\/td><\/tr><tr><td><strong>\u0160tudijn\u00fd program:<\/strong><\/td><td>Elektroenergetika<\/td><\/tr><tr><td><strong>Rozsah:<\/strong><\/td><td>2\/2\/1 zs (P\/CL\/PP)<\/td><\/tr><tr><td><strong>Po\u010det kreditov:<\/strong><\/td><td>6<\/td><\/tr><tr><td><strong>Osoba zodpovedn\u00e1 za predmet:<\/strong><\/td><td>doc. Dr. Ing. Bystr\u00edk Doln\u00edk<\/td><\/tr><tr><td><strong>Predn\u00e1\u0161a:<\/strong><\/td><td>doc. Dr. Ing. Bystr\u00edk Doln\u00edk<\/td><\/tr><tr><td><strong>Cvi\u010d\u00ed:<\/strong><\/td><td>doc. Dr. Ing. Bystr\u00edk Doln\u00edk<\/td><\/tr><tr><td><strong>Podmie\u0148uj\u00face predmety:<\/strong><\/td><td>&#8211;<\/td><\/tr><tr><td><strong>Hodnotenie a ukon\u010denie:<\/strong><\/td><td>z\u00e1po\u010det a sk\u00fa\u0161ka.<\/td><\/tr><tr><td><strong>Priebe\u017en\u00e9 hodnotenie:<\/strong><\/td><td>elabor\u00e1ty z cvi\u010den\u00ed, priebe\u017en\u00e9 testy.<\/td><\/tr><tr><td><strong>Z\u00e1vere\u010dn\u00e9 hodnotenie:<\/strong><\/td><td>z\u00e1vere\u010dn\u00fd test, \u00fastne presk\u00fa\u0161anie.<\/td><\/tr><\/tbody><\/table><\/figure>\n\n\n\n<p><strong>Cie\u013e predmetu<\/strong>: Cie\u013eom predmetu je obozn\u00e1mi\u0165 \u0161tudentov s problematikou elektromagnetickej kompatibility (EMC) elektrick\u00fdch zariaden\u00ed (v oblasti v\u00fdkonovej elektroniky, telekomunika\u010dnej techniky, zabezpe\u010dovacej techniky a pod.) z h\u013eadiska ru\u0161enia a odolnosti vo\u010di ru\u0161eniu. \u0160tudent z\u00edska z\u00e1kladn\u00e9 vedomosti o vzniku prirodzen\u00fdch a umel\u00fdch zdrojov ru\u0161enia a ich d\u00f4sledkoch na elektrick\u00e9 zariadenia, tienen\u00ed elektromagnetick\u00fdch pol\u00ed (elektrostatick\u00e9, stacion\u00e1rne magnetick\u00e9, dynamick\u00e9 elektromagnetick\u00e9 pole), frekven\u010dnou anal\u00fdzou ru\u0161iaceho nap\u00e4tia a ru\u0161iaceho pr\u00fadu. \u0160tudent z\u00edska praktick\u00e9 sk\u00fasenosti s pr\u00e1cou pomocou \u0161peci\u00e1lnych zariaden\u00ed (digit\u00e1lna pr\u00edstrojov\u00e1 technika) na laborat\u00f3rnych cvi\u010deniach.<\/p>\n\n\n\n<h4>Stru\u010dn\u00e1 osnova predmetu<\/h4>\n\n\n\n<ol><li>V\u0161eobecn\u00e9 probl\u00e9my elektromagnetickej kompatibility (EMC). Z\u00e1kladn\u00e9 pojmy, zdroj &#8211; obe\u0165 ru\u0161enia, vlastnosti elektronick\u00fdch syst\u00e9mov z h\u013eadiska elektromagnetickej kompatibility.<\/li><li>Preh\u013ead te\u00f3rie elektromagnetick\u00e9ho po\u013ea.<\/li><li>Umel\u00e9 zdroje elektromagnetick\u00e9ho ru\u0161enia.<\/li><li>Prirodzen\u00e9 zdroje elektromagnetickej interferencie.<\/li><li>Druhy ne\u017eiad\u00facich v\u00e4zieb.<\/li><li>Obmedzovanie ru\u0161enia: tienenie, zemnenie, filtrovanie.<\/li><li>Testovanie elektronick\u00fdch syst\u00e9mov.<\/li><li>Kon\u0161truk\u010dn\u00e9 z\u00e1sady n\u00e1vrhu plo\u0161n\u00fdch spojov.<\/li><li>Normy t\u00fdkaj\u00face sa EMC.<\/li><\/ol>\n\n\n\n<h4>\u010casov\u00fd rozvrh v\u00fdu\u010dby<\/h4>\n\n\n\n<ol><li>V\u0161eobecn\u00e9 probl\u00e9my&nbsp;elektromagnetickej kompatibility.<br><strong>Cv<\/strong>.:&nbsp;Podmienky na udelenie z\u00e1po\u010dtu. Bezpe\u010dnos\u0165 pr\u00e1ce vlaborat\u00f3riu elektromagnetickej kompatibility a laborat\u00f3riu vysok\u00e9ho nap\u00e4tia.<\/li><li>Preh\u013ead&nbsp;te\u00f3rie elektromagnetick\u00e9ho po\u013ea. EMC&nbsp;ant\u00e9ny&nbsp;&#8211; preh\u013ead problematiky.<br><strong>Cv<\/strong>.:&nbsp;Test BOZP.<br>Teoretick\u00fd v\u00fdklad k laborat\u00f3rnym cvi\u010deniam I.<\/li><li>V\u0161eobecne k problematike&nbsp;zdrojov ru\u0161enia, Fourierov\u00e1 anal\u00fdza, typy ru\u0161enia.<br><strong>Cv<\/strong>.:&nbsp;Anal\u00fdza harmonick\u00fdch a neharmonick\u00fdch sign\u00e1lov.<\/li><li>Prirodzen\u00e9 zdroje elektromagnetickej interferencie.&nbsp;Atmosf\u00e9rick\u00fd v\u00fdboj. Elektrostatick\u00fd v\u00fdboj (ESD).<br><strong>Cv<\/strong>.:&nbsp;\u0160um v zemnen\u00ed \u010d\u00edslicov\u00fdch obvodov.<\/li><li>Umel\u00e9 zdroje elektromagnetick\u00e9ho ru\u0161enia.<br><strong>Cv<\/strong>.:&nbsp;Kmito\u010dtov\u00e9 vlastnosti pas\u00edvnych filtrov.<\/li><li>V\u00e4zby. Galvanick\u00e1 v\u00e4zba, induk\u010dn\u00e1 v\u00e4zba, kapacitn\u00e1 v\u00e4zba, v\u00e4zba elektromagnetick\u00fdm po\u013eom.<br><strong>Cv<\/strong>.:&nbsp;Test \u010d. 1.<br>Teoretick\u00fd v\u00fdklad k laborat\u00f3rnym cvi\u010deniam II.<\/li><li>Sp\u00f4soby obmedzovania ru\u0161enia a odolnos\u0165 vo\u010di ru\u0161eniu.<br><strong>Cv<\/strong>.:&nbsp;Harmonick\u00e1 anal\u00fdza pr\u00fadu&nbsp;te\u010d\u00faceho prim\u00e1rnym vinut\u00edm sie\u0165ov\u00e9ho transform\u00e1tora za\u0165a\u017een\u00e9ho neline\u00e1rnou z\u00e1\u0165a\u017eou.<\/li><li>Elektromagnetick\u00e9&nbsp;tienenie.<br><strong>Cv<\/strong>.:Smerov\u00e9 charakteristiky EMC ant\u00e9n.<\/li><li>Vy\u017earovanie a&nbsp;tienenie k\u00e1blov.&nbsp;Projektovanie elektrick\u00fdch obvodov&nbsp;z h\u013eadiska EMC.<br><strong>Cv<\/strong>.:&nbsp;Presluchy vo vodi\u010doch.<\/li><li>Zemnenie.<br><strong>Cv<\/strong>.:&nbsp;Test \u010d. 2. Teoretick\u00fd v\u00fdklad k numerick\u00fdm cvi\u010deniam.<\/li><li>Meranie a testovanie z h\u013eadiska EMC.<br><strong>Cv<\/strong>.: Numerick\u00e9 cvi\u010denie.<\/li><li>Prostriedky na obmedzenie elektromagnetick\u00e9ho ru\u0161enia.<br><strong>Cv<\/strong>.: Numerick\u00e9 cvi\u010denie.<\/li><li>Normy t\u00fdkaj\u00face sa EMC.<br><strong>Cv<\/strong>.:&nbsp;Z\u00e1po\u010det.<\/li><\/ol>\n\n\n\n<h4>Odpor\u00fa\u010dan\u00e1 literat\u00fara:<\/h4>\n\n\n\n<ol><li><em>Encyklopedie elektromagnetick\u00e9 kompatibility<\/em>.<\/li><li><em>EMC Compliance Journal<\/em>.<\/li><li><em>1999 Compliance Engineering Annual Reference Guide<\/em>.<\/li><li>Doln\u00edk, B. Elektromagnetick\u00e1 kompatibilita. Z\u00e1klady &#8211; Te\u00f3ria &#8211; Princ\u00edpy. 1. vyd., TU v Ko\u0161iciach, 2013. 240 s. ISBN 978-80-8086-221-3.<\/li><li>Habiger, E.&nbsp;<em>Elektromagnetische Vertr\u00e4glichkeit<\/em>. Grundlagen, Massnahmen, Systemgestaltung. Berlin, M\u00fcnchen: Verlag Technik, 1992.<\/li><li>Habiger, E.&nbsp;<em>Elektromagnetische Vertr\u00e4glichkeit<\/em>. Grundz\u00fcge ihrer Sicherstellung in der Ger\u00e4te- und Anlagetechnik. Heidelberg: H\u00fcthig Verlag, 1992. ISBN 3-7785-2092-X.<\/li><li>Habiger, E.&nbsp;<em>Elektromagnitnaja sovmestimos\u0165<\/em>. Asnovy jijo abespe\u010denija v technike. Moskva: Energoatomizdat, 1995. 304 s. ISBN 5-283-02547-0.<\/li><li>Schwab, A. J.&nbsp;<em>Elektromagnetische Vertr\u00e4glichkeit<\/em>. 4. prepracovan\u00e9 vydanie. Berlin, Heidelberg: Springer &#8211; Verlag, 1996. 480 s. ISBN 3-540-60787-0-3.<\/li><li>Schwab, A. J.&nbsp;<em>Elektromagnitnaja sovmestimos\u0165<\/em>. 2. prepracovan\u00e9 a doplnen\u00e9 vyd. Moskva: Energoatomizdat, 1998. 480 s. ISBN 5-283-02555-1.<\/li><li>Montrose, M. I., Nakauchi, E. M.&nbsp;<em>Testing for EMC Compliance<\/em>. Approaches and Techniques. Wiley-IEEE Press, April 2004. ISBN: 0-471-43308-X.<\/li><li>Montrose, M. I.&nbsp;<em>EMC and the Printed Circuit Board<\/em>. Design, Theory, and Layout Made Simple. Wiley-IEEE Press, August 1998. ISBN 0-7803-4703-X.<\/li><li>Vacul\u00edkov\u00e1, P., Vacul\u00edk, E. a kol.&nbsp;<em>Elektromagnetick\u00e1 kompatibilita elektrotechnick\u00fdch syst\u00e9m\u016f<\/em>. Praktick\u00fd pr\u016fvodce techniky omezen\u00ed elektromagnetick\u00e9ho vf ru\u0161en\u00ed. 1. vyd. Praha: Grada Publishing, 1998. 504 s. ISBN 80-7169-568-8.<\/li><li>Kodali, W. P.&nbsp;<em>Engineering Electromagnetic Compatibility<\/em>. Principles, Measurements, Technologies, and Computer Models. 2. vydanie. Wiley-IEEE Press, January 2001. ISBN 0-7803-4743-9.<\/li><li>Paul, C. R.,&nbsp;<em>Introduction to Electromagnetic Compatibility<\/em>. 2nd edition, John Wiley &amp; Sons, Inc. New Jersey, USA, 2006. 1008 pp. ISBN 0-471-75500-1.<\/li><li>Henry W. Ott.&nbsp;<em>Electromagnetic Compatibility Engineering<\/em>. august 2009, John Wiley &amp; Sons, New Jersey, USA. 978-0-470-18930-6.<\/li><\/ol>\n","protected":false},"excerpt":{"rendered":"<p>\u0160tudijn\u00fd odbor: Elektrotechnika \u0160tudijn\u00fd program: Elektroenergetika Rozsah: 2\/2\/1 zs (P\/CL\/PP) Po\u010det kreditov: 6 Osoba zodpovedn\u00e1 za predmet: doc. Dr. Ing. Bystr\u00edk Doln\u00edk Predn\u00e1\u0161a: doc. Dr.&hellip;<\/p>\n","protected":false},"author":1,"featured_media":0,"parent":448,"menu_order":0,"comment_status":"closed","ping_status":"closed","template":"","meta":[],"_links":{"self":[{"href":"https:\/\/kee.fei.tuke.sk\/index.php?rest_route=\/wp\/v2\/pages\/496"}],"collection":[{"href":"https:\/\/kee.fei.tuke.sk\/index.php?rest_route=\/wp\/v2\/pages"}],"about":[{"href":"https:\/\/kee.fei.tuke.sk\/index.php?rest_route=\/wp\/v2\/types\/page"}],"author":[{"embeddable":true,"href":"https:\/\/kee.fei.tuke.sk\/index.php?rest_route=\/wp\/v2\/users\/1"}],"replies":[{"embeddable":true,"href":"https:\/\/kee.fei.tuke.sk\/index.php?rest_route=%2Fwp%2Fv2%2Fcomments&post=496"}],"version-history":[{"count":4,"href":"https:\/\/kee.fei.tuke.sk\/index.php?rest_route=\/wp\/v2\/pages\/496\/revisions"}],"predecessor-version":[{"id":2588,"href":"https:\/\/kee.fei.tuke.sk\/index.php?rest_route=\/wp\/v2\/pages\/496\/revisions\/2588"}],"up":[{"embeddable":true,"href":"https:\/\/kee.fei.tuke.sk\/index.php?rest_route=\/wp\/v2\/pages\/448"}],"wp:attachment":[{"href":"https:\/\/kee.fei.tuke.sk\/index.php?rest_route=%2Fwp%2Fv2%2Fmedia&parent=496"}],"curies":[{"name":"wp","href":"https:\/\/api.w.org\/{rel}","templated":true}]}}