{"id":494,"date":"2020-08-12T12:48:39","date_gmt":"2020-08-12T10:48:39","guid":{"rendered":"https:\/\/kee.cp2.tuke.sk\/?page_id=494"},"modified":"2025-09-23T10:42:02","modified_gmt":"2025-09-23T08:42:02","slug":"systemy-chranenia-v-elektrizacnej-sustave","status":"publish","type":"page","link":"https:\/\/kee.fei.tuke.sk\/?page_id=494","title":{"rendered":"Syst\u00e9my chr\u00e1nenia v elektriza\u010dnej s\u00fastave"},"content":{"rendered":"\n<figure class=\"wp-block-table is-style-stripes\"><table><tbody><tr><td><strong>\u0160tudijn\u00fd odbor:<\/strong><\/td><td>Elektrotechnika<\/td><\/tr><tr><td><strong>\u0160tudijn\u00fd program:<\/strong><\/td><td>Elektroenergetika<\/td><\/tr><tr><td><strong>Rozsah:<\/strong><\/td><td>2\/1\/1 (P\/CL\/PP)<\/td><\/tr><tr><td><strong>Po\u010det kreditov:<\/strong><\/td><td>6<\/td><\/tr><tr><td><strong>Osoba zodpovedn\u00e1 za predmet:<\/strong><\/td><td> doc. Ing. Zsolt \u010conka, PhD. <\/td><\/tr><tr><td><strong>Predn\u00e1\u0161a:<\/strong><\/td><td> doc. Ing. Zsolt \u010conka, PhD.<\/td><\/tr><tr><td><strong>Cvi\u010d\u00ed:<\/strong><\/td><td>doc. Ing. Zsolt \u010conka, PhD., Ing. R\u00f3bert \u0160tefko, PhD., Ing. Marek Bob\u010dek<\/td><\/tr><tr><td><strong>Podmie\u0148uj\u00face predmety:<\/strong><\/td><td>&#8211;<\/td><\/tr><tr><td><strong>Hodnotenie a ukon\u010denie:<\/strong><\/td><td>z\u00e1po\u010det a sk\u00fa\u0161ka.<\/td><\/tr><tr><td><strong>Priebe\u017en\u00e9 hodnotenie:<\/strong><\/td><td>projektov\u00e9 zadanie, protokoly z merania.<\/td><\/tr><tr><td><strong>Z\u00e1vere\u010dn\u00e9 hodnotenie:<\/strong><\/td><td>p\u00edsomn\u00fd test.<\/td><\/tr><\/tbody><\/table><\/figure>\n\n\n\n<p><strong>Cie\u013e predmetu<\/strong>: \u0160tudent z\u00edska z\u00e1kladn\u00e9 vedomosti z met\u00f3d n\u00e1vrhu syst\u00e9mov chr\u00e1nenia jednotliv\u00fdch prvkov elektriza\u010dnej s\u00fastavy, rovnako i ucelen\u00fdch celkov, ak\u00fa s\u00fa: syst\u00e9my chr\u00e1nenia elektr\u00e1rensk\u00fdch blokov, elektrick\u00fdch stan\u00edc a elektrick\u00fdch prenosov\u00fdch a distribu\u010dn\u00fdch siet\u00ed.<\/p>\n\n\n\n<h4>Stru\u010dn\u00e1 osnova predmetu<\/h4>\n\n\n\n<ol><li>Sekund\u00e1rne integrovan\u00e9 elektrick\u00e9 ochrany, ochrann\u00e9 z\u00f3ny, princ\u00edpy \u010dinnosti a komunik\u00e1cie ochr\u00e1n.<\/li><li>Komplexn\u00fd v\u00fdpo\u010det a nastavenie ochr\u00e1n pre chr\u00e1nenie elektrick\u00fdch veden\u00ed pod\u013ea pou\u017e\u00edvan\u00fdch hlavn\u00fdch a z\u00e1lo\u017en\u00fdch ochr\u00e1n v prenosov\u00fdch a distribu\u010dn\u00fdch sie\u0165ach.<\/li><li>V\u00fdpo\u010det a n\u00e1vrhy nastavenia ochr\u00e1n elektr\u00e1rensk\u00fdch blokov a vlastnej spotreby elektr\u00e1rn\u00ed.<\/li><li>Ochrany pr\u00edpojn\u00edc a elektrick\u00fdch stan\u00edc, syst\u00e9my v\u00fdpo\u010dtov a nastavenia ochr\u00e1n pre kombinovan\u00fd sp\u00edna\u010d pr\u00edpojn\u00edc a sie\u0165ov\u00fdch transform\u00e1torov.<\/li><li>Met\u00f3dy v\u00fdpo\u010dtov na overovanie selektivity, vz\u00e1jomn\u00e9 ovplyv\u0148ovanie paraleln\u00fdch veden\u00ed, ich vplyv na presnos\u0165 merania impedan\u010dn\u00fdch ochr\u00e1n, syst\u00e9my chr\u00e1nenia s komunik\u00e1ciou ochr\u00e1n.<\/li><li>Ochrany elektrick\u00fdch rozvodov priemyseln\u00fdch podnikov a firiem, ochrany synchr\u00f3nnych a asynchr\u00f3nnych motorov, syst\u00e9my chr\u00e1nenia vn a nn rozvodov.<\/li><\/ol>\n\n\n\n<h4>\u010casov\u00fd rozvrh v\u00fdu\u010dby<\/h4>\n\n\n\n<ol type=\"1\"><li>Predch\u00e1dzanie a elimin\u00e1cia por\u00fach v ES.<br><strong>Cv<\/strong>.: Podmienky pre udelenie z\u00e1po\u010dtov, pokyny pre cvi\u010denia, bezpe\u010dnos\u0165 pr\u00e1ce v laborat\u00f3riu.<\/li><li>Digit\u00e1lne ochrany ako s\u00fa\u010das\u0165 riadiaceho syst\u00e9mu, konfigur\u00e1cia digit\u00e1lnych ochr\u00e1n.<br><strong>Cv<\/strong>.: Nastavovanie el. parametrov a meranie na digit\u00e1lnej ochrane SEL 751 \/ SEL 751A.<\/li><li>Z\u00e1sady parametriz\u00e1cie rozdielov\u00fdch digit\u00e1lnych ochr\u00e1n .<br><strong>Cv<\/strong>.: Nastavovanie el. parametrov a meranie na ochrannom termin\u00e1li SEL 700GT.<\/li><li>Charakteristika por\u00fach na vonakj\u0161\u00edch a k\u00e1blov\u00fdch vedeniach.<br><strong>Cv<\/strong>.: Nastavovanie el. parametrov a meranie na ochrannom termin\u00e1li SEL 787.<\/li><li>Koordin\u00e1cia chr\u00e1nenia pri skratoch.<br><strong>Cv<\/strong>.: Nastavovanie el. parametrov a meranie na ochrannom termin\u00e1li SEL 787 \/ SEL 387E.<\/li><li>\u0160pecifik\u00e1 chr\u00e1nenia distribu\u010dn\u00fdch veden\u00ed.<br><strong>Cv<\/strong>.:&nbsp;Projektov\u00e9 zadanie \u010d. 1 nastavenie di\u0161tan\u010dnej ochrany.<\/li><li>Chr\u00e1nenie gener\u00e1torov.<br><strong>Cv<\/strong>.:&nbsp;Projektov\u00e9 zadanie \u010d. 1 nastavenie di\u0161tan\u010dnej ochrany.<\/li><li>Chr\u00e1nenie transform\u00e1torov.<br><strong>Cv<\/strong>.: Projektov\u00e9 zadanie \u010d. 1 nastavenie di\u0161tan\u010dnej ochrany.<\/li><li>Komunika\u010dn\u00e9 protokoly IEC 61850.<br><strong>Cv<\/strong>.:&nbsp;Projektov\u00e9 zadanie \u010d. 2 nastavenie parametrov selekt\u00edvnych nadpr\u00fadov\u00fdch ochr\u00e1n.<\/li><li>Travelling wave protections and Circuit Breaker Testing.<br><strong>Cv<\/strong>.:&nbsp;Projektov\u00e9 zadanie \u010d. 2 nastavenie parametrov selekt\u00edvnych nadpr\u00fadov\u00fdch ochr\u00e1n.<\/li><li>Digitalne stanice.<br><strong>Cv<\/strong>.:&nbsp;Projektov\u00e9 zadanie \u010d. 2 nastavenie parametrov selekt\u00edvnych nadpr\u00fadov\u00fdch ochr\u00e1n.<\/li><li>Exkurzia.<br><strong>Cv<\/strong>.: Projektov\u00e9 zadanie \u010d. 2 nastavenie parametrov selekt\u00edvnych nadpr\u00fadov\u00fdch ochr\u00e1n.<\/li><li>Vyuzitie ochran pre zber dat a riadenie sustav.<br><strong>Cv<\/strong>.: Z\u00e1po\u010det.<\/li><\/ol>\n\n\n\n<h4>Odpor\u00fa\u010dan\u00e1 literat\u00fara:<\/h4>\n\n\n\n<ol><li>\u0160tefko, R.: <em>Parametriz\u00e1cia ochrann\u00fdch rel\u00e9 v elektriza\u010dn\u00fdch s\u00fastav\u00e1ch<\/em>. In.: TUKE Ko\u0161ice, 2022, 115 s, ISBN:&nbsp;978-80-553-4068-5, [<a href=\"https:\/\/kee.fei.tuke.sk\/wp-content\/uploads\/2022\/05\/Parametrizacia-ochrannych-rele-v-elektrizacnych-sustavach.pdf\">Link<\/a>].<\/li><li>\u0160tefko, R.: <em>Parameterization of protection relays in power systems<\/em>. In.: TUKE Ko\u0161ice, 2022, 115 s, ISBN:&nbsp;978-80-553-4067-8 [<a href=\"https:\/\/kee.fei.tuke.sk\/wp-content\/uploads\/2022\/05\/Parameterization-of-protection-relays-in-power-systems.pdf\">Link<\/a>].<\/li><li>Jan\u00ed\u010dek, F. a kol.:&nbsp;<em>Digit\u00e1lne ochrany v elektriza\u010dnej s\u00fastave<\/em>. In.: STU Bratislava, Bratislava, 2004. 360 s. ISBN80-227-2135-2.<\/li><li>Dohn\u00e1lek, P.:&nbsp;<em>Ochrany pro pr\u016fmysl a energetiku<\/em>. In.: SNTL Praha, 1991.<\/li><li>Anderson, P. M.:&nbsp;<em>Power System Protection<\/em>. IEEE Press, 1999.<\/li><\/ol>\n","protected":false},"excerpt":{"rendered":"<p>\u0160tudijn\u00fd odbor: Elektrotechnika \u0160tudijn\u00fd program: Elektroenergetika Rozsah: 2\/1\/1 (P\/CL\/PP) Po\u010det kreditov: 6 Osoba zodpovedn\u00e1 za predmet: doc. Ing. Zsolt \u010conka, PhD. Predn\u00e1\u0161a: doc. Ing. Zsolt&hellip;<\/p>\n","protected":false},"author":1,"featured_media":0,"parent":448,"menu_order":0,"comment_status":"closed","ping_status":"closed","template":"","meta":[],"_links":{"self":[{"href":"https:\/\/kee.fei.tuke.sk\/index.php?rest_route=\/wp\/v2\/pages\/494"}],"collection":[{"href":"https:\/\/kee.fei.tuke.sk\/index.php?rest_route=\/wp\/v2\/pages"}],"about":[{"href":"https:\/\/kee.fei.tuke.sk\/index.php?rest_route=\/wp\/v2\/types\/page"}],"author":[{"embeddable":true,"href":"https:\/\/kee.fei.tuke.sk\/index.php?rest_route=\/wp\/v2\/users\/1"}],"replies":[{"embeddable":true,"href":"https:\/\/kee.fei.tuke.sk\/index.php?rest_route=%2Fwp%2Fv2%2Fcomments&post=494"}],"version-history":[{"count":13,"href":"https:\/\/kee.fei.tuke.sk\/index.php?rest_route=\/wp\/v2\/pages\/494\/revisions"}],"predecessor-version":[{"id":2584,"href":"https:\/\/kee.fei.tuke.sk\/index.php?rest_route=\/wp\/v2\/pages\/494\/revisions\/2584"}],"up":[{"embeddable":true,"href":"https:\/\/kee.fei.tuke.sk\/index.php?rest_route=\/wp\/v2\/pages\/448"}],"wp:attachment":[{"href":"https:\/\/kee.fei.tuke.sk\/index.php?rest_route=%2Fwp%2Fv2%2Fmedia&parent=494"}],"curies":[{"name":"wp","href":"https:\/\/api.w.org\/{rel}","templated":true}]}}