{"id":493,"date":"2020-08-12T12:47:30","date_gmt":"2020-08-12T10:47:30","guid":{"rendered":"https:\/\/kee.cp2.tuke.sk\/?page_id=493"},"modified":"2025-09-23T10:38:41","modified_gmt":"2025-09-23T08:38:41","slug":"diagnostika-v-elektroenergetike","status":"publish","type":"page","link":"https:\/\/kee.fei.tuke.sk\/?page_id=493","title":{"rendered":"Diagnostika a profylaktika v elektroenergetike"},"content":{"rendered":"\n<figure class=\"wp-block-table is-style-stripes\"><table><tbody><tr><td><strong>\u0160tudijn\u00fd odbor:<\/strong><\/td><td>Elektrotechnika<\/td><\/tr><tr><td><strong>\u0160tudijn\u00fd program:<\/strong><\/td><td>Elektroenergetika<\/td><\/tr><tr><td><strong>Rozsah:<\/strong><\/td><td>2\/2 zs (P\/CL)<\/td><\/tr><tr><td><strong>Po\u010det kreditov:<\/strong><\/td><td>6<\/td><\/tr><tr><td><strong>Osoba zodpovedn\u00e1 za predmet:<\/strong><\/td><td>prof. Ing. Juraj Kurimsk\u00fd, PhD.<\/td><\/tr><tr><td><strong>Predn\u00e1\u0161a:<\/strong><\/td><td>Ing. J\u00e1n Zbojovsk\u00fd, PhD.<\/td><\/tr><tr><td><strong>Cvi\u010d\u00ed:<\/strong><\/td><td>doc. Ing. Jaroslav Petr\u00e1\u0161, PhD., Ing. Samuel Bucko, PhD.<\/td><\/tr><tr><td><strong>Podmie\u0148uj\u00face predmety:<\/strong><\/td><td>&#8211;<\/td><\/tr><tr><td><strong>Hodnotenie a ukon\u010denie:<\/strong><\/td><td>z\u00e1po\u010det a sk\u00fa\u0161ka.<\/td><\/tr><tr><td><strong>Priebe\u017en\u00e9 hodnotenie:<\/strong><\/td><td>protokoly z merania.<\/td><\/tr><tr><td><strong>Z\u00e1vere\u010dn\u00e9 hodnotenie:<\/strong><\/td><td>sk\u00fa\u0161ka.<\/td><\/tr><\/tbody><\/table><\/figure>\n\n\n\n<p><strong>Cie\u013e predmetu<\/strong>: Obozn\u00e1mi\u0165 \u0161tudentov s \u00falohami a cie\u013emi diagnostiky. Nau\u010di\u0165 ich spr\u00e1vne pou\u017e\u00edva\u0165 jednotliv\u00e9 diagnostick\u00e9 meracie met\u00f3dy pri posudzovan\u00ed stavu elektroenergetick\u00fdch zariaden\u00ed. Uvies\u0165 nov\u00e9 trendy v diagnostike: monitorovanie stavu zariadenia, neur\u00f3nov\u00e9 siete, expertn\u00e9 syst\u00e9my.<\/p>\n\n\n\n<h4>Stru\u010dn\u00e1 osnova predmetu<\/h4>\n\n\n\n<ol><li>Ciele a \u00falohy technickej diagnostiky, diagnostick\u00fd syst\u00e9m, diagn\u00f3za technick\u00e9ho stavu.<\/li><li>Diagnostick\u00e9 met\u00f3dy: elektrick\u00e9, neelektrick\u00e9 met\u00f3dy \u0161truktur\u00e1lnej anal\u00fdzy.<\/li><li>Diagnostika statorovej izol\u00e1cie gener\u00e1torov.<\/li><li>Diagnostika v\u00fdkonov\u00fdch transform\u00e1torov.<\/li><li>Diagnostika pr\u00edstrojov\u00fdch transform\u00e1torov pr\u00fadu a nap\u00e4tia.<\/li><li>Sledovanie stavu zvodi\u010dov prep\u00e4tia.<\/li><li>Meracie met\u00f3dy pre pos\u00fadenie stavu vn k\u00e1blov a k\u00e1belov\u00fdch s\u00faborov.<\/li><li>Sledovanie izola\u010dn\u00e9ho stavu vn izol\u00e1torov.<\/li><li>Diagnostika vyp\u00edna\u010dov vn a vvn.<\/li><li>Nov\u00e9 smery v diagnostike: vyu\u017eitie neur\u00f3nov\u00fdch siet\u00ed, expertn\u00fdch syst\u00e9mov, monitorovacie zariadenia.<\/li><\/ol>\n\n\n\n<h4>\u010casov\u00fd rozvrh v\u00fdu\u010dby<\/h4>\n\n\n\n<ol><li>\u00dalohy a formy diagnostiky &#8211; objekt diagnostiky, diagn\u00f3za technick\u00e9ho stavu, diagnostick\u00e9 prostriedky.<br><strong>Cv<\/strong>.: Podmienky na udelenie z\u00e1po\u010dtu. Bezpe\u010dnos\u0165 pr\u00e1ce vo vn laborat\u00f3riu.<\/li><li>Diagnostick\u00e9 met\u00f3dy vo vn technike &#8211; elektrick\u00e9 a neelektrick\u00e9 met\u00f3dy a \u0161truktur\u00e1lne diagnostick\u00e9 met\u00f3dy.<br><strong>Cv<\/strong>.: Modelovanie vplyvu zne\u010distenia a starnutia izola\u010dn\u00e9ho syst\u00e9mu v Maxwellovej n\u00e1hradnej sch\u00e9me.<\/li><li>Jednosmern\u00e9 meracie met\u00f3dy v diagnostike vn izola\u010dn\u00fdch syst\u00e9moch.<br><strong>Cv<\/strong>.: Meranie zotaven\u00fdch nap\u00e4t\u00ed.<\/li><li>Striedav\u00e9 meracie met\u00f3dy v diagnostike vn zariaden\u00ed.<br><strong>Cv<\/strong>.: Nap\u00e4\u0165ov\u00e1 a teplotn\u00e1 z\u00e1vislos\u0165 permitivity a statorov\u00e9ho \u010dinite\u013ea vzoriek izola\u010dn\u00e9ho materi\u00e1lu.<\/li><li>Meranie \u010diastkov\u00fdch v\u00fdbojov.<br><strong>Cv<\/strong>.: Meranie \u010diastkov\u00fdch v\u00fdbojov.<\/li><li>Diagnostika statorovej izol\u00e1cie gener\u00e1torov.<br><strong>Cv<\/strong>.: Meranie absorp\u010dn\u00fdch a resorp\u010dn\u00fdch pr\u00fadov.<\/li><li>Diagnostika izola\u010dnej s\u00fastavy olej-papier, olej.<br><strong>Cv<\/strong>.: Pos\u00fadenie stavu oleja.<\/li><li>Diagnostika v\u00fdkonov\u00fdch transform\u00e1torov.<br><strong>Cv<\/strong>.: Meranie na PTN a PTP.<\/li><li>Meracie met\u00f3dy pre pos\u00fadenie stavu k\u00e1belovej izol\u00e1cie a pr\u00edslu\u0161enstva k\u00e1blov (koncovky a k\u00e1belov\u00e9 spojky).<br><strong>Cv<\/strong>.: Meranie k\u00e1blov.<\/li><li>Jednof\u00e1zov\u00e9 a kontinu\u00e1lne meranie stavu bleskoistiek vn a vvn bez demont\u00e1\u017ee a po demont\u00e1\u017ei.<br><strong>Cv<\/strong>.: Meranie bleskoistiek.<\/li><li>Sledovanie izola\u010dn\u00e9ho stavu vn a vvn z\u00e1vesn\u00fdch izol\u00e1torov a podperiek.<br><strong>Cv<\/strong>.: Merania na degradovan\u00fdch vzork\u00e1ch striedav\u00fdmi met\u00f3dami.<\/li><li>Diagnostika vyp\u00edna\u010dov vn a vvn.<br><strong>Cv<\/strong>.: Meranie samovyb\u00edjac\u00edch nap\u00e4t\u00ed.<\/li><li>Nov\u00e9 smery v diagnostike: vyu\u017eitie neur\u00f3nov\u00fdch siet\u00ed, expertn\u00fdch syst\u00e9mov, monitorovacie zariadenia.<br><strong>Cv<\/strong>.: Z\u00e1po\u010det.<\/li><\/ol>\n\n\n\n<h4>Dokumenty:<\/h4>\n\n\n\n<h4>Odpor\u00fa\u010dan\u00e1 literat\u00fara:<\/h4>\n\n\n\n<ol type=\"1\"><li>Kolcunov\u00e1 I.: Diagnostika elektroenergetick\u00fdch zariaden\u00ed met\u00f3dou \u010diastkov\u00fdch v\u00fdbojov, vedeck\u00e1 monografia, TUKE 2008, ISBN 978-80-553-0031-3<\/li><li>Cimbala R.: Starnutie vysokonap\u00e4\u0165ov\u00fdch izola\u010dn\u00fdch syst\u00e9mov, vedeck\u00e1 monografia, TUKE 2007, ISBN 978-80-8073-904-1<\/li><li>Mentl\u00edk V. a kol.:Diagnostika elektrick\u00fdch za\u0159\u00edzen\u00ed, BEN \u2013 technick\u00e1 literatura, Praha 2008, ISBN 978-80-7300-232-9<\/li><\/ol>\n","protected":false},"excerpt":{"rendered":"<p>\u0160tudijn\u00fd odbor: Elektrotechnika \u0160tudijn\u00fd program: Elektroenergetika Rozsah: 2\/2 zs (P\/CL) Po\u010det kreditov: 6 Osoba zodpovedn\u00e1 za predmet: prof. Ing. Juraj Kurimsk\u00fd, PhD. Predn\u00e1\u0161a: Ing. J\u00e1n&hellip;<\/p>\n","protected":false},"author":1,"featured_media":0,"parent":448,"menu_order":0,"comment_status":"closed","ping_status":"closed","template":"","meta":[],"_links":{"self":[{"href":"https:\/\/kee.fei.tuke.sk\/index.php?rest_route=\/wp\/v2\/pages\/493"}],"collection":[{"href":"https:\/\/kee.fei.tuke.sk\/index.php?rest_route=\/wp\/v2\/pages"}],"about":[{"href":"https:\/\/kee.fei.tuke.sk\/index.php?rest_route=\/wp\/v2\/types\/page"}],"author":[{"embeddable":true,"href":"https:\/\/kee.fei.tuke.sk\/index.php?rest_route=\/wp\/v2\/users\/1"}],"replies":[{"embeddable":true,"href":"https:\/\/kee.fei.tuke.sk\/index.php?rest_route=%2Fwp%2Fv2%2Fcomments&post=493"}],"version-history":[{"count":8,"href":"https:\/\/kee.fei.tuke.sk\/index.php?rest_route=\/wp\/v2\/pages\/493\/revisions"}],"predecessor-version":[{"id":2577,"href":"https:\/\/kee.fei.tuke.sk\/index.php?rest_route=\/wp\/v2\/pages\/493\/revisions\/2577"}],"up":[{"embeddable":true,"href":"https:\/\/kee.fei.tuke.sk\/index.php?rest_route=\/wp\/v2\/pages\/448"}],"wp:attachment":[{"href":"https:\/\/kee.fei.tuke.sk\/index.php?rest_route=%2Fwp%2Fv2%2Fmedia&parent=493"}],"curies":[{"name":"wp","href":"https:\/\/api.w.org\/{rel}","templated":true}]}}