{"id":487,"date":"2020-08-12T12:44:27","date_gmt":"2020-08-12T10:44:27","guid":{"rendered":"https:\/\/kee.cp2.tuke.sk\/?page_id=487"},"modified":"2025-09-23T10:40:43","modified_gmt":"2025-09-23T08:40:43","slug":"elektroenergetika-a-zivotne-prostredie","status":"publish","type":"page","link":"https:\/\/kee.fei.tuke.sk\/?page_id=487","title":{"rendered":"Odborn\u00e1 prax v podniku 2"},"content":{"rendered":"\n<figure class=\"wp-block-table is-style-stripes\"><table><tbody><tr><td><strong>\u0160tudijn\u00fd odbor:<\/strong><\/td><td>Elektrotechnika<\/td><\/tr><tr><td><strong>\u0160tudijn\u00fd program:<\/strong><\/td><td>Elektroenergetika<\/td><\/tr><tr><td><strong>Rozsah:<\/strong><\/td><td>8 (OP)<\/td><\/tr><tr><td><strong>Po\u010det kreditov:<\/strong><\/td><td>6<\/td><\/tr><tr><td><strong>Osoba zodpovedn\u00e1 za predmet:<\/strong><\/td><td>doc. Ing. Jaroslav D\u017emura, PhD.<\/td><\/tr><tr><td><strong>Podmie\u0148uj\u00face predmety:<\/strong><\/td><td>&#8211;<\/td><\/tr><tr><td><strong>Hodnotenie a ukon\u010denie:<\/strong><\/td><td><br>Klasifikovan\u00fd z\u00e1po\u010det<\/td><\/tr><tr><td><strong>Priebe\u017en\u00e9 hodnotenie:<\/strong><\/td><td><br>Hodnotenie zodpovednou osobou v&nbsp;podniku<\/td><\/tr><tr><td><strong>Z\u00e1vere\u010dn\u00e9 hodnotenie:<\/strong><\/td><td>Prezent\u00e1cia z odbornej praxe<\/td><\/tr><\/tbody><\/table><\/figure>\n\n\n\n<p><strong>Cie\u013e predmetu<\/strong>: Cie\u013eom je overenie teoretick\u00fdch poznatkov z\u00edskan\u00fdch po\u010das \u0161t\u00fadia dan\u00e9ho \u0161tudijn\u00e9ho programu o praktick\u00e9 sk\u00fasenosti z rie\u0161enia danej problematiky v podmienkach re\u00e1lnej technickej praxe.<\/p>\n\n\n\n<p>Stru\u010dn\u00e1 osnova predmetu<\/p>\n\n\n\n<p>\u0160tudenti maj\u00fa mo\u017enos\u0165 vykona\u0165 odborn\u00fa prax vo firm\u00e1ch v\u00fdlu\u010dne zameran\u00fdch na elektrotechniku a elektroenergetiku na z\u00e1klade dohody s konkr\u00e9tnym podnikom. V\u00fdber druhu podniku a miesta praxe je v kompetencii \u0161tudenta. V\u00fdstupom bude spr\u00e1va o vykonan\u00ed odbornej praxe v rozsahu zadan\u00e9ho formul\u00e1ra, ktor\u00fa s\u00fa \u0161tudenti povinn\u00ed odovzda\u0165 odborn\u00e9mu garantovi praxe do stanoven\u00e9ho term\u00ednu v z\u00e1po\u010dtovom t\u00fd\u017edni.<\/p>\n\n\n\n<p>\u010casov\u00fd rozvrh v\u00fdu\u010dby<\/p>\n\n\n\n<ol type=\"1\"><li>\u00davodn\u00e9 stretnutie k&nbsp;odbornej praxi.<\/li><li>Odborn\u00e1 prax po dohode so zodpovednou osobou v podniku.<\/li><li>Odborn\u00e1 prax po dohode so zodpovednou osobou v podniku.<\/li><li>Odborn\u00e1 prax po dohode so zodpovednou osobou v podniku.<\/li><li>Odborn\u00e1 prax po dohode so zodpovednou osobou v podniku.<\/li><li>Odborn\u00e1 prax po dohode so zodpovednou osobou v podniku.<\/li><li>Odborn\u00e1 prax po dohode so zodpovednou osobou v podniku.<\/li><li>Odborn\u00e1 prax po dohode so zodpovednou osobou v podniku.<\/li><li>Odborn\u00e1 prax po dohode so zodpovednou osobou v podniku.<\/li><li>Odborn\u00e1 prax po dohode so zodpovednou osobou v podniku.<\/li><li>Odborn\u00e1 prax po dohode so zodpovednou osobou v podniku.<\/li><li>Odborn\u00e1 prax po dohode so zodpovednou osobou v podniku.<\/li><li>Prezent\u00e1cia priebehu odbornej praxe a&nbsp;z\u00edskan\u00fdch sk\u00fasenost\u00ed.<\/li><\/ol>\n\n\n\n<p>Dokumenty:<\/p>\n\n\n\n<p>Potrebn\u00e9 dokumenty k predmetu OPvP sa nach\u00e1dzaj\u00fa na \u0161tudijnom port\u00e1li <a href=\"https:\/\/moodle2.tuke.sk\/moodle\" target=\"_blank\" rel=\"noreferrer noopener\">MOODLE<\/a>.<\/p>\n\n\n\n<p><\/p>\n","protected":false},"excerpt":{"rendered":"<p>\u0160tudijn\u00fd odbor: Elektrotechnika \u0160tudijn\u00fd program: Elektroenergetika Rozsah: 8 (OP) Po\u010det kreditov: 6 Osoba zodpovedn\u00e1 za predmet: doc. Ing. Jaroslav D\u017emura, PhD. Podmie\u0148uj\u00face predmety: &#8211; Hodnotenie&hellip;<\/p>\n","protected":false},"author":1,"featured_media":0,"parent":448,"menu_order":0,"comment_status":"closed","ping_status":"closed","template":"","meta":[],"_links":{"self":[{"href":"https:\/\/kee.fei.tuke.sk\/index.php?rest_route=\/wp\/v2\/pages\/487"}],"collection":[{"href":"https:\/\/kee.fei.tuke.sk\/index.php?rest_route=\/wp\/v2\/pages"}],"about":[{"href":"https:\/\/kee.fei.tuke.sk\/index.php?rest_route=\/wp\/v2\/types\/page"}],"author":[{"embeddable":true,"href":"https:\/\/kee.fei.tuke.sk\/index.php?rest_route=\/wp\/v2\/users\/1"}],"replies":[{"embeddable":true,"href":"https:\/\/kee.fei.tuke.sk\/index.php?rest_route=%2Fwp%2Fv2%2Fcomments&post=487"}],"version-history":[{"count":5,"href":"https:\/\/kee.fei.tuke.sk\/index.php?rest_route=\/wp\/v2\/pages\/487\/revisions"}],"predecessor-version":[{"id":2582,"href":"https:\/\/kee.fei.tuke.sk\/index.php?rest_route=\/wp\/v2\/pages\/487\/revisions\/2582"}],"up":[{"embeddable":true,"href":"https:\/\/kee.fei.tuke.sk\/index.php?rest_route=\/wp\/v2\/pages\/448"}],"wp:attachment":[{"href":"https:\/\/kee.fei.tuke.sk\/index.php?rest_route=%2Fwp%2Fv2%2Fmedia&parent=487"}],"curies":[{"name":"wp","href":"https:\/\/api.w.org\/{rel}","templated":true}]}}