{"id":484,"date":"2020-08-12T12:43:32","date_gmt":"2020-08-12T10:43:32","guid":{"rendered":"https:\/\/kee.cp2.tuke.sk\/?page_id=484"},"modified":"2025-09-23T10:40:29","modified_gmt":"2025-09-23T08:40:29","slug":"stabilita-prenosu-elektrickej-energie","status":"publish","type":"page","link":"https:\/\/kee.fei.tuke.sk\/?page_id=484","title":{"rendered":"Stabilita prenosu elektrickej energie"},"content":{"rendered":"\n<figure class=\"wp-block-table is-style-stripes\"><table><tbody><tr><td><strong>\u0160tudijn\u00fd odbor:<\/strong><\/td><td>Elektrotechnika<\/td><\/tr><tr><td><strong>\u0160tudijn\u00fd program:<\/strong><\/td><td>Elektroenergetika<\/td><\/tr><tr><td><strong>Rozsah:<\/strong><\/td><td>2\/2 (P\/CN)<\/td><\/tr><tr><td><strong>Po\u010det kreditov:<\/strong><\/td><td>6<\/td><\/tr><tr><td><strong>Osoba zodpovedn\u00e1 za predmet:<\/strong><\/td><td>doc. Ing. Jaroslav D\u017emura, PhD.<\/td><\/tr><tr><td><strong>Predn\u00e1\u0161a:<\/strong><\/td><td>doc. Ing. Jaroslav D\u017emura, PhD.<\/td><\/tr><tr><td><strong>Cvi\u010d\u00ed:<\/strong><\/td><td>doc. Ing. Jaroslav D\u017emura, PhD.<\/td><\/tr><tr><td><strong>Podmie\u0148uj\u00face predmety:<\/strong><\/td><td>&#8211;<\/td><\/tr><tr><td><strong>Hodnotenie a ukon\u010denie:<\/strong><\/td><td>z\u00e1po\u010det a sk\u00fa\u0161ka.<\/td><\/tr><tr><td><strong>Priebe\u017en\u00e9 hodnotenie:<\/strong><\/td><td>p\u00edsomn\u00fd test.<\/td><\/tr><tr><td><strong>Z\u00e1vere\u010dn\u00e9 hodnotenie:<\/strong><\/td><td>\u00fastna sk\u00fa\u0161ka.<\/td><\/tr><\/tbody><\/table><\/figure>\n\n\n\n<p><strong>Cie\u013e predmetu<\/strong>: \u0160tudent z\u00edska z\u00e1kladn\u00e9 vedomosti z oblasti elektromechanick\u00fdch prechodn\u00fdch javov so zameran\u00edm na statick\u00fa stabilitu a dynamick\u00fa stabilitu prev\u00e1dzky elektriza\u010dn\u00fdch s\u00fastav.<\/p>\n\n\n\n<p>Stru\u010dn\u00e1 osnova predmetu<\/p>\n\n\n\n<p>1.&nbsp;&nbsp;&nbsp;&nbsp;Vlastnosti elektromechanick\u00fdch prechodn\u00fdch javov, elektrick\u00e9 parametre pre modelovanie prvkov elektriza\u010dnej s\u00fastavy, pr\u00fadov\u00e9 a nap\u00e4\u0165ov\u00e9 pomery altern\u00e1tora a s\u00fastavy pri strate synchronizmu.<\/p>\n\n\n\n<p>2.&nbsp;&nbsp;&nbsp;&nbsp;Statick\u00e1 stabilita s\u00fastavy, rovnice prenosu turboaltern\u00e1torov a hydroaltern\u00e1torov pri kon\u0161tantnom buden\u00ed.<\/p>\n\n\n\n<p>3.&nbsp;&nbsp;&nbsp;&nbsp;Stavy a vlastnosti s\u00fastavy pri premenlivom buden\u00ed altern\u00e1torov.<\/p>\n\n\n\n<p>4.&nbsp;&nbsp;&nbsp;&nbsp;V\u00fdpo\u010dty prenosov v\u00fdkonov v dvojstrojovej s\u00fastave, rie\u0161enie prenosov v zlo\u017eit\u00fdch s\u00fastav\u00e1ch.<\/p>\n\n\n\n<p>5.&nbsp;&nbsp;&nbsp;&nbsp;Krit\u00e9ria pre posudzovanie statickej stability paralelne pracuj\u00facich altern\u00e1torov.<\/p>\n\n\n\n<p>6.&nbsp;&nbsp;&nbsp;&nbsp;Dynamick\u00e1 stabilita, mechanick\u00e9 javy rotora altern\u00e1tora, diferenci\u00e1lna rovnica kyvu.<\/p>\n\n\n\n<p>7.&nbsp;&nbsp;&nbsp;&nbsp;Udr\u017eanie synchronizmu paralelne pracuj\u00facich altern\u00e1torov pri&nbsp;<em>R<\/em>&nbsp;= 0, met\u00f3da pl\u00f4ch.<\/p>\n\n\n\n<p>8.&nbsp;&nbsp;&nbsp;&nbsp;Kritick\u00fd uhol, numerick\u00e9 rie\u0161enie diferenci\u00e1lnej rovnice kyvu, krivka kyvu.<\/p>\n\n\n\n<p>9.&nbsp;&nbsp;&nbsp;&nbsp;Zabezpe\u010denie statickej a dynamickej stability prenosu elektrickej energie v elektriza\u010dnej s\u00fastave.<\/p>\n\n\n\n<p>\u010casov\u00fd rozvrh v\u00fdu\u010dby<\/p>\n\n\n\n<p>1.&nbsp;&nbsp;&nbsp;&nbsp;&nbsp;Klasifik\u00e1cia a n\u00e1zvoslovie stability elektriza\u010dn\u00fdch s\u00fastav.<br><strong>Cv<\/strong>.: Podmienky na udelenie z\u00e1po\u010dtu, organiz\u00e1cia cvi\u010den\u00ed. Model Gener\u00e1tor \u2013 elektriza\u010dn\u00e1 s\u00fastava \u2013 z\u00e1\u0165a\u017e.<\/p>\n\n\n\n<p>2.&nbsp;&nbsp;&nbsp;&nbsp;Elektromechanick\u00e9 prechodn\u00e9 javy, statick\u00e1 stabilita &#8211; vn\u00fatorn\u00e1 v\u00fdkonov\u00e1 rovnica prenosu s\u00fastavy.<br><strong>Cv<\/strong>.: Statick\u00e1 stabilita s dvomi paraleln\u00fdmi vedeniami a s jedn\u00fdm veden\u00edm.<\/p>\n\n\n\n<p>3.&nbsp;&nbsp;&nbsp;&nbsp;Z\u00e1kladn\u00e9 vz\u0165ahy pre ur\u010denie v\u00fdkonov prenosu. Prenosov\u00e1 s\u00fastava s n-gener\u00e1tormi.<br><strong>Cv<\/strong>.: Statick\u00e1 stabilita s&nbsp;v\u00fdkonom dan\u00fdm na svork\u00e1ch gener\u00e1tora.<\/p>\n\n\n\n<p>4.&nbsp;&nbsp;&nbsp;&nbsp;Z\u00e1kladn\u00e9 vz\u0165ahy pre ur\u010denie v\u00fdkonov prenosu \u2013 dvojstrojov\u00e1 s\u00fastava.<br><strong>Cv<\/strong>.: Statick\u00e1 stabilita dvojstrojovej s\u00fastavy.<\/p>\n\n\n\n<p>5.&nbsp;&nbsp;&nbsp;&nbsp;V\u00fdkonov\u00e9 rovnice gener\u00e1torov pri kon\u0161tantnom buden\u00ed.<br><strong>Cv<\/strong>.: V\u00fdkonov\u00e9 rovnice prenosu v zlo\u017eit\u00fdch s\u00fastav\u00e1ch.<\/p>\n\n\n\n<p>6.&nbsp;&nbsp;&nbsp;&nbsp;Vplyv regul\u00e1cie budenia na statick\u00fa stabilitu.<br><strong>Cv<\/strong>.: Statick\u00e1 stabilita s\u00fastavy s gener\u00e1tormi s hladk\u00fdm rotorom. Statick\u00e1 stabilita s\u00fastavy s gener\u00e1tormi s vyjadren\u00fdmi p\u00f3lmi.<\/p>\n\n\n\n<p>7.&nbsp;&nbsp;&nbsp;&nbsp;Krit\u00e9ria statickej stability zlo\u017eit\u00fdch siet\u00ed.<br><strong>Cv<\/strong>.: V\u00fdpo\u010det vonkaj\u0161ej v\u00fdkonovej charakteristiky prenosu \u2013 vplyv regul\u00e1cie budenia.<\/p>\n\n\n\n<p>8.&nbsp;&nbsp;&nbsp;&nbsp;Dynamick\u00e1 stabilita s\u00fastavy, diferenci\u00e1lna rovnica kyvu.<br><strong>Cv<\/strong>.: Dynamick\u00e1 stabilita pri vypnut\u00ed jedn\u00e9ho z dvoch paraleln\u00fdch veden\u00ed. V\u00fdpo\u010det dynamickej stability v s\u00fastav\u00e1ch s&nbsp;<em>R<\/em>&nbsp;= 0, pravidlo pl\u00f4ch.<\/p>\n\n\n\n<p>9.&nbsp;&nbsp;&nbsp;&nbsp;V\u0161eobecn\u00fd v\u00fdpo\u010det medze dynamickej stability, pravidlo pl\u00f4ch.<br><strong>Cv<\/strong>.: V\u00fdpo\u010det kritick\u00e9ho uhla pre trojf\u00e1zov\u00fd skrat.<\/p>\n\n\n\n<p>10.&nbsp;Numerick\u00e9 rie\u0161enie diferenci\u00e1lnej rovnice kyvu.<br><strong>Cv<\/strong>.: Numerick\u00e9 rie\u0161enie dynamickej stability.<\/p>\n\n\n\n<p>11.&nbsp;Vplyv skratov na dynamick\u00fa stabilitu s\u00fastavy.<br><strong>Cv<\/strong>.: Priebe\u017en\u00e1 kontrola.<\/p>\n\n\n\n<p>12.&nbsp;\u010cinnos\u0165 automatiky op\u00e4tovn\u00e9ho zap\u00ednania na dynamick\u00fa stabilitu.<br><strong>Cv<\/strong>.: Porovnanie vplyvu skratov na dynamick\u00fa stabilitu.<\/p>\n\n\n\n<p>13.&nbsp;Prostriedky pre zabezpe\u010denie statickej a dynamickej stability.<br><strong>Cv<\/strong>.: Z\u00e1po\u010det.<\/p>\n\n\n\n<p>Dokumenty:<\/p>\n\n\n\n<p>Kurz z predmetu SPEE, kde sa nach\u00e1dzaj\u00fa \u0161tudijn\u00e9 materi\u00e1ly:&nbsp;<a href=\"https:\/\/moodle.tuke.sk\/moodle31\/course\/view.php?id=42\">Stabilita prenosu elektrickej energie<\/a><\/p>\n\n\n\n<p>Odpor\u00fa\u010dan\u00e1 literat\u00fara:<\/p>\n\n\n\n<p>1.&nbsp;&nbsp;&nbsp;&nbsp;D\u017emura, J.&nbsp;<em>\u00davod do stability prenosu elektrickej energie<\/em>. In.:TU Ko\u0161ice, 2012. s. 82. ISBN 978-80-553-1184-5.<\/p>\n\n\n\n<p>2.&nbsp;&nbsp;&nbsp;&nbsp;Kolcun, M. akol.: Anal\u00fdza elektriza\u010dnej s\u00fastavy. In.:TU Ko\u0161ice a ABB Elektro, s.r.o., Ko\u0161ice, 2005. \u010das\u0165 III., s. 321-410. ISBN 80-89057-09-861-65-6.<\/p>\n\n\n\n<p>3.&nbsp;&nbsp;&nbsp;&nbsp;Kolcun, M. &#8211; Chladn\u00fd, V. &#8211; Varga, L.:&nbsp;<em>Po\u010d\u00edta\u010dov\u00e1 anal\u00fdza elektriza\u010dn\u00fdch s\u00fastav<\/em>. In.: Mercury-Sm\u00e9kal 2003, 119-153 s, ISBN 80-89061-65-6, EAN 9788089061655.<\/p>\n\n\n\n<p>4.&nbsp;&nbsp;&nbsp;&nbsp;Troj\u00e1nek, Z., H\u00e1jek, J., Kvasnica,P.:&nbsp;<em>P\u0159echodn\u00ed jevy v elektriza\u010dn\u00edch soustav\u00e1ch<\/em>. In.: SNTL\/ALFA Praha, 1987.<\/p>\n\n\n\n<p>5.&nbsp;&nbsp;&nbsp;&nbsp;Kimbark, E. W.:&nbsp;<em>Power system stability<\/em>. In: John Wiley&amp;Sons, NewYork, 1988.<\/p>\n\n\n\n<p>6.&nbsp;&nbsp;&nbsp;&nbsp;Chladn\u00fd, V. &#8211; Bili\u010dka, M.:&nbsp;<em>Prechodn\u00e9 javy v elektriza\u010dn\u00fdch s\u00fastav\u00e1ch<\/em>. In.: ES TU v Ko\u0161iciach, 1991. 177 s. ISBN80-7099-095-3.<\/p>\n","protected":false},"excerpt":{"rendered":"<p>\u0160tudijn\u00fd odbor: Elektrotechnika \u0160tudijn\u00fd program: Elektroenergetika Rozsah: 2\/2 (P\/CN) Po\u010det kreditov: 6 Osoba zodpovedn\u00e1 za predmet: doc. Ing. Jaroslav D\u017emura, PhD. Predn\u00e1\u0161a: doc. Ing. Jaroslav&hellip;<\/p>\n","protected":false},"author":1,"featured_media":0,"parent":448,"menu_order":0,"comment_status":"closed","ping_status":"closed","template":"","meta":[],"_links":{"self":[{"href":"https:\/\/kee.fei.tuke.sk\/index.php?rest_route=\/wp\/v2\/pages\/484"}],"collection":[{"href":"https:\/\/kee.fei.tuke.sk\/index.php?rest_route=\/wp\/v2\/pages"}],"about":[{"href":"https:\/\/kee.fei.tuke.sk\/index.php?rest_route=\/wp\/v2\/types\/page"}],"author":[{"embeddable":true,"href":"https:\/\/kee.fei.tuke.sk\/index.php?rest_route=\/wp\/v2\/users\/1"}],"replies":[{"embeddable":true,"href":"https:\/\/kee.fei.tuke.sk\/index.php?rest_route=%2Fwp%2Fv2%2Fcomments&post=484"}],"version-history":[{"count":2,"href":"https:\/\/kee.fei.tuke.sk\/index.php?rest_route=\/wp\/v2\/pages\/484\/revisions"}],"predecessor-version":[{"id":2581,"href":"https:\/\/kee.fei.tuke.sk\/index.php?rest_route=\/wp\/v2\/pages\/484\/revisions\/2581"}],"up":[{"embeddable":true,"href":"https:\/\/kee.fei.tuke.sk\/index.php?rest_route=\/wp\/v2\/pages\/448"}],"wp:attachment":[{"href":"https:\/\/kee.fei.tuke.sk\/index.php?rest_route=%2Fwp%2Fv2%2Fmedia&parent=484"}],"curies":[{"name":"wp","href":"https:\/\/api.w.org\/{rel}","templated":true}]}}