{"id":481,"date":"2020-08-12T12:42:31","date_gmt":"2020-08-12T10:42:31","guid":{"rendered":"https:\/\/kee.cp2.tuke.sk\/?page_id=481"},"modified":"2025-09-23T10:39:49","modified_gmt":"2025-09-23T08:39:49","slug":"riadenie-prevadzky-elektrizacnej-sustavy","status":"publish","type":"page","link":"https:\/\/kee.fei.tuke.sk\/?page_id=481","title":{"rendered":"Riadenie prev\u00e1dzky elektriza\u010dnej s\u00fastavy"},"content":{"rendered":"\n<figure class=\"wp-block-table is-style-stripes\"><table><tbody><tr><td><strong>\u0160tudijn\u00fd odbor:<\/strong><\/td><td>Elektrotechnika<\/td><\/tr><tr><td><strong>\u0160tudijn\u00fd program:<\/strong><\/td><td>Elektroenergetika<\/td><\/tr><tr><td><strong>Rozsah:<\/strong><\/td><td>2\/2\/1 (P\/CN\/E)<\/td><\/tr><tr><td><strong>Po\u010det kreditov:<\/strong><\/td><td>6<\/td><\/tr><tr><td><strong>Osoba zodpovedn\u00e1 za predmet:<\/strong><\/td><td>doc. Ing. Zsolt \u010conka PhD. <\/td><\/tr><tr><td><strong>Predn\u00e1\u0161a:<\/strong><\/td><td>doc. Ing. Zsolt \u010conka PhD. <\/td><\/tr><tr><td><strong>Cvi\u010d\u00ed:<\/strong><\/td><td>doc. Ing. Zsolt \u010conka PhD.<\/td><\/tr><tr><td><strong>Podmie\u0148uj\u00face predmety:<\/strong><\/td><td>&#8211;<\/td><\/tr><tr><td><strong>Hodnotenie a ukon\u010denie:<\/strong><\/td><td>z\u00e1po\u010det a sk\u00fa\u0161ka.<\/td><\/tr><tr><td><strong>Priebe\u017en\u00e9 hodnotenie:<\/strong><\/td><td>zadanie, p\u00edsomn\u00e1 previerka (rie\u0161enie pr\u00edkladov).<\/td><\/tr><tr><td><strong>Z\u00e1vere\u010dn\u00e9 hodnotenie:<\/strong><\/td><td>sk\u00fa\u0161ka pozost\u00e1vaj\u00faca z p\u00edsomnej a \u00fastnej \u010dasti.<\/td><\/tr><\/tbody><\/table><\/figure>\n\n\n\n<p><strong>Cie\u013e predmetu<\/strong>: Poskytn\u00fa\u0165 z\u00e1kladn\u00e9 poznatky o prev\u00e1dzke elektriza\u010dnej s\u00fastavy v r\u00e1mci ENTSO-E.<\/p>\n\n\n\n<h4>Stru\u010dn\u00e1 osnova predmetu<\/h4>\n\n\n\n<p>1.&nbsp;&nbsp;&nbsp;&nbsp;Z\u00e1kladn\u00e9 po\u017eiadavky na prev\u00e1dzku elektriza\u010dnej s\u00fastavy.<\/p>\n\n\n\n<p>2.&nbsp;&nbsp;&nbsp;&nbsp;Prev\u00e1dzka elektriza\u010dnej s\u00fastavy v r\u00e1mci ENTSO-E.<\/p>\n\n\n\n<p>3.&nbsp;&nbsp;&nbsp;&nbsp;Riadenie kvality elektrickej energie.<\/p>\n\n\n\n<p>4.&nbsp;&nbsp;&nbsp;&nbsp;Riadenie frekvencie a \u010dinn\u00e9ho v\u00fdkonu v elektriza\u010dnej s\u00fastave.<\/p>\n\n\n\n<p>5.&nbsp;&nbsp;&nbsp;&nbsp;Riadenie nap\u00e4tia a jalov\u00e9ho v\u00fdkonu v elektriza\u010dnej s\u00fastave.<\/p>\n\n\n\n<p>6.&nbsp;&nbsp;&nbsp;&nbsp;Inteligentn\u00e9 siete.<\/p>\n\n\n\n<p>7.&nbsp;&nbsp;&nbsp;&nbsp;FACTS zariadenia.<\/p>\n\n\n\n<p>8.&nbsp;&nbsp;&nbsp;&nbsp;Akumul\u00e1cia elektrickej energie.<\/p>\n\n\n\n<p>9.&nbsp;&nbsp;&nbsp;&nbsp;Dispe\u010dersk\u00e9 riadenie v elektriza\u010dnej s\u00fastave SR.<\/p>\n\n\n\n<h4>\u010casov\u00fd rozvrh v\u00fdu\u010dby<\/h4>\n\n\n\n<p>1.&nbsp;&nbsp;&nbsp;&nbsp;Z\u00e1kladn\u00e9 po\u017eiadavky na prev\u00e1dzku elektriza\u010dnej s\u00fastavy (ES).<br><strong>Cv<\/strong>.: Podmienky na udelenie z\u00e1po\u010dtu. \u00davod do riadenia ES SR.<\/p>\n\n\n\n<p>2.&nbsp;&nbsp;&nbsp;&nbsp;Prev\u00e1dzka elektriza\u010dnej s\u00fastavy v r\u00e1mci ENTSO-E.<br><strong>Cv<\/strong>.: Statick\u00e9 charakteristiky zdrojov a za\u0165a\u017eenia. V\u00fdkonov\u00e9 \u010d\u00edslo a statika zdrojov a za\u0165a\u017eenia.<\/p>\n\n\n\n<p>3.&nbsp;&nbsp;&nbsp;&nbsp;Riadenie kvality elektrickej energie. Riadenie frekvencie a \u010dinn\u00e9ho v\u00fdkonu v elektriza\u010dnej s\u00fastave.<br><strong>Cv<\/strong>.: Prim\u00e1rna regul\u00e1cia \u010dinn\u00e9ho v\u00fdkonu a frekvencie (<em>P<\/em>&nbsp;a&nbsp;<em>f<\/em>) v ES. \u00davod do PpS.<\/p>\n\n\n\n<p>4.&nbsp;&nbsp;&nbsp;&nbsp;Riadenie frekvencie a \u010dinn\u00e9ho v\u00fdkonu v elektriza\u010dnej s\u00fastave.<br><strong>Cv<\/strong>.: Sekund\u00e1rna regul\u00e1cia&nbsp;<em>P<\/em>&nbsp;a&nbsp;<em>f<\/em>&nbsp;v ES. Terci\u00e1rna regul\u00e1cia&nbsp;<em>P<\/em>&nbsp;a&nbsp;<em>f<\/em>&nbsp;v ES. Meranie v&nbsp;laborat\u00f3riu SIL<\/p>\n\n\n\n<p>5.&nbsp;&nbsp;&nbsp;&nbsp;Riadenie nap\u00e4tia a jalov\u00e9ho v\u00fdkonu v elektriza\u010dnej s\u00fastave.<br><strong>Cv<\/strong>.: Regul\u00e1cia nap\u00e4tia a jalov\u00e9ho v\u00fdkonu v ES. Meranie v&nbsp;laborat\u00f3riu SIL<\/p>\n\n\n\n<p>6.&nbsp;&nbsp;&nbsp;&nbsp;Riadenie nap\u00e4tia a jalov\u00e9ho v\u00fdkonu v elektriza\u010dnej s\u00fastave.<br><strong>Cv<\/strong>.: Podporn\u00e9 slu\u017eby<\/p>\n\n\n\n<p>7.&nbsp;&nbsp;&nbsp;&nbsp;Podporn\u00e9 slu\u017eby a ich certifik\u00e1cia.<br><strong>Cv<\/strong>.: Imbalance netting.<\/p>\n\n\n\n<p>8.&nbsp;&nbsp;&nbsp;&nbsp;Ve\u013ek\u00e9 poruchy v ES.<br><strong>Cv<\/strong>.: Imbalance netting.<\/p>\n\n\n\n<p>9.&nbsp;&nbsp;&nbsp;&nbsp;Sp\u00f4soby regul\u00e1cie v\u00fdkonov v ES.<br><strong>Cv<\/strong>.: FACTS.<\/p>\n\n\n\n<p>10.&nbsp;Inteligentn\u00e9 siete.<br><strong>Cv<\/strong>.: Inteligentn\u00e9 siete.<\/p>\n\n\n\n<p>11.&nbsp;Sp\u00f4soby akumul\u00e1cie elektrickej energie.<br><strong>Cv<\/strong>.: Akumul\u00e1cia elektrickej energie.<\/p>\n\n\n\n<p>12.&nbsp;Liberaliz\u00e1cia trhu s elektrinou.<br><strong>Cv<\/strong>.: Z\u00e1po\u010dtov\u00e1 p\u00edsomka.<\/p>\n\n\n\n<p>13.&nbsp;Dispe\u010dersk\u00e9 riadenie v ES SR.<br><strong>Cv<\/strong>.: Ude\u013eovanie z\u00e1po\u010dtov.<\/p>\n\n\n\n<p>Exkurzie<\/p>\n\n\n\n<p>Slovensk\u00fd elektroenergetick\u00fd dispe\u010ding SED v \u017diline<\/p>\n\n\n\n<p>Dispe\u010ding VSD, a.s. Ko\u0161ice<\/p>\n\n\n\n<p>Dispe\u010ding VET Tren\u010d\u00edn<\/p>\n\n\n\n<h4>Odpor\u00fa\u010dan\u00e1 literat\u00fara<\/h4>\n\n\n\n<ol><li>Kolcun, M., Griger, V.: Riadenie prev\u00e1dzky elektriza\u010dnej s\u00fastavy, Mercury &#8211; Sm\u00e9kal, Ko\u0161ice, 2003, 288 str\u00e1n, ISBN 80-89061-57-5.<\/li><li>Kolcun, M., Griger, V., Be\u0148a, \u013d., Rusn\u00e1k, J.: Prev\u00e1dzka elektriza\u010dnej s\u00fastavy, Ko\u0161ice TU, 2007, 306 str\u00e1n, ISBN 978-80-8073-837-2.<\/li><\/ol>\n","protected":false},"excerpt":{"rendered":"<p>\u0160tudijn\u00fd odbor: Elektrotechnika \u0160tudijn\u00fd program: Elektroenergetika Rozsah: 2\/2\/1 (P\/CN\/E) Po\u010det kreditov: 6 Osoba zodpovedn\u00e1 za predmet: doc. Ing. Zsolt \u010conka PhD. Predn\u00e1\u0161a: doc. Ing. Zsolt&hellip;<\/p>\n","protected":false},"author":1,"featured_media":0,"parent":448,"menu_order":0,"comment_status":"closed","ping_status":"closed","template":"","meta":[],"_links":{"self":[{"href":"https:\/\/kee.fei.tuke.sk\/index.php?rest_route=\/wp\/v2\/pages\/481"}],"collection":[{"href":"https:\/\/kee.fei.tuke.sk\/index.php?rest_route=\/wp\/v2\/pages"}],"about":[{"href":"https:\/\/kee.fei.tuke.sk\/index.php?rest_route=\/wp\/v2\/types\/page"}],"author":[{"embeddable":true,"href":"https:\/\/kee.fei.tuke.sk\/index.php?rest_route=\/wp\/v2\/users\/1"}],"replies":[{"embeddable":true,"href":"https:\/\/kee.fei.tuke.sk\/index.php?rest_route=%2Fwp%2Fv2%2Fcomments&post=481"}],"version-history":[{"count":6,"href":"https:\/\/kee.fei.tuke.sk\/index.php?rest_route=\/wp\/v2\/pages\/481\/revisions"}],"predecessor-version":[{"id":2580,"href":"https:\/\/kee.fei.tuke.sk\/index.php?rest_route=\/wp\/v2\/pages\/481\/revisions\/2580"}],"up":[{"embeddable":true,"href":"https:\/\/kee.fei.tuke.sk\/index.php?rest_route=\/wp\/v2\/pages\/448"}],"wp:attachment":[{"href":"https:\/\/kee.fei.tuke.sk\/index.php?rest_route=%2Fwp%2Fv2%2Fmedia&parent=481"}],"curies":[{"name":"wp","href":"https:\/\/api.w.org\/{rel}","templated":true}]}}