{"id":469,"date":"2020-08-12T12:38:17","date_gmt":"2020-08-12T10:38:17","guid":{"rendered":"https:\/\/kee.cp2.tuke.sk\/?page_id=469"},"modified":"2025-09-23T10:39:14","modified_gmt":"2025-09-23T08:39:14","slug":"elektricke-siete","status":"publish","type":"page","link":"https:\/\/kee.fei.tuke.sk\/?page_id=469","title":{"rendered":"Elektrick\u00e9 siete"},"content":{"rendered":"\n<figure class=\"wp-block-table is-style-stripes\"><table><tbody><tr><td><strong>\u0160tudijn\u00fd odbor:<\/strong><\/td><td>Elektrotechnika<\/td><\/tr><tr><td><strong>\u0160tudijn\u00fd program:<\/strong><\/td><td>Elektroenergetika<\/td><\/tr><tr><td><strong>Rozsah:<\/strong><\/td><td>2\/1\/1 zs (P\/CN\/PP)<\/td><\/tr><tr><td><strong>Po\u010det kreditov:<\/strong><\/td><td>6<\/td><\/tr><tr><td><strong>Osoba zodpovedn\u00e1 za predmet:<\/strong><\/td><td>doc. Ing. \u013dubom\u00edr Be\u0148a, PhD.<\/td><\/tr><tr><td><strong>Predn\u00e1\u0161a:<\/strong><\/td><td>doc. Ing. \u013dubom\u00edr Be\u0148a, PhD.<\/td><\/tr><tr><td><strong>Cvi\u010d\u00ed:<\/strong><\/td><td>doc. Ing. \u013dubom\u00edr Be\u0148a, PhD., <\/td><\/tr><tr><td><strong>Podmie\u0148uj\u00face predmety:<\/strong><\/td><td>&#8211;<\/td><\/tr><tr><td><strong>Hodnotenie a ukon\u010denie:<\/strong><\/td><td>z\u00e1po\u010det a sk\u00fa\u0161ka.<\/td><\/tr><tr><td><strong>Priebe\u017en\u00e9 hodnotenie:<\/strong><\/td><td>1x obh\u00e1jenie projek\u010dn\u00e9ho zadania, 1x p\u00edsomn\u00e1 pr\u00e1ca.<\/td><\/tr><tr><td><strong>Z\u00e1vere\u010dn\u00e9 hodnotenie:<\/strong><\/td><td>sk\u00fa\u0161ka pozost\u00e1vaj\u00faca z p\u00edsomnej a \u00fastnej \u010dasti.<\/td><\/tr><\/tbody><\/table><\/figure>\n\n\n\n<p><strong>Cie\u013e predmetu<\/strong>:&nbsp;\u0160tudent z\u00edska z\u00e1kladn\u00e9 vedomosti z oblasti elektrick\u00fdch siet\u00ed, konkr\u00e9tne z&nbsp;rie\u0161enia mechanick\u00fdch pomerov a n\u00e1vrhu vonkaj\u0161\u00edch elektrick\u00fdch veden\u00ed (VEV) a z problematiky jednosmern\u00fdch prenosov.<\/p>\n\n\n\n<h4>Stru\u010dn\u00e1 osnova predmetu<\/h4>\n\n\n\n<p>1.&nbsp;&nbsp;&nbsp;&nbsp;Klimatick\u00e9 podmienky mechanick\u00e9ho v\u00fdpo\u010dtu vonkaj\u0161\u00edch elektrick\u00fdch veden\u00ed.<\/p>\n\n\n\n<p>2.&nbsp;&nbsp;&nbsp;&nbsp;V\u00fdpo\u010det mechanick\u00fdch pomerov zavesen\u00e9ho vodi\u010da.<\/p>\n\n\n\n<p>3.&nbsp;&nbsp;&nbsp;&nbsp;Vodi\u010de izol\u00e1tory a armat\u00fary vonkaj\u0161\u00edch elektrick\u00fdch veden\u00ed.<\/p>\n\n\n\n<p>4.&nbsp;&nbsp;&nbsp;&nbsp;Druhy a podmienky dimenzovania sto\u017eiarov vonkaj\u0161\u00edch elektrick\u00fdch veden\u00ed.<\/p>\n\n\n\n<p>5.&nbsp;&nbsp;&nbsp;&nbsp;Prenosov\u00e1 a distribu\u010dn\u00e1 s\u00fastava, medzin\u00e1rodn\u00e1 spolupr\u00e1ca prenosov\u00fdch s\u00fastav.<\/p>\n\n\n\n<p>6.&nbsp;&nbsp;&nbsp;&nbsp;Jednosmern\u00e9 prenosy.<\/p>\n\n\n\n<h4>\u010casov\u00fd rozvrh v\u00fdu\u010dby<\/h4>\n\n\n\n<p>1.&nbsp;&nbsp;&nbsp;&nbsp;Vo\u013eba trasy VEV, rozmiestnenie sto\u017eiarov, ochrann\u00e9 p\u00e1sma veden\u00ed.<br><strong>Cv<\/strong>.: Zadanie. N\u00e1vrh 110 kV vedenia.<\/p>\n\n\n\n<p>2.&nbsp;&nbsp;&nbsp;&nbsp;Vodi\u010de pre VEV.<br><strong>Cv<\/strong>.: V\u00fdpo\u010det kon\u0161t\u00e1nt vodi\u010da, v\u00fdpo\u010det klimatick\u00fdch vplyvov na vodi\u010de.<\/p>\n\n\n\n<p>3.&nbsp;&nbsp;&nbsp;&nbsp;Klimatick\u00e9 podmienky mechanick\u00e9ho v\u00fdpo\u010dtu vodi\u010dov.<br><strong>Cv<\/strong>.: Mechanick\u00fd v\u00fdpo\u010det VEV. S\u00famerne, nes\u00famerne pole.<\/p>\n\n\n\n<p>4.&nbsp;&nbsp;&nbsp;&nbsp;Klimatick\u00e9 podmienky mechanick\u00e9ho v\u00fdpo\u010dtu vodi\u010dov.<br><strong>Cv<\/strong>.: Mechanick\u00fd v\u00fdpo\u010det VEV. Rie\u0161enie kri\u017eovatky. Stavov\u00e1 rovnica.<\/p>\n\n\n\n<p>5.&nbsp;&nbsp;&nbsp;&nbsp;Mechanick\u00fd v\u00fdpo\u010det VEV, s\u00famern\u00e9 pole.<br><strong>Cv<\/strong>.: V\u00fdpo\u010dty jednosmern\u00fdch prenosov.<\/p>\n\n\n\n<p>6.&nbsp;&nbsp;&nbsp;&nbsp;Mechanick\u00fd v\u00fdpo\u010det VEV, nes\u00famern\u00e9 pole.<br><strong>Cv<\/strong>.: Projektov\u00e1 pr\u00e1ca.<\/p>\n\n\n\n<p>7.&nbsp;&nbsp;&nbsp;&nbsp;Mechanick\u00fd v\u00fdpo\u010det VEV, rie\u0161enie kri\u017eovatky.<br><strong>Cv<\/strong>.: Projektov\u00e1 pr\u00e1ca.<\/p>\n\n\n\n<p>8.&nbsp;&nbsp;&nbsp;&nbsp;Stavov\u00e1 rovnica vodi\u010da VEV.<br><strong>Cv<\/strong>.: Projektov\u00e1 pr\u00e1ca.<\/p>\n\n\n\n<p>9.&nbsp;&nbsp;&nbsp;&nbsp;Sto\u017eiare, izol\u00e1tory, armat\u00fary VEV.<br><strong>Cv<\/strong>.: Projektov\u00e1 pr\u00e1ca.<\/p>\n\n\n\n<p>10.&nbsp;Sto\u017eiare VEV, uzem\u0148ovanie sto\u017eiarov, z\u00e1klady sto\u017eiarov.<br><strong>Cv<\/strong>.: Projektov\u00e1 pr\u00e1ca.<\/p>\n\n\n\n<p>11.&nbsp;Prenosov\u00e1 a distribu\u010dn\u00e1 s\u00fastava SR. Jednosmern\u00fd prenos elektrickej energie.<br><strong>Cv<\/strong>.: Projektov\u00e1 pr\u00e1ca.<\/p>\n\n\n\n<p>12.&nbsp;Porovnanie jednosmern\u00fdch a striedav\u00fdch prenosov.<br><strong>Cv<\/strong>.: Z\u00e1po\u010dtov\u00e1 p\u00edsomn\u00e1 pr\u00e1ca.<\/p>\n\n\n\n<p>13.&nbsp;Jednosmern\u00fd prenos elektrickej energie, usporiadanie prenosu.<br><strong>Cv<\/strong>.: Odovzdanie zadania. Z\u00e1po\u010det.<\/p>\n\n\n\n<h4>Odpor\u00fa\u010dan\u00e1 literat\u00fara:<\/h4>\n\n\n\n<p>1.&nbsp;&nbsp;&nbsp;&nbsp;Fecko, \u0160., \u017diaran, J., Varga, L.:&nbsp;<em>Elektrick\u00e9 siete &#8211; Vonkaj\u0161ie silov\u00e9 vedenia<\/em>. SV\u0160T Bratislava, 1990.<\/p>\n\n\n\n<p>2.&nbsp;&nbsp;&nbsp;&nbsp;Varga, L.:&nbsp;<em>Elektrick\u00e9 siete<\/em>. ALFA Bratislava, 1980.<\/p>\n\n\n\n<p>3.&nbsp;&nbsp;&nbsp;&nbsp;Fecko, \u0160. a kol.:&nbsp;<em>Vonkaj\u0161ie elektrick\u00e9 vedenia<\/em>. Renesans s.r.o., Bratislava, 2010.<\/p>\n\n\n\n<p>4.&nbsp;&nbsp;&nbsp;&nbsp;Ilenin, S., Varga, L.:&nbsp;<em>Elektrick\u00e9 siete \u010das\u0165 Vonkaj\u0161ie elektrick\u00e9 vedenia.<\/em>&nbsp;Ko\u0161ice: TU &#8211; 2012. &#8211; 93 s. [CD-ROM]. &#8211; ISBN 978-80-553-1137-1.<\/p>\n\n\n\n<p>5.&nbsp;&nbsp;&nbsp;&nbsp;Ilenin, S., Varga, L.:&nbsp;<em>Elektrick\u00e9 siete \u010das\u0165 Jednosmern\u00e9 prenosy.<\/em>&nbsp;&nbsp;Ko\u0161ice : TU &#8211; 2012. &#8211; 67 s. [CD-ROM]. &#8211; ISBN 978-80-553-1136-4.<\/p>\n\n\n\n<p>6.&nbsp;&nbsp;&nbsp;&nbsp;Ilenin, S., Varga, L.:&nbsp;<em>Elektrick\u00e9 siete V\u00fdpo\u010dty z mechaniky vonkaj\u0161\u00edch elektrick\u00fdch veden\u00ed.<\/em>&nbsp;&nbsp;Ko\u0161ice: TU &#8211; 2015. &#8211; 69 s. [CD-ROM]. &#8211; ISBN 978-80-553-2055-7<\/p>\n","protected":false},"excerpt":{"rendered":"<p>\u0160tudijn\u00fd odbor: Elektrotechnika \u0160tudijn\u00fd program: Elektroenergetika Rozsah: 2\/1\/1 zs (P\/CN\/PP) Po\u010det kreditov: 6 Osoba zodpovedn\u00e1 za predmet: doc. Ing. \u013dubom\u00edr Be\u0148a, PhD. Predn\u00e1\u0161a: doc. Ing.&hellip;<\/p>\n","protected":false},"author":1,"featured_media":0,"parent":448,"menu_order":0,"comment_status":"closed","ping_status":"closed","template":"","meta":[],"_links":{"self":[{"href":"https:\/\/kee.fei.tuke.sk\/index.php?rest_route=\/wp\/v2\/pages\/469"}],"collection":[{"href":"https:\/\/kee.fei.tuke.sk\/index.php?rest_route=\/wp\/v2\/pages"}],"about":[{"href":"https:\/\/kee.fei.tuke.sk\/index.php?rest_route=\/wp\/v2\/types\/page"}],"author":[{"embeddable":true,"href":"https:\/\/kee.fei.tuke.sk\/index.php?rest_route=\/wp\/v2\/users\/1"}],"replies":[{"embeddable":true,"href":"https:\/\/kee.fei.tuke.sk\/index.php?rest_route=%2Fwp%2Fv2%2Fcomments&post=469"}],"version-history":[{"count":3,"href":"https:\/\/kee.fei.tuke.sk\/index.php?rest_route=\/wp\/v2\/pages\/469\/revisions"}],"predecessor-version":[{"id":2579,"href":"https:\/\/kee.fei.tuke.sk\/index.php?rest_route=\/wp\/v2\/pages\/469\/revisions\/2579"}],"up":[{"embeddable":true,"href":"https:\/\/kee.fei.tuke.sk\/index.php?rest_route=\/wp\/v2\/pages\/448"}],"wp:attachment":[{"href":"https:\/\/kee.fei.tuke.sk\/index.php?rest_route=%2Fwp%2Fv2%2Fmedia&parent=469"}],"curies":[{"name":"wp","href":"https:\/\/api.w.org\/{rel}","templated":true}]}}