{"id":465,"date":"2020-08-12T12:34:55","date_gmt":"2020-08-12T10:34:55","guid":{"rendered":"https:\/\/kee.cp2.tuke.sk\/?page_id=465"},"modified":"2025-09-23T10:38:07","modified_gmt":"2025-09-23T08:38:07","slug":"optimalizacia-prevadzky-elektrizacnej-sustavy","status":"publish","type":"page","link":"https:\/\/kee.fei.tuke.sk\/?page_id=465","title":{"rendered":"Optimaliz\u00e1cia prev\u00e1dzky elektriza\u010dnej s\u00fastavy"},"content":{"rendered":"\n<figure class=\"wp-block-table is-style-stripes\"><table><tbody><tr><td><strong>\u0160tudijn\u00fd odbor:<\/strong><\/td><td>Elektrotechnika<\/td><\/tr><tr><td><strong>\u0160tudijn\u00fd program:<\/strong><\/td><td>Elektroenergetika<\/td><\/tr><tr><td><strong>Rozsah:<\/strong><\/td><td>2\/2\/1 (P\/CL\/PP)<\/td><\/tr><tr><td><strong>Po\u010det kreditov:<\/strong><\/td><td>6<\/td><\/tr><tr><td><strong>Osoba zodpovedn\u00e1 za predmet:<\/strong><\/td><td>doc. Ing. \u013dubom\u00edr Be\u0148a, PhD.<\/td><\/tr><tr><td><strong>Predn\u00e1\u0161a:<\/strong><\/td><td>Ing. Samuel Bucko, PhD. <\/td><\/tr><tr><td><strong>Cvi\u010d\u00ed:<\/strong><\/td><td>Ing. Samuel Bucko, PhD.<\/td><\/tr><tr><td><strong>Podmie\u0148uj\u00face predmety:<\/strong><\/td><td>&#8211;<\/td><\/tr><tr><td><strong>Hodnotenie a ukon\u010denie:<\/strong><\/td><td>z\u00e1po\u010det a sk\u00fa\u0161ka.<\/td><\/tr><tr><td><strong>Priebe\u017en\u00e9 hodnotenie:<\/strong><\/td><td>p\u00edsomn\u00e1 pr\u00e1ca, projekt.<\/td><\/tr><tr><td><strong>Z\u00e1vere\u010dn\u00e9 hodnotenie:<\/strong><\/td><td>sk\u00fa\u0161ka.<\/td><\/tr><\/tbody><\/table><\/figure>\n\n\n\n<p><strong>Cie\u013e predmetu<\/strong>: Obozn\u00e1mi\u0165 sa s matematick\u00fdm modelovan\u00edm ust\u00e1len\u00fdch chodov a met\u00f3dami ich rie\u0161enia ako \u00falohy a s rie\u0161en\u00edm optimaliza\u010dn\u00fdch \u00faloh v elektriza\u010dnej s\u00fastave.<\/p>\n\n\n\n<h4>Stru\u010dn\u00e1 osnova predmetu<\/h4>\n\n\n\n<ol><li>Modelovanie prvkov v elektriza\u010dnej s\u00fastave.<\/li><li>Met\u00f3dy rie\u0161enia kr\u00e1tkych siet\u00ed.<\/li><li>Line\u00e1rne matematick\u00e9 modely ust\u00e1len\u00fdch chodov elektriza\u010dnej s\u00fastavy.<\/li><li>Neline\u00e1rne matematick\u00e9 modely ust\u00e1len\u00fdch chodov elektriza\u010dnej s\u00fastavy.<\/li><li>Met\u00f3dy rie\u0161enia ust\u00e1len\u00fdch chodov v elektriza\u010dnej s\u00fastave pre line\u00e1rne modely.<\/li><li>Met\u00f3dy rie\u0161enia ust\u00e1len\u00fdch chodov v elektriza\u010dnej s\u00fastave pre neline\u00e1rne modely.<\/li><li>Komplexn\u00e1 anal\u00fdza elektriza\u010dnej s\u00fastavy.<\/li><li>Hospod\u00e1rne rozde\u013eovanie za\u0165a\u017eenia v elektriza\u010dnej s\u00fastave (bez a s uva\u017eovan\u00edm str\u00e1t v sie\u0165ach).<\/li><li>Komplexn\u00e1 optimaliz\u00e1cia.<\/li><\/ol>\n\n\n\n<h4>\u010casov\u00fd rozvrh v\u00fdu\u010dby<\/h4>\n\n\n\n<ol><li>Z\u00e1kladn\u00e9 pojmy o elektriza\u010dnej s\u00fastave (ES). Z\u00e1kladn\u00e9 typy a problematika elektrick\u00fdch siet\u00ed.<br><strong>Cv<\/strong>.: Podmienky na udelenie z\u00e1po\u010dtu. \u00davod do problematiky ust\u00e1len\u00fdch chodov (UCH) v ES.<\/li><li>Topol\u00f3gia elektrick\u00fdch siet\u00ed pre v\u00fdpo\u010det ust\u00e1len\u00e9ho chodu.<br><strong>Cv<\/strong>.: Maticov\u00fd po\u010det pre rie\u0161enie UCH v ES v programe MATLAB.<\/li><li>Met\u00f3da uzlov\u00fdch nap\u00e4t\u00ed (MUN).<br><strong>Cv<\/strong>.: MUN.<\/li><li>Met\u00f3da slu\u010dkov\u00fdch pr\u00fadov (MSP).<br><strong>Cv<\/strong>.: MSP.<\/li><li>Modely prvkov ES. Klasifik\u00e1cia uzlov v ES. Matematick\u00fd model ust\u00e1len\u00e9ho chodu v ES. V\u00fdpo\u010det ust\u00e1len\u00e9ho chodu pomocou Gaussovej elimina\u010dnej met\u00f3dy (GEM).<br><strong>Cv<\/strong>.: Zadanie \u010d. 1.Gaussova elimina\u010dn\u00e1 met\u00f3da.<\/li><li>V\u00fdpo\u010det UCH pomocou Gauss-Seidlovej met\u00f3dy. Konvergencia Gauss-Seidlovej met\u00f3dy.<br><strong>Cv<\/strong>.: Gauss-Seidlova met\u00f3da.<\/li><li>V\u00fdpo\u010det UCH pomocou Newtonovej itera\u010dnej met\u00f3dy.<br><strong>Cv<\/strong>.: Newtonova itera\u010dn\u00e1 met\u00f3da.<\/li><li>Rie\u0161enie UCH v zlo\u017eit\u00fdch ES. Rie\u0161enie UCH ako \u00faloha on line. V\u00fdpo\u010det rozdelenia pr\u00fadov, v\u00fdkonov a str\u00e1t v ES.<br><strong>Cv<\/strong>.: V\u00fdpo\u010det rozdelenia pr\u00fadov, v\u00fdkonov a str\u00e1t v ES. Softv\u00e9rov\u00e9 prostriedky na v\u00fdpo\u010det UCH v ES v praxi.<\/li><li>Hospod\u00e1rne rozde\u013eovanie za\u0165a\u017eenia v ES.<br><strong>Cv<\/strong>.: P\u00edsomn\u00e1 previerka. Zadanie \u010d. 2.<\/li><li>Hospod\u00e1rne rozde\u013eovanie za\u0165a\u017eenia v ES s uva\u017eovan\u00edm str\u00e1t v sie\u0165ach.<br><strong>Cv<\/strong>.: Hospod\u00e1rne rozde\u013eovanie za\u0165a\u017eenia v ES s uva\u017eovan\u00edm str\u00e1t v sie\u0165ach.<\/li><li>Hospod\u00e1rne rozde\u013eovanie za\u0165a\u017eenia v ES (hydro-tepeln\u00e1 s\u00fastava).<br><strong>Cv<\/strong>.: Hospod\u00e1rne rozde\u013eovanie za\u0165a\u017eenia v ES (hydro-tepeln\u00e1 s\u00fastava).<\/li><li>Komplexn\u00e1 anal\u00fdza ES.<br><strong>Cv<\/strong>.: Odovzdanie zadania \u010d. 2 a \u010d. 1.<\/li><li>Liberaliz\u00e1cia trhu s elektrinou.<br><strong>Cv<\/strong>.: Z\u00e1po\u010det.<\/li><\/ol>\n\n\n\n<h4>Dokumenty u\u017eito\u010dn\u00e9 na sk\u00fa\u0161ku<\/h4>\n\n\n\n<ol><li><a href=\"https:\/\/kee.fei.tuke.sk\/images\/dokumenty\/elektrarne\/otazky_na_kuskuOPES.doc\">Ot\u00e1zky na sk\u00fa\u0161ku<\/a>.<\/li><li>\u00daloha a postavenie SEPS na trhu s elektrinou (doplni\u0165 nov\u00fd s\u00fabor) (predn\u00e1\u0161ka: Ing. J. Kubinec).<\/li><\/ol>\n\n\n\n<h4>Odpor\u00fa\u010dan\u00e1 literat\u00fara<\/h4>\n\n\n\n<ol><li>Kolcun, M., Be\u0148a, \u013d., M\u00e9sz\u00e1ros, A.:&nbsp;<em>Optimaliz\u00e1cia prev\u00e1dzky elektriza\u010dnej s\u00fastavy<\/em>. 1. vyd., Ko\u0161ice: TU, 2009, 265 s, ISBN 978-80-553-0323-9.<\/li><\/ol>\n","protected":false},"excerpt":{"rendered":"<p>\u0160tudijn\u00fd odbor: Elektrotechnika \u0160tudijn\u00fd program: Elektroenergetika Rozsah: 2\/2\/1 (P\/CL\/PP) Po\u010det kreditov: 6 Osoba zodpovedn\u00e1 za predmet: doc. Ing. \u013dubom\u00edr Be\u0148a, PhD. Predn\u00e1\u0161a: Ing. Samuel Bucko,&hellip;<\/p>\n","protected":false},"author":1,"featured_media":0,"parent":448,"menu_order":0,"comment_status":"closed","ping_status":"closed","template":"","meta":[],"_links":{"self":[{"href":"https:\/\/kee.fei.tuke.sk\/index.php?rest_route=\/wp\/v2\/pages\/465"}],"collection":[{"href":"https:\/\/kee.fei.tuke.sk\/index.php?rest_route=\/wp\/v2\/pages"}],"about":[{"href":"https:\/\/kee.fei.tuke.sk\/index.php?rest_route=\/wp\/v2\/types\/page"}],"author":[{"embeddable":true,"href":"https:\/\/kee.fei.tuke.sk\/index.php?rest_route=\/wp\/v2\/users\/1"}],"replies":[{"embeddable":true,"href":"https:\/\/kee.fei.tuke.sk\/index.php?rest_route=%2Fwp%2Fv2%2Fcomments&post=465"}],"version-history":[{"count":8,"href":"https:\/\/kee.fei.tuke.sk\/index.php?rest_route=\/wp\/v2\/pages\/465\/revisions"}],"predecessor-version":[{"id":2576,"href":"https:\/\/kee.fei.tuke.sk\/index.php?rest_route=\/wp\/v2\/pages\/465\/revisions\/2576"}],"up":[{"embeddable":true,"href":"https:\/\/kee.fei.tuke.sk\/index.php?rest_route=\/wp\/v2\/pages\/448"}],"wp:attachment":[{"href":"https:\/\/kee.fei.tuke.sk\/index.php?rest_route=%2Fwp%2Fv2%2Fmedia&parent=465"}],"curies":[{"name":"wp","href":"https:\/\/api.w.org\/{rel}","templated":true}]}}