{"id":462,"date":"2020-08-12T12:33:46","date_gmt":"2020-08-12T10:33:46","guid":{"rendered":"https:\/\/kee.cp2.tuke.sk\/?page_id=462"},"modified":"2025-09-23T10:41:02","modified_gmt":"2025-09-23T08:41:02","slug":"kvalita-a-spolahlivost-dodavky-elektrickej-energie","status":"publish","type":"page","link":"https:\/\/kee.fei.tuke.sk\/?page_id=462","title":{"rendered":"Kvalita a spo\u013eahlivos\u0165 dod\u00e1vky elektrickej energie"},"content":{"rendered":"\n<figure class=\"wp-block-table is-style-stripes\"><table><tbody><tr><td><strong>\u0160tudijn\u00fd odbor:<\/strong><\/td><td>Elektrotechnika<\/td><\/tr><tr><td><strong>\u0160tudijn\u00fd program:<\/strong><\/td><td>Elektroenergetika<\/td><\/tr><tr><td><strong>Rozsah:<\/strong><\/td><td>2\/1\/1 zs (P\/CN\/CL)<\/td><\/tr><tr><td><strong>Po\u010det kreditov:<\/strong><\/td><td>6<\/td><\/tr><tr><td><strong>Osoba zodpovedn\u00e1 za predmet:<\/strong><\/td><td>doc. Dr. Ing. Bystr\u00edk Doln\u00edk <\/td><\/tr><tr><td><strong>Predn\u00e1\u0161a:<\/strong><\/td><td>doc. Dr. Ing. Bystr\u00edk Doln\u00edk<\/td><\/tr><tr><td><strong>Cvi\u010d\u00ed:<\/strong><\/td><td>doc. Dr. Ing. Bystr\u00edk Doln\u00edk<\/td><\/tr><tr><td><strong>Podmie\u0148uj\u00face predmety:<\/strong><\/td><td>&#8211;<\/td><\/tr><tr><td><strong>Hodnotenie a ukon\u010denie:<\/strong><\/td><td>z\u00e1po\u010det a sk\u00fa\u0161ka.<\/td><\/tr><tr><td><strong>Priebe\u017en\u00e9 hodnotenie:<\/strong><\/td><td>p\u00edsomn\u00fd test.<\/td><\/tr><tr><td><strong>Z\u00e1vere\u010dn\u00e9 hodnotenie:<\/strong><\/td><td>\u00fastna sk\u00fa\u0161ka.<\/td><\/tr><\/tbody><\/table><\/figure>\n\n\n\n<p><strong>Cie\u013e predmetu<\/strong>: V r\u00e1mci predmetu sa \u0161tudenti obozn\u00e1mia so z\u00e1kladn\u00fdmi ukazovate\u013emi kvality elektriny (prep\u00e4tia, dlhodob\u00e9 zmeny nap\u00e4t\u00ed, kr\u00e1tkodob\u00e9 zmeny nap\u00e4t\u00ed, kol\u00edsanie nap\u00e4tia, nesymetria nap\u00e4tia, deform\u00e1cia nap\u00e4\u0165ovej vlny, kol\u00edsanie frekvencie), pr\u00ed\u010dinami vzniku nekvalitnej elektriny, ich negat\u00edvnymi \u00fa\u010dinkami na zariadenia a sp\u00f4sobmi elimin\u00e1cie ich negat\u00edvnych \u00fa\u010dinkov. V r\u00e1mci cvi\u010den\u00ed bud\u00fa realizovan\u00e9 merania z\u00e1kladn\u00fdch ukazovate\u013eov kvality elektriny. \u0160tudenti tie\u017e z\u00edskaj\u00fa poznatky z oblasti spo\u013eahlivosti dod\u00e1vky elektrickej energie ako aj s met\u00f3dami jej v\u00fdpo\u010dtu.<\/p>\n\n\n\n<h4>Stru\u010dn\u00e1 osnova predmetu<\/h4>\n\n\n\n<ol><li>Defin\u00edcie z\u00e1kladn\u00fdch ukazovate\u013eov kvality elektriny.<\/li><li>Vznik, \u00fa\u010dinky a sp\u00f4soby elimin\u00e1cie dlhodob\u00fdch zmien nap\u00e4t\u00ed.<\/li><li>Vznik, \u00fa\u010dinky a sp\u00f4soby elimin\u00e1cie kr\u00e1tkodob\u00fdvh zmien nap\u00e4t\u00ed.<\/li><li>Vznik, \u00fa\u010dinky a sp\u00f4soby elimin\u00e1cie kol\u00edsania frekvencie.<\/li><li>Vznik, \u00fa\u010dinky a sp\u00f4soby elimin\u00e1cie kol\u00edsania nap\u00e4tia.<\/li><li>Vznik, \u00fa\u010dinky a sp\u00f4soby elimin\u00e1cie deformovan\u00fdch priebehov nap\u00e4t\u00ed.<\/li><li>Vznik, \u00fa\u010dinky a sp\u00f4soby elimin\u00e1cie nesymetrie nap\u00e4tia.<\/li><li>Vznik, \u00fa\u010dinky a sp\u00f4soby elimin\u00e1cie prep\u00e4t\u00ed.<\/li><li>Meranie z\u00e1kladn\u00fdch ukazovate\u013eov kvality elektriny.<\/li><li>\u00davod do te\u00f3rie spo\u013eahlivosti.<\/li><li>Hlavn\u00e9 spo\u013eahlivostn\u00e9 ukazovatele.<\/li><li>Met\u00f3dy rie\u0161enia spo\u013eahlivostn\u00fdch v\u00fdpo\u010dtov.<\/li><li>Spo\u013eahlivostne orientovan\u00e1 \u00fadr\u017eba (RCM).<\/li><li>Ur\u010denie optim\u00e1lnej spo\u013eahlivosti.<\/li><\/ol>\n\n\n\n<h4>\u010casov\u00fd rozvrh v\u00fdu\u010dby<\/h4>\n\n\n\n<ol><li>\u00davod do predmetu, defin\u00edcia kvality elektriny, cena za zn\u00ed\u017een\u00fa kvalitu elektriny. Z\u00e1kladn\u00e9 ukazovatele kvality elektriny, ich defin\u00edcia a delenie &#8211; \u010das\u0165 I.<br><strong>Cv<\/strong>.: Podmienky udelenia z\u00e1po\u010dtu, cie\u013e predmetu, \u00favod k cvi\u010deniam, bezpe\u010dnos\u0165 pr\u00e1ce. V\u00fdpo\u010dty z oblasti kompenz\u00e1cie \u00fa\u010dinn\u00edka.<\/li><li>Z\u00e1kladn\u00e9 ukazovatele kvality elektriny, ich defin\u00edcia a delenie &#8211; \u010das\u0165 II. Defin\u00edcia \u00fa\u010dinn\u00edka, v\u00fdhody kompenz\u00e1cie, sp\u00f4soby kompenz\u00e1cie.<br><strong>Cv<\/strong>.: Meranie a regul\u00e1cia \u00fa\u010dinn\u00edka na modeli siete. Obozn\u00e1menie sa s \u010dinnos\u0165ou analyz\u00e1tora siete BK550 a uk\u00e1\u017eka merania.<\/li><li>Defin\u00edcia nesymetrie nap\u00e4tia, d\u00f4vody vzniku nesymetrie nap\u00e4tia, negat\u00edvne \u00fa\u010dinky nesymetrie a sp\u00f4soby zn\u00ed\u017eenia jeho negat\u00edvnych \u00fa\u010dinkov. Defin\u00edcia vy\u0161\u0161\u00edch harmonick\u00fdch (VH), vznik VH v nap\u00e4t\u00ed a pr\u00fade.<br><strong>Cv<\/strong>.: Realiz\u00e1cia meran\u00ed analyz\u00e1torom siete BK550. Spracovanie a postprocessing nameran\u00fdch d\u00e1t analyz\u00e1torom siete BK550.<\/li><li>Negat\u00edvne \u00fa\u010dinky deformovan\u00fdch priebehov nap\u00e4t\u00ed a pr\u00fadov. Sp\u00f4soby elimin\u00e1cie negat\u00edvnych \u00fa\u010dinkov deformovan\u00fdch priebehov nap\u00e4t\u00ed a pr\u00fadov &#8211; \u010das\u0165 I.<br><strong>Cv<\/strong>.: Exkurzia. Rie\u0161enie zadania.<\/li><li>Sp\u00f4soby elimin\u00e1cie negat\u00edvnych \u00fa\u010dinkov deformovan\u00fdch priebehov nap\u00e4t\u00ed a pr\u00fadov &#8211; \u010das\u0165 II. Defin\u00edcia prep\u00e4t\u00ed, \u00fa\u010dinky existencie prep\u00e4t\u00ed, elimin\u00e1cia prep\u00e4t\u00ed.<br><strong>Cv<\/strong>.: P\u00edsomka. Realiz\u00e1cia meran\u00ed prep\u00e4t\u00ed pomocou tranzientn\u00e9ho zapisova\u010da, spracovanie a anal\u00fdza merania.<\/li><li>Kol\u00edsanie nap\u00e4tia, flicker efekt, negat\u00edvne \u00fa\u010dinky kol\u00edsania nap\u00e4tia, sp\u00f4soby elimin\u00e1cie flickra. Defin\u00edcia poklesov nap\u00e4t\u00ed, \u0161\u00edrenie sa poklesov nap\u00e4t\u00ed v sie\u0165ach, negat\u00edvne \u00fa\u010dinky poklesov nap\u00e4t\u00ed. Elimin\u00e1cia negat\u00edvnych \u00fa\u010dinkov poklesov nap\u00e4t\u00ed, technick\u00e9 prostriedky elimin\u00e1cie poklesov.Klimatick\u00e9 podmienky mechanick\u00e9ho v\u00fdpo\u010dtu vodi\u010dov.<br><strong>Cv<\/strong>.:&nbsp;<em>Z\u00e1po\u010dtov\u00e1 p\u00edsomka<\/em>. Realiz\u00e1cia merania flickra a \u00farovne sign\u00e1lu HDO, spracovanie a anal\u00fdza merania. V\u00fdpo\u010det \u0161\u00edrenia sa poklesov nap\u00e4t\u00ed v elektrick\u00fdch sie\u0165ach.<\/li><li>\u00davod do te\u00f3rie spo\u013eahlivosti. Z\u00e1kladn\u00e9 pojmy a defin\u00edcie.<br><strong>Cv<\/strong>.: Matematick\u00fd apar\u00e1t z oblasti \u0161tatistiky pre spo\u013eahlivostn\u00e9 v\u00fdpo\u010dty.<\/li><li>Hlavn\u00e9 spo\u013eahlivostn\u00e9 ukazovatele.<br><strong>Cv<\/strong>.: V\u00fdpo\u010det hlavn\u00fdch spo\u013eahlivostn\u00fdch ukazovate\u013eov.<\/li><li>Met\u00f3dy z\u00edskavania vstupn\u00fdch d\u00e1t pre v\u00fdpo\u010det spo\u013eahlivosti v sie\u0165ach.<br><strong>Cv<\/strong>.: V\u00fdpo\u010det pravdepodobnosti bezporuchovej prev\u00e1dzky energetick\u00fdch syst\u00e9mov.<\/li><li>Met\u00f3dy v\u00fdpo\u010dtu spo\u013eahlivosti siet\u00ed.<br><strong>Cv<\/strong>.: Zadanie \u010d. 1.<\/li><li>Prvkov\u00e1 spo\u013eahlivos\u0165. Ukazovatele spo\u013eahlivosti dod\u00e1vky elektrickej energie (SAIFI, SAIDI, CAIDI, ASAI).<br><strong>Cv<\/strong>.: V\u00fdpo\u010det ukazovate\u013eov SAIFI, SAIDI, CAIDI, ASAI.<\/li><li>Spo\u013eahlivostn\u00e9 orientovan\u00e1 \u00fadr\u017eba (RCM).<br><strong>Cv<\/strong>.:&nbsp;<em>Z\u00e1po\u010dtov\u00e1 p\u00edsomka<\/em>. Odovzdanie zadania \u010d.1.<\/li><li>Ur\u010denie optim\u00e1lnej spo\u013eahlivosti.<br><strong>Cv<\/strong>.: Vyu\u017eitie v\u00fdpo\u010dtovej techniky pri spo\u013eahlivostn\u00fdch v\u00fdpo\u010dtoch. Z\u00e1po\u010det.<\/li><\/ol>\n\n\n\n<h4>Odpor\u00fa\u010dan\u00e1 literat\u00fara:<\/h4>\n\n\n\n<ol><li>Dugan, R., McGranaghan, M., Beauty, W.:&nbsp;<em>Electrical Power Systems Quality<\/em>.<\/li><li>Schlabbach, J., Blume, D, Stephanblome, T.:&nbsp;<em>Voltage Quality in Electrical Power Systems<\/em>.<\/li><li>Szathm\u00e1ry, P.:&nbsp;<em>Kvalita elektrickej energie<\/em>&nbsp;1. PRO, s.r.o., Bansk\u00e1 Bystrica, s.122, 2003, ISBN 80-89057-04-7.<\/li><li>Szathm\u00e1ry, P.:&nbsp;<em>Spo\u013eahlivos\u0165 a kvalita elektrickej energie<\/em>. Ko\u0161ice, 2003. ISBN 80-89061-66-4.<\/li><li>Kov\u00e1cs, Z., Szathm\u00e1ry, P.:&nbsp;<em>Spo\u013eahlivos\u0165 a kvalita elektrickej energie<\/em>. Ko\u0161ice, 2006. ISBN 80-8073-620-0.<\/li><li>T\u016fma a kol.:&nbsp;<em>Spolehlivost v elektroenergetice<\/em>. \u010cVUT, Praha. 2006.<\/li><li>Mart\u00ednek, Z., H\u00e1jek, J:&nbsp;<em>Teorie spolehlivosti v energetice<\/em>. Z\u010cU, Plze\u0148. 2002.<\/li><\/ol>\n","protected":false},"excerpt":{"rendered":"<p>\u0160tudijn\u00fd odbor: Elektrotechnika \u0160tudijn\u00fd program: Elektroenergetika Rozsah: 2\/1\/1 zs (P\/CN\/CL) Po\u010det kreditov: 6 Osoba zodpovedn\u00e1 za predmet: doc. Dr. Ing. Bystr\u00edk Doln\u00edk Predn\u00e1\u0161a: doc. Dr.&hellip;<\/p>\n","protected":false},"author":1,"featured_media":0,"parent":448,"menu_order":0,"comment_status":"closed","ping_status":"closed","template":"","meta":[],"_links":{"self":[{"href":"https:\/\/kee.fei.tuke.sk\/index.php?rest_route=\/wp\/v2\/pages\/462"}],"collection":[{"href":"https:\/\/kee.fei.tuke.sk\/index.php?rest_route=\/wp\/v2\/pages"}],"about":[{"href":"https:\/\/kee.fei.tuke.sk\/index.php?rest_route=\/wp\/v2\/types\/page"}],"author":[{"embeddable":true,"href":"https:\/\/kee.fei.tuke.sk\/index.php?rest_route=\/wp\/v2\/users\/1"}],"replies":[{"embeddable":true,"href":"https:\/\/kee.fei.tuke.sk\/index.php?rest_route=%2Fwp%2Fv2%2Fcomments&post=462"}],"version-history":[{"count":6,"href":"https:\/\/kee.fei.tuke.sk\/index.php?rest_route=\/wp\/v2\/pages\/462\/revisions"}],"predecessor-version":[{"id":2583,"href":"https:\/\/kee.fei.tuke.sk\/index.php?rest_route=\/wp\/v2\/pages\/462\/revisions\/2583"}],"up":[{"embeddable":true,"href":"https:\/\/kee.fei.tuke.sk\/index.php?rest_route=\/wp\/v2\/pages\/448"}],"wp:attachment":[{"href":"https:\/\/kee.fei.tuke.sk\/index.php?rest_route=%2Fwp%2Fv2%2Fmedia&parent=462"}],"curies":[{"name":"wp","href":"https:\/\/api.w.org\/{rel}","templated":true}]}}