{"id":459,"date":"2020-08-12T12:32:24","date_gmt":"2020-08-12T10:32:24","guid":{"rendered":"https:\/\/kee.cp2.tuke.sk\/?page_id=459"},"modified":"2025-09-23T10:37:04","modified_gmt":"2025-09-23T08:37:04","slug":"automatizacia-v-elektroenergetike","status":"publish","type":"page","link":"https:\/\/kee.fei.tuke.sk\/?page_id=459","title":{"rendered":"Automatiz\u00e1cia v elektroenergetike"},"content":{"rendered":"\n<figure class=\"wp-block-table is-style-stripes\"><table><tbody><tr><td><strong>\u0160tudijn\u00fd odbor:<\/strong><\/td><td>Elektrotechnika<\/td><\/tr><tr><td><strong>\u0160tudijn\u00fd program:<\/strong><\/td><td>Elektroenergetika<\/td><\/tr><tr><td><strong>Rozsah:<\/strong><\/td><td>2\/1\/1 zs (P\/CN\/PP)<\/td><\/tr><tr><td><strong>Po\u010det kreditov:<\/strong><\/td><td>6<\/td><\/tr><tr><td><strong>Osoba zodpovedn\u00e1 za predmet:<\/strong><\/td><td>prof. Ing. Roman Cimbala, PhD.<\/td><\/tr><tr><td><strong>Predn\u00e1\u0161a:<\/strong><\/td><td>prof. Ing. Roman Cimbala, PhD.<\/td><\/tr><tr><td><strong>Cvi\u010d\u00ed:<\/strong><\/td><td>Ing. Jozef Kir\u00e1ly, PhD.<\/td><\/tr><tr><td><strong>Podmie\u0148uj\u00face predmety:<\/strong><\/td><td>&#8211;<\/td><\/tr><tr><td><strong>Hodnotenie a ukon\u010denie:<\/strong><\/td><td>z\u00e1po\u010det a sk\u00fa\u0161ka.<\/td><\/tr><tr><td><strong>Priebe\u017en\u00e9 hodnotenie:<\/strong><\/td><td>p\u00edsomn\u00e1 previerka, vypracovanie zadania.<\/td><\/tr><tr><td><strong>Z\u00e1vere\u010dn\u00e9 hodnotenie:<\/strong><\/td><td>sk\u00fa\u0161ka.<\/td><\/tr><\/tbody><\/table><\/figure>\n\n\n\n<p><strong>Cie\u013e predmetu<\/strong>: Obozn\u00e1mi\u0165 \u0161tudentov s automatizovan\u00fdmi syst\u00e9mami riadenia a merania v prev\u00e1dzke elektr\u00e1rn\u00ed s nasaden\u00edm SCADA, MES, ERP syst\u00e9mov. Z\u00edska\u0165 z\u00e1kladn\u00e9 teoretick\u00e9 a aplika\u010dn\u00e9 inform\u00e1cie o riaden\u00ed technologick\u00fdch procesov vo v\u00fdrobniach elektrickej energie s uplatnen\u00edm modern\u00fdch met\u00f3d pri hardv\u00e9rovej a softv\u00e9rovej implement\u00e1cii automatiz\u00e1cie.<\/p>\n\n\n\n<p>Stru\u010dn\u00e1 osnova predmetu<\/p>\n\n\n\n<p>1.&nbsp;&nbsp;&nbsp;&nbsp;Z\u00e1kladn\u00e9 pojmy te\u00f3rie automatiz\u00e1cie a riadenia.<\/p>\n\n\n\n<p>2.&nbsp;&nbsp;&nbsp;&nbsp;Vyu\u017eitie Laplaceovej transform\u00e1cie pre n\u00e1vrh regula\u010dn\u00fdch obvodov.<\/p>\n\n\n\n<p>3.&nbsp;&nbsp;&nbsp;&nbsp;Matematick\u00e9 modely syst\u00e9mov.<\/p>\n\n\n\n<p>4.&nbsp;&nbsp;&nbsp;&nbsp;Algebra prenosov\u00fdch funkci\u00ed.<\/p>\n\n\n\n<p>5.&nbsp;&nbsp;&nbsp;&nbsp;Prechodov\u00e1 funkcia a charakteristika.<\/p>\n\n\n\n<p>6.&nbsp;&nbsp;&nbsp;&nbsp;Impulzn\u00e1 funkcia a charakteristika.<\/p>\n\n\n\n<p>7.&nbsp;&nbsp;&nbsp;&nbsp;Riadenie spojit\u00fdch procesov v elektr\u00e1r\u0148ach a tepl\u00e1r\u0148ach.<\/p>\n\n\n\n<p>8.&nbsp;&nbsp;&nbsp;&nbsp;Preh\u013ead automatiz\u00e1cie v elektr\u00e1r\u0148ach a pr\u00edklady.<\/p>\n\n\n\n<p>9.&nbsp;&nbsp;&nbsp;&nbsp;Typy s\u00fastav a&nbsp;riadenia v elektroenergetike.<\/p>\n\n\n\n<p>10.&nbsp;Hierarchia v&nbsp;automatiz\u00e1cii.<\/p>\n\n\n\n<p>11.&nbsp;Architekt\u00fara riadiacich syst\u00e9mov.<\/p>\n\n\n\n<p>12.&nbsp;Pr\u00edstroje, ak\u010dn\u00e9 \u010dleny a&nbsp;senzory v&nbsp;elektroenergetike.<\/p>\n\n\n\n<p>13.&nbsp;PID regul\u00e1tory<\/p>\n\n\n\n<p>14.&nbsp;Automatiz\u00e1cia v&nbsp;jadrov\u00fdch elektr\u00e1r\u0148ach.<\/p>\n\n\n\n<p>15.&nbsp;&nbsp;Automatiz\u00e1cia v tepeln\u00fdch elektr\u00e1r\u0148ach.<\/p>\n\n\n\n<p>16.&nbsp;Automatiz\u00e1cia v prev\u00e1dzke obnovite\u013en\u00fdch zdrojov.<\/p>\n\n\n\n<p>17.&nbsp;Smart metering, Smart grid, Smart home, Smart city.<\/p>\n\n\n\n<p>\u010casov\u00fd rozvrh v\u00fdu\u010dby<\/p>\n\n\n\n<p>1.&nbsp;&nbsp;&nbsp;&nbsp;Z\u00e1kladn\u00e9 pojmy te\u00f3rie automatiz\u00e1cie a riadenia.<br><strong>Cv<\/strong>.: \u00davod do problematiky, podmienky na udelenie z\u00e1po\u010dtu, udelenie zadan\u00ed.<\/p>\n\n\n\n<p>2.&nbsp;&nbsp;&nbsp;&nbsp;Vyu\u017eitie Laplaceovej transform\u00e1cie pre rie\u0161enie technologick\u00fdch procesov elektr\u00e1r\u0148ach a&nbsp;tepl\u00e1r\u0148ach pop\u00edsan\u00fdch vstupno-v\u00fdstupnou diferenci\u00e1lnou rovnicou.<br><strong>Cv<\/strong>.:&nbsp;Hlavn\u00e1 elektrick\u00e1 sch\u00e9ma elektr\u00e1rne.<\/p>\n\n\n\n<p>3.&nbsp;&nbsp;&nbsp;&nbsp;Matematick\u00e9 modely technologick\u00fdch syst\u00e9mov v elektroenergetike.<br><strong>Cv<\/strong>.:&nbsp;Elektrick\u00e1 sch\u00e9ma bloku.<\/p>\n\n\n\n<p>4.&nbsp;&nbsp;&nbsp;&nbsp;Algebra prenosov\u00fdch funkci\u00ed.<br><strong>Cv<\/strong>.:&nbsp;N\u00e1vrh blokov\u00e9ho transform\u00e1tora.<\/p>\n\n\n\n<p>5.&nbsp;&nbsp;&nbsp;&nbsp;Prechodov\u00e1 funkcia a charakteristika.<br><strong>Cv<\/strong>.:&nbsp;Elektrick\u00e1 sch\u00e9ma spolo\u010dn\u00fdch \u010dast\u00ed elektr\u00e1rne.<\/p>\n\n\n\n<p>6.&nbsp;&nbsp;&nbsp;&nbsp;Impulzn\u00e1 funkcia a charakteristika.<br><strong>Cv<\/strong>.:&nbsp;Elektrick\u00e1 sch\u00e9ma spolo\u010dn\u00fdch \u010dast\u00ed elektr\u00e1rne, n\u00e1vrh transform\u00e1torov spolo\u010dnej rozvodne.<\/p>\n\n\n\n<p>7.&nbsp;&nbsp;&nbsp;&nbsp;Riadenie spojit\u00fdch procesov.<br><strong>Cv<\/strong>.:&nbsp;Kontrola samonabiehania najv\u00e4\u010d\u0161ieho motora vo VS.<\/p>\n\n\n\n<p>8.&nbsp;&nbsp;&nbsp;&nbsp;Regul\u00e1tory a n\u00e1vrh regula\u010dn\u00fdch obvodov.<br><strong>Cv<\/strong>.:&nbsp;Kontrola samonabiehania skupiny motorov vo VS.<\/p>\n\n\n\n<p>9.&nbsp;&nbsp;&nbsp;&nbsp;Automatiz\u00e1cia technologick\u00fdch procesov v jadrov\u00fdch a tepeln\u00fdch elektr\u00e1r\u0148ach a obnovite\u013en\u00fdch zdrojov.<br><strong>Cv<\/strong>.:&nbsp;P\u00edsomn\u00e1 previerka.<\/p>\n\n\n\n<p>10.&nbsp;Typy s\u00fastav a riadenia, architekt\u00fara riadiacich syst\u00e9mov.<br><strong>Cv<\/strong>.:&nbsp;Kontrola n\u00e1behu zdrojov s uva\u017eovan\u00edm re\u00e1lnej siete.<\/p>\n\n\n\n<p>11.&nbsp;SCADA, MES, ERP syst\u00e9my.<br><strong>Cv<\/strong>.: Kontrola zadania.<\/p>\n\n\n\n<p>12.&nbsp;Smartgrid, smartmetering, smartcity.<br><strong>Cv<\/strong>.: Opravn\u00e1 p\u00edsomka.<\/p>\n\n\n\n<p>13.&nbsp;Perspekt\u00edvy rozvoja a nasadenia prostriedkov automatizovan\u00e9ho riadenia.<br><strong>Cv<\/strong>.: Z\u00e1po\u010det.<\/p>\n\n\n\n<p>Odpor\u00fa\u010dan\u00e1 literat\u00fara:<\/p>\n\n\n\n<p>1.&nbsp;&nbsp;&nbsp;&nbsp;Hulk\u00f3 G., Belav\u00fd C., Noga P., Ondrejkovi\u010d K.:&nbsp;<em>Riadenie technologick\u00fdch a v\u00fdrobn\u00fdch procesov ako syst\u00e9mov s rozlo\u017een\u00fdmi parametrami s podporou virtu\u00e1lnych softv\u00e9rov\u00fdch prostred\u00ed<\/em>, monografia, Vydavate\u013estvo: STU, 2015.<\/p>\n\n\n\n<p>2.&nbsp;&nbsp;&nbsp;&nbsp;Bako\u0161ov\u00e1, M. , Fikar, M.:&nbsp;<em>Riadenie procesov<\/em>. Vydavate\u013estvo: STU, 2012.<\/p>\n","protected":false},"excerpt":{"rendered":"<p>\u0160tudijn\u00fd odbor: Elektrotechnika \u0160tudijn\u00fd program: Elektroenergetika Rozsah: 2\/1\/1 zs (P\/CN\/PP) Po\u010det kreditov: 6 Osoba zodpovedn\u00e1 za predmet: prof. Ing. Roman Cimbala, PhD. Predn\u00e1\u0161a: prof. Ing.&hellip;<\/p>\n","protected":false},"author":1,"featured_media":0,"parent":448,"menu_order":0,"comment_status":"closed","ping_status":"closed","template":"","meta":[],"_links":{"self":[{"href":"https:\/\/kee.fei.tuke.sk\/index.php?rest_route=\/wp\/v2\/pages\/459"}],"collection":[{"href":"https:\/\/kee.fei.tuke.sk\/index.php?rest_route=\/wp\/v2\/pages"}],"about":[{"href":"https:\/\/kee.fei.tuke.sk\/index.php?rest_route=\/wp\/v2\/types\/page"}],"author":[{"embeddable":true,"href":"https:\/\/kee.fei.tuke.sk\/index.php?rest_route=\/wp\/v2\/users\/1"}],"replies":[{"embeddable":true,"href":"https:\/\/kee.fei.tuke.sk\/index.php?rest_route=%2Fwp%2Fv2%2Fcomments&post=459"}],"version-history":[{"count":5,"href":"https:\/\/kee.fei.tuke.sk\/index.php?rest_route=\/wp\/v2\/pages\/459\/revisions"}],"predecessor-version":[{"id":2574,"href":"https:\/\/kee.fei.tuke.sk\/index.php?rest_route=\/wp\/v2\/pages\/459\/revisions\/2574"}],"up":[{"embeddable":true,"href":"https:\/\/kee.fei.tuke.sk\/index.php?rest_route=\/wp\/v2\/pages\/448"}],"wp:attachment":[{"href":"https:\/\/kee.fei.tuke.sk\/index.php?rest_route=%2Fwp%2Fv2%2Fmedia&parent=459"}],"curies":[{"name":"wp","href":"https:\/\/api.w.org\/{rel}","templated":true}]}}