{"id":448,"date":"2020-08-11T14:03:51","date_gmt":"2020-08-11T12:03:51","guid":{"rendered":"https:\/\/kee.cp2.tuke.sk\/?page_id=448"},"modified":"2026-01-19T08:35:48","modified_gmt":"2026-01-19T07:35:48","slug":"elektroenergetika-ing","status":"publish","type":"page","link":"https:\/\/kee.fei.tuke.sk\/?page_id=448","title":{"rendered":"In\u017einierske \u0161t\u00fadium"},"content":{"rendered":"\n<p><strong><em><a href=\"https:\/\/kee.fei.tuke.sk\/?page_id=2626\" target=\"_blank\" rel=\"noreferrer noopener\">T\u00e9my Diplomov\u00fdch pr\u00e1c pre AR 2026\/2027<\/a><\/em><\/strong><\/p>\n\n\n\n<p><strong>1. ro\u010dn\u00edk<\/strong>,<strong> in\u017einiersky stupe\u0148<\/strong><\/p>\n\n\n\n<figure class=\"wp-block-table is-style-stripes\"><table class=\"has-fixed-layout\"><thead><tr><th><strong>Zimn\u00fd semester<\/strong><\/th><th><strong>Letn\u00fd semester<\/strong><\/th><\/tr><\/thead><tbody><tr><td><a href=\"https:\/\/kee.fei.tuke.sk\/?page_id=459\"><strong>Automatiz\u00e1cia v elektroenergetike<\/strong><\/a><\/td><td>Diplomov\u00fd projekt<\/td><\/tr><tr><td><a rel=\"noreferrer noopener\" href=\"https:\/\/kee.fei.tuke.sk\/?page_id=2543\" target=\"_blank\"><strong>Elektromobilita<\/strong><\/a><\/td><td><a href=\"https:\/\/kee.fei.tuke.sk\/?page_id=481\"><strong>Riadenie prev\u00e1dzky elektriza\u010dnej s\u00fastavy<\/strong><\/a><\/td><\/tr><tr><td><a href=\"https:\/\/kee.fei.tuke.sk\/?page_id=465\"><strong>Optimaliz\u00e1cia prev\u00e1dzky elektriza\u010dnej s\u00fastavy<\/strong><\/a><\/td><td><a href=\"https:\/\/kee.fei.tuke.sk\/?page_id=484\"><strong>Stabilita prenosu elektrickej energie<\/strong><\/a><\/td><\/tr><tr><td><a href=\"https:\/\/kee.fei.tuke.sk\/?page_id=493\"><strong>Diagnostika a profylaktika v elektroenergetike<\/strong><\/a><\/td><td>*<a href=\"https:\/\/kee.fei.tuke.sk\/?page_id=487\"><strong>Odborn\u00e1 prax v podniku 2<\/strong><\/a><\/td><\/tr><tr><td>*<strong><a href=\"https:\/\/kee.fei.tuke.sk\/?page_id=473\">Modelovanie v elektroenergetike<\/a><\/strong><\/td><td>*<a href=\"https:\/\/kee.fei.tuke.sk\/?page_id=462\"><strong>Kvalita a spo\u013eahlivos\u0165 dod\u00e1vky elektrickej energie<\/strong><\/a><\/td><\/tr><tr><td>*<a href=\"https:\/\/kee.fei.tuke.sk\/?page_id=469\"><strong>Elektrick\u00e9 siete<\/strong><\/a><\/td><td>*V\u00fdkonov\u00e1 elektronika<\/td><\/tr><tr><td><\/td><td>*Numerick\u00e1 matematika pravdepodobnos\u0165 a matematick\u00e1 \u0161tatistika<\/td><\/tr><tr><td>*PV (povinne volite\u013en\u00fd predmet)<\/td><td><\/td><\/tr><\/tbody><\/table><\/figure>\n\n\n\n<p><strong>2. ro\u010dn\u00edk<\/strong>,<strong> in\u017einiersky stupe\u0148<\/strong><\/p>\n\n\n\n<figure class=\"wp-block-table is-style-stripes\"><table class=\"has-fixed-layout\"><thead><tr><th><strong>Zimn\u00fd semester<\/strong><\/th><th><strong>Letn\u00fd semester<\/strong><\/th><\/tr><\/thead><tbody><tr><td>Diplomov\u00fd projekt 2<\/td><td>Hlavn\u00e9 poznatky \u0161tudijn\u00e9ho odboru elektrotechnika a ich vyu\u017eitie<\/td><\/tr><tr><td><a href=\"https:\/\/kee.fei.tuke.sk\/?page_id=494\"><strong>Syst\u00e9my chr\u00e1nenia v elektriza\u010dnej s\u00fastave<\/strong><\/a><\/td><td>Diplomov\u00e1 pr\u00e1ca (\u0160S)<\/td><\/tr><tr><td><a href=\"https:\/\/kee.fei.tuke.sk\/?page_id=2548\" target=\"_blank\" rel=\"noreferrer noopener\"><strong>Big data v elektroenergetike<\/strong><\/a><\/td><td><a href=\"https:\/\/kee.fei.tuke.sk\/?page_id=706\"><strong>Riadenie energetick\u00fdch podnikov<\/strong><\/a><\/td><\/tr><tr><td>*<a href=\"https:\/\/kee.fei.tuke.sk\/?page_id=495\"><strong>Automatizovan\u00e9 elektroin\u0161tala\u010dn\u00e9 syst\u00e9my<\/strong><\/a><\/td><td>Pracovn\u00e9 a obchodn\u00e9 pr\u00e1vo<\/td><\/tr><tr><td>*<a href=\"https:\/\/kee.fei.tuke.sk\/?page_id=496\"><strong>Elektromagnetick\u00e1 kompatibilita<\/strong><\/a><\/td><td><\/td><\/tr><tr><td>*<a href=\"https:\/\/kee.fei.tuke.sk\/?page_id=497\"><strong>Projektovanie v elektroenergetike<\/strong><\/a><\/td><td><\/td><\/tr><tr><td>*PV (povinne volite\u013en\u00fd predmet)<\/td><td><\/td><\/tr><\/tbody><\/table><\/figure>\n\n\n\n<p><\/p>\n","protected":false},"excerpt":{"rendered":"<p>T\u00e9my Diplomov\u00fdch pr\u00e1c pre AR 2026\/2027 1. ro\u010dn\u00edk, in\u017einiersky stupe\u0148 Zimn\u00fd semester Letn\u00fd semester Automatiz\u00e1cia v elektroenergetike Diplomov\u00fd projekt Elektromobilita Riadenie prev\u00e1dzky elektriza\u010dnej s\u00fastavy Optimaliz\u00e1cia&hellip;<\/p>\n","protected":false},"author":1,"featured_media":0,"parent":181,"menu_order":0,"comment_status":"closed","ping_status":"closed","template":"","meta":[],"_links":{"self":[{"href":"https:\/\/kee.fei.tuke.sk\/index.php?rest_route=\/wp\/v2\/pages\/448"}],"collection":[{"href":"https:\/\/kee.fei.tuke.sk\/index.php?rest_route=\/wp\/v2\/pages"}],"about":[{"href":"https:\/\/kee.fei.tuke.sk\/index.php?rest_route=\/wp\/v2\/types\/page"}],"author":[{"embeddable":true,"href":"https:\/\/kee.fei.tuke.sk\/index.php?rest_route=\/wp\/v2\/users\/1"}],"replies":[{"embeddable":true,"href":"https:\/\/kee.fei.tuke.sk\/index.php?rest_route=%2Fwp%2Fv2%2Fcomments&post=448"}],"version-history":[{"count":33,"href":"https:\/\/kee.fei.tuke.sk\/index.php?rest_route=\/wp\/v2\/pages\/448\/revisions"}],"predecessor-version":[{"id":2628,"href":"https:\/\/kee.fei.tuke.sk\/index.php?rest_route=\/wp\/v2\/pages\/448\/revisions\/2628"}],"up":[{"embeddable":true,"href":"https:\/\/kee.fei.tuke.sk\/index.php?rest_route=\/wp\/v2\/pages\/181"}],"wp:attachment":[{"href":"https:\/\/kee.fei.tuke.sk\/index.php?rest_route=%2Fwp%2Fv2%2Fmedia&parent=448"}],"curies":[{"name":"wp","href":"https:\/\/api.w.org\/{rel}","templated":true}]}}