{"id":436,"date":"2020-08-11T13:54:33","date_gmt":"2020-08-11T11:54:33","guid":{"rendered":"https:\/\/kee.cp2.tuke.sk\/?page_id=436"},"modified":"2025-09-23T10:34:01","modified_gmt":"2025-09-23T08:34:01","slug":"elektricke-ochrany-v-elektrizacnej-sustave","status":"publish","type":"page","link":"https:\/\/kee.fei.tuke.sk\/?page_id=436","title":{"rendered":"Elektrick\u00e9 ochrany v elektriza\u010dnej s\u00fastave"},"content":{"rendered":"\n<figure class=\"wp-block-table is-style-stripes\"><table><tbody><tr><td><strong>\u0160tudijn\u00fd odbor:<\/strong><\/td><td>Elektrotechnika<\/td><\/tr><tr><td><strong>\u0160tudijn\u00fd program:<\/strong><\/td><td>Elektroenergetika<\/td><\/tr><tr><td><strong>Rozsah:<\/strong><\/td><td>2\/3&nbsp; (P\/CL)<\/td><\/tr><tr><td><strong>Po\u010det kreditov:<\/strong><\/td><td>6<\/td><\/tr><tr><td><strong>Osoba zodpovedn\u00e1 za predmet:<\/strong><\/td><td>doc. Ing. Zsolt \u010conka, PhD. <\/td><\/tr><tr><td><strong>Predn\u00e1\u0161a:<\/strong><\/td><td>doc. Ing. Zsolt \u010conka, PhD.<\/td><\/tr><tr><td><strong>Cvi\u010d\u00ed:<\/strong><\/td><td>doc. Ing. Zsolt \u010conka, PhD., Ing. R\u00f3bert \u0160tefko, PhD., Ing. Marek Bob\u010dek<\/td><\/tr><tr><td><strong>Podmie\u0148uj\u00face predmety:<\/strong><\/td><td>&#8211;<\/td><\/tr><tr><td><strong>Hodnotenie a ukon\u010denie:<\/strong><\/td><td>z\u00e1po\u010det a sk\u00fa\u0161ka.<\/td><\/tr><tr><td><strong>Priebe\u017en\u00e9 hodnotenie:<\/strong><\/td><td>p\u00edsomn\u00e9 testy, protokoly z meran\u00ed.<\/td><\/tr><tr><td><strong>Z\u00e1vere\u010dn\u00e9 hodnotenie:<\/strong><\/td><td>sk\u00fa\u0161ka pozost\u00e1va z p\u00edsomnej a \u00fastnej \u010dasti.<\/td><\/tr><\/tbody><\/table><\/figure>\n\n\n\n<p><strong>Cie\u013e predmetu<\/strong>: \u0160tudent z\u00edska z\u00e1kladn\u00e9 vedomosti z oblasti princ\u00edpov anal\u00f3gov\u00fdch a digit\u00e1lnych ochr\u00e1n, sp\u00f4sobov chr\u00e1nenia elektrick\u00fdch veden\u00ed a elektrick\u00fdch strojov.<\/p>\n\n\n\n<h4>Stru\u010dn\u00e1 osnova predmetu<\/h4>\n\n\n\n<ol><li>Elektrick\u00e9 ochrany, ochrann\u00e9 z\u00f3ny, po\u017eiadavky na ochrany, sekund\u00e1rne ochrany, princ\u00edpy \u010dinnosti.<\/li><li>Digit\u00e1lne ochrany.<\/li><li>Pr\u00edstrojov\u00e9 transform\u00e1tory pr\u00fadu, pr\u00edstrojov\u00e9 transform\u00e1tory nap\u00e4tia, senzory, pou\u017e\u00edvan\u00e9 zapojenia transform\u00e1torov pr\u00fadu a nap\u00e4tia pre \u00fa\u010dely istenia a merania el. veli\u010d\u00edn.<\/li><li>Prev\u00e1dzka elektrick\u00fdch siet\u00ed, ochrany veden\u00ed, op\u00e4tovn\u00e9 zap\u00ednanie, ochrany pr\u00edpojn\u00edc.<\/li><li>Ochrany synchr\u00f3nnych gener\u00e1torov, transform\u00e1torov a elektrick\u00fdch motorov.<\/li><\/ol>\n\n\n\n<h4>\u010casov\u00fd rozvrh v\u00fdu\u010dby<\/h4>\n\n\n\n<ol><li>Elektrick\u00e9 ochrany, v\u00fdvojov\u00e9 stupne, z\u00f3ny chr\u00e1nenia, po\u017eiadavky na ochrany.<br><strong>Cv<\/strong>.: Podmienky pre udelenie z\u00e1po\u010dtov, bezpe\u010dnos\u0165 pr\u00e1ce v laborat\u00f3riu, pokyny pre cvi\u010denia. Technick\u00e9 overovanie \u010dinnosti ochr\u00e1n.<\/li><li>Z\u00e1kladn\u00e9 \u010dl\u00e1nky ochrany, kon\u0161truk\u010dn\u00e9 rie\u0161enie digit\u00e1lnych ochr\u00e1n.<br><strong>Cv<\/strong>.: Meranie menovitej spotreby, pr\u00eddr\u017en\u00e9ho pomeru, doby, rozptylu a chyby rel\u00e9.<\/li><li>Pr\u00edstrojov\u00e9 transform\u00e1tory pr\u00fadu a nap\u00e4tia, pou\u017e\u00edvan\u00e9 zapojenia PTP a PTN. senzory pr\u00fadu a nap\u00e4tia.<br><strong>Cv<\/strong>.: Meranie na pr\u00edstrojov\u00fdch transform\u00e1toroch pr\u00fadu priamou met\u00f3dou.<\/li><li>Typy por\u00fach na elektrick\u00fdch vedeniach, krit\u00e9ri\u00e1 chr\u00e1nenia elektrick\u00fdch veden\u00ed.<br><strong>Cv<\/strong>.: Meranie na pr\u00edstrojov\u00fdch transform\u00e1toroch pr\u00fadu nepriamou met\u00f3dou a ur\u010denie hodn\u00f4t&nbsp;<em>U<\/em><sub>lim<\/sub>,&nbsp;<em>I<\/em><sub>lim<\/sub>.<\/li><li>Ochrany elektrick\u00fdch veden\u00ed, nastavenie ochr\u00e1n proti pre\u0165a\u017eeniu a skratom.<br><strong>Cv<\/strong>.: Meranie na nadpr\u00fadov\u00fdch nez\u00e1visl\u00fdch ochran\u00e1ch AT31, AM32X.<\/li><li>Distan\u010dn\u00e9 ochrany veden\u00ed.<br><strong>Cv<\/strong>.: Meranie distan\u010dnej ochrany vvn veden\u00ed D114.<\/li><li>Ochrany proti zemn\u00fdm spojeniam. Ochrany pr\u00edpojn\u00edc. Automatiky op\u00e4tovn\u00e9ho zap\u00ednania.<br><strong>Cv<\/strong>.: Nastavovanie el. parametrov a meranie na digit\u00e1lnych ochran\u00e1ch typu SPAJ141C, SPAD346C, SPAM150C a typu REF543.<\/li><li>Ochrany synchr\u00f3nnych gener\u00e1torov.<br><strong>Cv<\/strong>.: Meranie na digit\u00e1lnych ochran\u00e1ch vo VSE, a.s.<\/li><li>Ochrany transform\u00e1torov.<br><strong>Cv<\/strong>.: Digit\u00e1lne ochrann\u00e9 termin\u00e1ly.<\/li><li>Ochrany synchr\u00f3nnych a asynchr\u00f3nnych motorov.<br><strong>Cv<\/strong>.: Z\u00e1po\u010det.<\/li><\/ol>\n\n\n\n<h4>Odpor\u00fa\u010dan\u00e1 literat\u00fara<\/h4>\n\n\n\n<ol><li>\u0160tefko, R.: <em>\u00davod do parametriz\u00e1cie ochrann\u00fdch rel\u00e9<\/em>. In.: TUKE Ko\u0161ice, 2022, 53 s, ISBN: 978-80-553-4066-1, [<a href=\"https:\/\/kee.fei.tuke.sk\/wp-content\/uploads\/2022\/05\/Uvod-do-parametrizacie-ochrannych-rele.pdf\">Link<\/a>].<\/li><li>\u0160tefko, R.: <em>Introduction to the parameterization of protection relays<\/em>. In.: TUKE Ko\u0161ice, 2022, 53 s, ISBN:&nbsp;978-80-553-4065-4, [<a href=\"https:\/\/kee.fei.tuke.sk\/wp-content\/uploads\/2022\/05\/Introduction-to-the-parameterization-of-protection-relays.pdf\">Link<\/a>].<\/li><li>Jan\u00ed\u010dek, F. et al.:&nbsp;<em>Digit\u00e1lne ochrany v elektriza\u010dnej s\u00fastave<\/em>. In.: Vydavate\u013estvo STU Bratislava, 2004, 360s. ISBN80-227-2135-2.<\/li><li>Dohn\u00e1lek, P.:&nbsp;<em>Ochrany pro pr\u016fmysl a energetiku<\/em>. In.: SNTL Praha, 1991.<\/li><li>Chladn\u00fd, V., Hud\u00e1k, D.:&nbsp;<em>Ochrany v elektriza\u010dn\u00fdch s\u00fastav\u00e1ch<\/em>. In.: ALFA Bratislava, 1977.<\/li><li>Chladn\u00fd, V.:&nbsp;<em>Ochrany v elektriza\u010dn\u00fdch s\u00fastav\u00e1ch<\/em>. N\u00e1vody na cvi\u010denia. In.: ES TU Ko\u0161ice, 1992.<\/li><li>Dohn\u00e1lek, P.:&nbsp;<em>Provoz a \u00fadr\u017eba ochran v energetice<\/em>. In.: SNTL Praha, 1989.<\/li><\/ol>\n","protected":false},"excerpt":{"rendered":"<p>\u0160tudijn\u00fd odbor: Elektrotechnika \u0160tudijn\u00fd program: Elektroenergetika Rozsah: 2\/3&nbsp; (P\/CL) Po\u010det kreditov: 6 Osoba zodpovedn\u00e1 za predmet: doc. Ing. Zsolt \u010conka, PhD. Predn\u00e1\u0161a: doc. Ing. Zsolt&hellip;<\/p>\n","protected":false},"author":1,"featured_media":0,"parent":197,"menu_order":0,"comment_status":"closed","ping_status":"closed","template":"","meta":[],"_links":{"self":[{"href":"https:\/\/kee.fei.tuke.sk\/index.php?rest_route=\/wp\/v2\/pages\/436"}],"collection":[{"href":"https:\/\/kee.fei.tuke.sk\/index.php?rest_route=\/wp\/v2\/pages"}],"about":[{"href":"https:\/\/kee.fei.tuke.sk\/index.php?rest_route=\/wp\/v2\/types\/page"}],"author":[{"embeddable":true,"href":"https:\/\/kee.fei.tuke.sk\/index.php?rest_route=\/wp\/v2\/users\/1"}],"replies":[{"embeddable":true,"href":"https:\/\/kee.fei.tuke.sk\/index.php?rest_route=%2Fwp%2Fv2%2Fcomments&post=436"}],"version-history":[{"count":7,"href":"https:\/\/kee.fei.tuke.sk\/index.php?rest_route=\/wp\/v2\/pages\/436\/revisions"}],"predecessor-version":[{"id":2569,"href":"https:\/\/kee.fei.tuke.sk\/index.php?rest_route=\/wp\/v2\/pages\/436\/revisions\/2569"}],"up":[{"embeddable":true,"href":"https:\/\/kee.fei.tuke.sk\/index.php?rest_route=\/wp\/v2\/pages\/197"}],"wp:attachment":[{"href":"https:\/\/kee.fei.tuke.sk\/index.php?rest_route=%2Fwp%2Fv2%2Fmedia&parent=436"}],"curies":[{"name":"wp","href":"https:\/\/api.w.org\/{rel}","templated":true}]}}