{"id":415,"date":"2020-08-11T13:30:34","date_gmt":"2020-08-11T11:30:34","guid":{"rendered":"https:\/\/kee.cp2.tuke.sk\/?page_id=415"},"modified":"2025-09-23T10:29:39","modified_gmt":"2025-09-23T08:29:39","slug":"premeny-elektrickej-energie","status":"publish","type":"page","link":"https:\/\/kee.fei.tuke.sk\/?page_id=415","title":{"rendered":"Premeny elektrickej energie"},"content":{"rendered":"\n<figure class=\"wp-block-table is-style-stripes\"><table><tbody><tr><td><strong>\u0160tudijn\u00fd odbor:<\/strong><\/td><td>Elektrotechnika<\/td><\/tr><tr><td><strong>\u0160tudijn\u00fd program:<\/strong><\/td><td>Elektroenergetika<\/td><\/tr><tr><td><strong>Rozsah:<\/strong><\/td><td>2\/2 (P\/S)<\/td><\/tr><tr><td><strong>Po\u010det kreditov:<\/strong><\/td><td>6<\/td><\/tr><tr><td><strong>Osoba zodpovedn\u00e1 za predmet:<\/strong><\/td><td>doc. Ing. Du\u0161an Medve\u010f, PhD.<\/td><\/tr><tr><td><strong>Predn\u00e1\u0161a:<\/strong><\/td><td>doc. Ing. Du\u0161an Medve\u010f, PhD.<\/td><\/tr><tr><td><strong>Cvi\u010d\u00ed:<\/strong><\/td><td>doc. Ing. Du\u0161an Medve\u010f, PhD.<\/td><\/tr><tr><td><strong>Podmie\u0148uj\u00face predmety:<\/strong><\/td><td>&#8211;<\/td><\/tr><tr><td><strong>Hodnotenie a ukon\u010denie:<\/strong><\/td><td>z\u00e1po\u010det a sk\u00fa\u0161ka.<\/td><\/tr><tr><td><strong>Priebe\u017en\u00e9 hodnotenie:<\/strong><\/td><td>2 testy.<\/td><\/tr><tr><td><strong>Z\u00e1vere\u010dn\u00e9 hodnotenie:<\/strong><\/td><td>\u00fastna a p\u00edsomn\u00e1 sk\u00fa\u0161ka.<\/td><\/tr><\/tbody><\/table><\/figure>\n\n\n\n<p><strong>Cie\u013e predmetu<\/strong>: Z\u00edskanie z\u00e1kladn\u00fdch vedomost\u00ed z premien elektrickej energie na koncov\u00e9 u\u017eito\u010dn\u00e9 formy (mechanick\u00fa, sveteln\u00fa, chemick\u00fa a tepeln\u00fa). Osvojenie si poznatkov a n\u00e1vykov ved\u00facich k racion\u00e1lnej spotrebe koncov\u00fdch foriem energie.<\/p>\n\n\n\n<h4>Stru\u010dn\u00e1 osnova predmetu<\/h4>\n\n\n\n<ol><li>Fyzik\u00e1lne princ\u00edpy premeny elektrickej energie na koncov\u00e9 formy.<\/li><li>Energetick\u00e1 n\u00e1ro\u010dnos\u0165 jednotliv\u00fdch druhov premien.<\/li><li>Elektromechanick\u00e1 premena.<\/li><li>Elektrochemick\u00e1 premena &#8211; elektrol\u00fdza, termick\u00e1 elektrol\u00fdza, vyu\u017eitie.<\/li><li>Elektrotepeln\u00e1 premena &#8211; fyzik\u00e1lne met\u00f3dy ohrevov.<\/li><li>Elektrosveteln\u00e1 premena &#8211; elektrick\u00e9 zdroje svetla.<\/li><li>Racionaliz\u00e1cia spotreby elektrickej energie.<\/li><\/ol>\n\n\n\n<h4>\u010casov\u00fd rozvrh v\u00fdu\u010dby<\/h4>\n\n\n\n<ol><li>&nbsp;&nbsp; &nbsp;&nbsp;&nbsp;&nbsp;&nbsp;&nbsp;Energia, jej formy a premeny. Elektrick\u00e1 energia.<strong>&nbsp;Cv<\/strong>.: Energetick\u00e1 bilancia premien.&nbsp; 2.&nbsp;&nbsp;&nbsp;&nbsp;Elektrick\u00e1 energia a&nbsp;jej premeny na koncov\u00e9 formy. Z\u00e1kladn\u00e9 pojmy z&nbsp;termodynamiky.<strong>&nbsp;Cv<\/strong>.: Z\u00e1klady termokinetiky.&nbsp; 3.&nbsp;&nbsp;&nbsp;&nbsp;Prenos energie, rovnice \u0161\u00edrenia energie. V\u0161eobecn\u00e1 rovnica prenosu energie.<strong>&nbsp;Cv<\/strong>.: Teplotn\u00e9 pole v tuhom prostred\u00ed.&nbsp; 4.&nbsp;&nbsp;&nbsp;&nbsp;Energia elektromagnetick\u00e9ho po\u013ea a&nbsp;jej prenos.<strong>&nbsp;Cv<\/strong>.: Prenos tepla \u017eiaren\u00edm, s\u00e1lanie tepla.&nbsp; 5.&nbsp;&nbsp;&nbsp;&nbsp;Vlnov\u00e9 rovnice elektromagnetick\u00e9ho po\u013ea.<strong>&nbsp;Cv<\/strong>.: Pr\u00edklady na vlnov\u00e9 rovnice EMP.&nbsp; 6.&nbsp;&nbsp;&nbsp;Premena elektrickej energie na sveteln\u00fa energiu.<strong>&nbsp;Cv<\/strong>.: Test \u010d. 1.&nbsp; 7.&nbsp;&nbsp;&nbsp;&nbsp;Generovanie svetla v&nbsp;elektrick\u00fdch sveteln\u00fdch zdrojoch.<strong>&nbsp;Cv<\/strong>.: Meranie v&nbsp;laborat\u00f3riu SmartIndustryLab \u2013 Meranie \u00fa\u010dinnosti premeny elektrickej energie na in\u00fa formu energie s uva\u017eovan\u00edm miesta premeny v sieti nn&nbsp; 8.&nbsp;&nbsp;&nbsp;&nbsp;Premena elektrickej energie na tepeln\u00fa energiu.<strong>&nbsp;Cv<\/strong>.: V\u00fdpo\u010det elektrick\u00fdch str\u00e1t.&nbsp; 9.&nbsp;&nbsp;&nbsp;&nbsp;Krit\u00e9ri\u00e1 triedenia elektrick\u00fdch ohrevov.<strong>&nbsp;Cv<\/strong>.: N\u00e1vrh a&nbsp;v\u00fdpo\u010det v\u00fdhrevn\u00fdch \u010dl\u00e1nkov.&nbsp;10.&nbsp;Premena elektrickej energie na chemick\u00fa energiu. Elektrolyz\u00e9ry, galvanick\u00e9 \u010dl\u00e1nky, elektrochemick\u00e9 palivov\u00e9 \u010dl\u00e1nky.<strong>&nbsp;Cv<\/strong>.: Elektrochemick\u00e1 premena.&nbsp;11.&nbsp;Premena elektrickej energie na mechanick\u00fa energiu.<strong>&nbsp;Cv<\/strong>.: Elektromechanick\u00e1 premena.&nbsp;12.&nbsp;Aplik\u00e1cie vyu\u017e\u00edvania tepla, kombinovan\u00e1 v\u00fdroba tepla a&nbsp;elektrickej energie. Stirlingov motor, organick\u00fd Rankinov cyklus, termo\u010dl\u00e1nok, Peltierov \u010dl\u00e1nok.<strong>&nbsp;Cv<\/strong>.: Test \u010d.2.&nbsp;13.&nbsp;Elektrick\u00e9 straty a&nbsp;racionaliz\u00e1cia spotreby elektrickej energie.<strong>&nbsp;Cv<\/strong>.: Z\u00e1po\u010det.<\/li><\/ol>\n\n\n\n<h4>Odpor\u00fa\u010dan\u00e1 literat\u00fara<\/h4>\n\n\n\n<ol type=\"1\"><li>Nov\u00e1k, P. &#8211; Medve\u010f, D.:&nbsp;<em>Premeny elektrickej energie<\/em>. &#8211; Ko\u0161ice : Technick\u00e1 univerzita &#8211; 2012. &#8211; 194 s. &#8211; ISBN 978-80-553-0883-8 (ISBN 978-80-8143-030-5).<\/li><li>Medve\u010f, D.:&nbsp;<em>Premeny elektrickej energie &#8211; Zbierka pr\u00edkladov I<\/em>. Ko\u0161ice : Technick\u00e1 univerzita &#8211; 2014. &#8211; 88 s. ISBN 978-80-553-1803-5.<\/li><li>Nov\u00e1k, P.:&nbsp;<em>Elektrick\u00e9 teplo<\/em>. Ko\u0161ice. Equilibria. 2010. ISBN978-80-89284-48-1.<\/li><\/ol>\n","protected":false},"excerpt":{"rendered":"<p>\u0160tudijn\u00fd odbor: Elektrotechnika \u0160tudijn\u00fd program: Elektroenergetika Rozsah: 2\/2 (P\/S) Po\u010det kreditov: 6 Osoba zodpovedn\u00e1 za predmet: doc. Ing. Du\u0161an Medve\u010f, PhD. Predn\u00e1\u0161a: doc. Ing. Du\u0161an&hellip;<\/p>\n","protected":false},"author":1,"featured_media":0,"parent":197,"menu_order":0,"comment_status":"closed","ping_status":"closed","template":"","meta":[],"_links":{"self":[{"href":"https:\/\/kee.fei.tuke.sk\/index.php?rest_route=\/wp\/v2\/pages\/415"}],"collection":[{"href":"https:\/\/kee.fei.tuke.sk\/index.php?rest_route=\/wp\/v2\/pages"}],"about":[{"href":"https:\/\/kee.fei.tuke.sk\/index.php?rest_route=\/wp\/v2\/types\/page"}],"author":[{"embeddable":true,"href":"https:\/\/kee.fei.tuke.sk\/index.php?rest_route=\/wp\/v2\/users\/1"}],"replies":[{"embeddable":true,"href":"https:\/\/kee.fei.tuke.sk\/index.php?rest_route=%2Fwp%2Fv2%2Fcomments&post=415"}],"version-history":[{"count":4,"href":"https:\/\/kee.fei.tuke.sk\/index.php?rest_route=\/wp\/v2\/pages\/415\/revisions"}],"predecessor-version":[{"id":2563,"href":"https:\/\/kee.fei.tuke.sk\/index.php?rest_route=\/wp\/v2\/pages\/415\/revisions\/2563"}],"up":[{"embeddable":true,"href":"https:\/\/kee.fei.tuke.sk\/index.php?rest_route=\/wp\/v2\/pages\/197"}],"wp:attachment":[{"href":"https:\/\/kee.fei.tuke.sk\/index.php?rest_route=%2Fwp%2Fv2%2Fmedia&parent=415"}],"curies":[{"name":"wp","href":"https:\/\/api.w.org\/{rel}","templated":true}]}}