{"id":413,"date":"2020-08-11T13:29:27","date_gmt":"2020-08-11T11:29:27","guid":{"rendered":"https:\/\/kee.cp2.tuke.sk\/?page_id=413"},"modified":"2025-09-23T10:29:21","modified_gmt":"2025-09-23T08:29:21","slug":"meranie-v-elektroenergetike","status":"publish","type":"page","link":"https:\/\/kee.fei.tuke.sk\/?page_id=413","title":{"rendered":"Meranie v elektroenergetike"},"content":{"rendered":"\n<figure class=\"wp-block-table is-style-stripes\"><table><tbody><tr><td><strong>\u0160tudijn\u00fd odbor:<\/strong><\/td><td>Elektrotechnika<\/td><\/tr><tr><td><strong>\u0160tudijn\u00fd program:<\/strong><\/td><td>Elektroenergetika<\/td><\/tr><tr><td><strong>Rozsah:<\/strong><\/td><td>2\/1\/1 (P\/CL\/PP)<\/td><\/tr><tr><td><strong>Po\u010det kreditov:<\/strong><\/td><td>6<\/td><\/tr><tr><td><strong>Osoba zodpovedn\u00e1 za predmet:<\/strong><\/td><td>doc. Ing. Marek Pavl\u00edk, PhD, MBA.<\/td><\/tr><tr><td><strong>Predn\u00e1\u0161a:<\/strong><\/td><td>Ing. Samuel Bucko, PhD.<\/td><\/tr><tr><td><strong>Cvi\u010d\u00ed:<\/strong><\/td><td>Ing. Samuel Bucko, PhD. <\/td><\/tr><tr><td><strong>Podmie\u0148uj\u00face predmety:<\/strong><\/td><td>&#8211;<\/td><\/tr><tr><td><strong>Hodnotenie a ukon\u010denie:<\/strong><\/td><td>z\u00e1po\u010det a sk\u00fa\u0161ka.<\/td><\/tr><tr><td><strong>Priebe\u017en\u00e9 hodnotenie:<\/strong><\/td><td>odovzdanie a obh\u00e1jenie protokolov z merania.<\/td><\/tr><tr><td><strong>Z\u00e1vere\u010dn\u00e9 hodnotenie:<\/strong><\/td><td>sk\u00fa\u0161ka pozost\u00e1vaj\u00faca z p\u00edsomnej a \u00fastnej \u010dasti.<\/td><\/tr><\/tbody><\/table><\/figure>\n\n\n\n<p><strong>Cie\u013e predmetu<\/strong>: \u0160tudent z\u00edska z\u00e1kladn\u00e9 vedomosti z oblasti merania v elektroenergetike, praktick\u00e9 zru\u010dnosti pri zap\u00e1jan\u00ed merac\u00edch obvodov. Z\u00edska kompetencie pre pr\u00e1cu s digit\u00e1lnymi merac\u00edmi zariadeniami, po\u010d\u00edta\u010dov\u00e9 spracovanie \u00fadajov a spr\u00e1vnu interpret\u00e1ciu merania.<\/p>\n\n\n\n<h4>Stru\u010dn\u00e1 osnova predmetu<\/h4>\n\n\n\n<ol><li>Meranie elektrick\u00fdch parametrov elektrick\u00fdch veden\u00ed pomocou klasickej meracej techniky a pomocou meracej techniky zalo\u017eenej na b\u00e1ze PC.<\/li><li>Meranie symetrick\u00fdch zlo\u017eiek niektor\u00fdch prvkov elektriza\u010dnej s\u00fastavy (transform\u00e1tory, tlmivky, &#8230;).<\/li><li>Geoelektrick\u00e9 merania.<\/li><li>Meranie odporu uzemnenia, zavle\u010den\u00fdch, dotykov\u00fdch a krokov\u00fdch nap\u00e4t\u00ed.<\/li><li>Meranie na zariaden\u00ed PQube3 a merania so sie\u0165ov\u00fdm analyz\u00e1torom kvality<\/li><li>Meranie odporov vinut\u00ed na distribu\u010dnom transform\u00e1tore. Testovanie stavu elektrickej izol\u00e1cie..<\/li><\/ol>\n\n\n\n<h4>\u010casov\u00fd rozvrh v\u00fdu\u010dby<\/h4>\n\n\n\n<ol><li>Fyzik\u00e1lne veli\u010diny a jednotky. S\u00fastava SI. \u00davod k laborat\u00f3riu Smart Industry Lab (SIL)<br>L0 &#8211; \u00davodn\u00e9 \u0161kolenie BOZP<\/li><li>Meranie parametrov vonkaj\u0161\u00edch veden\u00ed. Meranie v SIL<br>L1 \u2013 Meranie na zariaden\u00ed PQube3 v SIL<\/li><li>&nbsp;Interpret\u00e1cia v\u00fdsledku merania<br>P1 &#8211; Vektorov\u00e9 zn\u00e1zornenie okam\u017eit\u00fdch hodn\u00f4t nap\u00e4t\u00ed\/pr\u00fadov v symetrick\u00fdch s\u00fastav\u00e1ch<br>&nbsp;&nbsp;&nbsp;&nbsp; &#8211; Spracovanie v\u00fdsledkov merania pre technick\u00e9 spr\u00e1vy a publik\u00e1cie<\/li><li>Hodnotenie v\u00fdkonnosti merania<br>L2 &#8211;&nbsp; Odhad chyby a neistoty merania<\/li><li>Metrol\u00f3gia. Akredit\u00e1cia<br>P2 \u2013 Automatizovan\u00fd v\u00fdpo\u010det symetrick\u00fdch zlo\u017eiek met\u00f3dou C. L. Fortescue<\/li><li>\u00davod do spracovania sign\u00e1lov<br>L3 &#8211; Meranie odporov vinut\u00ed na distribu\u010dnom transform\u00e1tore<\/li><li>Meranie kvality elektrick\u00e9ho nap\u00e4tia v rozvodn\u00fdch sie\u0165ach v zmysle STN EN 50160<br>P3 &#8211; Rie\u0161enie 3f obvodu so z\u00e1\u0165a\u017eami Y a D<\/li><li>P07 &#8211; Uzemnenie a jeho meranie<br>L4 &#8211; Testovanie stavu elektrickej izol\u00e1cie<\/li><li>Merania na elektrick\u00fdch in\u0161tal\u00e1ci\u00e1ch<br>P4 &#8211; Pos\u00fadenie porovn\u00e1vac\u00edch meran\u00ed<\/li><li>Met\u00f3dy z\u00edskavania a spracovania \u00fadajov z digit\u00e1lnych merac\u00edch zariaden\u00ed<br>L5 &#8211; meranie s digit\u00e1lnym osciloskopom<\/li><li>Meranie pr\u00fadov a nap\u00e4t\u00ed v ES<br>L6 &#8211; merania so sie\u0165ov\u00fdm analyz\u00e1torom kvality<br>P6 &#8211;&nbsp; Ur\u010denie vy\u0161\u0161\u00edch harmonick\u00fdch a THD z merania na digit\u00e1lnom meradle<\/li><\/ol>\n\n\n\n<h4>Dokumenty<\/h4>\n\n\n\n<p>E-learningov\u00e9 \u0161tudijn\u00e9 materi\u00e1ly&nbsp; z predmetu Meranie v elektroenergetike&nbsp; sa nach\u00e1dzaj\u00fa na Moodle serveri TUKE na odkaze:&nbsp;<a href=\"https:\/\/moodle.tuke.sk\/moodle31\/enrol\/index.php?id=617\">Meranie v elektroenergetike<\/a><\/p>\n\n\n\n<h4>Odpor\u00fa\u010dan\u00e1 literat\u00fara<\/h4>\n\n\n\n<ol><li>Varga, L., Hlube\u0148, D.:&nbsp;<em>Meracie met\u00f3dy v elektroenergetike<\/em>. 1. vyd., Bansk\u00e1 Bystrica: PRO, 2010, 175 s., ISBN 978-80-89057-26-9.<\/li><li>Varga, L., Le\u0161\u010dinsk\u00fd, P.:&nbsp;<em>Meranie v elektroenergetike<\/em>. Mercury-Sm\u00e9kal, 2003, ISBN 80-89061-69-9.<\/li><li>Lipt\u00e1kov\u00e1, T., \u0160estina, I.:&nbsp;<em>Z\u00e1klady kor\u00f3zie a ochrany kovov v plyn\u00e1renstve<\/em>. \u017dilinsk\u00e1 univerzita v \u017diline, 1997.<\/li><li>Novotn\u00fd, V.:&nbsp;<em>Uzemn\u011bn\u00ed a jeho m\u011b\u0159en\u00ed<\/em>. SNTL Praha, 1973.<\/li><li>IEEE Std 81.2-1991:&nbsp;<em>IEEE Guide for Measurement of Impedance and Safety Characteristics of Large, Extended and Interconnected Grounding Systems<\/em>. IEEE, New York, 1992, ISBN 1-55937-187-0.<\/li><li>Chladn\u00fd, V.:&nbsp;<em>Ochrany v elektriza\u010dn\u00fdch s\u00fastav\u00e1ch<\/em>, N\u00e1vody na cvi\u010denia. ES V\u0160T v Ko\u0161iciach, 1984.<\/li><\/ol>\n","protected":false},"excerpt":{"rendered":"<p>\u0160tudijn\u00fd odbor: Elektrotechnika \u0160tudijn\u00fd program: Elektroenergetika Rozsah: 2\/1\/1 (P\/CL\/PP) Po\u010det kreditov: 6 Osoba zodpovedn\u00e1 za predmet: doc. Ing. Marek Pavl\u00edk, PhD, MBA. Predn\u00e1\u0161a: Ing. Samuel&hellip;<\/p>\n","protected":false},"author":1,"featured_media":0,"parent":197,"menu_order":0,"comment_status":"closed","ping_status":"closed","template":"","meta":[],"_links":{"self":[{"href":"https:\/\/kee.fei.tuke.sk\/index.php?rest_route=\/wp\/v2\/pages\/413"}],"collection":[{"href":"https:\/\/kee.fei.tuke.sk\/index.php?rest_route=\/wp\/v2\/pages"}],"about":[{"href":"https:\/\/kee.fei.tuke.sk\/index.php?rest_route=\/wp\/v2\/types\/page"}],"author":[{"embeddable":true,"href":"https:\/\/kee.fei.tuke.sk\/index.php?rest_route=\/wp\/v2\/users\/1"}],"replies":[{"embeddable":true,"href":"https:\/\/kee.fei.tuke.sk\/index.php?rest_route=%2Fwp%2Fv2%2Fcomments&post=413"}],"version-history":[{"count":5,"href":"https:\/\/kee.fei.tuke.sk\/index.php?rest_route=\/wp\/v2\/pages\/413\/revisions"}],"predecessor-version":[{"id":2562,"href":"https:\/\/kee.fei.tuke.sk\/index.php?rest_route=\/wp\/v2\/pages\/413\/revisions\/2562"}],"up":[{"embeddable":true,"href":"https:\/\/kee.fei.tuke.sk\/index.php?rest_route=\/wp\/v2\/pages\/197"}],"wp:attachment":[{"href":"https:\/\/kee.fei.tuke.sk\/index.php?rest_route=%2Fwp%2Fv2%2Fmedia&parent=413"}],"curies":[{"name":"wp","href":"https:\/\/api.w.org\/{rel}","templated":true}]}}