{"id":408,"date":"2020-08-11T13:26:24","date_gmt":"2020-08-11T11:26:24","guid":{"rendered":"https:\/\/kee.cp2.tuke.sk\/?page_id=408"},"modified":"2025-09-23T10:28:28","modified_gmt":"2025-09-23T08:28:28","slug":"svetelna-technika","status":"publish","type":"page","link":"https:\/\/kee.fei.tuke.sk\/?page_id=408","title":{"rendered":"Sveteln\u00e1 technika"},"content":{"rendered":"\n<figure class=\"wp-block-table is-style-stripes\"><table><tbody><tr><td><strong>\u0160tudijn\u00fd odbor:<\/strong><\/td><td>Elektrotechnika<\/td><\/tr><tr><td><strong>\u0160tudijn\u00fd program:<\/strong><\/td><td>Elektroenergetika<\/td><\/tr><tr><td><strong>Rozsah:<\/strong><\/td><td>2\/1\/1 (P\/S\/PP)<\/td><\/tr><tr><td><strong>Po\u010det kreditov:<\/strong><\/td><td>6<\/td><\/tr><tr><td><strong>Osoba zodpovedn\u00e1 za predmet:<\/strong><\/td><td>doc. Ing. \u013dubom\u00edr Be\u0148a, PhD.<\/td><\/tr><tr><td><strong>Predn\u00e1\u0161a:<\/strong><\/td><td>doc. Ing. \u013dubom\u00edr Be\u0148a, PhD.<\/td><\/tr><tr><td><strong>Cvi\u010d\u00ed:<\/strong><\/td><td>doc. Ing. \u013dubom\u00edr Be\u0148a, PhD.<\/td><\/tr><tr><td><strong>Podmie\u0148uj\u00face predmety:<\/strong><\/td><td>&#8211;<\/td><\/tr><tr><td><strong>Hodnotenie a ukon\u010denie:<\/strong><\/td><td>z\u00e1po\u010det a sk\u00fa\u0161ka.<\/td><\/tr><tr><td><strong>Priebe\u017en\u00e9 hodnotenie:<\/strong><\/td><td>Obhajoba zadan\u00ed<\/td><\/tr><tr><td><strong>Z\u00e1vere\u010dn\u00e9 hodnotenie:<\/strong><\/td><td>P\u00edsomn\u00e1 a \u00fastna sk\u00fa\u0161ka.<\/td><\/tr><\/tbody><\/table><\/figure>\n\n\n\n<p><strong>Cie\u013e predmetu<\/strong>: Cie\u013eom predmetu je obozn\u00e1mi\u0165 \u0161tudentov so z\u00e1kladn\u00fdmi svetelno-technick\u00fdmi pojmami, v\u00fdpo\u010dtom fotometrick\u00fdmi veli\u010d\u00edn a&nbsp;technol\u00f3giami pou\u017e\u00edvan\u00fdmi pri osvet\u013eovan\u00ed vn\u00fatorn\u00fdch a&nbsp;vonkaj\u0161\u00edch priestorov.<\/p>\n\n\n\n<p>Stru\u010dn\u00e1 osnova predmetu<\/p>\n\n\n\n<p>1.&nbsp;&nbsp;&nbsp;&nbsp;Elektromagnetick\u00e9 \u017eiarenie.<\/p>\n\n\n\n<p>2.&nbsp;&nbsp;&nbsp;&nbsp;Fotometrick\u00e9 veli\u010diny.<\/p>\n\n\n\n<p>3.&nbsp;&nbsp;&nbsp;&nbsp;Fyziol\u00f3gia zrakov\u00e9ho syst\u00e9mu.<\/p>\n\n\n\n<p>4.&nbsp;&nbsp;&nbsp;&nbsp;Charakteristiky priestorov\u00fdch vlastnost\u00ed osvetlenia.<\/p>\n\n\n\n<p>5.&nbsp;&nbsp;&nbsp;&nbsp;Sveteln\u00e9 zdroje.<\/p>\n\n\n\n<p>6.&nbsp;&nbsp;&nbsp;&nbsp;Svietidl\u00e1.<\/p>\n\n\n\n<p>7.&nbsp;&nbsp;&nbsp;&nbsp;Rozdelenie osvet\u013eovac\u00edch s\u00fastav.<\/p>\n\n\n\n<p>8.&nbsp;&nbsp;&nbsp;&nbsp;Z\u00e1kladn\u00e9 z\u00e1sady osvet\u013eovania vn\u00fatorn\u00fdch a vonkaj\u0161\u00edch priestorov.<\/p>\n\n\n\n<p>9.&nbsp;&nbsp;&nbsp;&nbsp;Meranie fotometrick\u00fdch veli\u010d\u00edn.<\/p>\n\n\n\n<p>10.&nbsp;&nbsp;Vplyv sveteln\u00fdch zdrojov na nap\u00e1jaciu sie\u0165<\/p>\n\n\n\n<p>\u010casov\u00fd rozvrh v\u00fdu\u010dby<\/p>\n\n\n\n<p>1.&nbsp;&nbsp;&nbsp;&nbsp;<strong>P:<\/strong>&nbsp;Elektromagnetick\u00e9 \u017eiarenie. Optick\u00e9 \u017eiarenie.<br><strong>Cv<\/strong>.: Podmienky udelenia z\u00e1po\u010dtu. V\u00fdpo\u010det veli\u010d\u00edn z oblasti elektromagnetick\u00e9ho \u017eiarenia.<\/p>\n\n\n\n<p>2.&nbsp;&nbsp;&nbsp;&nbsp;<strong>P:<\/strong>&nbsp;Z\u00e1kladn\u00e9 svetelno-technick\u00e9 pojmy a veli\u010diny.<br><strong>Cv<\/strong>.: V\u00fdpo\u010det svetelno-technick\u00fdch veli\u010d\u00edn (sveteln\u00fd tok, priestorov\u00fd uhol).<\/p>\n\n\n\n<p>3.&nbsp;&nbsp;&nbsp;&nbsp;<strong>P:<\/strong>&nbsp;Rozdelenie a&nbsp;parametre sveteln\u00fdch zdrojov<\/p>\n\n\n\n<p><strong>Cv<\/strong>.: V\u00fdpo\u010det svetelno-technick\u00fdch veli\u010d\u00edn (svietivos\u0165, osvetlenos\u0165, jas, svetlenie)<\/p>\n\n\n\n<p>4.&nbsp;&nbsp;&nbsp;&nbsp;<strong>P:<\/strong>&nbsp;Princ\u00edp \u010dinnosti sveteln\u00fdch zdrojov<\/p>\n\n\n\n<p><strong>Cv<\/strong>.: Meranie prev\u00e1dzkov\u00fdch charakterist\u00edk sveteln\u00fdch zdrojov (zadanie \u010d. 1)<\/p>\n\n\n\n<p>5.&nbsp;&nbsp;&nbsp;&nbsp;<strong>P:<\/strong>&nbsp;Vlastnosti sveteln\u00fdch zdrojov<\/p>\n\n\n\n<p><strong>Cv<\/strong>.: Spracovanie merania prev\u00e1dzkov\u00fdch charakterist\u00edk sveteln\u00fdch zdrojov, porovnanie v\u00fdsledkov meran\u00ed prev\u00e1dzkov\u00fdch charakterist\u00edk teplotn\u00fdch, v\u00fdbojov\u00fdch a&nbsp;elektroluminiscen\u010dn\u00fdch sveteln\u00fdch zdrojov<\/p>\n\n\n\n<p>6.&nbsp;&nbsp;&nbsp;&nbsp;<strong>P:<\/strong>&nbsp;Z\u00e1klady n\u00e1uky o farbe<\/p>\n\n\n\n<p><strong>Cv<\/strong>.: Kolorimetrick\u00e9 s\u00fastavy.<\/p>\n\n\n\n<p>7.&nbsp;&nbsp;&nbsp;&nbsp;<strong>P:<\/strong>&nbsp;Fotopick\u00e9, skotopick\u00e9, mezopick\u00e9 videnie, v\u00fdznam S\/P faktora v&nbsp;osvet\u013eovan\u00ed. Fyziol\u00f3gia zrakov\u00e9ho syst\u00e9mu, oslnenie.<\/p>\n\n\n\n<p><strong>Cv<\/strong>.: Meranie S\/P faktora sveteln\u00fdch zdrojov (zadanie \u010d. 2)<\/p>\n\n\n\n<p>8.&nbsp;&nbsp;&nbsp;&nbsp;<strong>P:<\/strong>&nbsp;Rozdelenie a&nbsp;z\u00e1kladn\u00e9 \u010dasti svietidiel, svetelnotechnick\u00e9 a&nbsp;elektrick\u00e9 vlastnosti svietidiel<\/p>\n\n\n\n<p><strong>&nbsp;&nbsp; &nbsp;&nbsp; Cv<\/strong>.: Spracovanie merania S\/P faktora sveteln\u00fdch zdrojov. Kon\u0161truk\u010dn\u00e9 zlo\u017eenie svietidiel, ur\u010denie energetickej n\u00e1ro\u010dnosti svietidiel<\/p>\n\n\n\n<p>9.&nbsp;&nbsp;&nbsp;&nbsp;<strong>P:<\/strong>&nbsp;Rozdelenie osvet\u013eovac\u00edch s\u00fastav<\/p>\n\n\n\n<p>&nbsp;&nbsp;&nbsp;&nbsp;&nbsp;&nbsp;<strong>Cv:<\/strong>&nbsp;\u00davod do programu Dialux<\/p>\n\n\n\n<p>10.&nbsp;&nbsp;<strong>P:<\/strong>&nbsp;Z\u00e1kladn\u00e9 princ\u00edpy projektovania vn\u00fatorn\u00fdch pracovn\u00fdch priestorov&nbsp;&nbsp;<strong>Cv:<\/strong>&nbsp;N\u00e1vrh projektu osvetlenia vn\u00fatorn\u00e9ho pracovn\u00e9ho priestoru v&nbsp;programe Dialux (zadanie \u010d. 3)<\/p>\n\n\n\n<p>11.&nbsp;&nbsp;<strong>P<\/strong>:&nbsp;<strong>:<\/strong>&nbsp;Z\u00e1kladn\u00e9 princ\u00edpy projektovania cestnej komunik\u00e1cie<\/p>\n\n\n\n<p><strong>Cv:<\/strong>&nbsp;N\u00e1vrh projektu osvetlenia cestnej komunik\u00e1cie v&nbsp;programe Dialux (zadanie \u010d. 4)<\/p>\n\n\n\n<p>12.&nbsp;&nbsp;<strong>P<\/strong>: Vplyv sveteln\u00fdch zdrojov na nap\u00e1jaciu sie\u0165<\/p>\n\n\n\n<p><strong>Cv<\/strong>.: Meranie vplyvu sveteln\u00fdch zdrojov na nap\u00e1jaciu sie\u0165v&nbsp;laborat\u00f3riu SIL-SmartIndustryLab&nbsp;(zadanie \u010d. 5)<\/p>\n\n\n\n<p>13.&nbsp;&nbsp;<strong>P:<\/strong>&nbsp;Energetick\u00e9 a&nbsp;environment\u00e1lne aspekty osvetlenia.<br><strong>Cv<\/strong>.: Odovzdanie zadan\u00ed, z\u00e1po\u010det.<\/p>\n\n\n\n<p>Odpor\u00fa\u010dan\u00e1 literat\u00fara<\/p>\n\n\n\n<p>1.&nbsp;&nbsp;&nbsp;&nbsp;Habel, J. a kol.&nbsp;<em>Sv\u011btlo a&nbsp;osv\u011btlov\u00e1n\u00ed.&nbsp;<\/em>FCC PUBLIC Praha, 2013.<\/p>\n\n\n\n<p>&nbsp;2.&nbsp; Sokansk\u00fd, K. a kol.: Sv\u011bteln\u00e1 technika, \u010cVUT Praha, 2011<\/p>\n","protected":false},"excerpt":{"rendered":"<p>\u0160tudijn\u00fd odbor: Elektrotechnika \u0160tudijn\u00fd program: Elektroenergetika Rozsah: 2\/1\/1 (P\/S\/PP) Po\u010det kreditov: 6 Osoba zodpovedn\u00e1 za predmet: doc. Ing. \u013dubom\u00edr Be\u0148a, PhD. Predn\u00e1\u0161a: doc. Ing. \u013dubom\u00edr&hellip;<\/p>\n","protected":false},"author":1,"featured_media":0,"parent":197,"menu_order":0,"comment_status":"closed","ping_status":"closed","template":"","meta":[],"_links":{"self":[{"href":"https:\/\/kee.fei.tuke.sk\/index.php?rest_route=\/wp\/v2\/pages\/408"}],"collection":[{"href":"https:\/\/kee.fei.tuke.sk\/index.php?rest_route=\/wp\/v2\/pages"}],"about":[{"href":"https:\/\/kee.fei.tuke.sk\/index.php?rest_route=\/wp\/v2\/types\/page"}],"author":[{"embeddable":true,"href":"https:\/\/kee.fei.tuke.sk\/index.php?rest_route=\/wp\/v2\/users\/1"}],"replies":[{"embeddable":true,"href":"https:\/\/kee.fei.tuke.sk\/index.php?rest_route=%2Fwp%2Fv2%2Fcomments&post=408"}],"version-history":[{"count":4,"href":"https:\/\/kee.fei.tuke.sk\/index.php?rest_route=\/wp\/v2\/pages\/408\/revisions"}],"predecessor-version":[{"id":2560,"href":"https:\/\/kee.fei.tuke.sk\/index.php?rest_route=\/wp\/v2\/pages\/408\/revisions\/2560"}],"up":[{"embeddable":true,"href":"https:\/\/kee.fei.tuke.sk\/index.php?rest_route=\/wp\/v2\/pages\/197"}],"wp:attachment":[{"href":"https:\/\/kee.fei.tuke.sk\/index.php?rest_route=%2Fwp%2Fv2%2Fmedia&parent=408"}],"curies":[{"name":"wp","href":"https:\/\/api.w.org\/{rel}","templated":true}]}}