{"id":387,"date":"2020-08-11T12:27:02","date_gmt":"2020-08-11T10:27:02","guid":{"rendered":"https:\/\/kee.cp2.tuke.sk\/?page_id=387"},"modified":"2025-09-23T10:20:38","modified_gmt":"2025-09-23T08:20:38","slug":"zaklady-environmentalistiky","status":"publish","type":"page","link":"https:\/\/kee.fei.tuke.sk\/?page_id=387","title":{"rendered":"Z\u00e1klady environmentalistiky"},"content":{"rendered":"\n<figure class=\"wp-block-table is-style-stripes\"><table><tbody><tr><td><strong>\u0160tudijn\u00fd odbor:<\/strong><\/td><td>Elektrotechnika<\/td><\/tr><tr><td><strong>\u0160tudijn\u00fd program:<\/strong><\/td><td>Elektroenergetika<\/td><\/tr><tr><td><strong>Rozsah:<\/strong><\/td><td>2\/2 (P\/CL)<\/td><\/tr><tr><td><strong>Po\u010det kreditov:<\/strong><\/td><td>6<\/td><\/tr><tr><td><strong>Osoba zodpovedn\u00e1 za predmet:<\/strong><\/td><td>doc. Dr. Ing. Bystr\u00edk Doln\u00edk<\/td><\/tr><tr><td><strong>Predn\u00e1\u0161a:<\/strong><\/td><td>doc. Ing. Marek Pavl\u00edk, PhD.<\/td><\/tr><tr><td><strong>Cvi\u010d\u00ed:<\/strong><\/td><td>Ing. Samuel Bucko, PhD.<\/td><\/tr><tr><td><strong>Podmie\u0148uj\u00face predmety:<\/strong><\/td><td>&#8211;<\/td><\/tr><tr><td><strong>Hodnotenie a ukon\u010denie:<\/strong><\/td><td>z\u00e1po\u010det a sk\u00fa\u0161ka.<\/td><\/tr><tr><td><strong>Priebe\u017en\u00e9 hodnotenie:<\/strong><\/td><td>protokoly z merania, p\u00edsomn\u00e1 previerka.<\/td><\/tr><tr><td><strong>Z\u00e1vere\u010dn\u00e9 hodnotenie:<\/strong><\/td><td>sk\u00fa\u0161ka.<\/td><\/tr><\/tbody><\/table><\/figure>\n\n\n\n<p><strong>Cie\u013e predmetu<\/strong>: Predmet je zameran\u00fd na v\u00fdchovu k environment\u00e1lnej gramotnosti. Zaober\u00e1 sa hlavne s jednotliv\u00fdmi faktormi \u017eivotn\u00e9ho prostredia, s d\u00f4razom na probl\u00e9my elektrotechniky a elektroenergetiky. Hlavn\u00fdm cie\u013eom predmetu je, aby ka\u017ed\u00fd absolvent pochopil vlastn\u00fa zodpovednos\u0165 za svoje \u010diny a za sp\u00f4sob vykon\u00e1vania svojej profesie, a preto urobil maximum pri predch\u00e1dzan\u00ed \u0161kodliv\u00e9ho p\u00f4sobenia elektrotechnick\u00fdch a elektroenergetick\u00fdch zariaden\u00ed na \u017eivotn\u00e9 prostredie.<\/p>\n\n\n\n<p>Stru\u010dn\u00e1 osnova predmetu<\/p>\n\n\n\n<p>1.&nbsp;&nbsp;&nbsp;&nbsp;V\u00fdvoj pr\u00edstupu \u013eudskej spolo\u010dnosti k problematike \u017eivotn\u00e9ho prostredia (\u017dP), ob\u010dianska a profesijn\u00e1 environment\u00e1lna gramotnos\u0165, rie\u0161enie probl\u00e9mov ex post a ex ante.<\/p>\n\n\n\n<p>2.&nbsp;&nbsp;&nbsp;&nbsp;Glob\u00e1lne environment\u00e1lne probl\u00e9my, z\u00e1kony ekol\u00f3gie, my\u0161lienka trvalej udr\u017eate\u013enosti, syst\u00e9mov\u00fd konflikt medzi \u017dP a potrebami civiliz\u00e1cie, \u017eivotn\u00e9 prostredie a&nbsp;ekonomika.<\/p>\n\n\n\n<p>3.&nbsp;&nbsp;&nbsp;&nbsp;Pohoda \u017eivotn\u00e9ho a pracovn\u00e9ho prostredia a jej zlo\u017eky.<\/p>\n\n\n\n<p>4.&nbsp;&nbsp;&nbsp;&nbsp;Faktory \u017eivotn\u00e9ho prostredia a ich vplyv na zdravie \u010dloveka, laborat\u00f3rne meranie vybran\u00fdch faktorov.<\/p>\n\n\n\n<p>5.&nbsp;&nbsp;&nbsp;&nbsp;Obnovite\u013en\u00e9 zdroje a \u00faspory energie.<\/p>\n\n\n\n<p>6.&nbsp;&nbsp;&nbsp;&nbsp;Stav \u017eivotn\u00e9ho prostredia v&nbsp;SR.<\/p>\n\n\n\n<p>\u010casov\u00fd rozvrh v\u00fdu\u010dby<\/p>\n\n\n\n<p>1.&nbsp;&nbsp;&nbsp;&nbsp;\u00davod a&nbsp;z\u00e1kladn\u00e9 pojmy \u017eivotn\u00e9ho prostredia. Pohoda prostredia a&nbsp;jej zlo\u017eky, faktory \u017eivotn\u00e9ho prostredia.<br><strong>Cv<\/strong>.:&nbsp;Podmienky na udelenie z\u00e1po\u010dtu. Pou\u010denie o laborat\u00f3rnom poriadku. Organiza\u010dn\u00e9 ot\u00e1zky.<\/p>\n\n\n\n<p>2.&nbsp;&nbsp;&nbsp;&nbsp;Hluk a&nbsp;mechanick\u00e9 sily \u2013 zdroje, \u00fa\u010dinky, meranie a&nbsp;hodnotenie, ochrana pred p\u00f4soben\u00edm.<br><strong>Cv<\/strong>.:&nbsp;\u00daspory energie v&nbsp;dom\u00e1cnostiach.<\/p>\n\n\n\n<p>3.&nbsp;&nbsp;&nbsp;&nbsp;Svetlo \u2013 zrakov\u00e1 pohoda. Zdroje, meranie a&nbsp;hodnotenie.<br><strong>Cv<\/strong>.:&nbsp;Meranie hladiny hluku.<\/p>\n\n\n\n<p>4.&nbsp;&nbsp;&nbsp;&nbsp;Teplo \u2013 tepeln\u00e1 pohoda. Zdroje, meranie a&nbsp;hodnotenie.<br><strong>Cv<\/strong>.:&nbsp;Meranie osvetlenosti.<\/p>\n\n\n\n<p>5.&nbsp;&nbsp;&nbsp;&nbsp;Ionizuj\u00face elektromagnetick\u00e9 \u017eiarenie \u2013 zdroje, \u00fa\u010dinky, meranie a&nbsp;hodnotenie, ochrana pred p\u00f4soben\u00edm.<br><strong>Cv<\/strong>.:&nbsp;Meranie mikrokl\u00edmy a&nbsp;hodnotenie kvality vzduchu.<\/p>\n\n\n\n<p>6.&nbsp;&nbsp;&nbsp;&nbsp;Neionizuj\u00face elektromagnetick\u00e9 \u017eiarenie \u2013 zdroje, \u00fa\u010dinky, meranie a&nbsp;hodnotenie, ochrana pred p\u00f4soben\u00edm.<br><strong>Cv<\/strong>.:&nbsp;1. p\u00edsomn\u00e1 previerka.<\/p>\n\n\n\n<p>7.&nbsp;&nbsp;&nbsp;&nbsp;Elektrick\u00e9 a&nbsp;magnetick\u00e9 pole Zeme. Atmosf\u00e9rick\u00e1 elektrina a&nbsp;vzdu\u0161n\u00e9 i\u00f3ny \u2013 \u00fa\u010dinky na \u013eudsk\u00fd organizmus.<br><strong>Cv<\/strong>.:&nbsp;Meranie ekvivalentnej d\u00e1vky ionizuj\u00faceho \u017eiarenia.<\/p>\n\n\n\n<p>8.&nbsp;&nbsp;&nbsp;&nbsp;Glob\u00e1lne probl\u00e9my \u017dP, v\u00fdznam \u0161t\u00fadie environmentalistiky.<br><strong>Cv<\/strong>.:&nbsp;Meranie intenzity elektrick\u00e9ho po\u013ea a&nbsp;magnetickej indukcie v&nbsp;bl\u00edzkosti PC monitorov.<\/p>\n\n\n\n<p>9.&nbsp;&nbsp;&nbsp;&nbsp;Trvalo udr\u017eate\u013en\u00fd rozvoj. V\u00fdvoj pr\u00edstupu \u013eudskej spolo\u010dnosti k&nbsp;problematike \u017dP, syst\u00e9mov\u00fd konflikt medzi \u017dP a&nbsp;potrebami civiliz\u00e1cie.<br><strong>Cv<\/strong>.:&nbsp;Meranie magnetickej indukcie v&nbsp;bl\u00edzkosti dom\u00e1cich spotrebi\u010dov.<\/p>\n\n\n\n<p>10.&nbsp;Chemick\u00e9 a&nbsp;biologick\u00e9 faktory \u017eivotn\u00e9ho prostredia.<br><strong>Cv<\/strong>.:&nbsp;Stav \u017eivotn\u00e9ho prostredia v&nbsp;SR.<\/p>\n\n\n\n<p>11.&nbsp;Spolo\u010densk\u00e9 faktory \u017eivotn\u00e9ho prostredia.<br><strong>Cv<\/strong>.:&nbsp;Kontrola protokolov, n\u00e1hradn\u00e9 merania.<\/p>\n\n\n\n<p>12.&nbsp;Elektroenergetika a&nbsp;\u017eivotn\u00e9 prostredie. Vplyv v\u00fdroby elektriny na \u017dP, obnovite\u013en\u00e9 zdroje energie.<br><strong>Cv<\/strong>.:&nbsp;2. p\u00edsomn\u00e1 previerka.<\/p>\n\n\n\n<p>13.&nbsp;Environment\u00e1lna politika a&nbsp;spolo\u010densk\u00e9 n\u00e1stroje starostlivosti o&nbsp;\u017dP.<br><strong>Cv<\/strong>.:&nbsp;Z\u00e1po\u010det.<\/p>\n\n\n\n<p>Dokumenty:<\/p>\n\n\n\n<p>Kurz z predmetu Z\u00e1klady environmentalistiky, kde sa nach\u00e1dzaj\u00fa \u0161tudijn\u00e9 materi\u00e1ly:&nbsp;<a href=\"https:\/\/moodle.tuke.sk\/moodle31\/enrol\/index.php?id=256\">&nbsp;https:\/\/moodle.tuke.sk\/moodle31\/course\/view.php?id=95<\/a><\/p>\n\n\n\n<p>Odpor\u00fa\u010dan\u00e1 literat\u00fara<\/p>\n\n\n\n<p>1.&nbsp;&nbsp;&nbsp;&nbsp;M\u00e9sz\u00e1ros, A.: Z\u00e1klady environmentalistiky, TUKE, 2015<\/p>\n\n\n\n<p>2.&nbsp;&nbsp;&nbsp;&nbsp;M\u00e9sz\u00e1ros, A.: Elektrotechnika a&nbsp;probl\u00e9my \u017eivotn\u00e9ho prostredia, TUKE, 2009<\/p>\n\n\n\n<p>3.&nbsp;&nbsp;&nbsp;&nbsp;Martonov\u00e1, M.: Elektrotechnika a&nbsp;probl\u00e9my \u017eivotn\u00e9ho prostredia, TUKE, 1998<\/p>\n\n\n\n<p>4.&nbsp;&nbsp;&nbsp;&nbsp;Kudl\u00e1\u010dek, I.: Ekologie pro elektrotechniky, \u010cVUT Praha 2009<\/p>\n\n\n\n<p>5.&nbsp;&nbsp;&nbsp;&nbsp;Kn\u00e1pek, J., Geuss, E.: \u017divotn\u00ed prost\u0159ed\u00ed a ekonomika, \u010cVUT Praha, 2000<\/p>\n\n\n\n<p>6.&nbsp;&nbsp;&nbsp;&nbsp;Bene\u0161, P., Novotn\u00e1, J.: Chemie a&nbsp;radia\u010dn\u00ed hygiena prost\u0159ed\u00ed, \u010cVUT Praha, 1998.<\/p>\n","protected":false},"excerpt":{"rendered":"<p>\u0160tudijn\u00fd odbor: Elektrotechnika \u0160tudijn\u00fd program: Elektroenergetika Rozsah: 2\/2 (P\/CL) Po\u010det kreditov: 6 Osoba zodpovedn\u00e1 za predmet: doc. Dr. Ing. Bystr\u00edk Doln\u00edk Predn\u00e1\u0161a: doc. Ing. Marek&hellip;<\/p>\n","protected":false},"author":1,"featured_media":0,"parent":197,"menu_order":0,"comment_status":"closed","ping_status":"closed","template":"","meta":[],"_links":{"self":[{"href":"https:\/\/kee.fei.tuke.sk\/index.php?rest_route=\/wp\/v2\/pages\/387"}],"collection":[{"href":"https:\/\/kee.fei.tuke.sk\/index.php?rest_route=\/wp\/v2\/pages"}],"about":[{"href":"https:\/\/kee.fei.tuke.sk\/index.php?rest_route=\/wp\/v2\/types\/page"}],"author":[{"embeddable":true,"href":"https:\/\/kee.fei.tuke.sk\/index.php?rest_route=\/wp\/v2\/users\/1"}],"replies":[{"embeddable":true,"href":"https:\/\/kee.fei.tuke.sk\/index.php?rest_route=%2Fwp%2Fv2%2Fcomments&post=387"}],"version-history":[{"count":7,"href":"https:\/\/kee.fei.tuke.sk\/index.php?rest_route=\/wp\/v2\/pages\/387\/revisions"}],"predecessor-version":[{"id":2554,"href":"https:\/\/kee.fei.tuke.sk\/index.php?rest_route=\/wp\/v2\/pages\/387\/revisions\/2554"}],"up":[{"embeddable":true,"href":"https:\/\/kee.fei.tuke.sk\/index.php?rest_route=\/wp\/v2\/pages\/197"}],"wp:attachment":[{"href":"https:\/\/kee.fei.tuke.sk\/index.php?rest_route=%2Fwp%2Fv2%2Fmedia&parent=387"}],"curies":[{"name":"wp","href":"https:\/\/api.w.org\/{rel}","templated":true}]}}