{"id":2626,"date":"2026-01-19T08:34:57","date_gmt":"2026-01-19T07:34:57","guid":{"rendered":"https:\/\/kee.fei.tuke.sk\/?page_id=2626"},"modified":"2026-01-19T08:38:40","modified_gmt":"2026-01-19T07:38:40","slug":"temy-diplomovych-prac-pre-ar-2026-2027","status":"publish","type":"page","link":"https:\/\/kee.fei.tuke.sk\/?page_id=2626","title":{"rendered":"T\u00e9my Diplomov\u00fdch pr\u00e1c pre AR 2026\/2027"},"content":{"rendered":"\n<figure class=\"wp-block-table\"><table><tbody><tr><td><strong>T\u00e9ma\u00a0 pr\u00e1ce<\/strong><\/td><td><strong>Typ<\/strong><\/td><td><strong>Ved\u00faci pr\u00e1ce<\/strong><\/td><td><strong>Pozn\u00e1mka<\/strong><\/td><\/tr><tr><td>\u0160t\u00fadium tepelnej vodivosti nano-modifikovan\u00fdch elektroizola\u010dn\u00fdch kvapal\u00edn<\/td><td>DP<\/td><td>prof. Ing. Juraj Kurimsk\u00fd, PhD.<\/td><td>&nbsp;<\/td><\/tr><tr><td>\u0160t\u00fadium efektov nano\u010dast\u00edc na absorp\u010dn\u00e9 spektr\u00e1 elektroizola\u010dn\u00fdch kvapal\u00edn<\/td><td>DP<\/td><td>prof. Ing. Juraj Kurimsk\u00fd, PhD.<\/td><td>&nbsp;<\/td><\/tr><tr><td>Dielektrick\u00e1 spektroskopia polyetyl\u00e9nov\u00fdch k\u00e1blov<\/td><td>DP<\/td><td>prof. Ing. Roman Cimbala, PhD.<\/td><td>&nbsp;<\/td><\/tr><tr><td>Model izola\u010dn\u00e9ho materi\u00e1lu v \u010dasovej a frekven\u010dnej dom\u00e9ne<\/td><td>DP<\/td><td>prof. Ing. Roman Cimbala, PhD.<\/td><td>&nbsp;<\/td><\/tr><tr><td>Termick\u00e1 degrad\u00e1cia izola\u010dn\u00fdch olejov dotovan\u00fdch nano\u010dasticami<\/td><td>DP<\/td><td>prof. Ing. Roman Cimbala, PhD.<\/td><td>&nbsp;<\/td><\/tr><tr><td>Anal\u00fdza riz\u00edk digit\u00e1lneho riadenia elektrick\u00fdch rozvodn\u00ed<\/td><td>DP<\/td><td>doc. Ing. Jaroslav D\u017emura, PhD.<\/td><td>pr\u00e1ca v spolupr\u00e1ci s Hitachi Energy<\/td><\/tr><tr><td>N\u00e1vrh pr\u00edstrojov\u00e9ho vybavenia elektrickej stanice<\/td><td>DP<\/td><td>doc. Ing. Jaroslav D\u017emura, PhD.<\/td><td>pr\u00e1ca v spolupr\u00e1ci s Hitachi Energy<\/td><\/tr><tr><td>Posil\u0148ovacie u\u010denie v elektroin\u0161tala\u010dn\u00fdch syst\u00e9moch<\/td><td>DP<\/td><td>doc. Ing. Jaroslav Petr\u00e1\u0161, PhD.<\/td><td>&nbsp;<\/td><\/tr><tr><td>N\u00e1vrh a realiz\u00e1cia elektr\u00f3dov\u00fdch syst\u00e9mov pre meranie r\u00f4znych typov \u010diastkov\u00fdch v\u00fdbojov<\/td><td>DP<\/td><td>doc. Ing. Jaroslav Petr\u00e1\u0161, PhD.<\/td><td>&nbsp;<\/td><\/tr><tr><td>F\u00e1zov\u00e9 overovanie pripojenia 1 f\u00e1zov\u00fdch zdrojov vo\u010di f\u00e1zam na trafostanici<\/td><td>DP<\/td><td>doc. Ing. Jaroslav Petr\u00e1\u0161, PhD.<\/td><td>pr\u00e1ca v spolupr\u00e1ci s VSD, a.s.<\/td><\/tr><tr><td>N\u00e1vrh virtu\u00e1lneho parametrizovate\u013en\u00e9ho smart metra<\/td><td>DP<\/td><td>doc. Ing. Jaroslav Petr\u00e1\u0161, PhD.<\/td><td>pr\u00e1ca v spolupr\u00e1ci s VSD, a.s.<\/td><\/tr><tr><td>Simul\u00e1cia mechanick\u00fdch pomerov vodi\u010dov VN veden\u00ed s v\u00fdkyvn\u00fdmi podpern\u00fdmi izol\u00e1tormi<\/td><td>DP<\/td><td>doc. Ing. \u013dubom\u00edr Be\u0148a, PhD.<\/td><td>pr\u00e1ca v spolupr\u00e1ci s VSD, a.s.<\/td><\/tr><tr><td>Zvy\u0161ovanie prenosovej schopnosti existuj\u00facich vonkaj\u0161\u00edch elektrick\u00fdch veden\u00ed<\/td><td>DP<\/td><td>doc. Ing. \u013dubom\u00edr Be\u0148a, PhD.<\/td><td>&nbsp;<\/td><\/tr><tr><td>Anal\u00fdza dotykov\u00fdch a krokov\u00fdch nap\u00e4t\u00ed<\/td><td>DP<\/td><td>doc. Ing. \u013dubom\u00edr Be\u0148a, PhD.<\/td><td>pr\u00e1ca v spolupr\u00e1ci s VSD, a.s.<\/td><\/tr><tr><td>Mo\u017enosti zvy\u0161ovania pripojite\u013enosti mal\u00fdch zdrojov elektriny prostredn\u00edctvom nap\u00e4\u0165ov\u00fdch kondicion\u00e9rov<\/td><td>DP<\/td><td>doc. Ing. \u013dubom\u00edr Be\u0148a, PhD.<\/td><td>pr\u00e1ca v spolupr\u00e1ci s VSD, a.s.<\/td><\/tr><tr><td>Vplyv prip\u00e1jania nov\u00fdch OZE na cenu elektriny<\/td><td>DP<\/td><td>doc. Ing. Marek Pavl\u00edk, PhD., MBA<\/td><td>pr\u00e1ca v spolupr\u00e1ci s EPC &#8211; Lond\u00fdn<\/td><\/tr><tr><td>Z\u00e1porn\u00e9 ceny elektriny &#8211; identifik\u00e1cia rozhoduj\u00facich faktorov a klasifika\u010dn\u00fd model<\/td><td>DP<\/td><td>doc. Ing. Marek Pavl\u00edk, PhD., MBA<\/td><td>pr\u00e1ca v spolupr\u00e1ci s EPC &#8211; Lond\u00fdn<\/td><\/tr><tr><td>N\u00e1vrh algoritmu pre viac\u00farov\u0148ov\u00fd predaj elektriny z bat\u00e9riov\u00e9ho \u00falo\u017eiska na futures, day ahead a intraday trhoch<\/td><td>DP<\/td><td>doc. Ing. Marek Pavl\u00edk, PhD., MBA<\/td><td>pr\u00e1ca v spolupr\u00e1ci s EPC &#8211; Lond\u00fdn<\/td><\/tr><tr><td>Kvantifik\u00e1cia a hodnotenie extr\u00e9mov \u201educk curve\u201c pomocou historickej distrib\u00facie denn\u00fdch profilov cien<\/td><td>DP<\/td><td>doc. Ing. Marek Pavl\u00edk, PhD., MBA<\/td><td>pr\u00e1ca v spolupr\u00e1ci s EPC &#8211; Lond\u00fdn<\/td><\/tr><tr><td>Optimaliz\u00e1cia v\u00fdberu technick\u00fdch indik\u00e1torov pre predikciu cien elektriny pomocou genetick\u00fdch algoritmov<\/td><td>DP<\/td><td>doc. Ing. Marek Pavl\u00edk, PhD., MBA<\/td><td>pr\u00e1ca v spolupr\u00e1ci s EPC &#8211; Lond\u00fdn<\/td><\/tr><tr><td>Integr\u00e1cia technol\u00f3gie V2X do energetick\u00fdch spolo\u010denstiev<\/td><td>DP<\/td><td>doc. Ing. Zsolt \u010conka, PhD.<\/td><td>&nbsp;<\/td><\/tr><tr><td>Agreg\u00e1cia flexibility pomocou V2X technol\u00f3gie<\/td><td>DP<\/td><td>doc. Ing. Zsolt \u010conka, PhD.<\/td><td>&nbsp;<\/td><\/tr><tr><td>Optimaliz\u00e1cia a testovanie navrhnutej PCB ant\u00e9ny pre \u00fa\u010dely hodnotenia \u00fa\u010dinnosti tienenia elektromagnetick\u00e9ho po\u013ea<\/td><td>DP<\/td><td>Ing. J\u00e1n Zbojovsk\u00fd, PhD.<\/td><td>&nbsp;<\/td><\/tr><tr><td>Charakteriz\u00e1cia triboelektrick\u00fdch materi\u00e1lov za \u00fa\u010delom zberu energie<\/td><td>DP<\/td><td>Ing. J\u00e1n Zbojovsk\u00fd, PhD.<\/td><td>&nbsp;<\/td><\/tr><tr><td>Vlhkos\u0165 v transform\u00e1torovom oleji \u2013 kondicionovanie vzoriek a anal\u00fdza izola\u010dn\u00fdch vlastnost\u00ed<\/td><td>DP<\/td><td>Ing. J\u00e1n Zbojovsk\u00fd, PhD.<\/td><td>&nbsp;<\/td><\/tr><tr><td>N\u00e1vrh implement\u00e1cie bat\u00e9riov\u00fdch \u00falo\u017e\u00edsk elektrickej energie priemyseln\u00e9ho objektu<\/td><td>DP<\/td><td>Ing. Jozef Kir\u00e1ly, PhD.<\/td><td>&nbsp;<\/td><\/tr><tr><td>Anal\u00fdza prev\u00e1dzky bat\u00e9riov\u00e9ho \u00falo\u017eiska elektrickej energie a&nbsp;elektrick\u00fdch vozidiel v&nbsp;re\u017eime nab\u00edjania a&nbsp;dod\u00e1vky do siete<\/td><td>DP<\/td><td>Ing. Jozef Kir\u00e1ly, PhD.<\/td><td>&nbsp;<\/td><\/tr><tr><td>Parametriz\u00e1cia syst\u00e9mu chr\u00e1nenia VN transform\u00e1tora<\/td><td>DP<\/td><td>Ing. R\u00f3bert \u0160tefko, PhD.<\/td><td>&nbsp;<\/td><\/tr><tr><td>Problematika v\u00fdpo\u010dtov skratov\u00fdch pr\u00fadov pre NN siete<\/td><td>DP<\/td><td>Ing. R\u00f3bert \u0160tefko, PhD.<\/td><td>&nbsp;<\/td><\/tr><tr><td>Anal\u00fdza s\u00favislost\u00ed s n\u00e1hodn\u00fdmi preskokmi v sie\u0165ach VVN<\/td><td>DP<\/td><td>Ing. Samuel Bucko, PhD.<\/td><td>pr\u00e1ca v spolupr\u00e1ci s VSD, a.s.<\/td><\/tr><tr><td>Stanovenie stup\u0148a zostarnutia (\u017eivotnosti) v\u00fdkonov\u00fdch transform\u00e1torov na z\u00e1klade rozboru papierovej izol\u00e1cie z vinut\u00ed<\/td><td>DP<\/td><td>Ing. Samuel Bucko, PhD.<\/td><td>pr\u00e1ca v spolupr\u00e1ci so Slovensk\u00e9 Elektr\u00e1rne, a.s.<\/td><\/tr><tr><td>Agreg\u00e1cia flexibility na \u00farovni dom\u00e1cnost\u00ed a mal\u00fdch komer\u010dn\u00fdch objektov<\/td><td>DP<\/td><td>Ing. Samuel Bucko, PhD.<\/td><td>&nbsp;<\/td><\/tr><tr><td>Vyu\u017eitie met\u00f3dy frekven\u010dnej spektroskopie pri posudzovan\u00ed st\u00e1rnutia papierovej izol\u00e1cie v\u00fdkonov\u00fdch transform\u00e1torov<\/td><td>DP<\/td><td>Ing. Samuel Bucko, PhD.<\/td><td>pr\u00e1ca v spolupr\u00e1ci so SEPS, a.s.<\/td><\/tr><\/tbody><\/table><\/figure>\n","protected":false},"excerpt":{"rendered":"<p>T\u00e9ma\u00a0 pr\u00e1ce Typ Ved\u00faci pr\u00e1ce Pozn\u00e1mka \u0160t\u00fadium tepelnej vodivosti nano-modifikovan\u00fdch elektroizola\u010dn\u00fdch kvapal\u00edn DP prof. Ing. Juraj Kurimsk\u00fd, PhD. &nbsp; \u0160t\u00fadium efektov nano\u010dast\u00edc na absorp\u010dn\u00e9 spektr\u00e1&hellip;<\/p>\n","protected":false},"author":1,"featured_media":0,"parent":0,"menu_order":0,"comment_status":"closed","ping_status":"closed","template":"","meta":[],"_links":{"self":[{"href":"https:\/\/kee.fei.tuke.sk\/index.php?rest_route=\/wp\/v2\/pages\/2626"}],"collection":[{"href":"https:\/\/kee.fei.tuke.sk\/index.php?rest_route=\/wp\/v2\/pages"}],"about":[{"href":"https:\/\/kee.fei.tuke.sk\/index.php?rest_route=\/wp\/v2\/types\/page"}],"author":[{"embeddable":true,"href":"https:\/\/kee.fei.tuke.sk\/index.php?rest_route=\/wp\/v2\/users\/1"}],"replies":[{"embeddable":true,"href":"https:\/\/kee.fei.tuke.sk\/index.php?rest_route=%2Fwp%2Fv2%2Fcomments&post=2626"}],"version-history":[{"count":2,"href":"https:\/\/kee.fei.tuke.sk\/index.php?rest_route=\/wp\/v2\/pages\/2626\/revisions"}],"predecessor-version":[{"id":2629,"href":"https:\/\/kee.fei.tuke.sk\/index.php?rest_route=\/wp\/v2\/pages\/2626\/revisions\/2629"}],"wp:attachment":[{"href":"https:\/\/kee.fei.tuke.sk\/index.php?rest_route=%2Fwp%2Fv2%2Fmedia&parent=2626"}],"curies":[{"name":"wp","href":"https:\/\/api.w.org\/{rel}","templated":true}]}}