{"id":2604,"date":"2025-11-13T18:17:50","date_gmt":"2025-11-13T17:17:50","guid":{"rendered":"https:\/\/kee.fei.tuke.sk\/?page_id=2604"},"modified":"2025-11-13T18:17:51","modified_gmt":"2025-11-13T17:17:51","slug":"dalsie-projekty-riesene-na-katedre","status":"publish","type":"page","link":"https:\/\/kee.fei.tuke.sk\/?page_id=2604","title":{"rendered":"\u010eal\u0161ie projekty  rie\u0161en\u00e9 na katedre"},"content":{"rendered":"\n<p><li><a href=\"https:\/\/kee.fei.tuke.sk\/?page_id=2599\" target=\"_blank\" rel=\"noreferrer noopener\"><strong>0010\/Nad\u00e1cia VSE\/2025, Pokro\u010dil\u00e9 monitorovanie kvality elektrickej energie v pr\u00edpade OZE a e-mobility<\/strong><\/a><\/li> <\/p>\n","protected":false},"excerpt":{"rendered":"<p>0010\/Nad\u00e1cia VSE\/2025, Pokro\u010dil\u00e9 monitorovanie kvality elektrickej energie v pr\u00edpade OZE a e-mobility<\/p>\n","protected":false},"author":1,"featured_media":0,"parent":0,"menu_order":0,"comment_status":"closed","ping_status":"closed","template":"","meta":[],"_links":{"self":[{"href":"https:\/\/kee.fei.tuke.sk\/index.php?rest_route=\/wp\/v2\/pages\/2604"}],"collection":[{"href":"https:\/\/kee.fei.tuke.sk\/index.php?rest_route=\/wp\/v2\/pages"}],"about":[{"href":"https:\/\/kee.fei.tuke.sk\/index.php?rest_route=\/wp\/v2\/types\/page"}],"author":[{"embeddable":true,"href":"https:\/\/kee.fei.tuke.sk\/index.php?rest_route=\/wp\/v2\/users\/1"}],"replies":[{"embeddable":true,"href":"https:\/\/kee.fei.tuke.sk\/index.php?rest_route=%2Fwp%2Fv2%2Fcomments&post=2604"}],"version-history":[{"count":1,"href":"https:\/\/kee.fei.tuke.sk\/index.php?rest_route=\/wp\/v2\/pages\/2604\/revisions"}],"predecessor-version":[{"id":2606,"href":"https:\/\/kee.fei.tuke.sk\/index.php?rest_route=\/wp\/v2\/pages\/2604\/revisions\/2606"}],"wp:attachment":[{"href":"https:\/\/kee.fei.tuke.sk\/index.php?rest_route=%2Fwp%2Fv2%2Fmedia&parent=2604"}],"curies":[{"name":"wp","href":"https:\/\/api.w.org\/{rel}","templated":true}]}}