{"id":2599,"date":"2025-11-13T18:13:07","date_gmt":"2025-11-13T17:13:07","guid":{"rendered":"https:\/\/kee.fei.tuke.sk\/?page_id=2599"},"modified":"2025-11-13T18:26:03","modified_gmt":"2025-11-13T17:26:03","slug":"pokrocile-monitorovanie-kvality-elektrickej-energie-v-pripade-oze-a-e-mobility","status":"publish","type":"page","link":"https:\/\/kee.fei.tuke.sk\/?page_id=2599","title":{"rendered":"Pokro\u010dil\u00e9 monitorovanie kvality elektrickej energie v pr\u00edpade OZE a e-mobility"},"content":{"rendered":"\n<p>Cie\u013eom projektu je inovova\u0165 pr\u00edstrojov\u00e9 vybavenie pre \u00fa\u010dely merania kvality a spo\u013eahlivosti dod\u00e1vky elektrickej energie. Projekt sa zaklad\u00e1 na doteraj\u0161om budovan\u00ed infra\u0161trukt\u00fary, ktor\u00e1 \u0161tudentom pon\u00faka rie\u0161enie najaktu\u00e1lnej\u0161\u00edch t\u00e9m v oblasti elektroenergetiky, ako s\u00fa elektromobilita, obnovite\u013en\u00e9 zdroje energie a kvalita elektrickej energie. Z vy\u0161\u0161ie uveden\u00e9ho vypl\u00fdva, \u017ee najpodstatnej\u0161ou \u010das\u0165ou tohto projektu bol v\u00fdber a obstaranie analyz\u00e1tora siete, ktor\u00fd sp\u013a\u0148a n\u00e1roky pre modern\u00e9 trendy v elektroenergetike.<\/p>\n\n\n\n<p>V r\u00e1mci projektu bol realizovan\u00fd v\u00fdber modelu analyz\u00e1tora siete od overen\u00e9ho a spo\u013eahliv\u00e9ho v\u00fdrobcu, ktor\u00fd sp\u013a\u0148a najvy\u0161\u0161ie n\u00e1roky na kvalitat\u00edvne vyhotovenie pr\u00edstroja v r\u00e1mci dovolenej cenovej rel\u00e1cie. Obstaranie pr\u00edstroja a jeho prvotn\u00e9 otestovanie v laborat\u00f3ri\u00e1ch Katedry elektroenergetiky boli druh\u00fdm cie\u013eom projektu, z ktor\u00e9ho n\u00e1sledne plyn\u00fa pracovn\u00e9 postupy pri vyu\u017e\u00edvan\u00ed PQ analyz\u00e1tora na cvi\u010deniach vybran\u00fdch predmetov a pre \u00fa\u010dely z\u00e1vere\u010dn\u00fdch pr\u00e1c \u0161tudentov.<\/p>\n\n\n\n<p>\u010c\u00edslo zmluvy: 0010\/Nad\u00e1cia VSE\/2025<\/p>\n\n\n\n<figure class=\"wp-block-image size-large is-resized\"><img loading=\"lazy\" src=\"https:\/\/kee.fei.tuke.sk\/wp-content\/uploads\/2025\/11\/1000004713-768x1024.jpeg\" alt=\"\" class=\"wp-image-2600\" width=\"768\" height=\"1024\" srcset=\"https:\/\/kee.fei.tuke.sk\/wp-content\/uploads\/2025\/11\/1000004713-768x1024.jpeg 768w, https:\/\/kee.fei.tuke.sk\/wp-content\/uploads\/2025\/11\/1000004713-225x300.jpeg 225w, https:\/\/kee.fei.tuke.sk\/wp-content\/uploads\/2025\/11\/1000004713-1152x1536.jpeg 1152w, https:\/\/kee.fei.tuke.sk\/wp-content\/uploads\/2025\/11\/1000004713-1536x2048.jpeg 1536w, https:\/\/kee.fei.tuke.sk\/wp-content\/uploads\/2025\/11\/1000004713-scaled.jpeg 1920w\" sizes=\"(max-width: 768px) 100vw, 768px\" \/><\/figure>\n\n\n\n<figure class=\"wp-block-image size-large\"><img loading=\"lazy\" width=\"768\" height=\"1024\" src=\"https:\/\/kee.fei.tuke.sk\/wp-content\/uploads\/2025\/11\/1000004714-768x1024.jpg\" alt=\"\" class=\"wp-image-2601\" srcset=\"https:\/\/kee.fei.tuke.sk\/wp-content\/uploads\/2025\/11\/1000004714-768x1024.jpg 768w, https:\/\/kee.fei.tuke.sk\/wp-content\/uploads\/2025\/11\/1000004714-225x300.jpg 225w, https:\/\/kee.fei.tuke.sk\/wp-content\/uploads\/2025\/11\/1000004714-1152x1536.jpg 1152w, https:\/\/kee.fei.tuke.sk\/wp-content\/uploads\/2025\/11\/1000004714-1536x2048.jpg 1536w, https:\/\/kee.fei.tuke.sk\/wp-content\/uploads\/2025\/11\/1000004714-scaled.jpg 1920w\" sizes=\"(max-width: 768px) 100vw, 768px\" \/><\/figure>\n\n\n\n<figure class=\"wp-block-image size-large\"><img loading=\"lazy\" width=\"1024\" height=\"768\" src=\"https:\/\/kee.fei.tuke.sk\/wp-content\/uploads\/2025\/11\/IMG_20251111_102228-1-1024x768.jpg\" alt=\"\" class=\"wp-image-2611\" srcset=\"https:\/\/kee.fei.tuke.sk\/wp-content\/uploads\/2025\/11\/IMG_20251111_102228-1-1024x768.jpg 1024w, https:\/\/kee.fei.tuke.sk\/wp-content\/uploads\/2025\/11\/IMG_20251111_102228-1-300x225.jpg 300w, https:\/\/kee.fei.tuke.sk\/wp-content\/uploads\/2025\/11\/IMG_20251111_102228-1-768x576.jpg 768w, https:\/\/kee.fei.tuke.sk\/wp-content\/uploads\/2025\/11\/IMG_20251111_102228-1-1536x1152.jpg 1536w, https:\/\/kee.fei.tuke.sk\/wp-content\/uploads\/2025\/11\/IMG_20251111_102228-1-2048x1536.jpg 2048w\" sizes=\"(max-width: 1024px) 100vw, 1024px\" \/><\/figure>\n\n\n\n<figure class=\"wp-block-image size-large\"><img loading=\"lazy\" width=\"1024\" height=\"768\" src=\"https:\/\/kee.fei.tuke.sk\/wp-content\/uploads\/2025\/11\/IMG_20251111_102214-1024x768.jpg\" alt=\"\" class=\"wp-image-2610\" srcset=\"https:\/\/kee.fei.tuke.sk\/wp-content\/uploads\/2025\/11\/IMG_20251111_102214-1024x768.jpg 1024w, https:\/\/kee.fei.tuke.sk\/wp-content\/uploads\/2025\/11\/IMG_20251111_102214-300x225.jpg 300w, https:\/\/kee.fei.tuke.sk\/wp-content\/uploads\/2025\/11\/IMG_20251111_102214-768x576.jpg 768w, https:\/\/kee.fei.tuke.sk\/wp-content\/uploads\/2025\/11\/IMG_20251111_102214-1536x1152.jpg 1536w, https:\/\/kee.fei.tuke.sk\/wp-content\/uploads\/2025\/11\/IMG_20251111_102214-2048x1536.jpg 2048w\" sizes=\"(max-width: 1024px) 100vw, 1024px\" \/><\/figure>\n","protected":false},"excerpt":{"rendered":"<p>Cie\u013eom projektu je inovova\u0165 pr\u00edstrojov\u00e9 vybavenie pre \u00fa\u010dely merania kvality a spo\u013eahlivosti dod\u00e1vky elektrickej energie. Projekt sa zaklad\u00e1 na doteraj\u0161om budovan\u00ed infra\u0161trukt\u00fary, ktor\u00e1 \u0161tudentom pon\u00faka&hellip;<\/p>\n","protected":false},"author":1,"featured_media":0,"parent":0,"menu_order":0,"comment_status":"closed","ping_status":"closed","template":"","meta":[],"_links":{"self":[{"href":"https:\/\/kee.fei.tuke.sk\/index.php?rest_route=\/wp\/v2\/pages\/2599"}],"collection":[{"href":"https:\/\/kee.fei.tuke.sk\/index.php?rest_route=\/wp\/v2\/pages"}],"about":[{"href":"https:\/\/kee.fei.tuke.sk\/index.php?rest_route=\/wp\/v2\/types\/page"}],"author":[{"embeddable":true,"href":"https:\/\/kee.fei.tuke.sk\/index.php?rest_route=\/wp\/v2\/users\/1"}],"replies":[{"embeddable":true,"href":"https:\/\/kee.fei.tuke.sk\/index.php?rest_route=%2Fwp%2Fv2%2Fcomments&post=2599"}],"version-history":[{"count":3,"href":"https:\/\/kee.fei.tuke.sk\/index.php?rest_route=\/wp\/v2\/pages\/2599\/revisions"}],"predecessor-version":[{"id":2613,"href":"https:\/\/kee.fei.tuke.sk\/index.php?rest_route=\/wp\/v2\/pages\/2599\/revisions\/2613"}],"wp:attachment":[{"href":"https:\/\/kee.fei.tuke.sk\/index.php?rest_route=%2Fwp%2Fv2%2Fmedia&parent=2599"}],"curies":[{"name":"wp","href":"https:\/\/api.w.org\/{rel}","templated":true}]}}