{"id":2543,"date":"2025-09-23T07:39:22","date_gmt":"2025-09-23T05:39:22","guid":{"rendered":"https:\/\/kee.fei.tuke.sk\/?page_id=2543"},"modified":"2025-09-23T10:37:46","modified_gmt":"2025-09-23T08:37:46","slug":"elektromobilita","status":"publish","type":"page","link":"https:\/\/kee.fei.tuke.sk\/?page_id=2543","title":{"rendered":"Elektromobilita"},"content":{"rendered":"\n<figure class=\"wp-block-table\"><table><tbody><tr><td><strong>\u0160tudijn\u00fd odbor:<\/strong><\/td><td>Elektrotechnika<\/td><\/tr><tr><td><strong>\u0160tudijn\u00fd program:<\/strong><\/td><td>Elektroenergetika<\/td><\/tr><tr><td><strong>Rozsah:<\/strong><\/td><td>2\/1\/1 (P\/CN\/CL)<\/td><\/tr><tr><td><strong>Po\u010det kreditov:<\/strong><\/td><td>6<\/td><\/tr><tr><td><strong>Osoba zodpovedn\u00e1 za predmet:<\/strong><\/td><td>doc. Ing. Marek Pavl\u00edk, PhD., MBA <\/td><\/tr><tr><td><strong>Predn\u00e1\u0161a:<\/strong><\/td><td>doc. Ing. Marek Pavl\u00edk, PhD., MBA<\/td><\/tr><tr><td><strong>Cvi\u010d\u00ed:<\/strong><\/td><td>doc. Ing. Marek Pavl\u00edk, PhD., MBA<\/td><\/tr><tr><td><strong>Podmie\u0148uj\u00face predmety:<\/strong><\/td><td>\u2013<\/td><\/tr><tr><td><strong>Hodnotenie a ukon\u010denie:<\/strong><\/td><td>z\u00e1po\u010det a sk\u00fa\u0161ka.<\/td><\/tr><tr><td><strong>Priebe\u017en\u00e9 hodnotenie:<\/strong><\/td><td>p\u00edsomn\u00e1 pr\u00e1ca, projekt.<\/td><\/tr><tr><td><strong>Z\u00e1vere\u010dn\u00e9 hodnotenie:<\/strong><\/td><td>sk\u00fa\u0161ka.<\/td><\/tr><\/tbody><\/table><\/figure>\n\n\n\n<p><strong>Cie\u013e predmetu<\/strong>:\u0160tudent pochop\u00ed z\u00e1klady elektromobility vr\u00e1tane elektrick\u00fdch vozidiel (EV), nab\u00edjacej infra\u0161trukt\u00fary, bat\u00e9riov\u00fdch technol\u00f3gi\u00ed a vplyvu elektromobility na elektrick\u00fa sie\u0165. Bud\u00fa sk\u00fama\u0165 strat\u00e9gie integr\u00e1cie obnovite\u013en\u00fdch zdrojov energie s nab\u00edjac\u00edmi syst\u00e9mami EV a analyzova\u0165 politiky a normy t\u00fdkaj\u00face sa elektromobility. Bud\u00fa sa rozv\u00edja\u0165 aj praktick\u00e9 zru\u010dnosti pri navrhovan\u00ed a posudzovan\u00ed elektrick\u00fdch a nab\u00edjac\u00edch syst\u00e9mov.<\/p>\n\n\n\n<h4>Stru\u010dn\u00e1 osnova predmetu<\/h4>\n\n\n\n<ol><li>\u00favod do elektromobility a jej v\u00fdznam,<\/li><li>typy elektrick\u00fdch vozidiel a ich s\u00fa\u010dasti,<\/li><li>bat\u00e9riov\u00e9 technol\u00f3gie a syst\u00e9my riadenia,<\/li><li>nab\u00edjacia infra\u0161trukt\u00fara a \u0161tandardy,<\/li><li>vplyv elektromobility na kvalitu elektrickej energie a stabilitu siete,<\/li><li>integr\u00e1cia obnovite\u013en\u00fdch zdrojov energie s nab\u00edjan\u00edm EV,<\/li><li>politiky, predpisy a normy ovplyv\u0148uj\u00face elektromobilitu,<\/li><li>pr\u00edpadov\u00e9 \u0161t\u00fadie o s\u00fa\u010dasnom pokroku a v\u00fdzvach v oblasti elektromobility.<\/li><\/ol>\n\n\n\n<h4>\u010casov\u00fd rozvrh v\u00fdu\u010dby<\/h4>\n\n\n\n<ol><li><\/li><\/ol>\n\n\n\n<h4>Odpor\u00fa\u010dan\u00e1 literat\u00fara<\/h4>\n\n\n\n<ol><li>Kathiresh, M., Kanagachidambaresan, G. R., Williamson Sheldon S.: E-Mobility &#8211; A New Era in Automotive Technology. Springer Nature Switzerland AG, 2021. ISBN 978-3-030-85423-2. DOI: 10.1007\/978-3-030-85424-9.<\/li><li>Larminie, J., Lowry, J.: Electric Vehicle Technology Explained. Wiley: 2012. ISBN: 978-1-119-94273-3.<\/li><li>Ehsani, M., Gao, Y., Longo, S., Ebrahimi, K.: Modern Electric, Hybrid Electric and Fuel Cell Vehicles. CRC Press: 2018. ISBN 978-1-4987-6177-2.<\/li><\/ol>\n","protected":false},"excerpt":{"rendered":"<p>\u0160tudijn\u00fd odbor: Elektrotechnika \u0160tudijn\u00fd program: Elektroenergetika Rozsah: 2\/1\/1 (P\/CN\/CL) Po\u010det kreditov: 6 Osoba zodpovedn\u00e1 za predmet: doc. Ing. Marek Pavl\u00edk, PhD., MBA Predn\u00e1\u0161a: doc. Ing.&hellip;<\/p>\n","protected":false},"author":1,"featured_media":0,"parent":0,"menu_order":0,"comment_status":"closed","ping_status":"closed","template":"","meta":[],"_links":{"self":[{"href":"https:\/\/kee.fei.tuke.sk\/index.php?rest_route=\/wp\/v2\/pages\/2543"}],"collection":[{"href":"https:\/\/kee.fei.tuke.sk\/index.php?rest_route=\/wp\/v2\/pages"}],"about":[{"href":"https:\/\/kee.fei.tuke.sk\/index.php?rest_route=\/wp\/v2\/types\/page"}],"author":[{"embeddable":true,"href":"https:\/\/kee.fei.tuke.sk\/index.php?rest_route=\/wp\/v2\/users\/1"}],"replies":[{"embeddable":true,"href":"https:\/\/kee.fei.tuke.sk\/index.php?rest_route=%2Fwp%2Fv2%2Fcomments&post=2543"}],"version-history":[{"count":3,"href":"https:\/\/kee.fei.tuke.sk\/index.php?rest_route=\/wp\/v2\/pages\/2543\/revisions"}],"predecessor-version":[{"id":2575,"href":"https:\/\/kee.fei.tuke.sk\/index.php?rest_route=\/wp\/v2\/pages\/2543\/revisions\/2575"}],"wp:attachment":[{"href":"https:\/\/kee.fei.tuke.sk\/index.php?rest_route=%2Fwp%2Fv2%2Fmedia&parent=2543"}],"curies":[{"name":"wp","href":"https:\/\/api.w.org\/{rel}","templated":true}]}}