{"id":2465,"date":"2025-04-28T13:26:18","date_gmt":"2025-04-28T11:26:18","guid":{"rendered":"https:\/\/kee.fei.tuke.sk\/?page_id=2465"},"modified":"2025-04-28T13:28:14","modified_gmt":"2025-04-28T11:28:14","slug":"vyzvy-na-predkladanie-projektov","status":"publish","type":"page","link":"https:\/\/kee.fei.tuke.sk\/?page_id=2465","title":{"rendered":"V\u00fdzvy na predkladanie projektov"},"content":{"rendered":"\n<p><strong>VEGA<\/strong><br><a href=\"http:\/\/www.minedu.sk\/aktualne-informacie-a-pokyny-pre-veducich-projektov-vega\/\" target=\"_blank\" rel=\"noreferrer noopener\">http:\/\/www.minedu.sk\/aktualne-informacie-a-pokyny-pre-veducich-projektov-vega\/<\/a><\/p>\n\n\n\n<p><strong>KEGA<\/strong><br><a href=\"http:\/\/www.minedu.sk\/aktualne-informacie-a-pokyny-pre-veducich-riesitelov-projektov-kega\/\" target=\"_blank\" rel=\"noreferrer noopener\">http:\/\/www.minedu.sk\/aktualne-informacie-a-pokyny-pre-veducich-riesitelov-projektov-kega\/<\/a><\/p>\n\n\n\n<p><strong>APVV<\/strong><br><a rel=\"noreferrer noopener\" href=\"http:\/\/www.apvv.sk\" target=\"_blank\">http:\/\/www.apvv.sk<\/a><\/p>\n\n\n\n<p><strong>V\u00fdskumn\u00e1 agent\u00fara <\/strong><br><a rel=\"noreferrer noopener\" href=\"http:\/\/www.vyskumnaagentura.sk\/sk\" target=\"_blank\">http:\/\/www.vyskumnaagentura.sk\/sk<\/a><\/p>\n\n\n\n<p><strong>Visegrad Fund<\/strong><br><a rel=\"noreferrer noopener\" href=\"http:\/\/visegradfund.org\/home\" target=\"_blank\">http:\/\/visegradfund.org\/home<\/a><\/p>\n\n\n\n<p><strong>Sty\u010dn\u00e1 kancel\u00e1ria pre v\u00fdskum a v\u00fdvoj v Bruseli (SLORD):<\/strong><br><a href=\"http:\/\/slord.sk\/\" target=\"_blank\" rel=\"noreferrer noopener\">http:\/\/slord.sk\/<\/a><\/p>\n\n\n\n<p><strong>Marie Sk\u0142odowska-Curie Actions<\/strong><br><a rel=\"noreferrer noopener\" href=\"https:\/\/marie-sklodowska-curie-actions.ec.europa.eu\/\" target=\"_blank\">https:\/\/marie-sklodowska-curie-actions.ec.europa.eu\/<\/a><\/p>\n\n\n\n<p><\/p>\n\n\n\n<p><strong>INTERREG<\/strong><br><a href=\"https:\/\/interreg.eu\/\" target=\"_blank\" rel=\"noreferrer noopener\">https:\/\/interreg.eu\/<\/a><\/p>\n","protected":false},"excerpt":{"rendered":"<p>VEGAhttp:\/\/www.minedu.sk\/aktualne-informacie-a-pokyny-pre-veducich-projektov-vega\/ KEGAhttp:\/\/www.minedu.sk\/aktualne-informacie-a-pokyny-pre-veducich-riesitelov-projektov-kega\/ APVVhttp:\/\/www.apvv.sk V\u00fdskumn\u00e1 agent\u00fara http:\/\/www.vyskumnaagentura.sk\/sk Visegrad Fundhttp:\/\/visegradfund.org\/home Sty\u010dn\u00e1 kancel\u00e1ria pre v\u00fdskum a v\u00fdvoj v Bruseli (SLORD):http:\/\/slord.sk\/ Marie Sk\u0142odowska-Curie Actionshttps:\/\/marie-sklodowska-curie-actions.ec.europa.eu\/ INTERREGhttps:\/\/interreg.eu\/<\/p>\n","protected":false},"author":1,"featured_media":0,"parent":0,"menu_order":0,"comment_status":"closed","ping_status":"closed","template":"","meta":[],"_links":{"self":[{"href":"https:\/\/kee.fei.tuke.sk\/index.php?rest_route=\/wp\/v2\/pages\/2465"}],"collection":[{"href":"https:\/\/kee.fei.tuke.sk\/index.php?rest_route=\/wp\/v2\/pages"}],"about":[{"href":"https:\/\/kee.fei.tuke.sk\/index.php?rest_route=\/wp\/v2\/types\/page"}],"author":[{"embeddable":true,"href":"https:\/\/kee.fei.tuke.sk\/index.php?rest_route=\/wp\/v2\/users\/1"}],"replies":[{"embeddable":true,"href":"https:\/\/kee.fei.tuke.sk\/index.php?rest_route=%2Fwp%2Fv2%2Fcomments&post=2465"}],"version-history":[{"count":2,"href":"https:\/\/kee.fei.tuke.sk\/index.php?rest_route=\/wp\/v2\/pages\/2465\/revisions"}],"predecessor-version":[{"id":2470,"href":"https:\/\/kee.fei.tuke.sk\/index.php?rest_route=\/wp\/v2\/pages\/2465\/revisions\/2470"}],"wp:attachment":[{"href":"https:\/\/kee.fei.tuke.sk\/index.php?rest_route=%2Fwp%2Fv2%2Fmedia&parent=2465"}],"curies":[{"name":"wp","href":"https:\/\/api.w.org\/{rel}","templated":true}]}}