{"id":2297,"date":"2025-02-03T09:52:56","date_gmt":"2025-02-03T08:52:56","guid":{"rendered":"https:\/\/kee.fei.tuke.sk\/?page_id=2297"},"modified":"2025-05-08T12:24:33","modified_gmt":"2025-05-08T10:24:33","slug":"sustainable-electric-power-generation-under-eu-conditions","status":"publish","type":"page","link":"https:\/\/kee.fei.tuke.sk\/?page_id=2297","title":{"rendered":"Sustainable Electric Power Generation under EU Conditions"},"content":{"rendered":"\n<figure class=\"wp-block-image size-large\"><img loading=\"lazy\" width=\"1024\" height=\"147\" src=\"https:\/\/kee.fei.tuke.sk\/wp-content\/uploads\/2025\/03\/obrazok-1024x147.png\" alt=\"\" class=\"wp-image-2387\" srcset=\"https:\/\/kee.fei.tuke.sk\/wp-content\/uploads\/2025\/03\/obrazok-1024x147.png 1024w, https:\/\/kee.fei.tuke.sk\/wp-content\/uploads\/2025\/03\/obrazok-300x43.png 300w, https:\/\/kee.fei.tuke.sk\/wp-content\/uploads\/2025\/03\/obrazok-768x110.png 768w, https:\/\/kee.fei.tuke.sk\/wp-content\/uploads\/2025\/03\/obrazok.png 1195w\" sizes=\"(max-width: 1024px) 100vw, 1024px\" \/><\/figure>\n\n\n\n<h2 class=\"has-text-align-center\">Workshop<\/h2>\n\n\n\n<p class=\"has-text-align-center\">23.4.2025 \u2013 25.4.2025<\/p>\n\n\n\n<p class=\"has-text-align-center\"><strong>Hotel Kontakt, Star\u00e1 Lesn\u00e1, Slovakia<\/strong><\/p>\n\n\n\n<div class=\"wp-block-image\"><figure class=\"aligncenter size-large\"><img loading=\"lazy\" width=\"709\" height=\"64\" src=\"https:\/\/kee.fei.tuke.sk\/wp-content\/uploads\/2025\/03\/obrazok-1.png\" alt=\"\" class=\"wp-image-2389\" srcset=\"https:\/\/kee.fei.tuke.sk\/wp-content\/uploads\/2025\/03\/obrazok-1.png 709w, https:\/\/kee.fei.tuke.sk\/wp-content\/uploads\/2025\/03\/obrazok-1-300x27.png 300w\" sizes=\"(max-width: 709px) 100vw, 709px\" \/><\/figure><\/div>\n\n\n\n<p><strong>Organizer:<\/strong><\/p>\n\n\n\n<p>Department of Electric Power Engineering, Faculty of Electrical Engineering and Informatics, Technical University of Ko\u0161ice<\/p>\n\n\n\n<p>This Workshop  is a part of the projects: <strong><a rel=\"noreferrer noopener\" href=\"https:\/\/www.interreg-central.eu\/projects\/v4grid\/\" target=\"_blank\">V4GRID<\/a> CE0200803<\/strong> <strong>&#8222;The Visegrad group for Vehicle to X&#8220;<\/strong>, <strong>APVV-22-0115 &#8222;Nano-functionalization of liquids for oil transformers&#8220;<\/strong>,  <strong>VEGA 2\/0029\/24 &#8222;Energy harvesting through magnetic fluids&#8220;<\/strong>,  <strong>VEGA 1\/0380\/24 &#8222;Research into innovative insulating materials doped with nanoparticles for the power industry&#8220;<\/strong>,  <strong>VEGA 1\/0627\/24 &#8222;Research into the impact of the development of electromobility and renewable energy on distribution systems&#8220;<\/strong>, and the project:  <strong>VEGA 1\/0532\/25 &#8222;Research into the possibilities of increasing the transmission capabilities of existing external power lines&#8220;<\/strong>,      <\/p>\n\n\n\n<p><\/p>\n\n\n\n<p>Papers will be published in the scientific and professional journal Elektroenergetika and available online at: <a href=\"https:\/\/jeen.fei.tuke.sk\/index.php\/jeen\">http:\/\/jeen.fei.tuke.sk\/index.php\/jeen<\/a>.<\/p>\n\n\n\n<p><br>Those authors who want to publish their contribution, are kindly asked to submit the  paper according to the requirements of the journal Elektroenergetika. Please, consult the <a href=\"http:\/\/jeen.fei.tuke.sk\/index.php\/jeen\/about\/submissions\"><strong>instructions for authors<\/strong><\/a> on the journal webpage. Here is avalaible the <strong><a rel=\"noreferrer noopener\" href=\"http:\/\/jeen.fei.tuke.sk\/files\/journals\/1\/EEN-style_sk.doc\" target=\"_blank\">template<\/a><\/strong> for the journal .<\/p>\n\n\n\n<p><\/p>\n\n\n\n<figure class=\"wp-block-table\"><table><tbody><tr><td><strong>Members of the Program Committee<\/strong><\/td><\/tr><tr><td><\/td><td><\/td><\/tr><tr><td>Assoc. Prof. Cristian Barz Eng.<\/td><td>University of Cluj-Napoca, North University Center Baia Mare Romania<\/td><\/tr><tr><td>prof. Ing. Jaroslav Kn\u00e1pek, CSc.<\/td><td>Czech Technical University in Prague, CZ<\/td><\/tr><tr><td>prof. Ing. Radom\u00edr Go\u0148o, Ph.D.<\/td><td>VSB \u2013 Technical University of Ostrava, CZ<\/td><\/tr><tr><td>Ing. Miroslava Go\u0148o, Ph.D., MBA<\/td><td>VSB \u2013 Technical University of Ostrava, CZ<\/td><\/tr><tr><td>Prof. Dr. Rolf Jung<\/td><td>University of Applied Sciences Kempten, DE<\/td><\/tr><tr><td>Ing. \u0160tefan Hardo\u0148, PhD.<\/td><td>University of Zilina, SK<\/td><\/tr><tr><td>prof. RNDr. Jozef K\u00fadel\u010d\u00edk, PhD.<\/td><td>University of Zilina, SK<\/td><\/tr><tr><td>Mgr. Mari\u00e1n Janek, PhD.<\/td><td>University of Zilina, SK<\/td><\/tr><tr><td>prof. Oleh Onysko, PhD.<\/td><td>Ivano-Frankivsk National Technical University of Oil and Gas, UA<\/td><\/tr><tr><td>prof. Liudmyla Arkhypova, PhD.<\/td><td>Ivano-Frankivsk National Technical University of Oil and Gas, UA<\/td><\/tr><tr><td>Ing. Marek Miltner, MPhil MBA<\/td><td>Doerr School of Sustainability, Stanford University, Stanford, USA,<br>Faculty of Electrical Engineering, CTU in Prague, Prague, Czechia.<\/td><\/tr><tr><td>Ing. Ond\u0159ej \u0160togl<\/td><td>Faculty of Electrical Engineering, CTU in Prague, Prague, Czechia.<\/td><\/tr><tr><td>dr in\u017c. Grzegorz Dra\u0142us<\/td><td>Rzeszow University of Technology, PL<\/td><\/tr><tr><td>dr in\u017c. Tomasz Kossowski<\/td><td>Rzeszow University of Technology, PL<\/td><\/tr><tr><td>dr in\u017c. Bogdan Kwiatkowski<\/td><td>Rzeszow University of Technology, PL<\/td><\/tr><tr><td>dr hab. in\u017c. Damian Mazur<\/td><td>Rzeszow University of Technology, PL<\/td><\/tr><tr><td>prof. Ing. Roman Cimbala, PhD.<\/td><td>Technical University of Ko\u0161ice, SK<\/td><\/tr><tr><td>prof. Ing. Juraj Kurimsk\u00fd, PhD.<\/td><td>Technical University of Ko\u0161ice, SK<\/td><\/tr><tr><td>doc. Ing. Jaroslav D\u017emura, PhD.<\/td><td>Technical University of Ko\u0161ice, SK<\/td><\/tr><tr><td>doc. Ing. Du\u0161an Medve\u010f, PhD.<\/td><td>Technical University of Ko\u0161ice, SK<\/td><\/tr><tr><td>doc. Ing. Jaroslav Petr\u00e1\u0161, PhD.<\/td><td>Technical University of Ko\u0161ice, SK &nbsp;<\/td><\/tr><tr><td>doc. Ing. Zsolt \u010conka, PhD.<\/td><td>Technical University of Ko\u0161ice, SK<\/td><\/tr><tr><td>doc. Ing. \u013dubom\u00edr Be\u0148a, PhD.<\/td><td>Technical University of Ko\u0161ice, SK<\/td><\/tr><tr><td>doc. Ing. Marek Pavl\u00edk, PhD., MBA<\/td><td>Technical University of Ko\u0161ice, SK<\/td><\/tr><tr><td>doc. Dr. Ing. Bystr\u00edk Doln\u00edk<\/td><td>Technical University of Ko\u0161ice, SK<\/td><\/tr><tr><td>Ing. Jozef Kir\u00e1ly, PhD.<\/td><td>Technical University of Ko\u0161ice, SK<\/td><\/tr><tr><td>Ing. Samuel Bucko, PhD.<\/td><td>Technical University of Ko\u0161ice, SK<\/td><\/tr><tr><td>Ing. J\u00e1n Zbojovsk\u00fd, PhD.<\/td><td>Technical University of Ko\u0161ice, SK<\/td><\/tr><tr><td>Ing. R\u00f3bert \u0160tefko, PhD.<\/td><td>Technical University of Ko\u0161ice, SK<\/td><\/tr><\/tbody><\/table><\/figure>\n\n\n\n<h2>P r o g r a m<\/h2>\n\n\n\n<h3><strong>23.4.2025<\/strong><\/h3>\n\n\n\n<figure class=\"wp-block-table\"><table><tbody><tr><td>13:00 \u2013 14:00<\/td><td>Arrival of participants, registration, accommodation<\/td><\/tr><tr><td>15:00 \u2013 15:10<\/td><td><strong>Opening of the expert seminar<\/strong><\/td><\/tr><tr><td>15:10 \u2013 17:50<\/td><td>Plenary session 1<\/td><\/tr><tr><td>18:00<\/td><td>Gala dinner<\/td><\/tr><\/tbody><\/table><\/figure>\n\n\n\n<h3><strong>24.4.2025<\/strong><\/h3>\n\n\n\n<figure class=\"wp-block-table\"><table><tbody><tr><td>07:30 \u2013 08:30<\/td><td>Breakfast<\/td><\/tr><tr><td>09:00 \u2013 12:00<\/td><td>Free program <\/td><\/tr><tr><td>12:00<\/td><td>Lunch<\/td><\/tr><tr><td>13:00 \u2013 18:30<\/td><td>Plenary session 2<\/td><\/tr><tr><td>19:00 <\/td><td>Dinner<\/td><\/tr><\/tbody><\/table><\/figure>\n\n\n\n<h3><strong>25.4.2025<\/strong><\/h3>\n\n\n\n<figure class=\"wp-block-table\"><table><tbody><tr><td>07:00 \u2013 08:00<\/td><td>Breakfast<\/td><\/tr><tr><td>08:00-08:30<\/td><td><strong><strong>Conclusion of the expert seminar<\/strong><\/strong><\/td><\/tr><\/tbody><\/table><\/figure>\n\n\n\n<h2><br><strong>Preliminary program<\/strong><\/h2>\n\n\n\n<p><\/p>\n\n\n\n<p><strong>Plenary Session I<\/strong><\/p>\n\n\n\n<p>23.04.2025, 15:00 \u2013 18:00<br>Chairman: prof. Ing. Roman Cimbala, PhD., doc. Ing. Zsolt \u010conka, PhD., Technical University in Ko\u0161ice<\/p>\n\n\n\n<figure class=\"wp-block-table\"><table><tbody><tr><td>Time\/Presenter<\/td><td class=\"has-text-align-left\" data-align=\"left\"><strong>Presentation title<\/strong><\/td><td><strong>Affiliation<\/strong><\/td><\/tr><tr><td><strong>15:00 \u2013 15:10<\/strong><br><strong>Roman Cimbala<\/strong><\/td><td class=\"has-text-align-left\" data-align=\"left\"><strong>Opening speech<\/strong><\/td><td><a href=\"https:\/\/www.fei.tuke.sk\/en\" target=\"_blank\" rel=\"noreferrer noopener\">Faculty of electrical engineering and informatics<\/a><\/td><\/tr><tr><td><strong>15:10-15:20<\/strong><br><strong>Du\u0161an Medve\u010f<\/strong><\/td><td class=\"has-text-align-left\" data-align=\"left\"><strong>Smart industry lab<\/strong><\/td><td><a rel=\"noreferrer noopener\" href=\"https:\/\/www.fei.tuke.sk\/en\" target=\"_blank\">Faculty of electrical engineering and informatics<\/a><\/td><\/tr><tr><td><strong>15:20 \u2013 15:30<\/strong><br><strong>Cristian Barz <\/strong><\/td><td class=\"has-text-align-left\" data-align=\"left\"><strong>Presentation about research activities of the  University of Cluj-Napoca, North University Center Baia Mare <\/strong><\/td><td><a href=\"https:\/\/www.utcluj.ro\/en\/\" target=\"_blank\" rel=\"noreferrer noopener\">University of Cluj-Napoca, North University Center Baia Mare Romania <\/a><\/td><\/tr><tr><td><strong>15:30-15:40<\/strong><br><strong>Rolf Jung <\/strong><\/td><td class=\"has-text-align-left\" data-align=\"left\"><strong>Presentation about research activities of the  University<\/strong> <strong>of Applied Sciences Kempten  <\/strong><\/td><td><a href=\"https:\/\/www.hs-kempten.de\/\" target=\"_blank\" rel=\"noreferrer noopener\">University of Applied Sciences Kempten <\/a><\/td><\/tr><tr><td><strong>15:40-15:50<\/strong><br><strong>Tomasz Kossowski<\/strong> <\/td><td class=\"has-text-align-left\" data-align=\"left\"><strong>Presentation about research activities of  the Rzeszow University of Technology <\/strong><\/td><td><a href=\"https:\/\/w.prz.edu.pl\/en\/\" target=\"_blank\" rel=\"noreferrer noopener\">Rzeszow University of Technology <\/a><\/td><\/tr><tr><td><strong>15:50-16:00 <br>Jaroslav Kn\u00e1pek <\/strong><\/td><td class=\"has-text-align-left\" data-align=\"left\"><strong>Presentation about research activities of the Czech Technical University in Prague, CZ <\/strong><\/td><td><a href=\"https:\/\/www.cvut.cz\/en\" target=\"_blank\" rel=\"noreferrer noopener\">Czech Technical University in Prague, CZ <\/a><\/td><\/tr><tr><td><strong>16:00-16:10<br>Marek Miltner <\/strong><\/td><td class=\"has-text-align-left\" data-align=\"left\"><strong>Presentation about research activities of the<\/strong> <strong>  Doerr School of Sustainability, Stanford University <\/strong><\/td><td><a rel=\"noreferrer noopener\" href=\"https:\/\/sustainability.stanford.edu\/\" target=\"_blank\">Doerr School of Sustainability, Stanford University, Stanford, USA<\/a>,<br><a rel=\"noreferrer noopener\" href=\"https:\/\/www.cvut.cz\/en\/faculty-of-electrical-engineering\" target=\"_blank\">Faculty of Electrical Engineering, CTU in Prague, Prague, Czechia. <\/a><\/td><\/tr><tr><td><strong>16:10-16:20<br>Radom\u00edr Go\u0148o <\/strong><\/td><td class=\"has-text-align-left\" data-align=\"left\"><strong>Presentation about research activities of the<\/strong> <strong>VSB \u2013 Technical University of Ostrava, CZ <\/strong><\/td><td><a href=\"https:\/\/www.vsb.cz\/cs\/\" target=\"_blank\" rel=\"noreferrer noopener\">VSB \u2013 Technical University of Ostrava, CZ<\/a> <\/td><\/tr><tr><td><strong>16:20-16:30<br>Oleh Onysko,  Liudmyla Arkhypova <\/strong><\/td><td class=\"has-text-align-left\" data-align=\"left\"><strong>Presentation about research activities of the Ivano-Frankivsk National Technical University of Oil and Gas, UA<\/strong>  <\/td><td><a href=\"https:\/\/nung.edu.ua\/en\" target=\"_blank\" rel=\"noreferrer noopener\">Ivano-Frankivsk National Technical University of Oil and Gas, UA <\/a><\/td><\/tr><tr><td><strong>16:30-16:40<br>Jozef K\u00fadel\u010d\u00edk <\/strong><\/td><td class=\"has-text-align-left\" data-align=\"left\"><strong>Presentation about research activities of the<\/strong> <strong>University of Zilina, SK <\/strong><\/td><td><a rel=\"noreferrer noopener\" href=\"https:\/\/www.uniza.sk\/index.php\/en\/\" target=\"_blank\">University of Zilina, SK<\/a> <\/td><\/tr><tr><td><strong>16:40-16:50<\/strong><br><strong>Zsolt \u010conka<\/strong><\/td><td class=\"has-text-align-left\" data-align=\"left\"><strong>V4GRID &#8211; Results achieved during the first period<\/strong> <\/td><td><a rel=\"noreferrer noopener\" href=\"https:\/\/www.fei.tuke.sk\/en\" target=\"_blank\">Faculty of electrical engineering and informatics<\/a> <\/td><\/tr><tr><td><strong>16:50-17:00<\/strong><\/td><td class=\"has-text-align-left\" data-align=\"left\">                                <strong>Coffee break<\/strong><\/td><td><\/td><\/tr><tr><td><\/td><td class=\"has-text-align-left\" data-align=\"left\"><\/td><td><\/td><\/tr><tr><td><strong>17:00-18:00<\/strong><\/td><td class=\"has-text-align-left\" data-align=\"left\">                               <strong>Online sessions<\/strong><\/td><td><\/td><\/tr><tr><td><strong>17:00-17:10<\/strong><br><strong>Chris Develder<\/strong><\/td><td class=\"has-text-align-left\" data-align=\"left\"><strong>Presentation about research activities of the GHENT University<\/strong><\/td><td><a href=\"https:\/\/www.ugent.be\/en\" target=\"_blank\" rel=\"noreferrer noopener\">GHENT University<\/a><\/td><\/tr><tr><td><strong>17:10-17:20<\/strong><\/td><td class=\"has-text-align-left\" data-align=\"left\"><strong>Presentation about research activities of the<\/strong>  <strong>Hochshule Kempten<\/strong><\/td><td><a href=\"https:\/\/www.hs-kempten.de\/en\/\" target=\"_blank\" rel=\"noreferrer noopener\">Kempten University of Applied Sciences<\/a><\/td><\/tr><tr><td><strong>17:20-17:30<br>Illia Diahovchenko<\/strong><\/td><td class=\"has-text-align-left\" data-align=\"left\"><strong>Presentation about research activities of the<\/strong> <strong>Energy Institute University College Dublin Dublin, Ireland <\/strong><\/td><td><a href=\"https:\/\/www.ucd.ie\/energy\/\" target=\"_blank\" rel=\"noreferrer noopener\">Energy Institute University College Dublin Dublin, Ireland<\/a><\/td><\/tr><tr><td><strong>17:30-17:40<\/strong><br><\/td><td class=\"has-text-align-left\" data-align=\"left\"><strong><strong>Presentation about research activities of the TU Wien<\/strong><\/strong><\/td><td><a rel=\"noreferrer noopener\" href=\"https:\/\/www.tuwien.at\/\" target=\"_blank\">TU Wien<\/a><\/td><\/tr><tr><td><strong>17:40-17:50<\/strong><\/td><td class=\"has-text-align-left\" data-align=\"left\"><strong>Presentation about research activities of the<\/strong>   <strong>COMSATS University Islamabad<\/strong><\/td><td><a rel=\"noreferrer noopener\" href=\"https:\/\/www.comsats.edu.pk\/\" target=\"_blank\">COMSATS University Islamabad <\/a><\/td><\/tr><tr><td><strong>18:00<\/strong><\/td><td class=\"has-text-align-left\" data-align=\"left\">                               <strong>Gala dinner<\/strong><\/td><td><\/td><\/tr><tr><td><\/td><td class=\"has-text-align-left\" data-align=\"left\"><\/td><td><\/td><\/tr><\/tbody><\/table><\/figure>\n\n\n\n<p><strong>Plenary Session II<\/strong><\/p>\n\n\n\n<p>24.04.2025, 13:00 \u2013 18:00<br>Chairman: doc. Ing. \u013dubom\u00edr Be\u0148a, PhD., Technical University in Ko\u0161ice<\/p>\n\n\n\n<figure class=\"wp-block-table\"><table><tbody><tr><td><strong>Time<\/strong>\/ <strong>Presenter<\/strong><\/td><td><strong>Presentation title<\/strong><\/td><td><strong>Affiliation<\/strong><\/td><\/tr><tr><td><strong>13:00-13:30<\/strong><br><strong>Grzegorz Dra\u0142us, Kamil Szostek, Damian Mazur<\/strong><\/td><td><strong>Forecasting energy production by a wind farm over a 1-month horizon using<br>selected AI methods<\/strong><\/td><td><a rel=\"noreferrer noopener\" href=\"https:\/\/w.prz.edu.pl\/\" target=\"_blank\">Rzeszow university of technology<\/a><\/td><\/tr><tr><td><strong>13:30 \u2013 14:00<\/strong><br><strong>Juraj Kurimsk\u00fd<\/strong><\/td><td><strong>Definition of use cases derived from V2X concepts and energy market models<\/strong><\/td><td><a rel=\"noreferrer noopener\" href=\"https:\/\/www.fei.tuke.sk\/en\" target=\"_blank\">Faculty of electrical engineering and informatics<\/a><\/td><\/tr><tr><td><strong>14:00 \u2013 14:30<\/strong><br><strong>Du\u0161an Medve\u010f<\/strong><\/td><td><strong>Modular batteries for electric vehicles<\/strong><\/td><td><a rel=\"noreferrer noopener\" href=\"https:\/\/www.fei.tuke.sk\/en\" target=\"_blank\">Faculty of electrical engineering and informatics<\/a> <\/td><\/tr><tr><td><strong>14:30 \u2013 15:00<\/strong><br><strong>Konrad \u0141ukiewicz<\/strong>, <strong>Damian Mazur<\/strong><\/td><td><strong>The Role of Cybersecurity in Modern Electrical Systems, <\/strong><\/td><td><a rel=\"noreferrer noopener\" href=\"https:\/\/w.prz.edu.pl\/\" target=\"_blank\">Rzeszow university of technology<\/a><\/td><\/tr><tr><td><strong>15:00 \u2013 15:30<\/strong><br><strong>Marek Pavl\u00edk<\/strong><\/td><td><strong>Regulatory and legal requirements for Vehicle-to-Everything (V2X) technology<\/strong><\/td><td><a rel=\"noreferrer noopener\" href=\"https:\/\/www.fei.tuke.sk\/en\" target=\"_blank\">Faculty of electrical engineering and informatics<\/a><\/td><\/tr><tr><td><strong>15:30 \u2013 16:00<\/strong><br><strong>Jaroslav Petr\u00e1\u0161<\/strong><\/td><td><strong>Reinforcement learning algorithm effectivity research in smart building infrastructure<\/strong><\/td><td><a rel=\"noreferrer noopener\" href=\"https:\/\/www.fei.tuke.sk\/en\" target=\"_blank\">Faculty of electrical engineering and informatics<\/a> <\/td><\/tr><tr><td><strong>16:00 \u2013 16:30<\/strong><br><strong>Bogdan Kwiatkowski, Damian Mazur,&nbsp; Dusan Nedved, Dawid Kalandyk<\/strong><\/td><td><strong>Time optimisation of hybrid CNC machines using artificial intelligence<br>methods<\/strong><\/td><td><a rel=\"noreferrer noopener\" href=\"https:\/\/w.prz.edu.pl\/\" target=\"_blank\">Rzeszow university of technology<\/a> <\/td><\/tr><tr><td><strong>16:30 \u2013 17:00<\/strong><br><strong>\u013dubom\u00edr Be\u0148a<\/strong><\/td><td><strong>Research into the possibilities of increasing the transmission capabilities of existing overhead power lines&nbsp;<\/strong><\/td><td><a href=\"https:\/\/www.fei.tuke.sk\/en\" target=\"_blank\" rel=\"noreferrer noopener\">Faculty of electrical engineering and informatics<\/a><\/td><\/tr><tr><td><strong>17:00-17:30<\/strong> <br><strong>R\u00f3bert \u0160tefko<\/strong><\/td><td><strong>Transnational energy market and vehicle to everything strategy<\/strong><\/td><td><a href=\"https:\/\/www.fei.tuke.sk\/en\" target=\"_blank\" rel=\"noreferrer noopener\">Faculty of electrical engineering and informatics<\/a><\/td><\/tr><tr><td><strong>17:30 \u2013 18:00<\/strong><br><strong>Tomasz Kossowski, Robert Stefko<\/strong><\/td><td><strong>3D-printed housings from conductive materials and drone interference,<\/strong><\/td><td><a href=\"https:\/\/w.prz.edu.pl\/\" target=\"_blank\" rel=\"noreferrer noopener\">Rzeszow university of technology<\/a><\/td><\/tr><tr><td><strong>18:00-18:30&nbsp;<\/strong><br><strong>Marek Miltner, Ond\u0159ej \u0160togl, Jaroslav Kn\u00e1pek<\/strong><\/td><td><strong>LIMESS Lab: V2G Research between CTU in Prague and the Stanford Sustainable Mobility Center<\/strong><\/td><td><a rel=\"noreferrer noopener\" href=\"https:\/\/sustainability.stanford.edu\/\" target=\"_blank\">Doerr School of Sustainability, Stanford University, Stanford, USA<\/a>,<br><a rel=\"noreferrer noopener\" href=\"https:\/\/www.cvut.cz\/en\/faculty-of-electrical-engineering\" target=\"_blank\">Faculty of Electrical Engineering, CTU in Prague, Prague, Czechia. <\/a> <\/td><\/tr><tr><td><strong>19:00<\/strong><\/td><td><strong>Dinner<\/strong><\/td><td><\/td><\/tr><\/tbody><\/table><\/figure>\n","protected":false},"excerpt":{"rendered":"<p>Workshop 23.4.2025 \u2013 25.4.2025 Hotel Kontakt, Star\u00e1 Lesn\u00e1, Slovakia Organizer: Department of Electric Power Engineering, Faculty of Electrical Engineering and Informatics, Technical University of Ko\u0161ice&hellip;<\/p>\n","protected":false},"author":1,"featured_media":0,"parent":0,"menu_order":0,"comment_status":"closed","ping_status":"closed","template":"","meta":[],"_links":{"self":[{"href":"https:\/\/kee.fei.tuke.sk\/index.php?rest_route=\/wp\/v2\/pages\/2297"}],"collection":[{"href":"https:\/\/kee.fei.tuke.sk\/index.php?rest_route=\/wp\/v2\/pages"}],"about":[{"href":"https:\/\/kee.fei.tuke.sk\/index.php?rest_route=\/wp\/v2\/types\/page"}],"author":[{"embeddable":true,"href":"https:\/\/kee.fei.tuke.sk\/index.php?rest_route=\/wp\/v2\/users\/1"}],"replies":[{"embeddable":true,"href":"https:\/\/kee.fei.tuke.sk\/index.php?rest_route=%2Fwp%2Fv2%2Fcomments&post=2297"}],"version-history":[{"count":47,"href":"https:\/\/kee.fei.tuke.sk\/index.php?rest_route=\/wp\/v2\/pages\/2297\/revisions"}],"predecessor-version":[{"id":2475,"href":"https:\/\/kee.fei.tuke.sk\/index.php?rest_route=\/wp\/v2\/pages\/2297\/revisions\/2475"}],"wp:attachment":[{"href":"https:\/\/kee.fei.tuke.sk\/index.php?rest_route=%2Fwp%2Fv2%2Fmedia&parent=2297"}],"curies":[{"name":"wp","href":"https:\/\/api.w.org\/{rel}","templated":true}]}}