{"id":2245,"date":"2024-10-22T13:41:38","date_gmt":"2024-10-22T11:41:38","guid":{"rendered":"https:\/\/kee.fei.tuke.sk\/?page_id=2245"},"modified":"2024-10-22T13:41:38","modified_gmt":"2024-10-22T11:41:38","slug":"v4grid","status":"publish","type":"page","link":"https:\/\/kee.fei.tuke.sk\/?page_id=2245","title":{"rendered":"V4Grid"},"content":{"rendered":"\n<figure class=\"wp-block-image size-large\"><img loading=\"lazy\" width=\"474\" height=\"77\" src=\"https:\/\/kee.fei.tuke.sk\/wp-content\/uploads\/2024\/10\/obrazok-2.png\" alt=\"\" class=\"wp-image-2248\" srcset=\"https:\/\/kee.fei.tuke.sk\/wp-content\/uploads\/2024\/10\/obrazok-2.png 474w, https:\/\/kee.fei.tuke.sk\/wp-content\/uploads\/2024\/10\/obrazok-2-300x49.png 300w\" sizes=\"(max-width: 474px) 100vw, 474px\" \/><\/figure>\n\n\n\n<p>Projekt <strong><a href=\"https:\/\/www.interreg-central.eu\/projects\/v4grid\/\">V4Grid<\/a><\/strong> je medzin\u00e1rodn\u00e1 iniciat\u00edva zameran\u00e1 na integr\u00e1ciu elektromobilov do elektrickej siete prostredn\u00edctvom technol\u00f3gie Vehicle-to-Everything (V2X). Cie\u013eom projektu je transformova\u0165 existuj\u00facu technol\u00f3giu V2X na plnohodnotn\u00fa slu\u017ebu v strednej Eur\u00f3pe. Prostredn\u00edctvom pilotn\u00fdch projektov s nab\u00edja\u010dkami V2X chceme podpori\u0165 \u0161ir\u0161ie vyu\u017e\u00edvanie tejto technol\u00f3gie a prispie\u0165 k stabilite elektrick\u00fdch siet\u00ed\u00a0 rozvoju elektromobility.<br><\/p>\n\n\n\n<p>Technick\u00e1 univerzita v Ko\u0161iciach (TUKE) zohr\u00e1va k\u013e\u00fa\u010dov\u00fa \u00falohu v projekte V4Grid. V r\u00e1mci projektu sa TUKE bude podie\u013ea\u0165 na v\u00fdvoji a testovan\u00ed nab\u00edja\u010diek pre elektromobily s funkciou V2X. Univerzita disponuje \u0161pi\u010dkov\u00fdm laborat\u00f3riom Smart Industry Lab, ktor\u00e9 umo\u017e\u0148uje modelova\u0165 a testova\u0165 spr\u00e1vanie elektrickej siete s integrovan\u00fdmi obnovite\u013en\u00fdmi zdrojmi a elektromobilmi. TUKE tak prispeje k rozvoju inteligentn\u00fdch energetick\u00fdch rie\u0161en\u00ed v regi\u00f3ne.<br><\/p>\n\n\n\n<p>Tento projekt prin\u00e1\u0161a v\u00fdznamn\u00e9 benefity pre cel\u00fa spolo\u010dnos\u0165. Zefekt\u00edvnen\u00edm vyu\u017e\u00edvania energie z elektromobilov a obnovite\u013en\u00fdch zdrojov prispieva k udr\u017eate\u013enej\u0161iemu vyu\u017e\u00edvaniu pr\u00edrodn\u00fdch zdrojov a zn\u00ed\u017eeniu emisi\u00ed sklen\u00edkov\u00fdch plynov. V\u010faka inteligentn\u00fdm nab\u00edjac\u00edm syst\u00e9mom sa zvy\u0161uje stabilita elektrickej siete a zni\u017euje sa z\u00e1vislos\u0165 od fos\u00edlnych pal\u00edv. Majitelia elektromobilov m\u00f4\u017eu profitova\u0165 z nov\u00fdch obchodn\u00fdch modelov, ktor\u00e9 im umo\u017enia pred\u00e1va\u0165 prebyto\u010dn\u00fa energiu sp\u00e4\u0165 do siete. Celkovo projekt podporuje prechod na n\u00edzkouhl\u00edkov\u00fa ekonomiku a zvy\u0161uje energetick\u00fa sebesta\u010dnos\u0165 jednotlivcov a spolo\u010dnost\u00ed. Medzi konkr\u00e9tne subjekty na Slovensku, ktor\u00e9 m\u00f4\u017eu v\u00fdznamne profitova\u0165 z tohto projektu, patria energetick\u00e9 spolo\u010dnosti h\u013eadaj\u00face nov\u00e9 obchodn\u00e9 modely a mo\u017enosti vyu\u017eitia energie, v\u00fdrobcovia automobilov a komponentov t\u00fa\u017eiaci expandova\u0165 na rast\u00faci trh elektromobilov, stavebn\u00e9 spolo\u010dnosti zameran\u00e9 na v\u00fdstavbu nab\u00edjacej infra\u0161trukt\u00fary a inteligentn\u00fdch budov, IT firmy vyv\u00edjaj\u00face softv\u00e9rov\u00e9 rie\u0161enia pre energetick\u00fd sektor, obce a mest\u00e1 usiluj\u00face sa o zlep\u0161enie kvality \u017eivota svojich obyvate\u013eov a zn\u00ed\u017eenie emisi\u00ed, ako aj dom\u00e1cnosti h\u013eadaj\u00face sp\u00f4soby, ako zn\u00ed\u017ei\u0165 svoje n\u00e1klady na energiu a akt\u00edvne sa podie\u013ea\u0165 na energetickom syst\u00e9me.<\/p>\n\n\n\n<p><\/p>\n\n\n\n<h3>The Visegrad group for Vehicle to X<\/h3>\n\n\n\n<p>The transformation of our energy systems to renewable energies poses many challenges. One challenge is that renewable energy fluctuates largely over time and needs to be balanced to match demand. The Vehicle-to-Everything (V2X) technology offers a solution by allowing cars to draw energy from the grid to recharge their battery. Or send it back to the grid. The V4Grid project addresses regulatory challenges and a lack of understanding of this technology. The partners pilot V2X chargers in seven regions and develop policy recommendations to inform public authorities about V2X potentials.<\/p>\n\n\n\n<div class=\"wp-block-image\"><figure class=\"aligncenter size-large\"><a href=\"https:\/\/www.interreg-central.eu\/projects\/v4grid\/\"><img loading=\"lazy\" width=\"497\" height=\"176\" src=\"https:\/\/kee.fei.tuke.sk\/wp-content\/uploads\/2024\/10\/obrazok-1.png\" alt=\"\" class=\"wp-image-2247\" srcset=\"https:\/\/kee.fei.tuke.sk\/wp-content\/uploads\/2024\/10\/obrazok-1.png 497w, https:\/\/kee.fei.tuke.sk\/wp-content\/uploads\/2024\/10\/obrazok-1-300x106.png 300w\" sizes=\"(max-width: 497px) 100vw, 497px\" \/><\/a><\/figure><\/div>\n\n\n\n<p><\/p>\n","protected":false},"excerpt":{"rendered":"<p>Projekt V4Grid je medzin\u00e1rodn\u00e1 iniciat\u00edva zameran\u00e1 na integr\u00e1ciu elektromobilov do elektrickej siete prostredn\u00edctvom technol\u00f3gie Vehicle-to-Everything (V2X). Cie\u013eom projektu je transformova\u0165 existuj\u00facu technol\u00f3giu V2X na plnohodnotn\u00fa&hellip;<\/p>\n","protected":false},"author":1,"featured_media":0,"parent":0,"menu_order":0,"comment_status":"closed","ping_status":"closed","template":"","meta":[],"_links":{"self":[{"href":"https:\/\/kee.fei.tuke.sk\/index.php?rest_route=\/wp\/v2\/pages\/2245"}],"collection":[{"href":"https:\/\/kee.fei.tuke.sk\/index.php?rest_route=\/wp\/v2\/pages"}],"about":[{"href":"https:\/\/kee.fei.tuke.sk\/index.php?rest_route=\/wp\/v2\/types\/page"}],"author":[{"embeddable":true,"href":"https:\/\/kee.fei.tuke.sk\/index.php?rest_route=\/wp\/v2\/users\/1"}],"replies":[{"embeddable":true,"href":"https:\/\/kee.fei.tuke.sk\/index.php?rest_route=%2Fwp%2Fv2%2Fcomments&post=2245"}],"version-history":[{"count":1,"href":"https:\/\/kee.fei.tuke.sk\/index.php?rest_route=\/wp\/v2\/pages\/2245\/revisions"}],"predecessor-version":[{"id":2249,"href":"https:\/\/kee.fei.tuke.sk\/index.php?rest_route=\/wp\/v2\/pages\/2245\/revisions\/2249"}],"wp:attachment":[{"href":"https:\/\/kee.fei.tuke.sk\/index.php?rest_route=%2Fwp%2Fv2%2Fmedia&parent=2245"}],"curies":[{"name":"wp","href":"https:\/\/api.w.org\/{rel}","templated":true}]}}