{"id":223,"date":"2020-01-22T14:52:39","date_gmt":"2020-01-22T13:52:39","guid":{"rendered":"https:\/\/kee.cp2.tuke.sk\/?page_id=223"},"modified":"2025-06-30T13:43:41","modified_gmt":"2025-06-30T11:43:41","slug":"skolenia","status":"publish","type":"page","link":"https:\/\/kee.fei.tuke.sk\/?page_id=223","title":{"rendered":"Sk\u00fa\u0161ky odbornej sp\u00f4sobilosti"},"content":{"rendered":"\n<p><strong>Term\u00edn konania sk\u00fa\u0161ky z odbornej sp\u00f4sobilosti : 08.7.2025 o 8:00 hod<\/strong>.<\/p>\n\n\n\n<p>Term\u00edn na prihl\u00e1senie je do  <strong>19.6.2025<\/strong>.<\/p>\n\n\n\n<p><\/p>\n\n\n\n<p>Pre registr\u00e1ciu na sk\u00fa\u0161ku pou\u017eite nasleduj\u00faci odkaz: <strong><a href=\"https:\/\/forms.office.com\/e\/BNFxNQLDrV\" data-type=\"URL\" target=\"_blank\" rel=\"noreferrer noopener\">Formul\u00e1r na prihl\u00e1seni<\/a>e<\/strong><\/p>\n\n\n\n<p>Pri preberan\u00ed osved\u010denia je potrebn\u00e9 ma\u0165 vyplnen\u00e9 potvrdenie o zdravotnej starostlivosti: <a rel=\"noreferrer noopener\" href=\"https:\/\/kee.fei.tuke.sk\/wp-content\/uploads\/2023\/05\/potvrdenie_zs.pdf\" target=\"_blank\"><strong>dokument na stiahnutie<\/strong><\/a><\/p>\n\n\n\n<p>Okruh ot\u00e1zok sa nach\u00e1dza na nasleduj\u00facom odkaze: <a href=\"https:\/\/kee.fei.tuke.sk\/wp-content\/uploads\/2023\/05\/okruh_otazok.pdf\" target=\"_blank\" rel=\"noreferrer noopener\"><strong>okruh ot\u00e1zok<\/strong><\/a><\/p>\n\n\n\n<h5><strong>Bli\u017e\u0161ie inform\u00e1cie po kliknit\u00ed na:<\/strong><em>&nbsp;<strong><a href=\"https:\/\/kee.fei.tuke.sk\/wp-content\/uploads\/2025\/06\/oznam_skusky_2025_2.pdf\" target=\"_blank\" rel=\"noreferrer noopener\">Sk\u00fa\u0161ka odbornej sp\u00f4sobilosti<\/a>.<\/strong><\/em><\/h5>\n\n\n\n<p><\/p>\n\n\n\n<p>Katedra elektroenergetiky<\/p>\n","protected":false},"excerpt":{"rendered":"<p>Term\u00edn konania sk\u00fa\u0161ky z odbornej sp\u00f4sobilosti : 08.7.2025 o 8:00 hod. Term\u00edn na prihl\u00e1senie je do 19.6.2025. Pre registr\u00e1ciu na sk\u00fa\u0161ku pou\u017eite nasleduj\u00faci odkaz: Formul\u00e1r&hellip;<\/p>\n","protected":false},"author":1,"featured_media":0,"parent":0,"menu_order":0,"comment_status":"closed","ping_status":"closed","template":"","meta":[],"_links":{"self":[{"href":"https:\/\/kee.fei.tuke.sk\/index.php?rest_route=\/wp\/v2\/pages\/223"}],"collection":[{"href":"https:\/\/kee.fei.tuke.sk\/index.php?rest_route=\/wp\/v2\/pages"}],"about":[{"href":"https:\/\/kee.fei.tuke.sk\/index.php?rest_route=\/wp\/v2\/types\/page"}],"author":[{"embeddable":true,"href":"https:\/\/kee.fei.tuke.sk\/index.php?rest_route=\/wp\/v2\/users\/1"}],"replies":[{"embeddable":true,"href":"https:\/\/kee.fei.tuke.sk\/index.php?rest_route=%2Fwp%2Fv2%2Fcomments&post=223"}],"version-history":[{"count":44,"href":"https:\/\/kee.fei.tuke.sk\/index.php?rest_route=\/wp\/v2\/pages\/223\/revisions"}],"predecessor-version":[{"id":2526,"href":"https:\/\/kee.fei.tuke.sk\/index.php?rest_route=\/wp\/v2\/pages\/223\/revisions\/2526"}],"wp:attachment":[{"href":"https:\/\/kee.fei.tuke.sk\/index.php?rest_route=%2Fwp%2Fv2%2Fmedia&parent=223"}],"curies":[{"name":"wp","href":"https:\/\/api.w.org\/{rel}","templated":true}]}}