{"id":221,"date":"2020-01-22T14:51:46","date_gmt":"2020-01-22T13:51:46","guid":{"rendered":"https:\/\/kee.cp2.tuke.sk\/?page_id=221"},"modified":"2021-03-15T18:43:02","modified_gmt":"2021-03-15T17:43:02","slug":"spolupraca","status":"publish","type":"page","link":"https:\/\/kee.fei.tuke.sk\/?page_id=221","title":{"rendered":"Spolupr\u00e1ca"},"content":{"rendered":"\n<h3>Spolupr\u00e1ca s univerzitami<\/h3>\n\n\n\n<ul><li><a rel=\"noreferrer noopener\" href=\"https:\/\/mpei.ru\/lang\/en\/Pages\/default.aspx\" data-type=\"URL\" data-id=\"https:\/\/mpei.ru\/lang\/en\/Pages\/default.aspx\" target=\"_blank\">Katedra elektroenergetick\u00fdch syst\u00e9mov <\/a>MEI Moskva<\/li><li><a rel=\"noreferrer noopener\" href=\"https:\/\/www.pcz.pl\/\" data-type=\"URL\" data-id=\"https:\/\/www.pcz.pl\/\" target=\"_blank\">In\u0161tit\u00fat energetiky<\/a> Polytechnika Czestochowa<\/li><li><a rel=\"noreferrer noopener\" href=\"http:\/\/fei.vsb.cz\/\" target=\"_blank\">Katedra elektroenergetiky<\/a>&nbsp;FEI V\u0160B-TU Ostrava<\/li><li><a rel=\"noreferrer noopener\" href=\"http:\/\/kee1.elf.stuba.sk\/\" target=\"_blank\">Katedra elektroenergetiky<\/a>&nbsp;FEI STU Bratislava<\/li><li><a rel=\"noreferrer noopener\" href=\"https:\/\/www.uni-obuda.hu\/en\" data-type=\"URL\" data-id=\"https:\/\/www.uni-obuda.hu\/en\" target=\"_blank\">\u00d3BUDA University<\/a>  Budapest<\/li><li><a rel=\"noreferrer noopener\" href=\"https:\/\/www.sav.sk\/\" data-type=\"URL\" data-id=\"https:\/\/www.sav.sk\/\" target=\"_blank\">SAV<\/a>, Slovensk\u00e1 akad\u00e9mia vied<\/li><li><a rel=\"noreferrer noopener\" href=\"https:\/\/www.fekt.vut.cz\/o_fakulte\/organizacni_struktura\/UEEN\" data-type=\"URL\" data-id=\"https:\/\/www.fekt.vut.cz\/o_fakulte\/organizacni_struktura\/UEEN\" target=\"_blank\">\u00dastav elektroenergetiky<\/a> Brno<\/li><li><a rel=\"noreferrer noopener\" href=\"https:\/\/www.kee.zcu.cz\/\" data-type=\"URL\" data-id=\"https:\/\/www.kee.zcu.cz\/\" target=\"_blank\">Katedra elektroenergetiky<\/a> Z\u010cU Plze\u0148<\/li><li><a rel=\"noreferrer noopener\" href=\"https:\/\/fel.cvut.cz\/cz\/\" data-type=\"URL\" data-id=\"https:\/\/fel.cvut.cz\/cz\/\" target=\"_blank\">\u010cVUT<\/a> Praha<\/li><li><a rel=\"noreferrer noopener\" href=\"https:\/\/www.uniza.sk\/index.php\" data-type=\"URL\" data-id=\"https:\/\/www.uniza.sk\/index.php\" target=\"_blank\">UNIZA<\/a> \u017dilina<\/li><li><a href=\"https:\/\/w.prz.edu.pl\/\" data-type=\"URL\" data-id=\"https:\/\/w.prz.edu.pl\/\" target=\"_blank\" rel=\"noreferrer noopener\">Politechnika Rzeszowska<\/a>, Rzesow<\/li><li><a rel=\"noreferrer noopener\" href=\"https:\/\/www.rtu.lv\/en\" data-type=\"URL\" data-id=\"https:\/\/www.rtu.lv\/en\" target=\"_blank\">RTU <\/a>Riga <\/li><li><a rel=\"noreferrer noopener\" href=\"https:\/\/www.uvlf.sk\/\" data-type=\"URL\" data-id=\"https:\/\/www.uvlf.sk\/\" target=\"_blank\">UVLF<\/a> Ko\u0161ice<\/li><\/ul>\n\n\n\n<h3>Spolupr\u00e1ca s praxou<\/h3>\n\n\n\n<ul><li><a rel=\"noreferrer noopener\" href=\"http:\/\/www.seas.sk\/\" target=\"_blank\">Slovensk\u00e9 elektr\u00e1rne<\/a>, a.s.<\/li><li><a rel=\"noreferrer noopener\" href=\"https:\/\/www.vsds.sk\/edso\/domov\/odberatelia-elektriny\/domacnosti?gclid=Cj0KCQiAnKeCBhDPARIsAFDTLTIcIIeNEdACQOFx601Br2j-KBr0wb6KPEdOT4ItsRPdVZeEpyfoSqcaArnlEALw_wcB\" data-type=\"URL\" data-id=\"https:\/\/www.vsds.sk\/edso\/domov\/odberatelia-elektriny\/domacnosti?gclid=Cj0KCQiAnKeCBhDPARIsAFDTLTIcIIeNEdACQOFx601Br2j-KBr0wb6KPEdOT4ItsRPdVZeEpyfoSqcaArnlEALw_wcB\" target=\"_blank\">V\u00fdchodoslovensk\u00e1 distribu\u010dn\u00e1<\/a>, a.s., (VSD)<\/li><li><a rel=\"noreferrer noopener\" href=\"http:\/\/www.vse.sk\/b2c-vse\/\" target=\"_blank\">V\u00fdchodoslovensk\u00e1 energetika<\/a>, a.s.  (VSE)<\/li><li><a rel=\"noreferrer noopener\" href=\"https:\/\/www.se.com\/sk\/sk\/\" data-type=\"URL\" data-id=\"https:\/\/www.se.com\/sk\/sk\/\" target=\"_blank\">Schneider Electric<\/a> Slovakia, spol. s r.o.<\/li><li><a href=\"http:\/\/www.teko.sk\/\">Tepl\u00e1re\u0148 Ko\u0161ice<\/a>, TEKO<\/li><li><a href=\"http:\/\/www.sepsas.sk\/seps\/\">Slovensk\u00e1 elektriza\u010dn\u00e1 prenosov\u00e1 s\u00fastava<\/a>, a.s. (SEPS)<\/li><li><a href=\"http:\/\/www.sse.sk\/\">Stredoslovensk\u00e1 energetika<\/a>, a.s.  (SSE)<\/li><li><a href=\"http:\/\/www.abb.sk\/\">ABB<\/a>, s.r.o. Brno<\/li><li><a href=\"http:\/\/www.vuje.sk\/\">V\u00fdskumn\u00fd \u00fastav jadrov\u00fdch elektr\u00e1rn\u00ed<\/a>\u00a0a.s., Trnava (VUJE)<\/li><li><a href=\"http:\/\/www.spp.sk\/\">Slovensk\u00fd plyn\u00e1rensk\u00fd podnik a.s.<\/a>, div\u00edzia Slovtransgaz, Nitra<\/li><li><a href=\"http:\/\/www.usske.sk\/\">U.S. Steel Ko\u0161ice<\/a>, s.r.o.<\/li><li><a rel=\"noreferrer noopener\" href=\"https:\/\/www.zsdis.sk\/\" data-type=\"URL\" data-id=\"https:\/\/www.zsdis.sk\/\" target=\"_blank\">Z\u00e1padoslovensk\u00e1 distribu\u010dn\u00e1<\/a> a.s.<\/li><li><a rel=\"noreferrer noopener\" href=\"https:\/\/www.montazecakovice.cz\/\" data-type=\"URL\" data-id=\"https:\/\/www.montazecakovice.cz\/\" target=\"_blank\">MONT\u00c1\u017dE \u010cAKOVICE<\/a> s.r.o., Praha<\/li><li><a rel=\"noreferrer noopener\" href=\"https:\/\/www.hasma.sk\/\" data-type=\"URL\" data-id=\"https:\/\/www.hasma.sk\/\" target=\"_blank\">Hasma<\/a>, s.r.o.<\/li><li><a rel=\"noreferrer noopener\" href=\"https:\/\/www.bbfelektro.sk\/\" data-type=\"URL\" data-id=\"https:\/\/www.bbfelektro.sk\/\" target=\"_blank\">BBF Elektro<\/a>, s.r.o.<\/li><li><a href=\"http:\/\/www.chemes.sk\/\">Chemes<\/a>, a.s. Humenn\u00e9<\/li><li><a rel=\"noreferrer noopener\" href=\"https:\/\/www.kuenz.com\/\" data-type=\"URL\" data-id=\"https:\/\/www.kuenz.com\/\" target=\"_blank\">Kuenz &#8211; SK<\/a>, s.r.o., Kechnec<\/li><li><a rel=\"noreferrer noopener\" href=\"https:\/\/www.landisgyr.com\/\" data-type=\"URL\" data-id=\"https:\/\/www.landisgyr.com\/\" target=\"_blank\">Landis+Gyr<\/a>, s.r.o. <\/li><li><a rel=\"noreferrer noopener\" href=\"https:\/\/new.siemens.com\/sk\/sk.html\" data-type=\"URL\" data-id=\"https:\/\/new.siemens.com\/sk\/sk.html\" target=\"_blank\">Siemens<\/a>, s.r.o.<\/li><li><a rel=\"noreferrer noopener\" href=\"https:\/\/www.vonsch.sk\/\" data-type=\"URL\" data-id=\"https:\/\/www.vonsch.sk\/\" target=\"_blank\">VONCH<\/a>, s.r.o.<\/li><li><a rel=\"noreferrer noopener\" href=\"https:\/\/selinc.com\/\" data-type=\"URL\" data-id=\"https:\/\/selinc.com\/\" target=\"_blank\">Schweitzer Engineering Laboratories<\/a>, Inc., USA<\/li><li><a href=\"https:\/\/www.apcon.sk\/\" data-type=\"URL\" data-id=\"https:\/\/www.apcon.sk\/\" target=\"_blank\" rel=\"noreferrer noopener\">AP Consulting<\/a>, s.r.o., Bratislava<\/li><\/ul>\n","protected":false},"excerpt":{"rendered":"<p>Spolupr\u00e1ca s univerzitami Katedra elektroenergetick\u00fdch syst\u00e9mov MEI Moskva In\u0161tit\u00fat energetiky Polytechnika Czestochowa Katedra elektroenergetiky&nbsp;FEI V\u0160B-TU Ostrava Katedra elektroenergetiky&nbsp;FEI STU Bratislava \u00d3BUDA University Budapest SAV, Slovensk\u00e1&hellip;<\/p>\n","protected":false},"author":1,"featured_media":0,"parent":0,"menu_order":0,"comment_status":"closed","ping_status":"closed","template":"","meta":[],"_links":{"self":[{"href":"https:\/\/kee.fei.tuke.sk\/index.php?rest_route=\/wp\/v2\/pages\/221"}],"collection":[{"href":"https:\/\/kee.fei.tuke.sk\/index.php?rest_route=\/wp\/v2\/pages"}],"about":[{"href":"https:\/\/kee.fei.tuke.sk\/index.php?rest_route=\/wp\/v2\/types\/page"}],"author":[{"embeddable":true,"href":"https:\/\/kee.fei.tuke.sk\/index.php?rest_route=\/wp\/v2\/users\/1"}],"replies":[{"embeddable":true,"href":"https:\/\/kee.fei.tuke.sk\/index.php?rest_route=%2Fwp%2Fv2%2Fcomments&post=221"}],"version-history":[{"count":20,"href":"https:\/\/kee.fei.tuke.sk\/index.php?rest_route=\/wp\/v2\/pages\/221\/revisions"}],"predecessor-version":[{"id":754,"href":"https:\/\/kee.fei.tuke.sk\/index.php?rest_route=\/wp\/v2\/pages\/221\/revisions\/754"}],"wp:attachment":[{"href":"https:\/\/kee.fei.tuke.sk\/index.php?rest_route=%2Fwp%2Fv2%2Fmedia&parent=221"}],"curies":[{"name":"wp","href":"https:\/\/api.w.org\/{rel}","templated":true}]}}