{"id":217,"date":"2020-01-22T14:49:46","date_gmt":"2020-01-22T13:49:46","guid":{"rendered":"https:\/\/kee.cp2.tuke.sk\/?page_id=217"},"modified":"2026-01-20T12:43:38","modified_gmt":"2026-01-20T11:43:38","slug":"projekty","status":"publish","type":"page","link":"https:\/\/kee.fei.tuke.sk\/?page_id=217","title":{"rendered":"Projekty"},"content":{"rendered":"<p><\/p>\n\n\n<ul><li><a rel=\"noreferrer noopener\" href=\"https:\/\/kee.fei.tuke.sk\/?page_id=2465\" target=\"_blank\"><strong>V\u00fdzvy na predkladanie projektov<\/strong><\/a><br><\/li><li><a href=\"https:\/\/kee.fei.tuke.sk\/?page_id=1392\"><strong>APVV<\/strong><\/a><br>Agent\u00fara na podporu v\u00fdskumu a v\u00fdvoja<\/li><li><a href=\"https:\/\/kee.fei.tuke.sk\/?page_id=1399\"><strong>VEGA<\/strong><\/a><br>Vedeck\u00e1 grantov\u00e1 agent\u00fara Ministerstva \u0161kolstva Slovenskej republiky (M\u0160 SR)<br>a Slovenskej akad\u00e9mie vied (SAV)<\/li><li><a href=\"https:\/\/kee.fei.tuke.sk\/?page_id=1405\"><strong>KEGA<\/strong><\/a><br>Kult\u00farna a eduka\u010dn\u00e1 grantov\u00e1 agent\u00fara M\u0160VVa\u0160 SR<\/li><li><a href=\"https:\/\/kee.fei.tuke.sk\/?page_id=1411\"><strong>Podporovan\u00e9 \u0160F EU<\/strong><\/a><br>Projekty podporovan\u00e9 zo \u0161truktur\u00e1lnych fondov E\u00da<\/li><li><a href=\"https:\/\/kee.fei.tuke.sk\/?page_id=2632\"><strong>Visegrad Fund<\/strong>s<\/a><\/li><li><a href=\"https:\/\/kee.fei.tuke.sk\/?page_id=1414\"><strong>Granty FEI<\/strong><\/a><\/li><li><strong><a href=\"https:\/\/kee.fei.tuke.sk\/?page_id=1425\">\u00da\u017eitkov\u00e9 vzory a patenty<\/a><\/strong><\/li><li><a href=\"https:\/\/kee.fei.tuke.sk\/?page_id=2604\"><strong>\u010eal\u0161ie projekty rie\u0161en\u00e9 na katedre<\/strong><\/a><\/li><li><a rel=\"noreferrer noopener\" href=\"https:\/\/kee.fei.tuke.sk\/?page_id=1735\" target=\"_blank\"><strong>Projekty rie\u0161en\u00e9 v rokoch 1976-2002<\/strong><\/a><strong><br><\/strong><\/li><\/ul>\n","protected":false},"excerpt":{"rendered":"<p>V\u00fdzvy na predkladanie projektov APVVAgent\u00fara na podporu v\u00fdskumu a v\u00fdvoja VEGAVedeck\u00e1 grantov\u00e1 agent\u00fara Ministerstva \u0161kolstva Slovenskej republiky (M\u0160 SR)a Slovenskej akad\u00e9mie vied (SAV) KEGAKult\u00farna a&hellip;<\/p>\n","protected":false},"author":1,"featured_media":0,"parent":0,"menu_order":0,"comment_status":"closed","ping_status":"closed","template":"","meta":[],"_links":{"self":[{"href":"https:\/\/kee.fei.tuke.sk\/index.php?rest_route=\/wp\/v2\/pages\/217"}],"collection":[{"href":"https:\/\/kee.fei.tuke.sk\/index.php?rest_route=\/wp\/v2\/pages"}],"about":[{"href":"https:\/\/kee.fei.tuke.sk\/index.php?rest_route=\/wp\/v2\/types\/page"}],"author":[{"embeddable":true,"href":"https:\/\/kee.fei.tuke.sk\/index.php?rest_route=\/wp\/v2\/users\/1"}],"replies":[{"embeddable":true,"href":"https:\/\/kee.fei.tuke.sk\/index.php?rest_route=%2Fwp%2Fv2%2Fcomments&post=217"}],"version-history":[{"count":136,"href":"https:\/\/kee.fei.tuke.sk\/index.php?rest_route=\/wp\/v2\/pages\/217\/revisions"}],"predecessor-version":[{"id":2634,"href":"https:\/\/kee.fei.tuke.sk\/index.php?rest_route=\/wp\/v2\/pages\/217\/revisions\/2634"}],"wp:attachment":[{"href":"https:\/\/kee.fei.tuke.sk\/index.php?rest_route=%2Fwp%2Fv2%2Fmedia&parent=217"}],"curies":[{"name":"wp","href":"https:\/\/api.w.org\/{rel}","templated":true}]}}