{"id":209,"date":"2020-01-22T14:43:08","date_gmt":"2020-01-22T13:43:08","guid":{"rendered":"https:\/\/kee.cp2.tuke.sk\/?page_id=209"},"modified":"2025-09-04T13:12:53","modified_gmt":"2025-09-04T11:12:53","slug":"kontakty","status":"publish","type":"page","link":"https:\/\/kee.fei.tuke.sk\/?page_id=209","title":{"rendered":"Kontakty"},"content":{"rendered":"\n<figure class=\"wp-block-table is-style-stripes\"><table><thead><tr><th><strong>Poz\u00edcia<\/strong><\/th><th><strong>Meno<\/strong><\/th><th><strong>E-mail<\/strong><\/th><th><strong>www<\/strong><\/th><th><strong>Telef\u00f3n<\/strong><\/th><\/tr><\/thead><tbody><tr><td>Profesor<\/td><td>prof. Ing.\u00a0Roman<em><strong>\u00a0Cimbala<\/strong><\/em>, PhD.<\/td><td><a href=\"mailto:Roman.Cimbala@tuke.sk\">kontakt<\/a><\/td><td><\/td><td>+421 55 602 3557<\/td><\/tr><tr><td><\/td><td>prof. Ing. Juraj <strong><em>Kurimsk\u00fd<\/em><\/strong>, PhD.<\/td><td><a href=\"mailto:Juraj.Kurimsky@tuke.sk\" target=\"_blank\" rel=\"noreferrer noopener\">kontakt<\/a><\/td><td><\/td><td>+421 55 602 3563<\/td><\/tr><tr><td><\/td><td><\/td><td><\/td><td><\/td><td><\/td><\/tr><tr><td>Docent<\/td><td>doc. Ing.\u00a0\u013dubom\u00edr<em><strong>\u00a0Be\u0148a<\/strong><\/em>, PhD.<\/td><td><a rel=\"noreferrer noopener\" href=\"mailto:Lubomir.Bena@tuke.sk\" target=\"_blank\">kontakt<\/a><\/td><td><a rel=\"noreferrer noopener\" href=\"http:\/\/people.tuke.sk\/lubomir.bena\/\" target=\"_blank\">web<\/a><\/td><td>+421 55 602 3561<\/td><\/tr><tr><td><\/td><td>doc. Ing.\u00a0Zsolt<em><strong>\u00a0\u010conka<\/strong><\/em>, PhD.<\/td><td><a rel=\"noreferrer noopener\" href=\"mailto:zsolt.conka@tuke.sk\" target=\"_blank\">kontakt<\/a><\/td><td><\/td><td>+421 55 602 3559<\/td><\/tr><tr><td>&nbsp;<\/td><td>doc. Dr. Ing.\u00a0Bystr\u00edk<em><strong>\u00a0Doln\u00edk<\/strong><\/em><\/td><td><a href=\"mailto:Bystrik.Dolnik@tuke.sk\" target=\"_blank\" rel=\"noreferrer noopener\">kontakt<\/a><\/td><td><a href=\"http:\/\/people.tuke.sk\/bystrik.dolnik\/index.html\"><\/a><a href=\"http:\/\/people.tuke.sk\/bystrik.dolnik\/index.html\" data-type=\"URL\" data-id=\"http:\/\/people.tuke.sk\/bystrik.dolnik\/index.html\" target=\"_blank\" rel=\"noreferrer noopener\">web<\/a><\/td><td>+421 55 602 3585<\/td><\/tr><tr><td>&nbsp;<\/td><td>doc. Ing.\u00a0Jaroslav<em><strong>\u00a0D\u017emura<\/strong><\/em>, PhD.<\/td><td><a href=\"mailto:Jaroslav.Dzmura@tuke.sk\" target=\"_blank\" rel=\"noreferrer noopener\">kontakt<\/a><\/td><td><a href=\"http:\/\/people.tuke.sk\/jaroslav.dzmura\/\"><\/a><a href=\"http:\/\/people.tuke.sk\/jaroslav.dzmura\/\" data-type=\"URL\" data-id=\"http:\/\/people.tuke.sk\/jaroslav.dzmura\/\" target=\"_blank\" rel=\"noreferrer noopener\">web<\/a><\/td><td>+421 55 602 3556<\/td><\/tr><tr><td>&nbsp;<\/td><td>doc. Ing.\u00a0Du\u0161an<em><strong>\u00a0Medve\u010f<\/strong><\/em>, PhD.<\/td><td><a href=\"mailto:dusan.medved@tuke.sk\" data-type=\"mailto\" data-id=\"mailto:dusan.medved@tuke.sk\" target=\"_blank\" rel=\"noreferrer noopener\">kontakt<\/a><\/td><td><a href=\"http:\/\/people.tuke.sk\/dusan.medved\/index.html\"><\/a><a href=\"http:\/\/people.tuke.sk\/dusan.medved\/index.html\" data-type=\"URL\" data-id=\"http:\/\/people.tuke.sk\/dusan.medved\/index.html\" target=\"_blank\" rel=\"noreferrer noopener\">web<\/a><\/td><td>+421 55 602 3555<\/td><\/tr><tr><td><\/td><td>doc. Ing.\u00a0Marek<em><strong>\u00a0Pavl\u00edk<\/strong><\/em>, PhD., MBA<\/td><td><a rel=\"noreferrer noopener\" href=\"mailto:Marek.Pavlik@tuke.sk\" target=\"_blank\">kontakt<\/a><\/td><td><a rel=\"noreferrer noopener\" href=\"https:\/\/marek.pavlik.website.tuke.sk\/\" target=\"_blank\">web<\/a><\/td><td>+421 55 602 3562<\/td><\/tr><tr><td>&nbsp;<\/td><td>doc. Ing.\u00a0Jaroslav<em><strong>\u00a0Petr\u00e1\u0161<\/strong><\/em>, PhD.<\/td><td><a rel=\"noreferrer noopener\" href=\"mailto:Jaroslav.Petras@tuke.sk\" target=\"_blank\">kontak<\/a><a href=\"mailto:Jaroslav.Petras@tuke.sk\" target=\"_blank\" rel=\"noreferrer noopener\">t<\/a><\/td><td><a href=\"http:\/\/www.peyar.sk\/\"><\/a><a href=\"http:\/\/www.peyar.sk\/\" data-type=\"URL\" data-id=\"http:\/\/www.peyar.sk\/\" target=\"_blank\" rel=\"noreferrer noopener\">web<\/a><\/td><td>+421 55 602 3553<\/td><\/tr><tr><td><\/td><td><\/td><td><\/td><td><\/td><td><\/td><\/tr><tr><td>Odborn\u00fd asistent<\/td><td>Ing. Samuel<em> <\/em><strong><em>Bucko<\/em><\/strong>, PhD.<\/td><td><a href=\"mailto:samuel.bucko@tuke.sk\" data-type=\"mailto\">kontakt<\/a><\/td><td>&nbsp;<\/td><td>+421 55 602 3550 <\/td><\/tr><tr><td>&nbsp;<\/td><td>Ing.\u00a0Jozef<em><strong>\u00a0Kir\u00e1ly<\/strong><\/em>, PhD.<\/td><td><a href=\"mailto:Jozef.Kiraly@tuke.sk\" target=\"_blank\" rel=\"noreferrer noopener\">kontakt<\/a><\/td><td>&nbsp;<\/td><td>+421 55 602 3555<\/td><\/tr><tr><td><\/td><td>Ing. Mari\u00e1n<em><strong>\u00a0Me\u0161ter<\/strong><\/em>, PhD. <\/td><td><a href=\"mailto:marian.mester@tuke.sk\" target=\"_blank\" rel=\"noreferrer noopener\">kontakt<\/a> <\/td><td><\/td><td>+421 55 602 3566<\/td><\/tr><tr><td><\/td><td>Ing. R\u00f3bert <strong><em>\u0160tefko<\/em><\/strong>, PhD.<\/td><td><a rel=\"noreferrer noopener\" href=\"mailto:robert.stefko@tuke.sk\" target=\"_blank\">kontakt<\/a> <\/td><td><\/td><td>+421 55 602 3566<\/td><\/tr><tr><td>&nbsp;<\/td><td>Ing.\u00a0J\u00e1n\u00a0<em><strong>\u00a0Zbojovsk\u00fd<\/strong><\/em>, PhD.<\/td><td><a href=\"mailto:Jan.Zbojovsky@tuke.sk\" target=\"_blank\" rel=\"noreferrer noopener\">kontakt<\/a><\/td><td><a href=\"http:\/\/people.tuke.sk\/jan.zbojovsky\/\" data-type=\"URL\" data-id=\"http:\/\/people.tuke.sk\/jan.zbojovsky\/\" target=\"_blank\" rel=\"noreferrer noopener\">web<\/a><\/td><td>+421 55 602 3564<\/td><\/tr><tr><td><\/td><td><\/td><td><\/td><td><\/td><td><\/td><\/tr><tr><td>V\u00fdskumn\u00fd pracovn\u00edk<\/td><td>RNDr. Michal <strong><em>Raj\u0148\u00e1k<\/em><\/strong>, PhD.<\/td><td><a href=\"mailto:michal.rajnak@tuke.sk\" data-type=\"mailto\" data-id=\"mailto:michal.rajnak@tuke.sk\" target=\"_blank\" rel=\"noreferrer noopener\">kontakt<\/a><\/td><td><\/td><td>+421 55 602 3554<\/td><\/tr><tr><td><\/td><td>Ing. Peter <strong><em>Havran<\/em><\/strong>, PhD. <\/td><td><a rel=\"noreferrer noopener\" href=\"mailto:peter.havran@tuke.sk\" data-type=\"mailto\" target=\"_blank\">kontakt<\/a> <\/td><td><\/td><td>+421 55 602 3560<\/td><\/tr><tr><td><\/td><td><\/td><td><\/td><td><\/td><td><\/td><\/tr><tr><td>THZ<\/td><td>Dagmar<em>\u00a0<strong>Kramoli\u0161ov\u00e1<\/strong><\/em><\/td><td><a rel=\"noreferrer noopener\" href=\"mailto:Dagmar.Kramolisova@tuke.sk\" target=\"_blank\">kontak<\/a><a href=\"mailto:Dagmar.Kramolisova@tuke.sk\" target=\"_blank\" rel=\"noreferrer noopener\">t<\/a><\/td><td>&nbsp;<\/td><td>+421 55 602 3580<\/td><\/tr><tr><td>&nbsp;<\/td><td>Ing.\u00a0Jana<em>\u00a0<strong>Varnav\u010dinov\u00e1<\/strong><\/em><\/td><td><a rel=\"noreferrer noopener\" href=\"mailto:Jana.Varnavcinova@tuke.sk\" target=\"_blank\">kontak<\/a><a href=\"mailto:Jana.Varnavcinova@tuke.sk\" target=\"_blank\" rel=\"noreferrer noopener\">t<\/a><\/td><td>&nbsp;<\/td><td>+421 55 602 3551<\/td><\/tr><tr><td><\/td><td><\/td><td><\/td><td><\/td><td><\/td><\/tr><tr><td>Doktorand<\/td><td><\/td><td>&nbsp;<\/td><td>&nbsp;<\/td><td>&nbsp;&nbsp;<\/td><\/tr><tr><td><\/td><td>Ing. Marek <strong><em>Bob\u010dek<\/em><\/strong><\/td><td><a href=\"mailto:marek.bobcek@tuke.sk\" target=\"_blank\" rel=\"noreferrer noopener\">kontakt<\/a><\/td><td><\/td><td>+421 55 602 3560<\/td><\/tr><tr><td><\/td><td>Ing. Kristi\u00e1n <strong><em>Eli\u00e1\u0161<\/em><\/strong> <\/td><td><a href=\"mailto:kristian.elias@tuke.sk\" target=\"_blank\" rel=\"noreferrer noopener\">kontakt<\/a> <\/td><td><\/td><td>+421 55 602 3560 <\/td><\/tr><tr><td><\/td><td>Ing. Kristi\u00e1n <strong><em>Glajc<\/em><\/strong> <\/td><td><a href=\"mailto:kristian.glajc@tuke.sk\" target=\"_blank\" rel=\"noreferrer noopener\">kontakt<\/a> <\/td><td><\/td><td>+421 55 602 3565 <\/td><\/tr><tr><td><\/td><td>Ing. Ardian<em> <strong>Hyseni<\/strong><\/em><\/td><td><a rel=\"noreferrer noopener\" href=\"mailto:ardian.hyseni@tuke.sk\" target=\"_blank\">kontakt<\/a> <\/td><td><\/td><td>+421 55 602 3560<\/td><\/tr><tr><td><\/td><td>Ing. <em> <\/em>Franti\u0161ek<em> <strong>Kurimsk\u00fd<\/strong><\/em> <\/td><td><a href=\"mailto:frantisek.kurimsky@tuke.sk\" target=\"_blank\" rel=\"noreferrer noopener\">kontakt<\/a>  <\/td><td><\/td><td>+421 55 602 3566<\/td><\/tr><tr><td><\/td><td>Ing. Franti\u0161ek <strong><em>Margita<\/em><\/strong><\/td><td><a href=\"mailto:frantisek.margita@tuke.sk\" target=\"_blank\" rel=\"noreferrer noopener\">kontakt<\/a><\/td><td><\/td><td>+421 55 602 3560<\/td><\/tr><tr><td><\/td><td>Ing. \u013dubom\u00edr <em><strong>Pallaj<\/strong><\/em><\/td><td><a href=\"mailto:lubomir.pallaj@tuke.sk\">kontakt<\/a><\/td><td><\/td><td>+421 55 602 3560<\/td><\/tr><tr><td><\/td><td>Ing. Vladim\u00edr <em><strong>Szomosi<\/strong><\/em><\/td><td><a href=\"mailto: vladimir.szomosi@tuke.sk\">kontakt<\/a><\/td><td><\/td><td>+421 55 602 3566<\/td><\/tr><tr><td><\/td><td>Ing. Kamil <strong><em>\u0160evc<\/em><\/strong> <\/td><td><a href=\"mailto:kamil.sevc@tuke.sk\" target=\"_blank\" rel=\"noreferrer noopener\">kontakt<\/a>  <\/td><td><\/td><td>+421 55 602 3565<\/td><\/tr><tr><td><\/td><td>Ing. J\u00falius <strong><em>\u0160im\u010d\u00e1k<\/em><\/strong> <\/td><td><a href=\"mailto:julius.simcak@tuke.sk\" target=\"_blank\" rel=\"noreferrer noopener\">kontakt<\/a>  <\/td><td><\/td><td>+421 55 602 3560 <\/td><\/tr><tr><td><\/td><td>Ing. Matej <em><strong>Va\u013eko<\/strong><\/em><\/td><td><a href=\"mailto: matej.valko@tuke.sk\">kontakt<\/a><\/td><td><\/td><td>+421 55 602 3564<\/td><\/tr><tr><td><\/td><td><\/td><td><\/td><td><\/td><td><\/td><\/tr><tr><td>Spr\u00e1va web obsahu, soci\u00e1lne siete,<br>pride\u013eovanie licenci\u00ed a pr\u00edstupy na v\u00fdpo\u010dtov\u00e9 servery KEE <\/td><td><\/td><td><\/td><td><\/td><td><\/td><\/tr><tr><td><\/td><td> Ing.&nbsp;<em>J\u00e1n&nbsp;<strong>&nbsp;Zbojovsk\u00fd<\/strong><\/em>, PhD. <\/td><td> <a rel=\"noreferrer noopener\" href=\"mailto:Jan.Zbojovsky@tuke.sk\" target=\"_blank\">kontakt<\/a> <\/td><td><\/td><td> +421 55 602 3564 <\/td><\/tr><\/tbody><\/table><\/figure>\n\n\n\n<p>Katedra Elektroenergetiky<\/p>\n\n\n\n<p>M\u00e4siarska 74<\/p>\n\n\n\n<p>042 00 Ko\u0161ice<\/p>\n\n\n\n<p><\/p>\n","protected":false},"excerpt":{"rendered":"<p>Poz\u00edcia Meno E-mail www Telef\u00f3n Profesor prof. Ing.\u00a0Roman\u00a0Cimbala, PhD. kontakt +421 55 602 3557 prof. Ing. Juraj Kurimsk\u00fd, PhD. kontakt +421 55 602 3563 Docent&hellip;<\/p>\n","protected":false},"author":1,"featured_media":0,"parent":0,"menu_order":0,"comment_status":"closed","ping_status":"closed","template":"","meta":[],"_links":{"self":[{"href":"https:\/\/kee.fei.tuke.sk\/index.php?rest_route=\/wp\/v2\/pages\/209"}],"collection":[{"href":"https:\/\/kee.fei.tuke.sk\/index.php?rest_route=\/wp\/v2\/pages"}],"about":[{"href":"https:\/\/kee.fei.tuke.sk\/index.php?rest_route=\/wp\/v2\/types\/page"}],"author":[{"embeddable":true,"href":"https:\/\/kee.fei.tuke.sk\/index.php?rest_route=\/wp\/v2\/users\/1"}],"replies":[{"embeddable":true,"href":"https:\/\/kee.fei.tuke.sk\/index.php?rest_route=%2Fwp%2Fv2%2Fcomments&post=209"}],"version-history":[{"count":47,"href":"https:\/\/kee.fei.tuke.sk\/index.php?rest_route=\/wp\/v2\/pages\/209\/revisions"}],"predecessor-version":[{"id":2531,"href":"https:\/\/kee.fei.tuke.sk\/index.php?rest_route=\/wp\/v2\/pages\/209\/revisions\/2531"}],"wp:attachment":[{"href":"https:\/\/kee.fei.tuke.sk\/index.php?rest_route=%2Fwp%2Fv2%2Fmedia&parent=209"}],"curies":[{"name":"wp","href":"https:\/\/api.w.org\/{rel}","templated":true}]}}