{"id":2076,"date":"2024-03-21T11:50:31","date_gmt":"2024-03-21T10:50:31","guid":{"rendered":"https:\/\/kee.fei.tuke.sk\/?page_id=2076"},"modified":"2026-03-04T08:21:02","modified_gmt":"2026-03-04T07:21:02","slug":"odborne-konferencie-a-seminare","status":"publish","type":"page","link":"https:\/\/kee.fei.tuke.sk\/?page_id=2076","title":{"rendered":"Odborn\u00e9 konferencie a semin\u00e1re"},"content":{"rendered":"\n<p><strong><em>202<\/em>6<\/strong><\/p>\n\n\n\n<p><strong><a rel=\"noreferrer noopener\" href=\"https:\/\/aps.utcluj.ro\/\" target=\"_blank\">Advanced Power Systems 2026<\/a><\/strong>, international scientific conference, March 25-28, 2026, Cluj-Napoca, Romania<\/p>\n\n\n\n<p><a href=\"https:\/\/energypowersystems.website.tuke.sk\/index.php\/workshop-tatry-2026\/\" target=\"_blank\" rel=\"noreferrer noopener\"><strong>Smart Power Systems Collaboration &amp; Integration<\/strong><\/a>,  Workshop, 16.-18.3.2026, Hotel Kontakt, Star\u00e1 Lesn\u00e1 <\/p>\n\n\n\n<p><strong><em>2025<\/em><\/strong><\/p>\n\n\n\n<p><a rel=\"noreferrer noopener\" href=\"https:\/\/dusan.medved.website.tuke.sk\/Porac\/2025\/Porac.html\" target=\"_blank\"><strong>Inov\u00e1cie \u2013 cesta k udr\u017eate\u013enej elektroenergetike<\/strong><\/a>,  Odborn\u00fd semin\u00e1r, 16.-17.10.2025, Por\u00e1\u010d PARK, Por\u00e1\u010dska dolina <\/p>\n\n\n\n<p><strong><a href=\"https:\/\/kee.fei.tuke.sk\/?page_id=2297\" target=\"_blank\" rel=\"noreferrer noopener\">Sustainable Electric Power Generation under EU Conditions<\/a><\/strong>, Workshop, 23.-25.4.2025, Hotel Kontakt, Star\u00e1 Lesn\u00e1<\/p>\n\n\n\n<p><strong><em>2024<\/em><\/strong><a rel=\"noreferrer noopener\" href=\"https:\/\/dusan.medved.website.tuke.sk\/Porac\/2024\/Porac.html\" target=\"_blank\"><\/a><\/p>\n\n\n\n<p><a rel=\"noreferrer noopener\" href=\"https:\/\/kee.fei.tuke.sk\/?page_id=1968\" target=\"_blank\"><strong>Progres\u00edvne kvapaliny v elektroenergetike<\/strong><\/a>, Odborn\u00e9 a vedeck\u00e9 kolokvium, 19. 3.-21. 3. 2024 Hotel KONTAKT, Star\u00e1 Lesn\u00e1<\/p>\n\n\n\n<p><\/p>\n\n\n\n<p><a rel=\"noreferrer noopener\" href=\"https:\/\/kee.fei.tuke.sk\/?page_id=2026\" target=\"_blank\"><strong>Electricity self-sufficiency in conditions of liberalized electricity market 2024<\/strong><\/a>,  Expert seminar,  10.4.2024 \u2013 12.4.2024,  <strong>Continental Forum Tirgu Mures, T\u00e2rgu Mure\u015f, Romania<\/strong>  <\/p>\n\n\n\n<p><\/p>\n\n\n\n<p><a href=\"https:\/\/eesymp.website.tuke.sk\/\" target=\"_blank\" rel=\"noreferrer noopener\"><strong>12th International Scientific Symposium on Electrical Power Engineering, ELEKTROENERGETIKA &#8211; 2024<\/strong><\/a>, Stara Lesna, Slovakia, on September 11-13, 2024.<\/p>\n\n\n\n<p><\/p>\n\n\n\n<p><a rel=\"noreferrer noopener\" href=\"https:\/\/dusan.medved.website.tuke.sk\/Porac\/2024\/Porac.html\" target=\"_blank\"><strong>Modern\u00e9 trendy v elektroenergetike SR<\/strong><\/a>, Odborn\u00fd semin\u00e1r, 7.-8.11.2024, Por\u00e1\u010d PARK, Por\u00e1\u010dska dolina<\/p>\n","protected":false},"excerpt":{"rendered":"<p>2026 Advanced Power Systems 2026, international scientific conference, March 25-28, 2026, Cluj-Napoca, Romania Smart Power Systems Collaboration &amp; Integration, Workshop, 16.-18.3.2026, Hotel Kontakt, Star\u00e1 Lesn\u00e1&hellip;<\/p>\n","protected":false},"author":1,"featured_media":0,"parent":0,"menu_order":0,"comment_status":"closed","ping_status":"closed","template":"","meta":[],"_links":{"self":[{"href":"https:\/\/kee.fei.tuke.sk\/index.php?rest_route=\/wp\/v2\/pages\/2076"}],"collection":[{"href":"https:\/\/kee.fei.tuke.sk\/index.php?rest_route=\/wp\/v2\/pages"}],"about":[{"href":"https:\/\/kee.fei.tuke.sk\/index.php?rest_route=\/wp\/v2\/types\/page"}],"author":[{"embeddable":true,"href":"https:\/\/kee.fei.tuke.sk\/index.php?rest_route=\/wp\/v2\/users\/1"}],"replies":[{"embeddable":true,"href":"https:\/\/kee.fei.tuke.sk\/index.php?rest_route=%2Fwp%2Fv2%2Fcomments&post=2076"}],"version-history":[{"count":11,"href":"https:\/\/kee.fei.tuke.sk\/index.php?rest_route=\/wp\/v2\/pages\/2076\/revisions"}],"predecessor-version":[{"id":2658,"href":"https:\/\/kee.fei.tuke.sk\/index.php?rest_route=\/wp\/v2\/pages\/2076\/revisions\/2658"}],"wp:attachment":[{"href":"https:\/\/kee.fei.tuke.sk\/index.php?rest_route=%2Fwp%2Fv2%2Fmedia&parent=2076"}],"curies":[{"name":"wp","href":"https:\/\/api.w.org\/{rel}","templated":true}]}}