{"id":2026,"date":"2024-02-29T18:24:05","date_gmt":"2024-02-29T17:24:05","guid":{"rendered":"https:\/\/kee.fei.tuke.sk\/?page_id=2026"},"modified":"2024-04-11T07:31:05","modified_gmt":"2024-04-11T05:31:05","slug":"electricity-self-sufficiency-in-conditions-of-liberalized-electricity-market-2024","status":"publish","type":"page","link":"https:\/\/kee.fei.tuke.sk\/?page_id=2026","title":{"rendered":"Electricity self-sufficiency in conditions of liberalized electricity market 2024"},"content":{"rendered":"\n<figure class=\"wp-block-image size-large\"><img loading=\"lazy\" width=\"1024\" height=\"144\" src=\"https:\/\/kee.fei.tuke.sk\/wp-content\/uploads\/2024\/02\/loga-1024x144.png\" alt=\"\" class=\"wp-image-2018\" srcset=\"https:\/\/kee.fei.tuke.sk\/wp-content\/uploads\/2024\/02\/loga-1024x144.png 1024w, https:\/\/kee.fei.tuke.sk\/wp-content\/uploads\/2024\/02\/loga-300x42.png 300w, https:\/\/kee.fei.tuke.sk\/wp-content\/uploads\/2024\/02\/loga-768x108.png 768w, https:\/\/kee.fei.tuke.sk\/wp-content\/uploads\/2024\/02\/loga.png 1117w\" sizes=\"(max-width: 1024px) 100vw, 1024px\" \/><\/figure>\n\n\n\n<h2 class=\"has-text-align-center\">Expert seminar<\/h2>\n\n\n\n<p class=\"has-text-align-center\">10.4.2024 \u2013 12.4.2024<\/p>\n\n\n\n<p class=\"has-text-align-center\"><strong>Sapientia Hungarian University of Transylvania, Cluj-Napoca, T\u00e2rgu Mure\u015f, Romania<\/strong><\/p>\n\n\n\n<figure class=\"wp-block-image size-large is-resized\"><img loading=\"lazy\" src=\"https:\/\/kee.fei.tuke.sk\/wp-content\/uploads\/2024\/02\/loga_uni-1024x77.png\" alt=\"\" class=\"wp-image-2022\" width=\"1024\" height=\"77\" srcset=\"https:\/\/kee.fei.tuke.sk\/wp-content\/uploads\/2024\/02\/loga_uni-1024x77.png 1024w, https:\/\/kee.fei.tuke.sk\/wp-content\/uploads\/2024\/02\/loga_uni-300x22.png 300w, https:\/\/kee.fei.tuke.sk\/wp-content\/uploads\/2024\/02\/loga_uni-768x58.png 768w, https:\/\/kee.fei.tuke.sk\/wp-content\/uploads\/2024\/02\/loga_uni-1536x115.png 1536w, https:\/\/kee.fei.tuke.sk\/wp-content\/uploads\/2024\/02\/loga_uni.png 1547w\" sizes=\"(max-width: 1024px) 100vw, 1024px\" \/><\/figure>\n\n\n\n<p><strong>Organizer:<\/strong><\/p>\n\n\n\n<p>Department of Electric Power Engineering, Faculty of Electrical Engineering and Informatics, Technical University of Ko\u0161ice<\/p>\n\n\n\n<p>This expert seminar is a part of the project <strong>APVV-19-0576 &#8222;Self-sufficiency of the electric power industry in the conditions of the liberalized electricity market&#8220;<\/strong> and the project <strong>APVV-21-0312 &#8222;Dynamic allocation of electric power capacities&#8220;<\/strong>.<\/p>\n\n\n\n<p>This expert seminar is a organized also thanks to the cooperation with the Polish organization <strong>PTETIS<\/strong>, based in Rzesz\u00f3w.<\/p>\n\n\n\n<p>Papers will be published in the scientific and professional journal Acta Universitatis Sapientiae and available online at: <a href=\"https:\/\/acta.sapientia.ro\/en\/series\/electrical-and-mechanical-engineering\">https:\/\/acta.sapientia.ro\/en\/series\/electrical-and-mechanical-engineering<\/a> .<\/p>\n\n\n\n<p>For participation at the expert seminar, submission of a one-page abstract is mandatory.<br>Those authors who want to publish their contribution, are kindly asked to submit the in-extenso paper according to the requirements of the journal Acta Universitatis Sapientiae, Electrical and Mechanical Engineering. Please, consult the <a href=\"https:\/\/acta.sapientia.ro\/en\/series\/electrical-and-mechanical-engineering\/publishing-policy-publication-ethics-and-instructions-for-authors____\"><strong>instructions for authors<\/strong><\/a> on the journal webpage (https:\/\/acta.sapientia.ro\/en\/series\/electrical-and-mechanical-engineering). Here is avalaible the <strong><a rel=\"noreferrer noopener\" href=\"https:\/\/kee.fei.tuke.sk\/wp-content\/uploads\/2024\/04\/Template_Agr_Env_2.doc\" target=\"_blank\">template<\/a><\/strong> for the journal .<br>The submitted papers will undergo the peer review process of the journal. The accepted papers will appear online-first on the website of the journal, and in printed form by December 2024.<br><\/p>\n\n\n\n<figure class=\"wp-block-table is-style-stripes\"><table><tbody><tr><td><strong>Members of the Program Committee<\/strong><\/td><\/tr><tr><td>Assoc. prof. J\u00f3zsef Domokos, PhD. Eng.<\/td><td>Sapientia University, RO<\/td><\/tr><tr><td>Assoc. Prof. Cristian Barz Eng.<\/td><td>University of Cluj-Napoca, North University Center Baia Mare Romania<\/td><\/tr><tr><td>Dr. habil Judith P\u00e1lfi, MBA<\/td><td>\u00d3buda University, HU<\/td><\/tr><tr><td>prof. Ing. Michal Kolcun, PhD.<\/td><td>Technical University of Ko\u0161ice, SK<\/td><\/tr><tr><td>prof. Ing. Radom\u00edr Go\u0148o, Ph.D.<\/td><td>VSB \u2013 Technical University of Ostrava, CZ<\/td><\/tr><tr><td>dr hab. in\u017c. Damian Mazur<\/td><td>Rzeszow University of Technology, PL<\/td><\/tr><tr><td>dr hab. in\u017c. Tadeusz Kwater<\/td><td>University Of Technology And Economics, PL<\/td><\/tr><tr><td>doc. Ing. Zsolt \u010conka, PhD.<\/td><td>Technical University of Ko\u0161ice, SK<\/td><\/tr><tr><td>doc. Ing. Du\u0161an Medve\u010f, PhD.<\/td><td>Technical University of Ko\u0161ice, SK<\/td><\/tr><tr><td>dr in\u017c. Tomasz Kossowski<\/td><td>Rzeszow University of Technology, PL<\/td><\/tr><tr><td>dr in\u017c. Bogdan Kwiatkowski<\/td><td>Rzeszow University of Technology, PL<\/td><\/tr><tr><td>dr in\u017c. Jacek Bartman<\/td><td>University of Rzesz\u00f3w, PL<\/td><\/tr><tr><td>dr in\u017c.&nbsp;Grzegorz Dra\u0142us<\/td><td>Rzeszow University of Technology, PL<\/td><\/tr><tr><td>dr in\u017c. Mariusz Borkowski<\/td><td>Rzeszow University of Technology, PL<\/td><\/tr><tr><td>doc. Ing. \u013dubom\u00edr Be\u0148a, PhD.<\/td><td>Technical University of Ko\u0161ice, SK<\/td><\/tr><tr><td>Ing. Samuel Bucko, PhD.<\/td><td>Technical University of Ko\u0161ice, SK<\/td><\/tr><tr><td>Ing. Jozef Kir\u00e1ly, PhD.<\/td><td>Technical University of Ko\u0161ice, SK<\/td><\/tr><tr><td>Ing. Marek Pavl\u00edk, PhD.<\/td><td>Technical University of Ko\u0161ice, SK<\/td><\/tr><tr><td>Ing. J\u00e1n Zbojovsk\u00fd, PhD.<\/td><td>Technical University of Ko\u0161ice, SK<\/td><\/tr><tr><td>Ing. R\u00f3bert \u0160tefko, PhD.<\/td><td>Technical University of Ko\u0161ice, SK<\/td><\/tr><tr><td>Ing. Marek Bob\u010dek<\/td><td>Technical University of Ko\u0161ice, SK<\/td><\/tr><\/tbody><\/table><\/figure>\n\n\n\n<h2>P r o g r a m<\/h2>\n\n\n\n<h3><strong>10.4.2024<\/strong><\/h3>\n\n\n\n<figure class=\"wp-block-table\"><table><tbody><tr><td>15:00 \u2013 16:00<\/td><td>Arrival of participants, registration, accommodation<\/td><\/tr><tr><td>17:00 \u2013 18:00<\/td><td><strong>Opening of the expert seminar<\/strong><\/td><\/tr><tr><td>18:00 \u2013 20:00<\/td><td>Expert lectures: <strong>Block of lectures I (section 1)<\/strong><\/td><\/tr><tr><td>20:00 \u2013<\/td><td>free break<\/td><\/tr><\/tbody><\/table><\/figure>\n\n\n\n<h3><strong>11.4.2024<\/strong><\/h3>\n\n\n\n<figure class=\"wp-block-table\"><table><tbody><tr><td>08:00 \u2013 09:00<\/td><td>Breakfast<\/td><\/tr><tr><td>09:30 \u2013 12:45<\/td><td>Expert lectures: <strong>Block of lectures II (section 1)<\/strong><\/td><\/tr><tr><td>13:00 \u2013 14:00<\/td><td>free break<\/td><\/tr><tr><td>14:00 \u2013 17:30<\/td><td>Expert lectures: <strong>Block of lectures I (section 2)<\/strong><\/td><\/tr><tr><td>18:00 \u2013 20:00<\/td><td>Free program<\/td><\/tr><\/tbody><\/table><\/figure>\n\n\n\n<h3><strong>12.4.2024<\/strong><\/h3>\n\n\n\n<figure class=\"wp-block-table\"><table><tbody><tr><td>08:00 \u2013 09:00<\/td><td><strong>Breakfast<\/strong><\/td><\/tr><tr><td>09:30 \u2013 12:00<\/td><td><strong>Future scientific cooperation<\/strong>: <strong>Panel discussion<\/strong><\/td><\/tr><tr><td>13:00<\/td><td><strong>Conclusion of the expert seminar<\/strong><\/td><\/tr><\/tbody><\/table><\/figure>\n\n\n\n<hr class=\"wp-block-separator\"\/>\n\n\n\n<h2>E X P E R T &nbsp;&nbsp; S E M I N A R &nbsp;&nbsp; P R O G R A M<\/h2>\n\n\n\n<h3>Electricity self-sufficiency in conditions of liberalized electricity market 2024<\/h3>\n\n\n\n<p><strong>OPENING OF THE EXPERT SEMINAR<\/strong><\/p>\n\n\n\n<p>10.4.2024, 17:00 \u2013 17:10, Opening of the expert seminar with the participation of project researchers<\/p>\n\n\n\n<p><strong>EXPERT LECTURES: BLOCK OF LECTURES I (SECTION 1)<\/strong><\/p>\n\n\n\n<p>10.04.2024, 17:10 \u2013 20:00<br>Chairman: Dr.h.c. prof. Ing. Michal Kolcun, PhD., Technical University in Ko\u0161ice<\/p>\n\n\n\n<figure class=\"wp-block-table is-style-stripes\"><table><tbody><tr><td>Time\/Presenter<\/td><td><strong>Presentation title<\/strong><\/td><td><strong>Affiliation<\/strong><\/td><\/tr><tr><td><strong>17:10 \u2013 18:00<\/strong><br><strong>prof. Ing. Michal Kolcun, PhD., KEE FEI TUKE<\/strong><\/td><td><strong>Parallel cooperation of renewable energy sources<\/strong><\/td><td><a href=\"https:\/\/www.fei.tuke.sk\/en\" target=\"_blank\" rel=\"noreferrer noopener\">Faculty of electrical engineering and informatics<\/a><\/td><\/tr><tr><td><\/td><\/tr><tr><td><strong>18:00 \u2013 18:30<\/strong><br><strong>Ing. Franti\u0161ek Margita<\/strong>, <strong>doc. Ing. \u013dubom\u00edr Be\u0148a, PhD., KEE FEI TUKE<\/strong><\/td><td><strong>The use of WAM Systems for Determining the Ampacity of Overhead Power Lines<\/strong><\/td><td><a href=\"https:\/\/www.fei.tuke.sk\/en\" target=\"_blank\" rel=\"noreferrer noopener\">Faculty of electrical engineering and informatics <\/a><\/td><\/tr><tr><td><\/td><\/tr><tr><td><strong>18:30 \u2013 19:00<\/strong><br><strong>doc. Ing. Du\u0161an Medve\u010f, PhD., KEE FEI TUKE<\/strong><\/td><td><strong>Power management and charging strategies for electric vehicles<\/strong><\/td><td><a href=\"https:\/\/www.fei.tuke.sk\/en\" target=\"_blank\" rel=\"noreferrer noopener\">Faculty of electrical engineering and informatics <\/a><\/td><\/tr><tr><td><\/td><\/tr><tr><td><strong>19:00 \u2013 19:30<\/strong><br><strong>dr hab. in\u017c. Damian Mazur, Katedra Elektrotechniki i Podstaw Informatyki; Politechnika Rzeszowska im. Ignacego \u0141ukasiewicza; Rzesz\u00f3w<\/strong><\/td><td><strong>The Role of Energy Monitoring in Modern Electrical Systems<\/strong><\/td><td><a href=\"https:\/\/w.prz.edu.pl\/\" target=\"_blank\" rel=\"noreferrer noopener\">Rzeszow university of technology<\/a><\/td><\/tr><tr><td><\/td><\/tr><\/tbody><\/table><\/figure>\n\n\n\n<p><strong>EXPERT LECTURES: BLOCK OF LECTURES II (SECTION 1)<\/strong><\/p>\n\n\n\n<p>11.04.2024, 09:30 \u2013 12:45<br>Chairman: doc. Ing. \u013dubom\u00edr Be\u0148a, PhD., Technical University in Ko\u0161ice<\/p>\n\n\n\n<figure class=\"wp-block-table is-style-stripes\"><table><tbody><tr><td><strong>Time<\/strong>\/ <strong>Presenter<\/strong><\/td><td><strong>Presentation title<\/strong><\/td><td><strong>Affiliation<\/strong><\/td><\/tr><tr><td><\/td><\/tr><tr><td><strong>09:30 \u2013 10:00<\/strong><br><strong>Ing. Jozef Kir\u00e1ly, PhD., KEE FEI TUKE<\/strong><\/td><td><strong>Operation of V2G chargers in smart grids<\/strong><\/td><td><a href=\"https:\/\/www.fei.tuke.sk\/en\" target=\"_blank\" rel=\"noreferrer noopener\">Faculty of electrical engineering and informatics  <\/a><\/td><\/tr><tr><td><\/td><\/tr><tr><td><strong>10:00 \u2013 10:30<\/strong><br><strong>Ing. Marek Pavl\u00edk, PhD., KEE FEI TUKE<\/strong><\/td><td><strong>Analysis of hot spots on photovoltaic panels<\/strong><\/td><td><a href=\"https:\/\/www.fei.tuke.sk\/en\" target=\"_blank\" rel=\"noreferrer noopener\">Faculty of electrical engineering and informatics  <\/a><\/td><\/tr><tr><td><\/td><\/tr><tr><td><strong>10:30 \u2013 11:00<\/strong><br><strong>Ing. Samuel Bucko, PhD., KEE FEI TUKE<\/strong><\/td><td><strong>Thermal dependence of ferrofluids dielectric response<\/strong><\/td><td><a href=\"https:\/\/www.fei.tuke.sk\/en\" target=\"_blank\" rel=\"noreferrer noopener\">Faculty of electrical engineering and informatics <\/a> <\/td><\/tr><tr><td><\/td><\/tr><tr><td><strong>11:00 \u2013 11:30<\/strong><br><strong>prof. Ing. Radom\u00edr Go\u0148o, Ph.D., FEECS VSB-TUO<\/strong><\/td><td><strong>Investigation of the Hybrid System of Energy Storage for Renewable Energies<\/strong><\/td><td><a href=\"https:\/\/www.fei.vsb.cz\/410\/en\" target=\"_blank\" rel=\"noreferrer noopener\">Technical university of Ostrava<\/a><\/td><\/tr><tr><td><strong>11:30-11:45<\/strong><\/td><td><strong>Free Break<\/strong><\/td><td><\/td><\/tr><tr><td><\/td><\/tr><tr><td><strong>11:45 \u2013 12:15<\/strong><br><strong>Tomasz Kossowski<\/strong><\/td><td><strong>Electromagnetic interference induced inside a carbon fiber housing by its structure<\/strong><\/td><td><a href=\"https:\/\/w.prz.edu.pl\/\" target=\"_blank\" rel=\"noreferrer noopener\">Rzeszow university of technology <\/a><\/td><\/tr><tr><td><\/td><\/tr><tr><td><strong>12:15 \u2013 12:45<\/strong><br><strong>Tomasz Kossowski, Bogdan Kwiatkowski, Damian Mazur, Lubomir Bena, Zsolt Conka<\/strong><\/td><td><strong>Interference protection from lightning discharges associated with&nbsp;type of unmanned aerial vehicle shield.<\/strong><\/td><td><a rel=\"noreferrer noopener\" href=\"https:\/\/w.prz.edu.pl\/\" target=\"_blank\">Rzeszow university of technology<\/a><br><a rel=\"noreferrer noopener\" href=\"https:\/\/www.fei.tuke.sk\/en\" target=\"_blank\">Faculty of electrical engineering and informatics<\/a><\/td><\/tr><\/tbody><\/table><\/figure>\n\n\n\n<p>11.04.2024, 13:00 \u2013 14:00, Free break<\/p>\n\n\n\n<p><strong>EXPERT LECTURES: BLOCK OF LECTURES I (SECTION 2)<\/strong><\/p>\n\n\n\n<p>11.04.2024, 14:00 \u2013 17:30<br>Chairman: doc. Ing. \u013dubom\u00edr Be\u0148a, PhD., Technical University in Ko\u0161ice<\/p>\n\n\n\n<figure class=\"wp-block-table is-style-stripes\"><table><tbody><tr><td><strong>Time<\/strong>\/ <strong>Presenter<\/strong><\/td><td><strong>Presentation title<\/strong><\/td><td><strong>Affiliation<\/strong><\/td><\/tr><tr><td><\/td><\/tr><tr><td><\/td><\/tr><tr><td><strong>14:00 \u2013 14:30<\/strong><br><strong>Ing. R\u00f3bert \u0160tefko, PhD., KEE FEI TUKE<\/strong><\/td><td><strong>The importance of maintenance of designated technical equipment &#8211; kiosk substations 22\/04 kV<\/strong><\/td><td><a href=\"https:\/\/www.fei.tuke.sk\/en\">Faculty of electrical engineering and informatics   <\/a><\/td><\/tr><tr><td><\/td><\/tr><tr><td> <strong>14:30 \u2013 15:00<\/strong><br><strong>Ing. J\u00e1n Zbojovsk\u00fd, PhD., KEE FEI TUKE<\/strong> <\/td><td><strong>Effect of thermal ageing on the electrical insulation properties of the oil-paper insulation<\/strong><\/td><td> <a href=\"https:\/\/www.fei.tuke.sk\/en\">Faculty of electrical engineering and informatics   <\/a> <\/td><\/tr><tr><td><\/td><\/tr><tr><td> <strong>15:00 \u2013 15:30<\/strong><br><strong>Ing. Marek Bob\u010dek,  doc. Ing. Zsolt \u010conka, PhD., KEE FEI TUKE <\/strong> <\/td><td><strong>Control Strategies and Security in Wide Area Measurement Systems<br><br><\/strong><\/td><td>  <a href=\"https:\/\/www.fei.tuke.sk\/en\">Faculty of electrical engineering and informatics   <\/a>  <\/td><\/tr><tr><td><\/td><\/tr><tr><td><strong>15:30 \u2013 16:00<\/strong><br><strong>dr in\u017c. Bogdan Kwiatkowski, Katedra Elektrotechniki i Podstaw Informatyki; Politechnika Rzeszowska im. Ignacego \u0141ukasiewicza; Rzesz\u00f3w<\/strong><\/td><td><strong>Optimal control methods for CNC numerical machine using deep learning<\/strong><\/td><td><a href=\"https:\/\/w.prz.edu.pl\/\">Rzeszow university of technology<\/a><\/td><\/tr><tr><td><\/td><\/tr><tr><td><strong>16:00 \u2013 16:30<\/strong><br><strong>Dr. habil Judith P\u00e1lfi MBA; \u00d3budai Egyetem, Kand\u00f3 K\u00e1lm\u00e1n Electrical Engineer Faculty<\/strong><\/td><td><strong>Wind Turbine Power Control According to EU Legislation<\/strong><\/td><td><a rel=\"noreferrer noopener\" href=\"https:\/\/kvk.uni-obuda.hu\/en\/home-en\/\" target=\"_blank\">\u00d3buda university<\/a><\/td><\/tr><tr><td><\/td><td><\/td><td><\/td><\/tr><tr><td><strong>16:30 \u2013 17:00<\/strong><br><strong>Assoc. Prof. J\u00f3zsef Domokos PhD. Eng.; dean, study program supervisor (Telecommunication); Faculty of Technical and Human Sciences, T\u00e2rgu-Mure\u015f; Romania<\/strong><\/td><td><strong>An approach to lexical stress detection from transcribed continuous speech using acoustic features<\/strong><\/td><td><a rel=\"noreferrer noopener\" href=\"https:\/\/ms.sapientia.ro\/en\/facult\/\" target=\"_blank\">Sapientia Hungarian university of Transylvania<\/a><\/td><\/tr><tr><td> <strong>17:00-17:30<\/strong><br><strong>Cristian Barz Assoc. Prof. Eng. PhD<\/strong><\/td><td><strong>Cooperation of charging the electromobiles and renewable energy sources<\/strong><\/td><td><a href=\"https:\/\/www.utcluj.ro\/en\/\" target=\"_blank\" rel=\"noreferrer noopener\">Technical University of Cluj-Napoca, North University Center Baia Mare Romania<\/a><\/td><\/tr><\/tbody><\/table><\/figure>\n\n\n\n<p>11.04.2024, 17:30 \u2013 20:00, free program<\/p>\n\n\n\n<p><strong>FUTURE SCIENTIFIC COOPERATION<\/strong><\/p>\n\n\n\n<p>12.04.2024, 09:30 \u2013 13:00<br>Chairman: Dr.h.c. prof. Ing. Michal Kolcun, PhD., Technical University in Ko\u0161ice<\/p>\n\n\n\n<figure class=\"wp-block-table is-style-stripes\"><table><tbody><tr><td><strong>9:30-12:00<br>All participants<\/strong><\/td><td><strong>Panel discussion<\/strong><\/td><\/tr><tr><td><strong>12:00-13:00<\/strong><\/td><td><strong>Conclusion of the expert seminar<\/strong> <\/td><\/tr><\/tbody><\/table><\/figure>\n\n\n\n<p><\/p>\n\n\n\n<hr class=\"wp-block-separator\"\/>\n\n\n\n<p>For download:<\/p>\n\n\n\n<p><a href=\"https:\/\/kee.fei.tuke.sk\/wp-content\/uploads\/2024\/04\/Invitation_Expert_seminar.pdf\" target=\"_blank\" rel=\"noreferrer noopener\"><strong>Invitation to a expert seminar<\/strong><\/a><br><a rel=\"noreferrer noopener\" target=\"_blank\" href=\"https:\/\/dusan.medved.website.tuke.sk\/APVV\/APVV-19-0576\/ProgramESSE2024.docx\">Expert seminar program<\/a><\/p>\n\n\n\n<hr class=\"wp-block-separator\"\/>\n\n\n\n<p>Photos from the expert seminar:<\/p>\n","protected":false},"excerpt":{"rendered":"<p>Expert seminar 10.4.2024 \u2013 12.4.2024 Sapientia Hungarian University of Transylvania, Cluj-Napoca, T\u00e2rgu Mure\u015f, Romania Organizer: Department of Electric Power Engineering, Faculty of Electrical Engineering and&hellip;<\/p>\n","protected":false},"author":1,"featured_media":0,"parent":0,"menu_order":0,"comment_status":"closed","ping_status":"closed","template":"","meta":[],"_links":{"self":[{"href":"https:\/\/kee.fei.tuke.sk\/index.php?rest_route=\/wp\/v2\/pages\/2026"}],"collection":[{"href":"https:\/\/kee.fei.tuke.sk\/index.php?rest_route=\/wp\/v2\/pages"}],"about":[{"href":"https:\/\/kee.fei.tuke.sk\/index.php?rest_route=\/wp\/v2\/types\/page"}],"author":[{"embeddable":true,"href":"https:\/\/kee.fei.tuke.sk\/index.php?rest_route=\/wp\/v2\/users\/1"}],"replies":[{"embeddable":true,"href":"https:\/\/kee.fei.tuke.sk\/index.php?rest_route=%2Fwp%2Fv2%2Fcomments&post=2026"}],"version-history":[{"count":47,"href":"https:\/\/kee.fei.tuke.sk\/index.php?rest_route=\/wp\/v2\/pages\/2026\/revisions"}],"predecessor-version":[{"id":2157,"href":"https:\/\/kee.fei.tuke.sk\/index.php?rest_route=\/wp\/v2\/pages\/2026\/revisions\/2157"}],"wp:attachment":[{"href":"https:\/\/kee.fei.tuke.sk\/index.php?rest_route=%2Fwp%2Fv2%2Fmedia&parent=2026"}],"curies":[{"name":"wp","href":"https:\/\/api.w.org\/{rel}","templated":true}]}}