{"id":1968,"date":"2024-02-15T12:58:01","date_gmt":"2024-02-15T11:58:01","guid":{"rendered":"https:\/\/kee.fei.tuke.sk\/?page_id=1968"},"modified":"2024-03-21T11:48:40","modified_gmt":"2024-03-21T10:48:40","slug":"seminar-tatry","status":"publish","type":"page","link":"https:\/\/kee.fei.tuke.sk\/?page_id=1968","title":{"rendered":"Progres\u00edvne kvapaliny v elektroenergetike"},"content":{"rendered":"\n<p class=\"has-text-align-center\"><strong>Odborn\u00e9 a vedeck\u00e9 kolokvium<\/strong>&nbsp;<\/p>\n\n\n\n<p class=\"has-text-align-center\">19. 3.-21. 3. 2024&nbsp;<\/p>\n\n\n\n<p class=\"has-text-align-center\">Hotel KONTAKT, Star\u00e1 Lesn\u00e1&nbsp;<\/p>\n\n\n\n<figure class=\"wp-block-image size-large\"><img loading=\"lazy\" width=\"1024\" height=\"149\" src=\"https:\/\/kee.fei.tuke.sk\/wp-content\/uploads\/2024\/03\/obrazok-1024x149.png\" alt=\"\" class=\"wp-image-2050\" srcset=\"https:\/\/kee.fei.tuke.sk\/wp-content\/uploads\/2024\/03\/obrazok-1024x149.png 1024w, https:\/\/kee.fei.tuke.sk\/wp-content\/uploads\/2024\/03\/obrazok-300x44.png 300w, https:\/\/kee.fei.tuke.sk\/wp-content\/uploads\/2024\/03\/obrazok-768x112.png 768w, https:\/\/kee.fei.tuke.sk\/wp-content\/uploads\/2024\/03\/obrazok.png 1501w\" sizes=\"(max-width: 1024px) 100vw, 1024px\" \/><\/figure>\n\n\n\n<p><\/p>\n\n\n\n<p class=\"has-text-align-center\"><strong><em>P r o g r a m&nbsp;<\/em><\/strong><\/p>\n\n\n\n<p class=\"has-text-align-center\"><strong>19. 3. 2024<\/strong>&nbsp;<\/p>\n\n\n\n<p class=\"has-text-align-center\">15:00-16:00 Pr\u00edchod \u00fa\u010dastn\u00edkov, registr\u00e1cia, ubytovanie&nbsp;<\/p>\n\n\n\n<p class=\"has-text-align-center\">17:00-18:00&nbsp; <strong>Otvorenie Kolokvia<\/strong>&nbsp;<br><strong>PLEN\u00c1RNE ROKOVANIE 1<\/strong>&nbsp;<\/p>\n\n\n\n<p class=\"has-text-align-center\">18:00 Ve\u010dera&nbsp;<\/p>\n\n\n\n<p class=\"has-text-align-center\"><strong>20. 3. 2024<\/strong>&nbsp;<\/p>\n\n\n\n<p class=\"has-text-align-center\">&nbsp; 7:30-&nbsp; 8:30 Ra\u0148ajky&nbsp;<\/p>\n\n\n\n<p class=\"has-text-align-center\">&nbsp; 9:00-13:00 <strong>V\u00ddSKUMN\u00c1 EXCELENCIA \u2013 BRAINSTORMING<\/strong>&nbsp;<\/p>\n\n\n\n<p class=\"has-text-align-center\">13:00 Obed&nbsp;<\/p>\n\n\n\n<p class=\"has-text-align-center\">15:00-18:00&nbsp; <strong>PLEN\u00c1RNE ROKOVANIE 2<\/strong>&nbsp;<\/p>\n\n\n\n<p class=\"has-text-align-center\">16:00 Coffe break&nbsp;<\/p>\n\n\n\n<p class=\"has-text-align-center\">18:15 Ve\u010dera&nbsp;&nbsp;<\/p>\n\n\n\n<p class=\"has-text-align-center\"><strong>21. 3. 2024<\/strong>&nbsp;<\/p>\n\n\n\n<p class=\"has-text-align-center\">&nbsp; 8:00-&nbsp; 8:30 Ra\u0148ajky&nbsp;<\/p>\n\n\n\n<p class=\"has-text-align-center\">&nbsp; 9:00-11:00 <strong>VEDECK\u00c1 SPOLUPR\u00c1CA 2024\/2025<\/strong>&nbsp;<br><strong>Ukon\u010denie Kolokvia<\/strong>&nbsp;<\/p>\n\n\n\n<p class=\"has-text-align-center\">12:00 Obed&nbsp;<\/p>\n\n\n\n<p class=\"has-text-align-center\">13:30 Odchod \u00fa\u010dastn\u00edkov&nbsp;<\/p>\n\n\n\n<p class=\"has-text-align-center\"><strong>Progres\u00edvne kvapaliny&nbsp;<\/strong>&nbsp;<strong>v elektroenergetike<\/strong>&nbsp;<\/p>\n\n\n\n<p><\/p>\n\n\n\n<p class=\"has-text-align-center\"><strong>Odborn\u00e9 a vedeck\u00e9 kolokvium<\/strong>&nbsp;<\/p>\n\n\n\n<p>19. 3.-21. 3. 2024&nbsp;<\/p>\n\n\n\n<p>Hotel KONTAKT, Star\u00e1 Lesn\u00e1&nbsp;<\/p>\n\n\n\n<p><strong>P r o g r a m<\/strong>&nbsp;<\/p>\n\n\n\n<p><strong>19. 3. 2024 17:10-18:00<\/strong>&nbsp;<\/p>\n\n\n\n<ol><li><strong>PLEN\u00c1RNE ROKOVANIE 1<\/strong>&nbsp;<\/li><\/ol>\n\n\n\n<p>Chairman: prof. Ing. Roman Cimbala, PhD, Technick\u00e1 univerzita v Ko\u0161iciach&nbsp;<\/p>\n\n\n\n<figure class=\"wp-block-table\"><table><tbody><tr><td><em>PREZENTUJ\u00daCI<\/em>&nbsp;<\/td><td><em>N\u00c1ZOV PR\u00cdSPEVKU<\/em>&nbsp;<\/td><\/tr><tr><td>&nbsp;<\/td><td>Otvorenie Kolokvia&nbsp;<\/td><\/tr><tr><td>\u00a0Roman Cimbala, Michal Raj\u0148\u00e1k<\/td><td>Prieniky spolupr\u00e1ce medzi KEE FEI TUKE a SAV, akt\u00edvne projekty a nov\u00e9 v\u00fdzvy\u00a0<\/td><\/tr><tr><td>&nbsp;<\/td><td>Diskusia&nbsp;<\/td><\/tr><\/tbody><\/table><\/figure>\n\n\n\n<ol start=\"2\"><li><strong><\/strong>&nbsp;<\/li><\/ol>\n\n\n\n<ol start=\"3\"><li><strong>20. 3. 2024&nbsp;<\/strong><strong> 13:30-17:00<\/strong>&nbsp;<\/li><\/ol>\n\n\n\n<ol start=\"4\"><li><strong>PLEN\u00c1RNE ROKOVANIE 2<\/strong>&nbsp;<\/li><\/ol>\n\n\n\n<p>Chairman: RNDr. Michal Raj\u0148\u00e1k, PhD., \u00daEF Slovensk\u00e1 akad\u00e9mia vied&nbsp;<\/p>\n\n\n\n<figure class=\"wp-block-table\"><table><tbody><tr><td><strong>Progres\u00edvne kvapaliny, fyzik\u00e1lne a chemick\u00e9 vlastnosti&nbsp;<\/strong>&nbsp;<\/td><\/tr><tr><td><em>PREZENTUJ\u00daCI<\/em>&nbsp;<\/td><td><em>N\u00c1ZOV PR\u00cdSPEVKU<\/em>&nbsp;<\/td><td><em>\u010das<\/em>&nbsp;<\/td><\/tr><tr><td>Peter Kop\u010dansk\u00fd&nbsp;<\/td><td>Gen\u00e9za a rozvoj v\u00fdskumu magnetick\u00fdch kvapal\u00edn&nbsp;<\/td><td>&nbsp;<\/td><\/tr><tr><td>Katar\u00edna Paulovi\u010dov\u00e1&nbsp;<\/td><td>Synt\u00e9za nano\u010dast\u00edc a pr\u00edprava magnetick\u00fdch kvapal\u00edn&nbsp;<\/td><td>&nbsp;<\/td><\/tr><tr><td>Nat\u00e1lia Toma\u0161ovi\u010dov\u00e1&nbsp;<\/td><td>Charakteriz\u00e1cia magnetick\u00fdch kvapal\u00edn IR spektroskopiou&nbsp;<\/td><td>&nbsp;<\/td><\/tr><tr><td>Milan Timko&nbsp;<\/td><td>Aplik\u00e1cie magnetick\u00fdch kvapal\u00edn v priemysle&nbsp;<\/td><td>&nbsp;<\/td><\/tr><tr><td>Michal Raj\u0148\u00e1k&nbsp;<\/td><td>Magnetick\u00e9 kvapaliny v elektrick\u00fdch transform\u00e1toroch&nbsp;<\/td><td>&nbsp;<\/td><\/tr><tr><td><em>15:00 Coffee break<\/em>&nbsp;<\/td><\/tr><tr><td><strong>T\u00e9ma:<\/strong> <strong><\/strong>&nbsp;<strong>\u017divotn\u00fd cyklus dielektrick\u00fdch nanokvapal\u00edn, kvapaliny pre z\u00edskavanie energie&nbsp;<\/strong>&nbsp;<\/td><\/tr><tr><td>Roman Cimbala<\/td><td>Dielektrick\u00e1 spektroskopia izola\u010dn\u00fdch materi\u00e1lov<\/td><td>&nbsp;<\/td><\/tr><tr><td>\u00a0Jozef Kir\u00e1ly, Jaroslav D\u017emura<\/td><td>Tepeln\u00e1 degrad\u00e1cia magnetick\u00fdch kvapal\u00edn<\/td><td>&nbsp;<\/td><\/tr><tr><td>J\u00e1n Zbojovsk\u00fd<\/td><td>S\u00fa\u010dasn\u00e9 smery v z\u00edskavan\u00ed energie prostredn\u00edctvom magnetick\u00fdch kvapal\u00edn<\/td><td>&nbsp;<\/td><\/tr><tr><td>\u00a0Juraj Kurimsk\u00fd,\u00a0Michal Raj\u0148\u00e1k\u00a0<\/td><td>\u00a0Miniat\u00farne konvertory energie na b\u00e1ze magnetick\u00fdch kvapal\u00edn a ionov\u00fdch vodi\u010dov\u00a0\u00a0<\/td><td>&nbsp;<\/td><\/tr><\/tbody><\/table><\/figure>\n\n\n\n<p><strong>21. 3. 2024&nbsp;<\/strong><strong>&nbsp; 9:00-11:00<\/strong>&nbsp;<\/p>\n\n\n\n<ol start=\"5\"><li><strong>VEDECK\u00c1 SPOLUPR\u00c1CA 2024\/2025<\/strong>&nbsp;<\/li><\/ol>\n\n\n\n<p>Chairman: prof. Roman Cimbala, TUKE&nbsp;<\/p>\n\n\n\n<figure class=\"wp-block-table\"><table><tbody><tr><td><strong>M\u00ed\u013eniky a ciele vedeckej spolupr\u00e1ce 2024\/2025&nbsp;&nbsp;<\/strong>&nbsp;<\/td><\/tr><tr><td><em>PREZENTUJ\u00daCI<\/em>&nbsp;<\/td><td><em>N\u00c1ZOV PR\u00cdSPEVKU<\/em>&nbsp;<\/td><td><em>\u010das<\/em>&nbsp;<\/td><\/tr><tr><td>&nbsp;<\/td><td>&nbsp;<\/td><td>&nbsp;<\/td><\/tr><tr><td>&nbsp;<\/td><td>&nbsp;<\/td><td>&nbsp;<\/td><\/tr><\/tbody><\/table><\/figure>\n","protected":false},"excerpt":{"rendered":"<p>Odborn\u00e9 a vedeck\u00e9 kolokvium&nbsp; 19. 3.-21. 3. 2024&nbsp; Hotel KONTAKT, Star\u00e1 Lesn\u00e1&nbsp; P r o g r a m&nbsp; 19. 3. 2024&nbsp; 15:00-16:00 Pr\u00edchod \u00fa\u010dastn\u00edkov,&hellip;<\/p>\n","protected":false},"author":1,"featured_media":0,"parent":0,"menu_order":0,"comment_status":"closed","ping_status":"closed","template":"","meta":[],"_links":{"self":[{"href":"https:\/\/kee.fei.tuke.sk\/index.php?rest_route=\/wp\/v2\/pages\/1968"}],"collection":[{"href":"https:\/\/kee.fei.tuke.sk\/index.php?rest_route=\/wp\/v2\/pages"}],"about":[{"href":"https:\/\/kee.fei.tuke.sk\/index.php?rest_route=\/wp\/v2\/types\/page"}],"author":[{"embeddable":true,"href":"https:\/\/kee.fei.tuke.sk\/index.php?rest_route=\/wp\/v2\/users\/1"}],"replies":[{"embeddable":true,"href":"https:\/\/kee.fei.tuke.sk\/index.php?rest_route=%2Fwp%2Fv2%2Fcomments&post=1968"}],"version-history":[{"count":7,"href":"https:\/\/kee.fei.tuke.sk\/index.php?rest_route=\/wp\/v2\/pages\/1968\/revisions"}],"predecessor-version":[{"id":2075,"href":"https:\/\/kee.fei.tuke.sk\/index.php?rest_route=\/wp\/v2\/pages\/1968\/revisions\/2075"}],"wp:attachment":[{"href":"https:\/\/kee.fei.tuke.sk\/index.php?rest_route=%2Fwp%2Fv2%2Fmedia&parent=1968"}],"curies":[{"name":"wp","href":"https:\/\/api.w.org\/{rel}","templated":true}]}}