{"id":1920,"date":"2023-11-21T18:57:04","date_gmt":"2023-11-21T17:57:04","guid":{"rendered":"https:\/\/kee.fei.tuke.sk\/?page_id=1920"},"modified":"2023-11-21T18:57:05","modified_gmt":"2023-11-21T17:57:05","slug":"miestnost-pre-studentov","status":"publish","type":"page","link":"https:\/\/kee.fei.tuke.sk\/?page_id=1920","title":{"rendered":"Miestnos\u0165 pre \u0161tudentov"},"content":{"rendered":"\n<p>Na\u0161i \u0161tudenti maj\u00fa  v priestoroch katedry k dispoz\u00edcii svoju miestnos\u0165, ktor\u00fa m\u00f4\u017eu vyu\u017ei\u0165 aj po\u010das prest\u00e1vok, na  pr\u00edpravu na cvi\u010denia a predn\u00e1\u0161ky alebo na pr\u00e1cu na zadaniach a in\u00e9. <\/p>\n\n\n\n<div class=\"wp-block-image\"><figure class=\"aligncenter size-large is-resized\"><img loading=\"lazy\" src=\"https:\/\/kee.fei.tuke.sk\/wp-content\/uploads\/2023\/11\/miestnost_stud_1-576x1024.jpg\" alt=\"\" class=\"wp-image-1923\" width=\"288\" height=\"512\" srcset=\"https:\/\/kee.fei.tuke.sk\/wp-content\/uploads\/2023\/11\/miestnost_stud_1-576x1024.jpg 576w, https:\/\/kee.fei.tuke.sk\/wp-content\/uploads\/2023\/11\/miestnost_stud_1-169x300.jpg 169w, https:\/\/kee.fei.tuke.sk\/wp-content\/uploads\/2023\/11\/miestnost_stud_1-768x1365.jpg 768w, https:\/\/kee.fei.tuke.sk\/wp-content\/uploads\/2023\/11\/miestnost_stud_1-864x1536.jpg 864w, https:\/\/kee.fei.tuke.sk\/wp-content\/uploads\/2023\/11\/miestnost_stud_1.jpg 1152w\" sizes=\"(max-width: 288px) 100vw, 288px\" \/><\/figure><\/div>\n\n\n\n<div class=\"wp-block-image\"><figure class=\"aligncenter size-large\"><img loading=\"lazy\" width=\"1024\" height=\"576\" src=\"https:\/\/kee.fei.tuke.sk\/wp-content\/uploads\/2023\/11\/miestnost_stud_2-1024x576.jpg\" alt=\"\" class=\"wp-image-1922\" srcset=\"https:\/\/kee.fei.tuke.sk\/wp-content\/uploads\/2023\/11\/miestnost_stud_2-1024x576.jpg 1024w, https:\/\/kee.fei.tuke.sk\/wp-content\/uploads\/2023\/11\/miestnost_stud_2-300x169.jpg 300w, https:\/\/kee.fei.tuke.sk\/wp-content\/uploads\/2023\/11\/miestnost_stud_2-768x432.jpg 768w, https:\/\/kee.fei.tuke.sk\/wp-content\/uploads\/2023\/11\/miestnost_stud_2-1536x864.jpg 1536w, https:\/\/kee.fei.tuke.sk\/wp-content\/uploads\/2023\/11\/miestnost_stud_2.jpg 2048w\" sizes=\"(max-width: 1024px) 100vw, 1024px\" \/><\/figure><\/div>\n\n\n\n<figure class=\"wp-block-image size-large\"><img loading=\"lazy\" width=\"1024\" height=\"576\" src=\"https:\/\/kee.fei.tuke.sk\/wp-content\/uploads\/2023\/11\/miestnost_stud_3-1024x576.jpg\" alt=\"\" class=\"wp-image-1921\" srcset=\"https:\/\/kee.fei.tuke.sk\/wp-content\/uploads\/2023\/11\/miestnost_stud_3-1024x576.jpg 1024w, https:\/\/kee.fei.tuke.sk\/wp-content\/uploads\/2023\/11\/miestnost_stud_3-300x169.jpg 300w, https:\/\/kee.fei.tuke.sk\/wp-content\/uploads\/2023\/11\/miestnost_stud_3-768x432.jpg 768w, https:\/\/kee.fei.tuke.sk\/wp-content\/uploads\/2023\/11\/miestnost_stud_3-1536x864.jpg 1536w, https:\/\/kee.fei.tuke.sk\/wp-content\/uploads\/2023\/11\/miestnost_stud_3.jpg 2048w\" sizes=\"(max-width: 1024px) 100vw, 1024px\" \/><\/figure>\n","protected":false},"excerpt":{"rendered":"<p>Na\u0161i \u0161tudenti maj\u00fa v priestoroch katedry k dispoz\u00edcii svoju miestnos\u0165, ktor\u00fa m\u00f4\u017eu vyu\u017ei\u0165 aj po\u010das prest\u00e1vok, na pr\u00edpravu na cvi\u010denia a predn\u00e1\u0161ky alebo na pr\u00e1cu&hellip;<\/p>\n","protected":false},"author":1,"featured_media":0,"parent":0,"menu_order":0,"comment_status":"closed","ping_status":"closed","template":"","meta":[],"_links":{"self":[{"href":"https:\/\/kee.fei.tuke.sk\/index.php?rest_route=\/wp\/v2\/pages\/1920"}],"collection":[{"href":"https:\/\/kee.fei.tuke.sk\/index.php?rest_route=\/wp\/v2\/pages"}],"about":[{"href":"https:\/\/kee.fei.tuke.sk\/index.php?rest_route=\/wp\/v2\/types\/page"}],"author":[{"embeddable":true,"href":"https:\/\/kee.fei.tuke.sk\/index.php?rest_route=\/wp\/v2\/users\/1"}],"replies":[{"embeddable":true,"href":"https:\/\/kee.fei.tuke.sk\/index.php?rest_route=%2Fwp%2Fv2%2Fcomments&post=1920"}],"version-history":[{"count":1,"href":"https:\/\/kee.fei.tuke.sk\/index.php?rest_route=\/wp\/v2\/pages\/1920\/revisions"}],"predecessor-version":[{"id":1924,"href":"https:\/\/kee.fei.tuke.sk\/index.php?rest_route=\/wp\/v2\/pages\/1920\/revisions\/1924"}],"wp:attachment":[{"href":"https:\/\/kee.fei.tuke.sk\/index.php?rest_route=%2Fwp%2Fv2%2Fmedia&parent=1920"}],"curies":[{"name":"wp","href":"https:\/\/api.w.org\/{rel}","templated":true}]}}