{"id":172,"date":"2020-01-22T14:12:41","date_gmt":"2020-01-22T13:12:41","guid":{"rendered":"https:\/\/kee.cp2.tuke.sk\/?page_id=172"},"modified":"2026-01-13T10:27:01","modified_gmt":"2026-01-13T09:27:01","slug":"informacie-2","status":"publish","type":"page","link":"https:\/\/kee.fei.tuke.sk\/?page_id=172","title":{"rendered":"Uch\u00e1dza\u010di"},"content":{"rendered":"\n<p>Inform\u00e1cie pre bud\u00facich \u0161tudentov:<\/p>\n\n\n\n<ul><li>Z\u00e1kladn\u00e9 inform\u00e1cie o mo\u017enosti \u0161t\u00fadia po kliknut\u00ed na:\u00a0<em><strong><a rel=\"noreferrer noopener\" href=\"https:\/\/www.fei.tuke.sk\/sk\/podmienky-prijatia\" target=\"_blank\">Podmienky prijatia v akademickom roku 2026\/2027<\/a><\/strong><\/em><\/li><li>Elektronick\u00fa prihl\u00e1\u0161ku je mo\u017en\u00e9 vyplni\u0165 <a rel=\"noreferrer noopener\" href=\"https:\/\/eprihlaska.tuke.sk\/eprihlaska\/pages\/odosielatel\/rozhranie_odosielatela.mais\" data-type=\"URL\" data-id=\"https:\/\/eprihlaska.tuke.sk\/eprihlaska\/pages\/odosielatel\/rozhranie_odosielatela.mais\" target=\"_blank\"><strong>tu<\/strong><\/a>.<\/li><li><strong><em><a rel=\"noreferrer noopener\" href=\"https:\/\/kee.fei.tuke.sk\/wp-content\/uploads\/2020\/01\/infolisty.pdf\" target=\"_blank\">Informa\u010dn\u00fd list bakal\u00e1rskeho \u0161tudijn\u00e9ho programu elektroenergetika<\/a><\/em><\/strong><\/li><li>prihl\u00e1\u0161ku na bakal\u00e1rske \u0161t\u00fadium je potrebn\u00e9 odosla\u0165 najnesk\u00f4r do 30.4.2026.  <\/li><li>prihl\u00e1\u0161ku na in\u017einierske \u0161t\u00fadium je potrebn\u00e9 odosla\u0165 najnesk\u00f4r do 30.4.2026.<\/li><\/ul>\n\n\n\n<figure class=\"wp-block-embed is-type-video is-provider-youtube wp-block-embed-youtube wp-embed-aspect-16-9 wp-has-aspect-ratio\"><div class=\"wp-block-embed__wrapper\">\n<iframe loading=\"lazy\" title=\"Katedra Elektroenergetiky FEI TUKE\" width=\"843\" height=\"474\" src=\"https:\/\/www.youtube.com\/embed\/NbcbAz1rFeI?feature=oembed&amp;wmode=opaque\" frameborder=\"0\" allow=\"accelerometer; autoplay; clipboard-write; encrypted-media; gyroscope; picture-in-picture; web-share\" referrerpolicy=\"strict-origin-when-cross-origin\" allowfullscreen><\/iframe>\n<\/div><\/figure>\n","protected":false},"excerpt":{"rendered":"<p>Inform\u00e1cie pre bud\u00facich \u0161tudentov: Z\u00e1kladn\u00e9 inform\u00e1cie o mo\u017enosti \u0161t\u00fadia po kliknut\u00ed na:\u00a0Podmienky prijatia v akademickom roku 2026\/2027 Elektronick\u00fa prihl\u00e1\u0161ku je mo\u017en\u00e9 vyplni\u0165 tu. Informa\u010dn\u00fd list&hellip;<\/p>\n","protected":false},"author":1,"featured_media":0,"parent":0,"menu_order":0,"comment_status":"closed","ping_status":"closed","template":"","meta":[],"_links":{"self":[{"href":"https:\/\/kee.fei.tuke.sk\/index.php?rest_route=\/wp\/v2\/pages\/172"}],"collection":[{"href":"https:\/\/kee.fei.tuke.sk\/index.php?rest_route=\/wp\/v2\/pages"}],"about":[{"href":"https:\/\/kee.fei.tuke.sk\/index.php?rest_route=\/wp\/v2\/types\/page"}],"author":[{"embeddable":true,"href":"https:\/\/kee.fei.tuke.sk\/index.php?rest_route=\/wp\/v2\/users\/1"}],"replies":[{"embeddable":true,"href":"https:\/\/kee.fei.tuke.sk\/index.php?rest_route=%2Fwp%2Fv2%2Fcomments&post=172"}],"version-history":[{"count":23,"href":"https:\/\/kee.fei.tuke.sk\/index.php?rest_route=\/wp\/v2\/pages\/172\/revisions"}],"predecessor-version":[{"id":2623,"href":"https:\/\/kee.fei.tuke.sk\/index.php?rest_route=\/wp\/v2\/pages\/172\/revisions\/2623"}],"wp:attachment":[{"href":"https:\/\/kee.fei.tuke.sk\/index.php?rest_route=%2Fwp%2Fv2%2Fmedia&parent=172"}],"curies":[{"name":"wp","href":"https:\/\/api.w.org\/{rel}","templated":true}]}}