{"id":161,"date":"2020-01-17T16:48:03","date_gmt":"2020-01-17T15:48:03","guid":{"rendered":"https:\/\/kee.cp2.tuke.sk\/?page_id=161"},"modified":"2026-02-11T12:14:13","modified_gmt":"2026-02-11T11:14:13","slug":"skusobna-vvn-prof-ing-karola-martona-drsc","status":"publish","type":"page","link":"https:\/\/kee.fei.tuke.sk\/?page_id=161","title":{"rendered":"Sk\u00fa\u0161ob\u0148a VVN prof. Ing. Karola Martona, DrSc."},"content":{"rendered":"\n<p><strong>Spolo\u010dn\u00e9 pracovisko VSD a.s. a FEI TUKE v ES Leme\u0161any<\/strong><\/p>\n\n\n\n<p>Kontaktn\u00e9 osoby<strong>:<\/strong><\/p>\n\n\n\n<ul><li><strong>Ing. Jozef Baran, VSD, a.s.<\/strong> \u00a0<\/li><li><strong>Ing. J\u00e1n Zbojovsk\u00fd, PhD.<\/strong>, <strong>KEE FEI TUKE<\/strong><\/li><\/ul>\n\n\n\n<p>Sk\u00fa\u0161ob\u0148a VVN sa nach\u00e1dza v&nbsp;priestoroch rozvodne Leme\u0161any. Je to spolo\u010dn\u00fd majetok TUKE a&nbsp;VSD. Katedra elektroenergetiky vyu\u017e\u00edva sk\u00fa\u0161ob\u0148u pre \u00fa\u010dely vysoko\u0161kolsk\u00e9ho vzdel\u00e1vania a&nbsp;rozv\u00edjania tvoriv\u00e9ho vedeck\u00e9ho b\u00e1dania. Pracovnici VSD sa zaoberaj\u00fa sk\u00fa\u0161an\u00edm prvkov pou\u017e\u00edvan\u00fdch na v\u00fdstavbu prenosov\u00fdch a&nbsp;distribu\u010dn\u00fdch elektro rozvodn\u00fdch sieti. V&nbsp;sk\u00fa\u0161obni prebieha sk\u00famanie elektroizola\u010dn\u00fdch vlastnosti vysokonap\u00e4\u0165ov\u00fdch elektroenergetick\u00fdch zariaden\u00ed: transform\u00e1torov\u00fdch priechodiek VVN, izol\u00e1torov\u00fdch z\u00e1vesov VN a VVN zne\u010disten\u00fdch priemyseln\u00fdmi exhal\u00e1tmi, zvodi\u010dov prep\u00e4tia, v\u00fdkonov\u00fdch vyp\u00edna\u010dov VN a VVN, VN k\u00e1blov a k\u00e1blov\u00fdch s\u00faborov. Vykon\u00e1vaj\u00fa sa sk\u00fa\u0161ky: v\u00fddr\u017en\u00e9ho nap\u00e4tia,&nbsp; merania stup\u0148a zne\u010distenia izol\u00e1torov, meranie sp\u00ednac\u00edch charakterist\u00edk, meranie \u00farovne \u010diastkov\u00fdch v\u00fdbojov, meranie kapacity a stratov\u00e9ho \u010dinite\u013ea, merania kvality pr\u00fadov\u00fdch spojov,&nbsp; merania stup\u0148a nasiaknutia izola\u010dn\u00fdch syst\u00e9mov vodou.<\/p>\n\n\n\n<p>Predmety a v\u00fdstupy vzdel\u00e1vania:<\/p>\n\n\n\n<p> <li>Doktorandsk\u00e9 \u0161t\u00fadium: <strong>Predmet Dizerta\u010dn\u00fd projekt: <\/strong>Osvojenie si met\u00f3d vedeckej pr\u00e1ce. Preh\u013abenie vedomost\u00ed z oblasti t\u00e9my dizerta\u010dnej pr\u00e1ce. Intenz\u00edvnym v\u00fdskumom dosiahnu\u0165 p\u00f4vodn\u00e9 vedeck\u00e9 v\u00fdsledky, akceptovate\u013en\u00e9 na medzin\u00e1rodnej \u00farovni. Doktorand sa vie preuk\u00e1za\u0165 schopnos\u0165ou tvorivej samostatnej aj t\u00edmovej pr\u00e1ce pri rie\u0161en\u00ed vedecko-v\u00fdskumnej \u00falohy alebo projektu formou prezentovania v\u00fdsledkov vo forme vedeck\u00fdch publik\u00e1ci\u00ed, v \u010dasopisoch a na konferenci\u00e1ch, \u00fa\u010das\u0165ou v rie\u0161ite\u013esk\u00fdch kolekt\u00edvoch grantov\u00fdch \u00faloh a pod. Je schopn\u00fd formulova\u0165 ciele dizerta\u010dnej pr\u00e1ce a met\u00f3dy, ktor\u00e9 ved\u00fa k splneniu jej cie\u013eov. Je schopn\u00fd navrhn\u00fa\u0165 a aplikova\u0165 vedeck\u00e9 postupy rie\u0161enia. Vie prezentova\u0165 postupy a dosiahnut\u00e9 v\u00fdsledky svojej vedeckej pr\u00e1ce.<\/li><\/p>\n\n\n\n<p><li>Doktorandsk\u00e9 \u0161t\u00fadium: <strong>Predmet Vedeck\u00e1 \u010dinnos\u0165 1-5.:<\/strong> Schopnos\u0165 samostatne koncipova\u0165, kon\u0161truova\u0165, realizova\u0165 a upravova\u0165 podstatn\u00fa \u010das\u0165 v\u00fdskumu s vedeckou integritou a prispeje p\u00f4vodn\u00fdm v\u00fdskumom k roz\u0161\u00edreniu hran\u00edc vedeck\u00e9ho poznania prostredn\u00edctvom realiz\u00e1cie rozsiahleho s\u00faboru pr\u00e1c, z ktor\u00fdch niektor\u00e9 s\u00fa hodn\u00e9 recenzn\u00e9ho publikovania. Dosahovanie p\u00f4vodn\u00fdch vedeck\u00fdch v\u00fdsledkov, akceptovate\u013en\u00fdch na medzin\u00e1rodnej \u00farovni. Na z\u00e1klade realiz\u00e1cie vedeck\u00e9ho v\u00fdskumu sa absolvent pova\u017euje za experta v svojej oblasti.<\/li> <\/p>\n\n\n\n<p><\/p>\n\n\n\n<p>Pr\u00edstrojov\u00e9 vybavenie sk\u00fa\u0161obne VVN prof. Ing. Karola Martona, CSc.:<\/p>\n\n\n\n<ul><li>Zdroj striedav\u00e9ho nap\u00e4tia \u2013 transform\u00e1torov\u00e1 kask\u00e1da 700 kV\/0,5 A\/350 kVA<\/li><li>Gener\u00e1tor normovan\u00fdch atmosf\u00e9rick\u00fdch impulzov 1MV<\/li><li>Kapacitn\u00e9, odporov\u00e9 a&nbsp;kombinovan\u00e9 nap\u00e4\u0165ov\u00e9 deli\u010de<\/li><li>Gu\u013eov\u00e9 iskri\u0161\u0165a 50 cm, 25 cm<\/li><li>Scheringov most\u00edk TETTEX<\/li><li>IDA 200 &#8211; frekven\u010dn\u00fd analyz\u00e1tor stratov\u00e9ho \u010dinite\u013ea<\/li><li>Mera\u010de \u010diastkov\u00fdch v\u00fdbojov pod\u013ea IEC 60270: LEMKE Diagnostik, OWTS<\/li><li>Pr\u00fadov\u00e9 zdroje 10 \u2013 1000 A \/ 40kVA, 60 kVA<\/li><\/ul>\n\n\n\n<div class=\"wp-block-image\"><figure class=\"aligncenter size-large is-resized\"><img loading=\"lazy\" src=\"https:\/\/kee.fei.tuke.sk\/wp-content\/uploads\/2021\/04\/lemesany_hala_1.gif\" alt=\"\" width=\"476\" height=\"268\"\/><\/figure><\/div>\n\n\n\n<div class=\"wp-block-image\"><figure class=\"aligncenter size-large\"><img src=\"https:\/\/kee.fei.tuke.sk\/wp-content\/uploads\/2021\/04\/Obrazok1.jpg\" alt=\"\"\/><\/figure><\/div>\n\n\n\n<div class=\"wp-block-image\"><figure class=\"aligncenter size-large is-resized\"><img loading=\"lazy\" src=\"https:\/\/kee.fei.tuke.sk\/wp-content\/uploads\/2021\/04\/20160317_133639_Burst24.jpg\" alt=\"\" width=\"768\" height=\"432\"\/><\/figure><\/div>\n\n\n\n<div class=\"wp-block-image\"><figure class=\"aligncenter size-large is-resized\"><img loading=\"lazy\" src=\"https:\/\/kee.fei.tuke.sk\/wp-content\/uploads\/2021\/04\/DSC00223.jpg\" alt=\"\" width=\"768\" height=\"512\"\/><\/figure><\/div>\n\n\n\n<div class=\"wp-block-image\"><figure class=\"aligncenter size-large is-resized\"><img loading=\"lazy\" src=\"https:\/\/kee.fei.tuke.sk\/wp-content\/uploads\/2021\/04\/IMG_2196.jpg\" alt=\"\" width=\"768\" height=\"576\"\/><\/figure><\/div>\n\n\n\n<div class=\"wp-block-image\"><figure class=\"aligncenter size-large is-resized\"><img loading=\"lazy\" src=\"https:\/\/kee.fei.tuke.sk\/wp-content\/uploads\/2021\/04\/IMG_3156.jpg\" alt=\"\" width=\"768\" height=\"576\"\/><\/figure><\/div>\n","protected":false},"excerpt":{"rendered":"<p>Spolo\u010dn\u00e9 pracovisko VSD a.s. a FEI TUKE v ES Leme\u0161any Kontaktn\u00e9 osoby: Ing. Jozef Baran, VSD, a.s. \u00a0 Ing. J\u00e1n Zbojovsk\u00fd, PhD., KEE FEI TUKE&hellip;<\/p>\n","protected":false},"author":1,"featured_media":0,"parent":68,"menu_order":0,"comment_status":"closed","ping_status":"closed","template":"","meta":[],"_links":{"self":[{"href":"https:\/\/kee.fei.tuke.sk\/index.php?rest_route=\/wp\/v2\/pages\/161"}],"collection":[{"href":"https:\/\/kee.fei.tuke.sk\/index.php?rest_route=\/wp\/v2\/pages"}],"about":[{"href":"https:\/\/kee.fei.tuke.sk\/index.php?rest_route=\/wp\/v2\/types\/page"}],"author":[{"embeddable":true,"href":"https:\/\/kee.fei.tuke.sk\/index.php?rest_route=\/wp\/v2\/users\/1"}],"replies":[{"embeddable":true,"href":"https:\/\/kee.fei.tuke.sk\/index.php?rest_route=%2Fwp%2Fv2%2Fcomments&post=161"}],"version-history":[{"count":15,"href":"https:\/\/kee.fei.tuke.sk\/index.php?rest_route=\/wp\/v2\/pages\/161\/revisions"}],"predecessor-version":[{"id":2652,"href":"https:\/\/kee.fei.tuke.sk\/index.php?rest_route=\/wp\/v2\/pages\/161\/revisions\/2652"}],"up":[{"embeddable":true,"href":"https:\/\/kee.fei.tuke.sk\/index.php?rest_route=\/wp\/v2\/pages\/68"}],"wp:attachment":[{"href":"https:\/\/kee.fei.tuke.sk\/index.php?rest_route=%2Fwp%2Fv2%2Fmedia&parent=161"}],"curies":[{"name":"wp","href":"https:\/\/api.w.org\/{rel}","templated":true}]}}