{"id":158,"date":"2020-01-17T16:47:25","date_gmt":"2020-01-17T15:47:25","guid":{"rendered":"https:\/\/kee.cp2.tuke.sk\/?page_id=158"},"modified":"2023-09-14T15:28:11","modified_gmt":"2023-09-14T13:28:11","slug":"laboratorium-techniky-vysokych-napati","status":"publish","type":"page","link":"https:\/\/kee.fei.tuke.sk\/?page_id=158","title":{"rendered":"Laborat\u00f3rium techniky vysok\u00fdch nap\u00e4t\u00ed"},"content":{"rendered":"\n<p>Ved\u00faci laborat\u00f3ria: <strong> Ing. J\u00e1n Zbojovsk\u00fd, PhD.<\/strong><\/p>\n\n\n\n<p>Laborat\u00f3rium techniky vysok\u00fdch nap\u00e4t\u00ed je zameran\u00e9 na v\u00fdskumn\u00e9 \u00fa\u010dely, laborat\u00f3rne sk\u00fa\u0161anie a testovanie pre priemysel, ako aj pre \u00fa\u010dely v\u00fduky na Katedre elektroenergetiky. V\u00fdskumn\u00e1 \u010das\u0165 je zameran\u00e1 na problematiku v oblasti techniky vysok\u00fdch nap\u00e4t\u00ed, na \u017eivotnostn\u00e9 testy elektroizola\u010dn\u00fdch materi\u00e1lov, na sk\u00fa\u0161ky elektrickej prieraznej pevnosti elektrickej izol\u00e1cie a na niektor\u00e9 oblasti z&nbsp;elektroenergetiky. V\u00fduka v&nbsp;laborat\u00f3riu pre \u0161tudentov je zameran\u00e1 na praktick\u00e9 laborat\u00f3rne cvi\u010denia s&nbsp;cie\u013eom overovania teoretick\u00fdch znalost\u00ed a z\u00edskania zru\u010dnost\u00ed s&nbsp;meracou technikou. Laborat\u00f3rne cvi\u010denia sa realizuj\u00fa pre \u0161tudentov bakal\u00e1rskeho a in\u017einierskeho \u0161t\u00fadia z&nbsp;t\u00fdchto predmetov: Technika vysok\u00fdch nap\u00e4t\u00ed, Elektromagnetick\u00e1 kompatibilita, Ochrana po\u010d\u00edta\u010dov\u00fdch siet\u00ed, Prep\u00e4tia v elektrick\u00fdch sie\u0165ach, Diagnostika elektroenergetick\u00fdch zariaden\u00ed.<\/p>\n\n\n\n<p>Predmety a v\u00fdstupy vzdel\u00e1vania:<\/p>\n\n\n\n<ul><li>Bakal\u00e1rske \u0161t\u00fadium: <strong>Predmet Meranie v elektroenergetike<\/strong> (z\u00e1kladn\u00e9 vedomosti z te\u00f3rie merania a metrol\u00f3gie, stanovovanie neist\u00f4t merania, praktick\u00e9 zru\u010dnosti pri realiz\u00e1cii meran\u00ed v elektroenergetike a spracovan\u00ed dokument\u00e1cie o meran\u00ed)<\/li><li>Bakal\u00e1rske \u0161t\u00fadium: <strong>Predmet Technika vysok\u00fdch nap\u00e4t\u00ed<\/strong> (z\u00e1kladn\u00e9 poznatky s\u00favisiace s vyu\u017eit\u00edm vysok\u00fdch nap\u00e4t\u00ed v&nbsp;elektrotechnike, teoretick\u00e9 poznatky o fyzik\u00e1lnych procesoch a dejoch prebiehaj\u00facich v plynn\u00fdch, kvapaln\u00fdch a pevn\u00fdch izolantoch)<\/li><li>Bakal\u00e1rske \u0161t\u00fadium: <strong>Predmet Profylaktika elektroenergetick\u00fdch zariaden\u00ed<\/strong> (z\u00e1kladn\u00e9 poznatky o&nbsp;princ\u00edpoch a&nbsp;met\u00f3dach profylaktiky elektroenergetick\u00fdch zariaden\u00ed, o&nbsp;merac\u00edch, testovac\u00edch a sk\u00fa\u0161obn\u00fdch zariadeniach v&nbsp;oblasti techniky vysok\u00fdch nap\u00e4t\u00ed)<\/li><li>In\u017einierske \u0161t\u00fadium: <strong>Predmet Diagnostika v&nbsp;elektroenergetike<\/strong> (vedomosti a znalosti o&nbsp;spr\u00e1vnom vyu\u017eit\u00ed prev\u00e1dzkovej diagnostiky na ur\u010denie zmien izola\u010dn\u00e9ho syst\u00e9mu elektroenergetick\u00e9ho zariadenia v d\u00f4sledku prev\u00e1dzkov\u00e9ho nam\u00e1hania pre v\u010dasn\u00e9 odhalenie poruchy a&nbsp;zv\u00fd\u0161enie jeho \u017eivotnosti)<\/li><li>In\u017einierske \u0161t\u00fadium:<strong> Predmet Prep\u00e4tia v elektrick\u00fdch sie\u0165ach<\/strong> (z\u00edskanie poznatkov o vzniku prep\u00e4t\u00ed v elektrick\u00fdch sie\u0165ach pre rozli\u010dn\u00e9 prev\u00e1dzkov\u00e9 podmienky, pou\u017e\u00edvanie spr\u00e1vnej terminol\u00f3gie a symboliky, z\u00edskanie odborn\u00fdch kompetenci\u00ed pri vyu\u017e\u00edvan\u00ed PC techniky a softv\u00e9ru na rie\u0161enie prep\u00e4t\u00ed vznikaj\u00facich v prev\u00e1dzke pomocou simula\u010dn\u00e9ho programu EMTP ATP )<\/li><li>Doktorandsk\u00e9 \u0161t\u00fadium: <strong>Predmet Dizerta\u010dn\u00fd projekt: <\/strong>Osvojenie si met\u00f3d vedeckej pr\u00e1ce. Preh\u013abenie vedomost\u00ed z oblasti t\u00e9my dizerta\u010dnej pr\u00e1ce. Intenz\u00edvnym v\u00fdskumom dosiahnu\u0165 p\u00f4vodn\u00e9 vedeck\u00e9 v\u00fdsledky, akceptovate\u013en\u00e9 na medzin\u00e1rodnej \u00farovni. Doktorand sa vie preuk\u00e1za\u0165 schopnos\u0165ou tvorivej samostatnej aj t\u00edmovej pr\u00e1ce pri rie\u0161en\u00ed vedecko-v\u00fdskumnej \u00falohy alebo projektu formou prezentovania v\u00fdsledkov vo forme vedeck\u00fdch publik\u00e1ci\u00ed, v \u010dasopisoch a na konferenci\u00e1ch, \u00fa\u010das\u0165ou v rie\u0161ite\u013esk\u00fdch kolekt\u00edvoch grantov\u00fdch \u00faloh a pod. Je schopn\u00fd formulova\u0165 ciele dizerta\u010dnej pr\u00e1ce a met\u00f3dy, ktor\u00e9 ved\u00fa k splneniu jej cie\u013eov. Je schopn\u00fd navrhn\u00fa\u0165 a aplikova\u0165 vedeck\u00e9 postupy rie\u0161enia. Vie prezentova\u0165 postupy a dosiahnut\u00e9 v\u00fdsledky svojej vedeckej pr\u00e1ce.<\/li><li>Doktorandsk\u00e9 \u0161t\u00fadium: <strong>Predmet Vedeck\u00e1 \u010dinnos\u0165 1-5.:<\/strong> Schopnos\u0165 samostatne koncipova\u0165, kon\u0161truova\u0165, realizova\u0165 a upravova\u0165 podstatn\u00fa \u010das\u0165 v\u00fdskumu s vedeckou integritou a prispeje p\u00f4vodn\u00fdm v\u00fdskumom k roz\u0161\u00edreniu hran\u00edc vedeck\u00e9ho poznania prostredn\u00edctvom realiz\u00e1cie rozsiahleho s\u00faboru pr\u00e1c, z ktor\u00fdch niektor\u00e9 s\u00fa hodn\u00e9 recenzn\u00e9ho publikovania. Dosahovanie p\u00f4vodn\u00fdch vedeck\u00fdch v\u00fdsledkov, akceptovate\u013en\u00fdch na medzin\u00e1rodnej \u00farovni. Na z\u00e1klade realiz\u00e1cie vedeck\u00e9ho v\u00fdskumu sa absolvent pova\u017euje za experta v svojej oblasti.<\/li><\/ul>\n\n\n\n<p>Laborat\u00f3rium je vybaven\u00e9 \u0161tandardn\u00fdmi elektrick\u00fdmi zariadeniami ako aj modernou meracou aparat\u00farou. V&nbsp;laborat\u00f3riu s\u00fa in\u0161talovan\u00e9 tieto zariadenia:<\/p>\n\n\n\n<ul><li>zdroj striedav\u00e9ho vysok\u00e9ho nap\u00e4tia 0\u2013100&nbsp;kV fy. TuR<\/li><li>vysokonap\u00e4\u0165ov\u00fd usmer\u0148ova\u010d 0\u2013100&nbsp;kV<\/li><li>zdroj striedav\u00e9ho a&nbsp;jednosmern\u00e9ho vysok\u00e9ho nap\u00e4tia BAUR PGK 70H, AC 50 kV \/ DC 70 kV, 40 mA \/ 20 mA<\/li><li>gu\u013eov\u00e9 iskri\u0161te s&nbsp;priemerom 5 cm<\/li><li>elektrostatick\u00fd kilovoltmeter C196 30 kV<\/li><li>elektrostatick\u00fd kilovoltmeter C100 75 kV<\/li><li>kapacitn\u00fd deli\u010d 35 kV<\/li><li>kombinovan\u00fd deli\u010d 100 kV<\/li><li>Osciloskop Tectronics<\/li><li>Prep\u00e4\u0165ov\u00e9 ochrany triedy B, C a D.<\/li><li>Impulzn\u00fd gener\u00e1tor nap\u00e4tia (1,2\/50 \u00b5S, 100 kV)<\/li><li>Impulzn\u00fd gener\u00e1tor pr\u00fadu (6 kV, 40 kA 8\/20).<\/li><\/ul>\n\n\n\n<div class=\"wp-block-image\"><figure class=\"aligncenter size-large is-resized\"><img loading=\"lazy\" src=\"https:\/\/kee.fei.tuke.sk\/wp-content\/uploads\/2021\/03\/obr.2-1.jpg\" alt=\"\" width=\"288\" height=\"384\"\/><\/figure><\/div>\n\n\n\n<div class=\"wp-block-image\"><figure class=\"aligncenter size-large is-resized\"><img loading=\"lazy\" src=\"https:\/\/kee.fei.tuke.sk\/wp-content\/uploads\/2021\/03\/obr.3-1.jpg\" alt=\"\" width=\"288\" height=\"384\"\/><\/figure><\/div>\n\n\n\n<div class=\"wp-block-image\"><figure class=\"aligncenter size-large is-resized\"><img loading=\"lazy\" src=\"https:\/\/kee.fei.tuke.sk\/wp-content\/uploads\/2021\/03\/obr.4.jpg\" alt=\"\" width=\"288\" height=\"384\"\/><\/figure><\/div>\n\n\n\n<div class=\"wp-block-image\"><figure class=\"aligncenter size-large\"><img src=\"https:\/\/kee.fei.tuke.sk\/wp-content\/uploads\/2021\/03\/obr.1-2-edited-2.jpg\" alt=\"\"\/><\/figure><\/div>\n","protected":false},"excerpt":{"rendered":"<p>Ved\u00faci laborat\u00f3ria: Ing. J\u00e1n Zbojovsk\u00fd, PhD. Laborat\u00f3rium techniky vysok\u00fdch nap\u00e4t\u00ed je zameran\u00e9 na v\u00fdskumn\u00e9 \u00fa\u010dely, laborat\u00f3rne sk\u00fa\u0161anie a testovanie pre priemysel, ako aj pre \u00fa\u010dely&hellip;<\/p>\n","protected":false},"author":1,"featured_media":0,"parent":68,"menu_order":0,"comment_status":"closed","ping_status":"closed","template":"","meta":[],"_links":{"self":[{"href":"https:\/\/kee.fei.tuke.sk\/index.php?rest_route=\/wp\/v2\/pages\/158"}],"collection":[{"href":"https:\/\/kee.fei.tuke.sk\/index.php?rest_route=\/wp\/v2\/pages"}],"about":[{"href":"https:\/\/kee.fei.tuke.sk\/index.php?rest_route=\/wp\/v2\/types\/page"}],"author":[{"embeddable":true,"href":"https:\/\/kee.fei.tuke.sk\/index.php?rest_route=\/wp\/v2\/users\/1"}],"replies":[{"embeddable":true,"href":"https:\/\/kee.fei.tuke.sk\/index.php?rest_route=%2Fwp%2Fv2%2Fcomments&post=158"}],"version-history":[{"count":15,"href":"https:\/\/kee.fei.tuke.sk\/index.php?rest_route=\/wp\/v2\/pages\/158\/revisions"}],"predecessor-version":[{"id":1891,"href":"https:\/\/kee.fei.tuke.sk\/index.php?rest_route=\/wp\/v2\/pages\/158\/revisions\/1891"}],"up":[{"embeddable":true,"href":"https:\/\/kee.fei.tuke.sk\/index.php?rest_route=\/wp\/v2\/pages\/68"}],"wp:attachment":[{"href":"https:\/\/kee.fei.tuke.sk\/index.php?rest_route=%2Fwp%2Fv2%2Fmedia&parent=158"}],"curies":[{"name":"wp","href":"https:\/\/api.w.org\/{rel}","templated":true}]}}