{"id":156,"date":"2020-01-17T16:46:49","date_gmt":"2020-01-17T15:46:49","guid":{"rendered":"https:\/\/kee.cp2.tuke.sk\/?page_id=156"},"modified":"2023-09-14T15:27:09","modified_gmt":"2023-09-14T13:27:09","slug":"laboratorium-diagnostiky-a-profylaktiky","status":"publish","type":"page","link":"https:\/\/kee.fei.tuke.sk\/?page_id=156","title":{"rendered":"Laborat\u00f3rium diagnostiky a profylaktiky"},"content":{"rendered":"\n<p style=\"font-size:17px\">Ved\u00faci laborat\u00f3ria<strong>:<\/strong>&nbsp;<strong>doc. Ing. Jaroslav D\u017emura, PhD.<\/strong><\/p>\n\n\n\n<p>Laborat\u00f3rium diagnostiky a profylaktiky sl\u00fa\u017ei na vedecko-v\u00fdskumn\u00e9 \u00fa\u010dely a pre vypracov\u00e1vanie z\u00e1vere\u010dn\u00fdch pr\u00e1c \u0161tudentov bakal\u00e1rskeho a in\u017einierskeho \u0161t\u00fadia a dizerta\u010dn\u00fdch pr\u00e1c doktorandsk\u00e9ho \u0161t\u00fadia na katedre Elektroenergetiky. V laborat\u00f3riu sa sk\u00famaj\u00fa elektrofyzik\u00e1lne vlastnosti kvapaln\u00fdch a pevn\u00fdch vysokonap\u00e4\u0165ov\u00fdch izola\u010dn\u00fdch materi\u00e1lov. Sk\u00fama sa ich zmena po\u010das starnutia pri ur\u00fdchlenom tepelnom nam\u00e1han\u00ed. Laborat\u00f3rium je vybaven\u00e9 pr\u00edstrojmi a zariadeniami, pomocou ktor\u00fdch je mo\u017en\u00e9 sk\u00fama\u0165 kapacitu a stratov\u00fd \u010dinite\u013e izola\u010dn\u00fdch materi\u00e1lov. V laborat\u00f3riu sa nach\u00e1dzaj\u00fa dve programovate\u013en\u00e9 pece, v ktor\u00fdch je mo\u017en\u00e9 realizova\u0165 tepeln\u00e9 starnutie izola\u010dn\u00fdch materi\u00e1lov. Na meranie elektrick\u00fdch vlastnost\u00ed sa v laborat\u00f3riu nach\u00e1dza manu\u00e1lny a automatick\u00fd most\u00edk na meranie kapacity a stratov\u00e9ho \u010dinite\u013ea izola\u010dn\u00fdch syst\u00e9mov od firmy TETEX.<\/p>\n\n\n\n<p>Predmety a v\u00fdstupy vzdel\u00e1vania:<\/p>\n\n\n\n<ul><li>Bakal\u00e1rske \u0161t\u00fadium: <strong>Predmet Profylaktika elektroenergetick\u00fdch zariaden\u00ed <\/strong>(z\u00e1kladn\u00e9 poznatky o&nbsp;princ\u00edpoch a&nbsp;met\u00f3dach profylaktiky elektroenergetick\u00fdch zariaden\u00ed, o&nbsp;merac\u00edch, testovac\u00edch a sk\u00fa\u0161obn\u00fdch zariadeniach v&nbsp;oblasti techniky vysok\u00fdch nap\u00e4t\u00ed)<\/li><li>In\u017einierske \u0161t\u00fadium: <strong>Predmet Diagnostika v&nbsp;elektroenergetike<\/strong> (vedomosti a znalosti o&nbsp;spr\u00e1vnom vyu\u017eit\u00ed prev\u00e1dzkovej diagnostiky na ur\u010denie zmien izola\u010dn\u00e9ho syst\u00e9mu elektroenergetick\u00e9ho zariadenia v d\u00f4sledku prev\u00e1dzkov\u00e9ho nam\u00e1hania pre v\u010dasn\u00e9 odhalenie poruchy a&nbsp;zv\u00fd\u0161enie jeho \u017eivotnosti)<\/li><li>Doktorandsk\u00e9 \u0161t\u00fadium: <strong>Predmet Vedeck\u00e1 \u010dinnos\u0165 1-5.:<\/strong> Schopnos\u0165 samostatne koncipova\u0165, kon\u0161truova\u0165, realizova\u0165 a upravova\u0165 podstatn\u00fa \u010das\u0165 v\u00fdskumu s vedeckou integritou a prispeje p\u00f4vodn\u00fdm v\u00fdskumom k roz\u0161\u00edreniu hran\u00edc vedeck\u00e9ho poznania prostredn\u00edctvom realiz\u00e1cie rozsiahleho s\u00faboru pr\u00e1c, z ktor\u00fdch niektor\u00e9 s\u00fa hodn\u00e9 recenzn\u00e9ho publikovania. Dosahovanie p\u00f4vodn\u00fdch vedeck\u00fdch v\u00fdsledkov, akceptovate\u013en\u00fdch na medzin\u00e1rodnej \u00farovni. Na z\u00e1klade realiz\u00e1cie vedeck\u00e9ho v\u00fdskumu sa absolvent pova\u017euje za experta v svojej oblasti.<\/li><li>Doktorandsk\u00e9 \u0161t\u00fadium: <strong>Predmet Dizerta\u010dn\u00fd projekt: <\/strong>Osvojenie si met\u00f3d vedeckej pr\u00e1ce. Preh\u013abenie vedomost\u00ed z oblasti t\u00e9my dizerta\u010dnej pr\u00e1ce. Intenz\u00edvnym v\u00fdskumom dosiahnu\u0165 p\u00f4vodn\u00e9 vedeck\u00e9 v\u00fdsledky, akceptovate\u013en\u00e9 na medzin\u00e1rodnej \u00farovni. Doktorand sa vie preuk\u00e1za\u0165 schopnos\u0165ou tvorivej samostatnej aj t\u00edmovej pr\u00e1ce pri rie\u0161en\u00ed vedecko-v\u00fdskumnej \u00falohy alebo projektu formou prezentovania v\u00fdsledkov vo forme vedeck\u00fdch publik\u00e1ci\u00ed, v \u010dasopisoch a na konferenci\u00e1ch, \u00fa\u010das\u0165ou v rie\u0161ite\u013esk\u00fdch kolekt\u00edvoch grantov\u00fdch \u00faloh a pod. Je schopn\u00fd formulova\u0165 ciele dizerta\u010dnej pr\u00e1ce a met\u00f3dy, ktor\u00e9 ved\u00fa k splneniu jej cie\u013eov. Je schopn\u00fd navrhn\u00fa\u0165 a aplikova\u0165 vedeck\u00e9 postupy rie\u0161enia. Vie prezentova\u0165 postupy a dosiahnut\u00e9 v\u00fdsledky svojej vedeckej pr\u00e1ce.<\/li><\/ul>\n\n\n\n<p>Pr\u00edstrojov\u00e9 vybavenie: <\/p>\n\n\n\n<ul><li>2x su\u0161i\u010dka Memmert UF 55<\/li><li>Sheringov vyva\u017eovac\u00ed most\u00edk TETTEX AG, <\/li><li>Sheringov automatick\u00fd vyva\u017eovac\u00ed most\u00edk TETTEX AG,<\/li><\/ul>\n\n\n\n<p><\/p>\n\n\n\n<div class=\"wp-block-image\"><figure class=\"aligncenter size-large is-resized\"><img loading=\"lazy\" src=\"https:\/\/kee.fei.tuke.sk\/wp-content\/uploads\/2021\/04\/LDAP_susicka_2-450x1024.jpg\" alt=\"\" width=\"338\" height=\"768\"\/><\/figure><\/div>\n\n\n\n<div class=\"wp-block-image\"><figure class=\"aligncenter size-large is-resized\"><img loading=\"lazy\" src=\"https:\/\/kee.fei.tuke.sk\/wp-content\/uploads\/2021\/04\/IMG-1024x768.jpg\" alt=\"\" width=\"768\" height=\"576\"\/><\/figure><\/div>\n\n\n\n<div class=\"wp-block-image\"><figure class=\"aligncenter size-large is-resized\"><img loading=\"lazy\" src=\"https:\/\/kee.fei.tuke.sk\/wp-content\/uploads\/2021\/04\/LDaP_2-525x1024.jpg\" alt=\"\" width=\"394\" height=\"768\"\/><\/figure><\/div>\n\n\n\n<div class=\"wp-block-image\"><figure class=\"aligncenter size-large is-resized\"><img loading=\"lazy\" src=\"https:\/\/kee.fei.tuke.sk\/wp-content\/uploads\/2021\/04\/LDAP_susicka_soft-1024x640.jpg\" alt=\"\" width=\"768\" height=\"480\"\/><\/figure><\/div>\n","protected":false},"excerpt":{"rendered":"<p>Ved\u00faci laborat\u00f3ria:&nbsp;doc. Ing. Jaroslav D\u017emura, PhD. Laborat\u00f3rium diagnostiky a profylaktiky sl\u00fa\u017ei na vedecko-v\u00fdskumn\u00e9 \u00fa\u010dely a pre vypracov\u00e1vanie z\u00e1vere\u010dn\u00fdch pr\u00e1c \u0161tudentov bakal\u00e1rskeho a in\u017einierskeho \u0161t\u00fadia a&hellip;<\/p>\n","protected":false},"author":1,"featured_media":0,"parent":68,"menu_order":0,"comment_status":"closed","ping_status":"closed","template":"","meta":[],"_links":{"self":[{"href":"https:\/\/kee.fei.tuke.sk\/index.php?rest_route=\/wp\/v2\/pages\/156"}],"collection":[{"href":"https:\/\/kee.fei.tuke.sk\/index.php?rest_route=\/wp\/v2\/pages"}],"about":[{"href":"https:\/\/kee.fei.tuke.sk\/index.php?rest_route=\/wp\/v2\/types\/page"}],"author":[{"embeddable":true,"href":"https:\/\/kee.fei.tuke.sk\/index.php?rest_route=\/wp\/v2\/users\/1"}],"replies":[{"embeddable":true,"href":"https:\/\/kee.fei.tuke.sk\/index.php?rest_route=%2Fwp%2Fv2%2Fcomments&post=156"}],"version-history":[{"count":12,"href":"https:\/\/kee.fei.tuke.sk\/index.php?rest_route=\/wp\/v2\/pages\/156\/revisions"}],"predecessor-version":[{"id":1890,"href":"https:\/\/kee.fei.tuke.sk\/index.php?rest_route=\/wp\/v2\/pages\/156\/revisions\/1890"}],"up":[{"embeddable":true,"href":"https:\/\/kee.fei.tuke.sk\/index.php?rest_route=\/wp\/v2\/pages\/68"}],"wp:attachment":[{"href":"https:\/\/kee.fei.tuke.sk\/index.php?rest_route=%2Fwp%2Fv2%2Fmedia&parent=156"}],"curies":[{"name":"wp","href":"https:\/\/api.w.org\/{rel}","templated":true}]}}