{"id":1425,"date":"2022-03-22T21:10:10","date_gmt":"2022-03-22T20:10:10","guid":{"rendered":"https:\/\/kee.fei.tuke.sk\/?page_id=1425"},"modified":"2022-03-22T21:10:11","modified_gmt":"2022-03-22T20:10:11","slug":"uzitkove-vzory-a-patenty","status":"publish","type":"page","link":"https:\/\/kee.fei.tuke.sk\/?page_id=1425","title":{"rendered":"\u00da\u017eitkov\u00e9 vzory a patenty"},"content":{"rendered":"\n<p>Modul\u00e1rny mikrop\u00e1sikov\u00fd senzor s paralelne zapojenou segmentovou \u0161trukt\u00farou na flexibilnom substr\u00e1te. <a rel=\"noreferrer noopener\" href=\"https:\/\/wbr.indprop.gov.sk\/WebRegistre\/UzitkovyVzor\/Detail\/50110-2018\" target=\"_blank\">https:\/\/wbr.indprop.gov.sk\/WebRegistre\/UzitkovyVzor\/Detail\/50110-2018<\/a><a rel=\"noreferrer noopener\" href=\"https:\/\/wbr.indprop.gov.sk\/WebRegistre\/Patent\/Detail\/50059-2018\" target=\"_blank\">https:\/\/wbr.indprop.gov.sk\/WebRegistre\/Patent\/Detail\/50059-2018<\/a> <\/p>\n\n\n\n<p>Syst\u00e9m monitorovania stup\u0148a vonkaj\u0161ieho zne\u010distenia v priemyselnom prostred\u00ed a sp\u00f4sob v\u00fdroby meracieho senzora.\u00a0\u00a0 <a rel=\"noreferrer noopener\" href=\"https:\/\/wbr.indprop.gov.sk\/WebRegistre\/UzitkovyVzor\/Detail\/50107-2019\" target=\"_blank\">https:\/\/wbr.indprop.gov.sk\/WebRegistre\/UzitkovyVzor\/Detail\/50107-2019<\/a> , <a rel=\"noreferrer noopener\" href=\"https:\/\/wbr.indprop.gov.sk\/WebRegistre\/Patent\/Detail\/50061-2019\" target=\"_blank\">https:\/\/wbr.indprop.gov.sk\/WebRegistre\/Patent\/Detail\/50061-2019<\/a> <\/p>\n\n\n\n<p>Behavior\u00e1lna ar\u00e9na na v\u00fdskum odozvy organizmov na stimuluj\u00face elektromagnetick\u00e9 pole. <a rel=\"noreferrer noopener\" href=\"https:\/\/wbr.indprop.gov.sk\/WebRegistre\/UzitkovyVzor\/Detail\/50016-2021\" target=\"_blank\">https:\/\/wbr.indprop.gov.sk\/WebRegistre\/UzitkovyVzor\/Detail\/50016-2021<\/a>, <a rel=\"noreferrer noopener\" href=\"https:\/\/wbr.indprop.gov.sk\/WebRegistre\/Patent\/Detail\/50010-2021\" target=\"_blank\">https:\/\/wbr.indprop.gov.sk\/WebRegistre\/Patent\/Detail\/50010-2021<\/a><\/p>\n","protected":false},"excerpt":{"rendered":"<p>Modul\u00e1rny mikrop\u00e1sikov\u00fd senzor s paralelne zapojenou segmentovou \u0161trukt\u00farou na flexibilnom substr\u00e1te. https:\/\/wbr.indprop.gov.sk\/WebRegistre\/UzitkovyVzor\/Detail\/50110-2018https:\/\/wbr.indprop.gov.sk\/WebRegistre\/Patent\/Detail\/50059-2018 Syst\u00e9m monitorovania stup\u0148a vonkaj\u0161ieho zne\u010distenia v priemyselnom prostred\u00ed a sp\u00f4sob v\u00fdroby meracieho senzora.\u00a0\u00a0&hellip;<\/p>\n","protected":false},"author":1,"featured_media":0,"parent":0,"menu_order":0,"comment_status":"closed","ping_status":"closed","template":"","meta":[],"_links":{"self":[{"href":"https:\/\/kee.fei.tuke.sk\/index.php?rest_route=\/wp\/v2\/pages\/1425"}],"collection":[{"href":"https:\/\/kee.fei.tuke.sk\/index.php?rest_route=\/wp\/v2\/pages"}],"about":[{"href":"https:\/\/kee.fei.tuke.sk\/index.php?rest_route=\/wp\/v2\/types\/page"}],"author":[{"embeddable":true,"href":"https:\/\/kee.fei.tuke.sk\/index.php?rest_route=\/wp\/v2\/users\/1"}],"replies":[{"embeddable":true,"href":"https:\/\/kee.fei.tuke.sk\/index.php?rest_route=%2Fwp%2Fv2%2Fcomments&post=1425"}],"version-history":[{"count":1,"href":"https:\/\/kee.fei.tuke.sk\/index.php?rest_route=\/wp\/v2\/pages\/1425\/revisions"}],"predecessor-version":[{"id":1427,"href":"https:\/\/kee.fei.tuke.sk\/index.php?rest_route=\/wp\/v2\/pages\/1425\/revisions\/1427"}],"wp:attachment":[{"href":"https:\/\/kee.fei.tuke.sk\/index.php?rest_route=%2Fwp%2Fv2%2Fmedia&parent=1425"}],"curies":[{"name":"wp","href":"https:\/\/api.w.org\/{rel}","templated":true}]}}