{"id":1414,"date":"2022-03-22T21:08:12","date_gmt":"2022-03-22T20:08:12","guid":{"rendered":"https:\/\/kee.fei.tuke.sk\/?page_id=1414"},"modified":"2022-03-22T21:08:13","modified_gmt":"2022-03-22T20:08:13","slug":"granty-fei","status":"publish","type":"page","link":"https:\/\/kee.fei.tuke.sk\/?page_id=1414","title":{"rendered":"Granty FEI"},"content":{"rendered":"\n<p>V\u00fdskum vplyvu vybran\u00fdch stavebn\u00fdch materi\u00e1lov a prvkov za \u00fa\u010delom hodnotenia ich interakcie s vysokofrekven\u010dn\u00fdm elektromagnetick\u00fdm \u017eiaren\u00edm Zodpovedn\u00fd rie\u0161ite\u013e: Ing. J\u00e1n Zbojovsk\u00fd, PhD. \u010c\u00edslo projektu: FEI-&nbsp; Doba rie\u0161enia: 2021<\/p>\n\n\n\n<p>V\u00fdskum p\u00f4sobenia elektromobility a obnovite\u013en\u00fdch zdrojov energie na elektriza\u010dn\u00fa s\u00fastavu Zodpovedn\u00fd rie\u0161ite\u013e: Ing.&nbsp;Zsolt \u010conka, PhD. \u010c\u00edslo projektu: FEI-2020-62 Doba rie\u0161enia: 2020<\/p>\n\n\n\n<p>Vplyv materi\u00e1lov na prienik elektromagnetick\u00e9ho po\u013ea Zodpovedn\u00fd rie\u0161ite\u013e: Ing.&nbsp;Marek Pavl\u00edk, PhD. \u010c\u00edslo projektu: FEI-2018-54 Doba rie\u0161enia: 2019<\/p>\n\n\n\n<p>V\u00fdskum vplyvu kombin\u00e1cie tieniacich a stavebn\u00fdch materi\u00e1lov na rozlo\u017eenie elektromagnetick\u00e9ho po\u013ea. Zodpovedn\u00fd rie\u0161ite\u013e: Ing. J\u00e1n Zbojovsk\u00fd, PhD. \u010c\u00edslo projektu: FEI-2017-42 Doba rie\u0161enia: 2018<\/p>\n\n\n\n<p>N\u00e1vrh mo\u017enosti implement\u00e1cie Wide Area Monitoring (WAM) syst\u00e9mov do syst\u00e9mu chr\u00e1nenia elektriza\u010dnej s\u00fastavy. Zodpovedn\u00fd rie\u0161ite\u013e: Ing. Zsolt \u010conka, PhD. \u010c\u00edslo projektu: FEI-2015-28 Doba rie\u0161enia: 2017<\/p>\n\n\n\n<p>Vplyv elektromagnetick\u00e9ho po\u013ea na vlastnosti materi\u00e1lov.&nbsp; Zodpovedn\u00fd rie\u0161ite\u013e: Ing. Marek Pavl\u00edk, PhD. \u010c\u00edslo projektu: FEI-2015-6 Doba rie\u0161enia: 2016<\/p>\n","protected":false},"excerpt":{"rendered":"<p>V\u00fdskum vplyvu vybran\u00fdch stavebn\u00fdch materi\u00e1lov a prvkov za \u00fa\u010delom hodnotenia ich interakcie s vysokofrekven\u010dn\u00fdm elektromagnetick\u00fdm \u017eiaren\u00edm Zodpovedn\u00fd rie\u0161ite\u013e: Ing. J\u00e1n Zbojovsk\u00fd, PhD. \u010c\u00edslo projektu: FEI-&nbsp;&hellip;<\/p>\n","protected":false},"author":1,"featured_media":0,"parent":0,"menu_order":0,"comment_status":"closed","ping_status":"closed","template":"","meta":[],"_links":{"self":[{"href":"https:\/\/kee.fei.tuke.sk\/index.php?rest_route=\/wp\/v2\/pages\/1414"}],"collection":[{"href":"https:\/\/kee.fei.tuke.sk\/index.php?rest_route=\/wp\/v2\/pages"}],"about":[{"href":"https:\/\/kee.fei.tuke.sk\/index.php?rest_route=\/wp\/v2\/types\/page"}],"author":[{"embeddable":true,"href":"https:\/\/kee.fei.tuke.sk\/index.php?rest_route=\/wp\/v2\/users\/1"}],"replies":[{"embeddable":true,"href":"https:\/\/kee.fei.tuke.sk\/index.php?rest_route=%2Fwp%2Fv2%2Fcomments&post=1414"}],"version-history":[{"count":1,"href":"https:\/\/kee.fei.tuke.sk\/index.php?rest_route=\/wp\/v2\/pages\/1414\/revisions"}],"predecessor-version":[{"id":1421,"href":"https:\/\/kee.fei.tuke.sk\/index.php?rest_route=\/wp\/v2\/pages\/1414\/revisions\/1421"}],"wp:attachment":[{"href":"https:\/\/kee.fei.tuke.sk\/index.php?rest_route=%2Fwp%2Fv2%2Fmedia&parent=1414"}],"curies":[{"name":"wp","href":"https:\/\/api.w.org\/{rel}","templated":true}]}}