{"id":1411,"date":"2022-03-22T21:04:55","date_gmt":"2022-03-22T20:04:55","guid":{"rendered":"https:\/\/kee.fei.tuke.sk\/?page_id=1411"},"modified":"2024-10-22T13:42:29","modified_gmt":"2024-10-22T11:42:29","slug":"projekty-podporovane-sf-eu","status":"publish","type":"page","link":"https:\/\/kee.fei.tuke.sk\/?page_id=1411","title":{"rendered":"Projekty podporovan\u00e9 \u0160F EU"},"content":{"rendered":"\n<ul><li><a href=\"https:\/\/kee.fei.tuke.sk\/?page_id=2245\"><strong>V4Grid<\/strong><\/a>, The Visegrad group for Vehicle to X, Doba rie\u0161enia: 2024-2026 k\u00f3d projektu: CE0200803 <\/li><li>Centrum excelentnosti integrovan\u00e9ho v\u00fdskumu a vyu\u017eitia progres\u00edvnych materi\u00e1lov a technol\u00f3gi\u00ed v oblasti automobilovej elektroniky. Zodpovedn\u00fd rie\u0161ite\u013e: prof. Ing.\u00a0Alena Pietrikov\u00e1, CSc. ITMS k\u00f3d projektu: 26220120055. Doba rie\u0161enia: 9\/2010-8\/2013.\u00a0Aktivita 2.6\u00a0Zriadenie\u00a0Laborat\u00f3ria EMC elektronick\u00fdch zariaden\u00ed a biologick\u00fdch syst\u00e9mov EMKOM\u00a0ITMS 26220120055, Opera\u010dn\u00fd program V\u00fdskum a v\u00fdvoj, zodpovedn\u00fd: prof. Ing.\u00a0Roman Cimbala, PhD.\u00a0<\/li><li>Univerzitn\u00fd vedeck\u00fd park TECHNICOM pre inova\u010dn\u00e9 aplik\u00e1cie s podporou znalostn\u00fdch technol\u00f3gi\u00ed<br>Zodpovedn\u00fd rie\u0161ite\u013e: prof. Ing.\u00a0Roman Cimbala, PhD. Aktivita 3.2. PP 3 Zriadenie a udr\u017eate\u013en\u00e1 \u010dinnos\u0165 \u201eIn\u017einierskeho\u00a0\u00a0a certifika\u010dn\u00e9ho pracoviska pre mobiliz\u00e1ciu a tvorbu inov\u00e1ci\u00ed v oblasti elektrotechniky a\u00a0elektroniky. ITMS 26220220182.<\/li><li>Opera\u010dn\u00fd program V\u00fdskum a v\u00fdvoj. Ochrana obyvate\u013estva SR pred \u00fa\u010dinkami elektromagnetick\u00fdch pol\u00ed. Zodpovedn\u00fd rie\u0161ite\u013e: doc. Ing.\u00a0Alexander M\u00e9sz\u00e1ros, PhD. ITMS k\u00f3d projektu: 26220220145. Doba rie\u0161enia: 2011-2014.\u00a0<\/li><li>V\u00fdskum charakterist\u00edk fotovoltaick\u00fdch komponentov pre efekt\u00edvne projektovanie sol\u00e1rnych syst\u00e9mov. Zodpovedn\u00fd rie\u0161ite\u013e: prof. Ing.\u00a0Michal Kolcun, PhD. ITMS k\u00f3d projektu: 26220220080. Doba rie\u0161enia: 2010-2013.\u00a0<\/li><li>Centrum v\u00fdskumu \u00fa\u010dinnosti integr\u00e1cie kombinovan\u00fdch syst\u00e9mov obnovite\u013en\u00fdch zdrojov energi\u00ed Aktivita 2.3 Inteligentn\u00e9 riadenie v\u00fdroby a spotreby elektriny z obnovite\u013en\u00fdch energetick\u00fdch zdrojov. Zodpovedn\u00fd rie\u0161ite\u013e: prof. Ing.\u00a0Michal Kolcun, PhD. ITMS k\u00f3d projektu: 26220220064. Doba rie\u0161enia: 2010-2012.<\/li><\/ul>\n","protected":false},"excerpt":{"rendered":"<p>V4Grid, The Visegrad group for Vehicle to X, Doba rie\u0161enia: 2024-2026 k\u00f3d projektu: CE0200803 Centrum excelentnosti integrovan\u00e9ho v\u00fdskumu a vyu\u017eitia progres\u00edvnych materi\u00e1lov a technol\u00f3gi\u00ed v&hellip;<\/p>\n","protected":false},"author":1,"featured_media":0,"parent":0,"menu_order":0,"comment_status":"closed","ping_status":"closed","template":"","meta":[],"_links":{"self":[{"href":"https:\/\/kee.fei.tuke.sk\/index.php?rest_route=\/wp\/v2\/pages\/1411"}],"collection":[{"href":"https:\/\/kee.fei.tuke.sk\/index.php?rest_route=\/wp\/v2\/pages"}],"about":[{"href":"https:\/\/kee.fei.tuke.sk\/index.php?rest_route=\/wp\/v2\/types\/page"}],"author":[{"embeddable":true,"href":"https:\/\/kee.fei.tuke.sk\/index.php?rest_route=\/wp\/v2\/users\/1"}],"replies":[{"embeddable":true,"href":"https:\/\/kee.fei.tuke.sk\/index.php?rest_route=%2Fwp%2Fv2%2Fcomments&post=1411"}],"version-history":[{"count":4,"href":"https:\/\/kee.fei.tuke.sk\/index.php?rest_route=\/wp\/v2\/pages\/1411\/revisions"}],"predecessor-version":[{"id":2251,"href":"https:\/\/kee.fei.tuke.sk\/index.php?rest_route=\/wp\/v2\/pages\/1411\/revisions\/2251"}],"wp:attachment":[{"href":"https:\/\/kee.fei.tuke.sk\/index.php?rest_route=%2Fwp%2Fv2%2Fmedia&parent=1411"}],"curies":[{"name":"wp","href":"https:\/\/api.w.org\/{rel}","templated":true}]}}