{"id":1399,"date":"2022-03-22T21:00:50","date_gmt":"2022-03-22T20:00:50","guid":{"rendered":"https:\/\/kee.fei.tuke.sk\/?page_id=1399"},"modified":"2025-02-03T10:09:00","modified_gmt":"2025-02-03T09:09:00","slug":"vega","status":"publish","type":"page","link":"https:\/\/kee.fei.tuke.sk\/?page_id=1399","title":{"rendered":"VEGA"},"content":{"rendered":"\n<p>Vedeck\u00e1 grantov\u00e1 agent\u00fara Ministerstva \u0161kolstva Slovenskej republiky (M\u0160 SR)<br>a Slovenskej akad\u00e9mie vied (SAV)<\/p>\n\n\n\n<ul><li>V\u00fdskum mo\u017enost\u00ed zvy\u0161ovania prenosov\u00fdch schopnost\u00ed existuj\u00facich vonkaj\u0161\u00edch elektrick\u00fdch veden\u00ed, Zodpovedn\u00fd rie\u0161ite\u013e: doc. Ing. \u013dubom\u00edr Be\u0148a, PhD. \u010c\u00edslo projektu: VEGA 1\/0532\/25. Doba rie\u0161enia: 2025-2027.<\/li><li>Z\u00edskavanie energie magnetick\u00fdmi kvapalinami,  Zodpovedn\u00fd rie\u0161ite\u013e:\u00a0 prof. Ing. Juraj Kurimsk\u00fd, PhD. \u010c\u00edslo projektu: VEGA 2\/0029\/24. Doba rie\u0161enia: 2024-2027<\/li><li>V\u00fdskum inovovan\u00fdch izola\u010dn\u00fdch materi\u00e1lov dotovan\u00fdch nano\u010dasticami pre elektroenergetiku, Zodpovedn\u00fd rie\u0161ite\u013e: prof. Ing. Roman Cimbala, PhD. \u010c\u00edslo projektu: VEGA 1\/0380\/24. Doba rie\u0161enia: 2024-2026<\/li><li>V\u00fdskum vplyvu rozvoja elektromobility a OZE na distribu\u010dn\u00e9 s\u00fastavy, Zodpovedn\u00fd rie\u0161ite\u013e: doc. Ing. Zsolt \u010conka, PhD. \u010c\u00edslo projektu: VEGA 1\/0627\/24. Doba rie\u0161enia: 2024-2026<\/li><li>V\u00fdskum zmien elektrofyzik\u00e1lnych vlastnost\u00ed modern\u00fdch izola\u010dn\u00fdch materi\u00e1lov pre vysokonap\u00e4\u0165ov\u00fa techniku po\u010das viacfaktorovej degrad\u00e1cie, Zodpovedn\u00fd rie\u0161ite\u013e: prof. Ing. Roman Cimbala, PhD. \u010c\u00edslo projektu: VEGA 1\/0154\/21 Doba rie\u0161enia: 2021-2023<\/li><li>V\u00fdskum mo\u017enost\u00ed implementovania Wide Area Monitoring Syst\u00e9mov (WAMS) do elektriza\u010dnej s\u00fastavy, Zodpovedn\u00fd rie\u0161ite\u013e: Dr.h.c. prof. Ing. Michal Kolcun, PhD. \u010d\u00edslo projektu VEGA 1\/0757\/21. Doba rie\u0161enia: 2021-2023<\/li><li>\u0160trukt\u00fara a dynamika magnetick\u00fdch kvapal\u00edn v elektrickom poli Zodpovedn\u00fd rie\u0161ite\u013e:\u00a0 prof. Ing. Juraj Kurimsk\u00fd, PhD. \u010c\u00edslo projektu: VEGA 2\/0011\/20 Doba rie\u0161enia: 2020-2023<\/li><li>V\u00fdskum progres\u00edvnych materi\u00e1lov zlep\u0161uj\u00facich interakciu neionizuj\u00faceho \u017eiarenia so stavebn\u00fdmi prvkami, za \u00fa\u010delom zv\u00fd\u0161enia odolnosti stavieb vo\u010di elektromagnetick\u00e9mu smogu&#8220;\u010c. projektu: VEGA 1\/0435\/19<br>Zodpovedn\u00fd rie\u0161ite\u013e: prof. Ing. Iraida Kolcunov\u00e1, PhD. Doba rie\u0161enia: 2019-2021<\/li><li>V\u00fdskum p\u00f4sobenia SMART siet\u00ed na distribu\u010dn\u00fa s\u00fastavu. Zodpovedn\u00fd rie\u0161ite\u013e: Dr.h.c. prof. Ing. Michal Kolcun, PhD. \u010c\u00edslo projektu: VEGA\u00a0\u00a0 1\/0372\/18 Doba rie\u0161enia: 2018-2020<\/li><li>Elektrofyzik\u00e1lne procesy po\u010das starnutia v progres\u00edvnych izola\u010dn\u00fdch materi\u00e1loch pre elektroenergetiku Zodpovedn\u00fd rie\u0161ite\u013e: prof. Ing. Roman Cimbala, PhD. \u010c\u00edslo projektu: VEGA\u00a0\u00a0 1\/0340\/18 Doba rie\u0161enia: 2018-2020<\/li><li>Interakcia magnetick\u00fdch kvapal\u00edn s elektromagnetick\u00fdm po\u013eom. Zodpovedn\u00fd rie\u0161ite\u013e:\u00a0 prof. Ing. Juraj Kurimsk\u00fd, PhD. \u010c\u00edslo projektu: VEGA 2\/0141\/16 Doba rie\u0161enia: 2016-2019<\/li><li>Anal\u00fdza zmien elektrofyzik\u00e1lnej \u0161trukt\u00fary progres\u00edvnych elektrotechnick\u00fdch izola\u010dn\u00fdch materi\u00e1lov vplyvom extern\u00fdch degrada\u010dn\u00fdch \u010dinite\u013eov. Zodpovedn\u00fd rie\u0161ite\u013e: prof. Ing. Roman Cimbala, PhD. \u010c\u00edslo projektu: VEGA 1\/0311\/15 Doba rie\u0161enia: 2015-2017<\/li><li>V\u00fdskum\u00a0 prieniku vysokofrekven\u010dn\u00e9ho elektromagnetick\u00e9ho po\u013ea cez stavebn\u00e9 ekologick\u00e9 materi\u00e1ly. Zodpovedn\u00fd rie\u0161ite\u013e:\u00a0 prof. Ing. Iraida Kolcunov\u00e1, PhD. \u010c\u00edslo projektu: VEGA 1\/0132\/15 Doba rie\u0161enia: 2015-2017<\/li><li>V\u00fdskum dynamick\u00fdch javov v elektriza\u010dnej s\u00fastave Slovenskej republiky. Zodpovedn\u00fd rie\u0161ite\u013e: Dr.h.c. prof. Ing. Michal Kolcun, PhD. \u010c\u00edslo projektu: VEGA 1\/0388\/13 Doba rie\u0161enia: 2013-2015<\/li><li>V\u00fdskum degrada\u010dn\u00fdch vplyvov elektrick\u00e9ho a tepeln\u00e9ho po\u013ea na elektrofyzik\u00e1lnu \u0161trukt\u00faru\u00a0vysokonap\u00e4\u0165ov\u00fdch izola\u010dn\u00fdch materi\u00e1lov. Zodpovedn\u00fd rie\u0161ite\u013e: prof. Ing.\u00a0Roman Cimbala, PhD. \u010c\u00edslo projektu: 1\/0487\/12. Doba rie\u0161enia: 2012-2014<\/li><li>V\u00fdskum vplyvu degrada\u010dn\u00fdch \u010dinite\u013eov na elektrofyzik\u00e1lnu \u0161trukt\u00faru vysokonap\u00e4\u0165ov\u00fdch izola\u010dn\u00fdch materi\u00e1lov. Zodpovedn\u00fd rie\u0161ite\u013e: prof. Ing.\u00a0Roman Cimbala, PhD. \u010c\u00edslo projektu: 1\/0368\/09. Doba rie\u0161enia: 2009-2011.<\/li><li>V\u00fdskum mo\u017enost\u00ed elimin\u00e1cie kritick\u00fdch stavov elektriza\u010dnej s\u00fastavy Slovenskej republiky. Zodpovedn\u00fd rie\u0161ite\u013e: prof. Ing.\u00a0Michal Kolcun, PhD. \u010c\u00edslo projektu: 1\/0166\/10. Doba rie\u0161enia: 2010-2011.<\/li><li>Anal\u00fdza kvality elektriny a n\u00e1vrh rie\u0161en\u00ed ved\u00facich k jej zv\u00fd\u0161eniu v prostred\u00ed liberalizovan\u00e9ho trhu s elektrinou. Zodpovedn\u00fd rie\u0161ite\u013e: Ing.\u00a0Peter Szathm\u00e1ry, PhD. \u010c\u00edslo projektu: Doba rie\u0161enia: 2007-2009.<\/li><li>Spo\u013eahlivos\u0165 vonkaj\u0161\u00edch silov\u00fdch veden\u00ed (VSV) a oteplenie zv\u00e4zkov\u00fdch vodi\u010dov vysokopr\u00fadov\u00fdch veden\u00ed (nad 20 kA). Zodpovedn\u00fd rie\u0161ite\u013e: doc. Ing.\u00a0Ladislav Varga, PhD. \u010c\u00edslo projektu: 1\/4070\/07. Doba rie\u0161enia: 2007-2009.<\/li><li>V\u00fdskum str\u00e1t v elektriza\u010dnej s\u00fastave. Zodpovedn\u00fd rie\u0161ite\u013e: prof. Ing.\u00a0Michal Kolcun, PhD. \u010c\u00edslo projektu: Doba rie\u0161enia: 2006-2008.<\/li><li>Vplyv pripojovania decentralizovan\u00fdch zdrojov elektriny na prev\u00e1dzku elektriza\u010dnej s\u00fastavy. Zodpovedn\u00fd rie\u0161ite\u013e: Ing.\u00a0Marek Hvizdo\u0161, PhD. \u010c\u00edslo projektu: Doba rie\u0161enia: 2006-2008.<\/li><li>V\u00fdskum elektrofyzik\u00e1lnych javov charakterizuj\u00facich degrad\u00e1ciu izola\u010dn\u00e9ho syst\u00e9mu v priebehu elektrotermick\u00e9ho starnutia pod hranicou siln\u00fdch pol\u00ed. Zodpovedn\u00fd rie\u0161ite\u013e: doc. Ing.\u00a0Roman Cimbala, PhD. \u010c\u00edslo projektu: 1\/3142\/06. Doba rie\u0161enia: 2006-2008<\/li><li>Komplexn\u00e9 rie\u0161enie mechaniky kotevn\u00e9ho po\u013ea vonkaj\u0161\u00edch silov\u00fdch veden\u00ed a jeho mo\u017en\u00e1 aplik\u00e1cia, projekt VEGA \u010d. 1\/7199\/20 pre roky 2000-2002, zodpovedn\u00fd rie\u0161ite\u013e: L. Varga, spolurie\u0161itelia: Fecko \u0160., Ilenin S., Le\u0161\u010dinsk\u00fd P., Be\u0148a \u013d.<\/li><li>Zvy\u0161ovanie spo\u013eahlivosti a prenosovej schopnosti silov\u00fdch veden\u00ed, projekt VEGA \u010d. 1\/1063\/04 pre roky 2004-2006. Zodpovedn\u00fd rie\u0161ite\u013e L. Varga, spolurie\u0161itelia: Fecko, \u0160., Ilenin, S., Nov\u00e1k, P., Medve\u010f, D.<\/li><\/ul>\n\n\n\n<p><\/p>\n","protected":false},"excerpt":{"rendered":"<p>Vedeck\u00e1 grantov\u00e1 agent\u00fara Ministerstva \u0161kolstva Slovenskej republiky (M\u0160 SR)a Slovenskej akad\u00e9mie vied (SAV) V\u00fdskum mo\u017enost\u00ed zvy\u0161ovania prenosov\u00fdch schopnost\u00ed existuj\u00facich vonkaj\u0161\u00edch elektrick\u00fdch veden\u00ed, Zodpovedn\u00fd rie\u0161ite\u013e: doc.&hellip;<\/p>\n","protected":false},"author":1,"featured_media":0,"parent":0,"menu_order":0,"comment_status":"closed","ping_status":"closed","template":"","meta":[],"_links":{"self":[{"href":"https:\/\/kee.fei.tuke.sk\/index.php?rest_route=\/wp\/v2\/pages\/1399"}],"collection":[{"href":"https:\/\/kee.fei.tuke.sk\/index.php?rest_route=\/wp\/v2\/pages"}],"about":[{"href":"https:\/\/kee.fei.tuke.sk\/index.php?rest_route=\/wp\/v2\/types\/page"}],"author":[{"embeddable":true,"href":"https:\/\/kee.fei.tuke.sk\/index.php?rest_route=\/wp\/v2\/users\/1"}],"replies":[{"embeddable":true,"href":"https:\/\/kee.fei.tuke.sk\/index.php?rest_route=%2Fwp%2Fv2%2Fcomments&post=1399"}],"version-history":[{"count":9,"href":"https:\/\/kee.fei.tuke.sk\/index.php?rest_route=\/wp\/v2\/pages\/1399\/revisions"}],"predecessor-version":[{"id":2306,"href":"https:\/\/kee.fei.tuke.sk\/index.php?rest_route=\/wp\/v2\/pages\/1399\/revisions\/2306"}],"wp:attachment":[{"href":"https:\/\/kee.fei.tuke.sk\/index.php?rest_route=%2Fwp%2Fv2%2Fmedia&parent=1399"}],"curies":[{"name":"wp","href":"https:\/\/api.w.org\/{rel}","templated":true}]}}